{"id":6234,"date":"2025-07-31T17:58:27","date_gmt":"2025-07-31T15:58:27","guid":{"rendered":"https:\/\/ajax-alarme.ch\/?post_type=product&#038;p=6234"},"modified":"2025-08-30T09:15:06","modified_gmt":"2025-08-30T07:15:06","slug":"bulletcam-telecamera-di-sorveglianza-cablata-ajax-non-wifi-copie-2","status":"publish","type":"product","link":"https:\/\/ajax-alarme.ch\/it\/product\/bulletcam-telecamera-di-sorveglianza-cablata-ajax-non-wifi-copie-2\/","title":{"rendered":"DoorBell &#8211; Citofono connesso AJAX"},"content":{"rendered":"<div class=\"text-center\"><div class=\"is-divider divider clearfix\" style=\"max-width:700px;background-color:rgb(255, 255, 255);\"><\/div><\/div>\n<div class=\"row\"  id=\"row-1369144673\">\n\n\t<div id=\"col-676575404\" class=\"col medium-7 small-12 large-7\"  >\n\t\t\t\t<div class=\"col-inner\"  >\n\t\t\t\n\t\t\t\n\t<div class=\"img has-hover x md-x lg-x y md-y lg-y\" id=\"image_781943757\">\n\t\t\t\t\t\t\t\t<div class=\"img-inner dark\" >\n\t\t\t\t\t\t\t\t\t\n\t\t\t\t\t<\/div>\n\t\t\t\t\t\t\t\t\n<style>\n#image_781943757 {\n  width: 100%;\n}\n<\/style>\n\t<\/div>\n\t\n\n  <div class=\"banner has-hover has-video\" id=\"banner-2140481483\">\n          <div class=\"banner-inner fill\">\n        <div class=\"banner-bg fill\" >\n                        \t<div class=\"video-overlay no-click fill visible\"><\/div>\n\t<video class=\"video-bg fill visible\" preload playsinline autoplay muted loop>\n\t\t<source src=\"https:\/\/ajax-alarme.ch\/wp-content\/uploads\/2025\/07\/doorbellvideo.mp4\" type=\"video\/mp4\">\t<\/video>\n                        \n                    <\/div>\n\t\t\n        <div class=\"banner-layers container\">\n            <div class=\"fill banner-link\"><\/div>            \n   <div id=\"text-box-1457575547\" class=\"text-box banner-layer x50 md-x50 lg-x50 y50 md-y50 lg-y50 res-text\">\n                                <div class=\"text-box-content text dark\">\n              \n              <div class=\"text-inner text-center\">\n                  \n              <\/div>\n           <\/div>\n                            \n<style>\n#text-box-1457575547 {\n  width: 60%;\n}\n#text-box-1457575547 .text-box-content {\n  font-size: 100%;\n}\n<\/style>\n    <\/div>\n \n        <\/div>\n      <\/div>\n\n            \n<style>\n#banner-2140481483 {\n  padding-top: 99.99%;\n}\n<\/style>\n  <\/div>\n\n\n\t\t<\/div>\n\t\t\t\t\t<\/div>\n\n\t\n\n\t<div id=\"col-1644631860\" class=\"col medium-5 small-12 large-5\"  >\n\t\t\t\t<div class=\"col-inner\"  >\n\t\t\t\n\t\t\t\n<p><strong><span style=\"font-size: 120%;\">Accesso istantaneo ai flussi video nelle applicazioni Ajax<\/span><\/strong><\/p>\n<p class=\"mb-nano fs-3\">Gli utenti non faranno mai aspettare i loro ospiti alla porta. La nostra tecnologia proprietaria JetSparrow garantisce un flusso video veloce, in modo che gli utenti possano vedere i loro visitatori in un&#8217;applicazione Ajax non appena suonano il campanello. Grazie alla superba qualit\u00e0 delle immagini e del suono di DoorBell, rispondere alla porta non \u00e8 mai stato cos\u00ec vicino a una semplice telefonata.  <\/p>\n\t<div class=\"img has-hover x md-x lg-x y md-y lg-y\" id=\"image_1866990729\">\n\t\t\t\t\t\t\t\t<div class=\"img-inner dark\" style=\"margin:0px 0px 0px 0px;\">\n\t\t\t<img loading=\"lazy\" decoding=\"async\" width=\"200\" height=\"194\" src=\"https:\/\/ajax-alarme.ch\/wp-content\/uploads\/2024\/01\/NDAA.jpg\" class=\"attachment-original size-original\" alt=\"\" srcset=\"https:\/\/ajax-alarme.ch\/wp-content\/uploads\/2024\/01\/NDAA.jpg 200w, https:\/\/ajax-alarme.ch\/wp-content\/uploads\/2024\/01\/NDAA-50x50.jpg 50w\" sizes=\"auto, (max-width: 200px) 100vw, 200px\" \/>\t\t\t\t\t\t\n\t\t\t\t\t<\/div>\n\t\t\t\t\t\t\t\t\n<style>\n#image_1866990729 {\n  width: 16%;\n}\n<\/style>\n\t<\/div>\n\t\n<p><span style=\"font-size: 120%;\"><strong>Notifica istantanea da smartphone<\/strong><\/span><br data-start=\"236\" data-end=\"239\">Con AJAX Doorbell vieni immediatamente informato quando un visitatore si presenta alla tua porta. Che tu sia a casa o dall&#8217;altra parte del mondo, riceverai una notifica in tempo reale tramite l&#8217;applicazione AJAX. Potrai vedere, ascoltare e rispondere ai tuoi visitatori, garantendoti un maggiore controllo a distanza e la massima tranquillit\u00e0.<\/p>\n\t\t<\/div>\n\t\t\t\t\n<style>\n#col-1644631860 > .col-inner {\n  padding: 0px 0px 0px 0px;\n}\n<\/style>\n\t<\/div>\n\n\t\n<\/div>\n<div class=\"row\"  id=\"row-43019817\">\n\n\t<div id=\"col-934183207\" class=\"col medium-6 small-12 large-6\"  >\n\t\t\t\t<div class=\"col-inner\"  >\n\t\t\t\n\t\t\t\n<div class=\"text-center\"><div class=\"is-divider divider clearfix\" style=\"max-width:175px;height:34px;background-color:rgb(255, 255, 255);\"><\/div><\/div>\n<p><span style=\"font-size: 120%;\"><strong>Combinare AI e sicurezza per un riconoscimento accurato degli oggetti<\/strong><\/span><\/p>\n<p class=\"mb-32 mb-md-40 mb-xl-48 fs-3\">La videocamera con intelligenza artificiale di DoorBell rileva persone, veicoli e animali, mentre un sensore PIR integrato migliora l&#8217;accuratezza del rilevamento e riduce i falsi positivi. Configurando le zone di rilevamento, gli utenti ricevono notifiche solo quando \u00e8 davvero importante. Per i visitatori, il dispositivo offre un&#8217;esperienza senza contatto. Un corriere con le mani occupate non ha bisogno di premere il pulsante del campanello: gli utenti vengono avvisati istantaneamente del loro arrivo e possono intervenire immediatamente nella conversazione.   <\/p>\n\t<div class=\"img has-hover x md-x lg-x y md-y lg-y\" id=\"image_1441332673\">\n\t\t\t\t\t\t\t\t<div class=\"img-inner dark\" >\n\t\t\t<img loading=\"lazy\" decoding=\"async\" width=\"638\" height=\"92\" src=\"https:\/\/ajax-alarme.ch\/wp-content\/uploads\/2025\/07\/typeIA.avif\" class=\"attachment-large size-large\" alt=\"\" srcset=\"https:\/\/ajax-alarme.ch\/wp-content\/uploads\/2025\/07\/typeIA.avif 638w, https:\/\/ajax-alarme.ch\/wp-content\/uploads\/2025\/07\/typeIA-510x74.avif 510w\" sizes=\"auto, (max-width: 638px) 100vw, 638px\" \/>\t\t\t\t\t\t\n\t\t\t\t\t<\/div>\n\t\t\t\t\t\t\t\t\n<style>\n#image_1441332673 {\n  width: 60%;\n}\n<\/style>\n\t<\/div>\n\t\n\t\t<\/div>\n\t\t\t\t\t<\/div>\n\n\t\n\n\t<div id=\"col-864659394\" class=\"col medium-6 small-12 large-6\"  >\n\t\t\t\t<div class=\"col-inner\"  >\n\t\t\t\n\t\t\t\n\n  <div class=\"banner has-hover has-video\" id=\"banner-1023621416\">\n          <div class=\"banner-inner fill\">\n        <div class=\"banner-bg fill\" >\n                        \t<div class=\"video-overlay no-click fill visible\"><\/div>\n\t<video class=\"video-bg fill visible\" preload playsinline autoplay muted loop>\n\t\t<source src=\"https:\/\/ajax-alarme.ch\/wp-content\/uploads\/2025\/07\/integrationdoolbell.mp4\" type=\"video\/mp4\">\t<\/video>\n                        \n                    <\/div>\n\t\t\n        <div class=\"banner-layers container\">\n            <div class=\"fill banner-link\"><\/div>            \n   <div id=\"text-box-1944863770\" class=\"text-box banner-layer x50 md-x50 lg-x50 y50 md-y50 lg-y50 res-text\">\n                                <div class=\"text-box-content text dark\">\n              \n              <div class=\"text-inner text-center\">\n                  \n              <\/div>\n           <\/div>\n                            \n<style>\n#text-box-1944863770 {\n  width: 60%;\n}\n#text-box-1944863770 .text-box-content {\n  font-size: 100%;\n}\n<\/style>\n    <\/div>\n \n        <\/div>\n      <\/div>\n\n            \n<style>\n#banner-1023621416 {\n  padding-top: 450px;\n}\n<\/style>\n  <\/div>\n\n\n\t\t<\/div>\n\t\t\t\t\t<\/div>\n\n\t\n<\/div>\n<div class=\"row\"  id=\"row-1824045847\">\n\n\t<div id=\"col-905762421\" class=\"col medium-7 small-12 large-7\"  >\n\t\t\t\t<div class=\"col-inner\"  >\n\t\t\t\n\t\t\t\n\n  <div class=\"banner has-hover has-video\" id=\"banner-2096443900\">\n          <div class=\"banner-inner fill\">\n        <div class=\"banner-bg fill\" >\n                        \t<div class=\"video-overlay no-click fill visible\"><\/div>\n\t<video class=\"video-bg fill visible\" preload playsinline autoplay muted loop>\n\t\t<source src=\"https:\/\/ajax-alarme.ch\/wp-content\/uploads\/2025\/07\/conectivitydoorbell.mp4\" type=\"video\/mp4\">\t<\/video>\n                        \n                    <\/div>\n\t\t\n        <div class=\"banner-layers container\">\n            <div class=\"fill banner-link\"><\/div>            \n   <div id=\"text-box-145706786\" class=\"text-box banner-layer x50 md-x50 lg-x50 y50 md-y50 lg-y50 res-text\">\n                                <div class=\"text-box-content text dark\">\n              \n              <div class=\"text-inner text-center\">\n                  \n              <\/div>\n           <\/div>\n                            \n<style>\n#text-box-145706786 {\n  width: 60%;\n}\n#text-box-145706786 .text-box-content {\n  font-size: 100%;\n}\n<\/style>\n    <\/div>\n \n        <\/div>\n      <\/div>\n\n            \n<style>\n#banner-2096443900 {\n  padding-top: 500px;\n}\n<\/style>\n  <\/div>\n\n\n\t\t<\/div>\n\t\t\t\t\t<\/div>\n\n\t\n\n\t<div id=\"col-941725473\" class=\"col medium-5 small-12 large-5\"  >\n\t\t\t\t<div class=\"col-inner\"  >\n\t\t\t\n\t\t\t\n<div class=\"text-center\"><div class=\"is-divider divider clearfix\" style=\"max-width:168px;background-color:rgb(255, 255, 255);\"><\/div><\/div>\n<p><span style=\"font-size: 120%;\"><strong>Custodia permanente<\/strong><\/span><\/p>\n<p class=\"mb-nano fs-3\">DoorBell non diventa mai un guscio vuoto, anche se la connessione Wi-Fi viene persa. Se aggiunto a un pannello di controllo Ajax, DoorBell dispone di un canale di comunicazione di riserva. Il dispositivo funziona come parte integrante di un sistema di sicurezza Ajax, informando gli utenti e il centro di monitoraggio degli eventi in loco. DoorBell utilizza la tecnologia di comunicazione sicura Jeweller per inviare notifiche di eventi e allarmi, mentre il protocollo Wings garantisce una trasmissione affidabile delle foto.   <\/p>\n\t\t<\/div>\n\t\t\t\t\t<\/div>\n\n\t\n<\/div>\n\t<div class=\"img has-hover x md-x lg-x y md-y lg-y\" id=\"image_1939522647\">\n\t\t\t\t\t\t\t\t<div class=\"img-inner dark\" >\n\t\t\t\t\t\t\t\t\t\n\t\t\t\t\t<\/div>\n\t\t\t\t\t\t\t\t\n<style>\n#image_1939522647 {\n  width: 100%;\n}\n<\/style>\n\t<\/div>\n\t\n<div class=\"text-center\"><div class=\"is-divider divider clearfix\" style=\"max-width:168px;background-color:rgb(255, 255, 255);\"><\/div><\/div>\n<div class=\"row\"  id=\"row-2121609507\">\n\n\t<div id=\"col-1216644751\" class=\"col small-12 large-12\"  >\n\t\t\t\t<div class=\"col-inner\"  >\n\t\t\t\n\t\t\t\n<p style=\"text-align: center;\"><strong><span style=\"font-size: 120%;\">Doorbell AJAX \u00e8 il <\/span><span style=\"font-size: 17.280001px;\">campanello<\/span><span style=\"font-size: 120%;\"> porta <\/span><\/strong><span style=\"font-size: 17.280001px;\"><b>campanello \ud83d\ude42<\/b><\/span><\/p>\n<p style=\"text-align: center;\" data-start=\"677\" data-end=\"911\">La frequenza dei fotogrammi raggiunge i 25 fotogrammi al secondo, garantendo un&#8217;eccellente fluidit\u00e0 video. I formati di compressione H.264 e H.265 consentono di registrare in modo efficiente ottimizzando la larghezza di banda e lo spazio di archiviazione. <\/p>\n<p style=\"text-align: center;\" data-start=\"913\" data-end=\"1233\">Grazie all&#8217;illuminazione a infrarossi ad alte prestazioni, la visione notturna \u00e8 garantita fino a 35 metri di distanza, consentendo una sorveglianza efficace anche in condizioni di buio totale. Il Doorbell AJAX supporta l&#8217;archiviazione locale tramite scheda MicroSD (fino a 256 GB) e pu\u00f2 anche essere collegato a un NVR per una registrazione continua. <\/p>\n<p style=\"text-align: center;\" data-start=\"1235\" data-end=\"1447\">Dotato di un&#8217;intelligenza artificiale avanzata, il campanello \u00e8 in grado di distinguere tra esseri umani, animali e veicoli, riducendo i falsi allarmi e ottimizzando la rilevanza delle notifiche.<\/p>\n<p style=\"text-align: center;\" data-start=\"1703\" data-end=\"1957\"><strong>!! L&#8217;alimentatore 12VDC non \u00e8 incluso!<\/strong><\/p>\n\t\t<\/div>\n\t\t\t\t\t<\/div>\n\n\t\n<\/div>\n\t<div class=\"img has-hover x md-x lg-x y md-y lg-y\" id=\"image_1724536703\">\n\t\t\t\t\t\t\t\t<div class=\"img-inner dark\" >\n\t\t\t<img loading=\"lazy\" decoding=\"async\" width=\"4407\" height=\"6236\" src=\"https:\/\/ajax-alarme.ch\/wp-content\/uploads\/2025\/07\/doorbellpdf-pdf.jpg\" class=\"attachment-original size-original\" alt=\"\" \/>\t\t\t\t\t\t\n\t\t\t\t\t<\/div>\n\t\t\t\t\t\t\t\t\n<style>\n#image_1724536703 {\n  width: 100%;\n}\n<\/style>\n\t<\/div>\n\t\n\t<div class=\"img has-hover x md-x lg-x y md-y lg-y\" id=\"image_1082536869\">\n\t\t\t\t\t\t\t\t<div class=\"img-inner dark\" >\n\t\t\t<img loading=\"lazy\" decoding=\"async\" width=\"4407\" height=\"6236\" src=\"https:\/\/ajax-alarme.ch\/wp-content\/uploads\/2025\/07\/doorbell2pdf-pdf.jpg\" class=\"attachment-original size-original\" alt=\"\" \/>\t\t\t\t\t\t\n\t\t\t\t\t<\/div>\n\t\t\t\t\t\t\t\t\n<style>\n#image_1082536869 {\n  width: 100%;\n}\n<\/style>\n\t<\/div>\n\t\n","protected":false},"excerpt":{"rendered":"<p>DoorBell AJAX \u00e8 un campanello intelligente connesso progettato per portare sicurezza e comfort alla tua casa. Grazie alla tecnologia AJAX, incorpora un sistema di rilevamento avanzato che invia notifiche in tempo reale al tuo smartphone non appena un visitatore preme il campanello o viene rilevato nelle vicinanze. <\/p>\n","protected":false},"featured_media":6307,"comment_status":"closed","ping_status":"closed","template":"","meta":[],"product_brand":[],"product_cat":[159],"product_tag":[],"class_list":{"0":"post-6234","1":"product","2":"type-product","3":"status-publish","4":"has-post-thumbnail","6":"product_cat-videosorveglianza","8":"first","9":"instock","10":"sale","11":"shipping-taxable","12":"purchasable","13":"product-type-variable"},"_links":{"self":[{"href":"https:\/\/ajax-alarme.ch\/it\/wp-json\/wp\/v2\/product\/6234","targetHints":{"allow":["GET"]}}],"collection":[{"href":"https:\/\/ajax-alarme.ch\/it\/wp-json\/wp\/v2\/product"}],"about":[{"href":"https:\/\/ajax-alarme.ch\/it\/wp-json\/wp\/v2\/types\/product"}],"replies":[{"embeddable":true,"href":"https:\/\/ajax-alarme.ch\/it\/wp-json\/wp\/v2\/comments?post=6234"}],"wp:featuredmedia":[{"embeddable":true,"href":"https:\/\/ajax-alarme.ch\/it\/wp-json\/wp\/v2\/media\/6307"}],"wp:attachment":[{"href":"https:\/\/ajax-alarme.ch\/it\/wp-json\/wp\/v2\/media?parent=6234"}],"wp:term":[{"taxonomy":"product_brand","embeddable":true,"href":"https:\/\/ajax-alarme.ch\/it\/wp-json\/wp\/v2\/product_brand?post=6234"},{"taxonomy":"product_cat","embeddable":true,"href":"https:\/\/ajax-alarme.ch\/it\/wp-json\/wp\/v2\/product_cat?post=6234"},{"taxonomy":"product_tag","embeddable":true,"href":"https:\/\/ajax-alarme.ch\/it\/wp-json\/wp\/v2\/product_tag?post=6234"}],"curies":[{"name":"wp","href":"https:\/\/api.w.org\/{rel}","templated":true}]}}