{"id":4659,"date":"2024-04-15T16:36:44","date_gmt":"2024-04-15T14:36:44","guid":{"rendered":"https:\/\/ajax-alarme.ch\/?post_type=product&#038;p=4659"},"modified":"2025-08-05T19:53:41","modified_gmt":"2025-08-05T17:53:41","slug":"bulletcam-telecamera-di-sorveglianza-ip-copie","status":"publish","type":"product","link":"https:\/\/ajax-alarme.ch\/it\/product\/bulletcam-telecamera-di-sorveglianza-ip-copie\/","title":{"rendered":"TurretCam &#8211; Telecamera di sorveglianza cablata AJAX (non wifi)"},"content":{"rendered":"<p>.<\/p>\n<div class=\"text-center\"><div class=\"is-divider divider clearfix\" style=\"max-width:700px;background-color:rgb(255, 255, 255);\"><\/div><\/div>\n\n  <div class=\"banner has-hover\" id=\"banner-1317224873\">\n          <div class=\"banner-inner fill\">\n        <div class=\"banner-bg fill\" >\n            <img loading=\"lazy\" decoding=\"async\" width=\"1020\" height=\"452\" src=\"https:\/\/ajax-alarme.ch\/wp-content\/uploads\/2024\/04\/personlisation.jpg\" class=\"bg attachment-large size-large\" alt=\"\" \/>                                    \n                    <\/div>\n\t\t\n        <div class=\"banner-layers container\">\n            <div class=\"fill banner-link\"><\/div>            \n        <\/div>\n      <\/div>\n\n            \n<style>\n#banner-1317224873 {\n  padding-top: 500px;\n}\n<\/style>\n  <\/div>\n\n\n<div class=\"row\"  id=\"row-954414464\">\n\n\t<div id=\"col-1965508993\" class=\"col medium-3 small-12 large-3\"  >\n\t\t\t\t<div class=\"col-inner\"  >\n\t\t\t\n\t\t\t\n\t<div class=\"img has-hover x md-x lg-x y md-y lg-y\" id=\"image_702592850\">\n\t\t\t\t\t\t\t\t<div class=\"img-inner dark\" >\n\t\t\t<img loading=\"lazy\" decoding=\"async\" width=\"317\" height=\"670\" src=\"https:\/\/ajax-alarme.ch\/wp-content\/uploads\/2024\/04\/ios.png\" class=\"attachment-large size-large\" alt=\"\" srcset=\"https:\/\/ajax-alarme.ch\/wp-content\/uploads\/2024\/04\/ios.png 317w, https:\/\/ajax-alarme.ch\/wp-content\/uploads\/2024\/04\/ios-189x400.png 189w\" sizes=\"auto, (max-width: 317px) 100vw, 317px\" \/>\t\t\t\t\t\t\n\t\t\t\t\t<\/div>\n\t\t\t\t\t\t\t\t\n<style>\n#image_702592850 {\n  width: 100%;\n}\n<\/style>\n\t<\/div>\n\t\n\t\t<\/div>\n\t\t\t\t\t<\/div>\n\n\t\n\n\t<div id=\"col-1856744249\" class=\"col medium-9 small-12 large-9\"  >\n\t\t\t\t<div class=\"col-inner\"  >\n\t\t\t\n\t\t\t\n<p><strong><span style=\"font-size: 120%;\">Conservate le vostre immagini a casa! E non su una nuvola&#8230;  <\/span><\/strong>Tutti i dati sono archiviati in modo sicuro nell&#8217;Unione Europea e sono pienamente conformi agli standard europei di protezione dei dati. Ajax NVR \u00e8 conforme alla normativa NDAA, con tutti i componenti provenienti da produttori riconosciuti e approvati dal governo statunitense. \u00c8 versatile e pu\u00f2 essere installato in qualsiasi luogo. Inoltre, Ajax NVR ha superato test indipendenti di cyber-security, a garanzia della sua sicurezza e affidabilit\u00e0. Affidatevi a BulletCam AJAX.<\/p>\n\t<div class=\"img has-hover x md-x lg-x y md-y lg-y\" id=\"image_584072269\">\n\t\t\t\t\t\t\t\t<div class=\"img-inner dark\" style=\"margin:0px 0px 0px 0px;\">\n\t\t\t<img loading=\"lazy\" decoding=\"async\" width=\"200\" height=\"194\" src=\"https:\/\/ajax-alarme.ch\/wp-content\/uploads\/2024\/01\/NDAA.jpg\" class=\"attachment-original size-original\" alt=\"\" srcset=\"https:\/\/ajax-alarme.ch\/wp-content\/uploads\/2024\/01\/NDAA.jpg 200w, https:\/\/ajax-alarme.ch\/wp-content\/uploads\/2024\/01\/NDAA-50x50.jpg 50w\" sizes=\"auto, (max-width: 200px) 100vw, 200px\" \/>\t\t\t\t\t\t\n\t\t\t\t\t<\/div>\n\t\t\t\t\t\t\t\t\n<style>\n#image_584072269 {\n  width: 16%;\n}\n<\/style>\n\t<\/div>\n\t\n<p><span style=\"font-size: 120%;\"><strong>Guardate le vostre telecamere ovunque vogliate.<\/strong><\/span><br \/>\nIntegrate tutti i vostri dati visivi utilizzando un&#8217;interfaccia ben studiata. La scheda Video Wall combina le ultime clip delle telecamere Bulletcam AJAX e dei sensori della famiglia MotionCam, offrendo una panoramica dello spazio. Adattate la disposizione degli elementi alle vostre preferenze. Il videowall \u00e8 disponibile per applicazioni mobili e per PC.<\/p>\n\t\t<\/div>\n\t\t\t\t\n<style>\n#col-1856744249 > .col-inner {\n  padding: 0px 0px 0px 0px;\n}\n<\/style>\n\t<\/div>\n\n\t\n<\/div>\n<div class=\"row\"  id=\"row-387662629\">\n\n\t<div id=\"col-942741944\" class=\"col medium-6 small-12 large-6\"  >\n\t\t\t\t<div class=\"col-inner\"  >\n\t\t\t\n\t\t\t\n<div class=\"text-center\"><div class=\"is-divider divider clearfix\" style=\"max-width:175px;height:34px;background-color:rgb(255, 255, 255);\"><\/div><\/div>\n<p><span style=\"font-size: 120%;\"><strong>Mostrare la telecamera giusta al momento giusto.<\/strong><\/span><br \/>\nCreare uno scenario in cui i sensori Ajax attivano telecamere specifiche e avviano la registrazione video. Configurare le impostazioni video per ricevere una conferma visiva immediata degli allarmi in alta definizione.<\/p>\n\t\t<\/div>\n\t\t\t\t\t<\/div>\n\n\t\n\n\t<div id=\"col-458922815\" class=\"col medium-6 small-12 large-6\"  >\n\t\t\t\t<div class=\"col-inner\"  >\n\t\t\t\n\t\t\t\n\t<div class=\"img has-hover x md-x lg-x y md-y lg-y\" id=\"image_918137988\">\n\t\t\t\t\t\t\t\t<div class=\"img-inner dark\" >\n\t\t\t<img loading=\"lazy\" decoding=\"async\" width=\"710\" height=\"378\" src=\"https:\/\/ajax-alarme.ch\/wp-content\/uploads\/2024\/01\/Viewing.gif\" class=\"attachment-large size-large\" alt=\"\" \/>\t\t\t\t\t\t\n\t\t\t\t\t<\/div>\n\t\t\t\t\t\t\t\t\n<style>\n#image_918137988 {\n  width: 100%;\n}\n<\/style>\n\t<\/div>\n\t\n\t\t<\/div>\n\t\t\t\t\t<\/div>\n\n\t\n<\/div>\n<div class=\"row\"  id=\"row-261042063\">\n\n\t<div id=\"col-1796628553\" class=\"col medium-7 small-12 large-7\"  >\n\t\t\t\t<div class=\"col-inner\"  >\n\t\t\t\n\t\t\t\n\t<div class=\"img has-hover x md-x lg-x y md-y lg-y\" id=\"image_514478529\">\n\t\t\t\t\t\t\t\t<div class=\"img-inner dark\" >\n\t\t\t<img loading=\"lazy\" decoding=\"async\" width=\"722\" height=\"372\" src=\"https:\/\/ajax-alarme.ch\/wp-content\/uploads\/2024\/01\/MotionNVR.gif\" class=\"attachment-large size-large\" alt=\"\" \/>\t\t\t\t\t\t\n\t\t\t\t\t<\/div>\n\t\t\t\t\t\t\t\t\n<style>\n#image_514478529 {\n  width: 100%;\n}\n<\/style>\n\t<\/div>\n\t\n\t\t<\/div>\n\t\t\t\t\t<\/div>\n\n\t\n\n\t<div id=\"col-1973275078\" class=\"col medium-5 small-12 large-5\"  >\n\t\t\t\t<div class=\"col-inner\"  >\n\t\t\t\n\t\t\t\n<div class=\"text-center\"><div class=\"is-divider divider clearfix\" style=\"max-width:168px;background-color:rgb(255, 255, 255);\"><\/div><\/div>\n<p><span style=\"font-size: 120%;\"><br \/>\n  <strong>Rilevamento del movimento<br \/>\n<\/strong><br \/>\n<\/span>Definite aree specifiche per garantire che la registrazione venga attivata solo quando si verifica un movimento nell&#8217;area selezionata. In questo modo si risparmia spazio sul disco rigido e si semplifica la consultazione degli archivi. Questa funzione consente di rilevare solo le sequenze importanti.<\/p>\n\t\t<\/div>\n\t\t\t\t\t<\/div>\n\n\t\n<\/div>\n<div class=\"row\"  id=\"row-46035733\">\n\n\t<div id=\"col-681587048\" class=\"col medium-7 small-12 large-7\"  >\n\t\t\t\t<div class=\"col-inner\"  >\n\t\t\t\n\t\t\t\n<div class=\"text-center\"><div class=\"is-divider divider clearfix\" style=\"max-width:168px;background-color:rgb(255, 255, 255);\"><\/div><\/div>\n<div class=\"text-center\"><div class=\"is-divider divider clearfix\" style=\"max-width:168px;background-color:rgb(255, 255, 255);\"><\/div><\/div>\n<p><span style=\"font-size: 120%;\"><strong>Sistema di navigazione con telecamera semplificato.<\/strong><\/span><br \/>\nGrazie alle notifiche di sistema dell&#8217;applicazione, \u00e8 possibile navigare facilmente verso la telecamera in questione e visualizzare l&#8217;incidente. Ci\u00f2 rende l&#8217;applicazione una soluzione completa per la sicurezza e la videosorveglianza.<\/p>\n\t\t<\/div>\n\t\t\t\t\t<\/div>\n\n\t\n\n\t<div id=\"col-277562238\" class=\"col medium-5 small-12 large-5\"  >\n\t\t\t\t<div class=\"col-inner\"  >\n\t\t\t\n\t\t\t\n\t<div class=\"img has-hover x md-x lg-x y md-y lg-y\" id=\"image_1072356449\">\n\t\t\t\t\t\t\t\t<div class=\"img-inner dark\" >\n\t\t\t<img loading=\"lazy\" decoding=\"async\" width=\"500\" height=\"477\" src=\"https:\/\/ajax-alarme.ch\/wp-content\/uploads\/2024\/01\/nvr_alarm_verific_ee9e85d3b3-fi35690000x418.gif\" class=\"attachment-large size-large\" alt=\"\" \/>\t\t\t\t\t\t\n\t\t\t\t\t<\/div>\n\t\t\t\t\t\t\t\t\n<style>\n#image_1072356449 {\n  width: 100%;\n}\n<\/style>\n\t<\/div>\n\t\n\t\t<\/div>\n\t\t\t\t\t<\/div>\n\n\t\n<\/div>\n\n  <div class=\"banner has-hover has-video\" id=\"banner-553894035\">\n          <div class=\"banner-inner fill\">\n        <div class=\"banner-bg fill\" >\n                        \t<div class=\"video-overlay no-click fill visible\"><\/div>\n\t<video class=\"video-bg fill visible\" preload playsinline autoplay muted loop>\n\t\t<source src=\"https:\/\/ajax-alarme.ch\/wp-content\/uploads\/2024\/04\/angle_camera.mp4\" type=\"video\/mp4\">\t<\/video>\n                        \n                    <\/div>\n\t\t\n        <div class=\"banner-layers container\">\n            <div class=\"fill banner-link\"><\/div>            \n        <\/div>\n      <\/div>\n\n            \n<style>\n#banner-553894035 {\n  padding-top: 500px;\n}\n<\/style>\n  <\/div>\n\n\n<div class=\"text-center\"><div class=\"is-divider divider clearfix\" style=\"max-width:500px;background-color:rgb(255, 255, 255);\"><\/div><\/div>\n<div class=\"row\"  id=\"row-897718152\">\n\n\t<div id=\"col-644272401\" class=\"col small-12 large-12\"  >\n\t\t\t\t<div class=\"col-inner\"  >\n\t\t\t\n\t\t\t\n\t<div id=\"text-3808876296\" class=\"text\">\n\t\t\n<p><span style=\"font-size: 120%;\"><strong>Due diverse risoluzioni di immagine 5MP e 8MP<\/strong><\/span><\/p>\n<p>La differenza principale tra una fotocamera da 5 megapixel (MP) e una da 8 MP sta nella risoluzione e nella qualit\u00e0 delle immagini che possono produrre.<\/p>\n<p>&#8211; La fotocamera BulletCam AJAX da 5 MP cattura immagini con una risoluzione di 5 milioni di pixel. Ci\u00f2 significa che \u00e8 in grado di produrre immagini con una quantit\u00e0 limitata di dettagli e chiarezza, adatte per usi quali i social network o le piccole stampe.<\/p>\n<p>&#8211; La BulletCam AJAX da 8 MP, invece, cattura immagini con una risoluzione superiore di 8 milioni di pixel. Ci\u00f2 significa che \u00e8 in grado di catturare pi\u00f9 dettagli e di fornire immagini di qualit\u00e0 migliore, adatte a ingrandimenti pi\u00f9 grandi o a stampe di qualit\u00e0 superiore.<\/p>\n<p>In breve, la fotocamera da 8 MP produrr\u00e0 immagini di qualit\u00e0 migliore e con maggiori dettagli rispetto a quella da 5 MP, rendendola pi\u00f9 adatta agli usi in cui la qualit\u00e0 dell&#8217;immagine \u00e8 fondamentale.<br \/>\n\t\t\n<style>\n#text-3808876296 {\n  text-align: left;\n}\n<\/style>\n\t<\/div>\n\t\n\t<div class=\"img has-hover x md-x lg-x y md-y lg-y\" id=\"image_1901499213\">\n\t\t\t\t\t\t\t\t<div class=\"img-inner dark\" >\n\t\t\t<img loading=\"lazy\" decoding=\"async\" width=\"1020\" height=\"265\" src=\"https:\/\/ajax-alarme.ch\/wp-content\/uploads\/2024\/04\/IA.jpg\" class=\"attachment-large size-large\" alt=\"\" srcset=\"https:\/\/ajax-alarme.ch\/wp-content\/uploads\/2024\/04\/IA.jpg 1130w, https:\/\/ajax-alarme.ch\/wp-content\/uploads\/2024\/04\/IA-800x208.jpg 800w, https:\/\/ajax-alarme.ch\/wp-content\/uploads\/2024\/04\/IA-768x200.jpg 768w, https:\/\/ajax-alarme.ch\/wp-content\/uploads\/2024\/04\/IA-510x133.jpg 510w\" sizes=\"auto, (max-width: 1020px) 100vw, 1020px\" \/>\t\t\t\t\t\t\n\t\t\t\t\t<\/div>\n\t\t\t\t\t\t\t\t\n<style>\n#image_1901499213 {\n  width: 100%;\n}\n<\/style>\n\t<\/div>\n\t\n\t\t<\/div>\n\t\t\t\t\t<\/div>\n\n\t\n<\/div>\n\t<div class=\"img has-hover x md-x lg-x y md-y lg-y\" id=\"image_1863877925\">\n\t\t\t\t\t\t\t\t<div class=\"img-inner dark\" >\n\t\t\t\t\t\t\t\t\t\n\t\t\t\t\t<\/div>\n\t\t\t\t\t\t\t\t\n<style>\n#image_1863877925 {\n  width: 100%;\n}\n<\/style>\n\t<\/div>\n\t\n<div class=\"text-center\"><div class=\"is-divider divider clearfix\" style=\"max-width:500px;background-color:rgb(255, 255, 255);\"><\/div><\/div>\n<div class=\"row\"  id=\"row-657815825\">\n\n\t<div id=\"col-2122060563\" class=\"col medium-5 small-12 large-5\"  >\n\t\t\t\t<div class=\"col-inner\"  >\n\t\t\t\n\t\t\t\n\n  <div class=\"banner has-hover has-video\" id=\"banner-1277407789\">\n          <div class=\"banner-inner fill\">\n        <div class=\"banner-bg fill\" >\n                        \t<div class=\"video-overlay no-click fill visible\"><\/div>\n\t<video class=\"video-bg fill visible\" preload playsinline autoplay muted loop>\n\t\t<source src=\"https:\/\/ajax-alarme.ch\/wp-content\/uploads\/2024\/04\/turretexplosion.mp4\" type=\"video\/mp4\">\t<\/video>\n                        \n                    <\/div>\n\t\t\n        <div class=\"banner-layers container\">\n            <div class=\"fill banner-link\"><\/div>            \n        <\/div>\n      <\/div>\n\n            \n<style>\n#banner-1277407789 {\n  padding-top: 500px;\n}\n<\/style>\n  <\/div>\n\n\n\t\t<\/div>\n\t\t\t\t\t<\/div>\n\n\t\n\n\t<div id=\"col-1220874862\" class=\"col medium-7 small-12 large-7\"  >\n\t\t\t\t<div class=\"col-inner\"  >\n\t\t\t\n\t\t\t\n<h2>Specifiche tecniche<\/h2>\n<p>Compatibilit\u00e0: tutti i modelli di controller e NVR AJAX<br \/>\nRisoluzione: 5MP (2880 \u00d7 1620 px); 8MP (3840 \u00d7 2160 px)<br \/>\nAngolo di visione: 2,8 mm (da 100\u00b0 a 110\u00b0); 4 mm (da 75\u00b0 a 85\u00b0)<br \/>\nFrequenza dei fotogrammi: 25 FPS<br \/>\nCodec: H264; H265<br \/>\nIlluminazione a infrarossi: fino a 35 m<br \/>\nMemoria: NVR, MicroSD fino a 256 GB<br \/>\nIntelligenza artificiale: rilevamento di animali, persone e veicoli<br \/>\nConnessione: presa Ethernet<br \/>\nGrado di protezione: IP65<br \/>\nAlimentazione: 12 V\u2393 \u00b1 20%, 1 \u0410 o standard IEEE 802.3at e PoE<br \/>\nTemperatura: da -25\u00b0C a +40\u00b0C<br \/>\nDimensioni: 103 \u00d7 98 \u00d7 98 mm<br \/>\nPeso: 496 g<\/p>\n\t\t<\/div>\n\t\t\t\t\t<\/div>\n\n\t\n<\/div>\n","protected":false},"excerpt":{"rendered":"<p>Telecamera di sorveglianza compatibile con il sistema di allarme 100% AJAX. Pu\u00f2 essere integrato al 100% nell&#8217;applicazione AJAX. Un vero vantaggio in termini di sicurezza. Telecamera cablata, richiede un cavo di rete da collegare all&#8217;RJ45.<\/p>\n","protected":false},"featured_media":5062,"comment_status":"closed","ping_status":"closed","template":"","meta":[],"product_brand":[],"product_cat":[159],"product_tag":[],"class_list":{"0":"post-4659","1":"product","2":"type-product","3":"status-publish","4":"has-post-thumbnail","6":"product_cat-videosorveglianza","8":"first","9":"instock","10":"sale","11":"shipping-taxable","12":"purchasable","13":"product-type-variable"},"_links":{"self":[{"href":"https:\/\/ajax-alarme.ch\/it\/wp-json\/wp\/v2\/product\/4659","targetHints":{"allow":["GET"]}}],"collection":[{"href":"https:\/\/ajax-alarme.ch\/it\/wp-json\/wp\/v2\/product"}],"about":[{"href":"https:\/\/ajax-alarme.ch\/it\/wp-json\/wp\/v2\/types\/product"}],"replies":[{"embeddable":true,"href":"https:\/\/ajax-alarme.ch\/it\/wp-json\/wp\/v2\/comments?post=4659"}],"wp:featuredmedia":[{"embeddable":true,"href":"https:\/\/ajax-alarme.ch\/it\/wp-json\/wp\/v2\/media\/5062"}],"wp:attachment":[{"href":"https:\/\/ajax-alarme.ch\/it\/wp-json\/wp\/v2\/media?parent=4659"}],"wp:term":[{"taxonomy":"product_brand","embeddable":true,"href":"https:\/\/ajax-alarme.ch\/it\/wp-json\/wp\/v2\/product_brand?post=4659"},{"taxonomy":"product_cat","embeddable":true,"href":"https:\/\/ajax-alarme.ch\/it\/wp-json\/wp\/v2\/product_cat?post=4659"},{"taxonomy":"product_tag","embeddable":true,"href":"https:\/\/ajax-alarme.ch\/it\/wp-json\/wp\/v2\/product_tag?post=4659"}],"curies":[{"name":"wp","href":"https:\/\/api.w.org\/{rel}","templated":true}]}}