{"id":3713,"date":"2024-01-20T17:12:54","date_gmt":"2024-01-20T16:12:54","guid":{"rendered":"https:\/\/ajax-alarme.ch\/product\/nvr-ajax-8-telecamere-onvif-e-rtsp\/"},"modified":"2024-09-17T12:29:51","modified_gmt":"2024-09-17T10:29:51","slug":"nvr-ajax-8-telecamere-onvif-e-rtsp","status":"publish","type":"product","link":"https:\/\/ajax-alarme.ch\/it\/product\/nvr-ajax-8-telecamere-onvif-e-rtsp\/","title":{"rendered":"REGISTRATORE NVR AJAX per telecamere AJAX o compatibili (ONVIF o RTSP)"},"content":{"rendered":"<div class=\"slider-wrapper relative\" id=\"slider-1876564342\" >\n    <div class=\"slider slider-nav-circle slider-nav-large slider-nav-light slider-style-normal\"\n        data-flickity-options='{\n            \"cellAlign\": \"center\",\n            \"imagesLoaded\": true,\n            \"lazyLoad\": 1,\n            \"freeScroll\": false,\n            \"wrapAround\": true,\n            \"autoPlay\": 6000,\n            \"pauseAutoPlayOnHover\" : true,\n            \"prevNextButtons\": true,\n            \"contain\" : true,\n            \"adaptiveHeight\" : true,\n            \"dragThreshold\" : 10,\n            \"percentPosition\": true,\n            \"pageDots\": true,\n            \"rightToLeft\": false,\n            \"draggable\": true,\n            \"selectedAttraction\": 0.1,\n            \"parallax\" : 0,\n            \"friction\": 0.6        }'\n        >\n        \n\n  <div class=\"banner has-hover\" id=\"banner-740231590\">\n          <div class=\"banner-inner fill\">\n        <div class=\"banner-bg fill\" >\n            <img loading=\"lazy\" decoding=\"async\" width=\"1020\" height=\"425\" src=\"https:\/\/ajax-alarme.ch\/wp-content\/uploads\/2024\/01\/backgroungnvrb-1400x583.jpeg\" class=\"bg attachment-large size-large\" alt=\"\" \/>                        <div class=\"overlay\"><\/div>            \n                    <\/div>\n\t\t\n        <div class=\"banner-layers container\">\n            <div class=\"fill banner-link\"><\/div>            \n   <div id=\"text-box-92292241\" class=\"text-box banner-layer x10 md-x10 lg-x10 y50 md-y50 lg-y50 res-text\">\n                                <div class=\"text-box-content text dark\">\n              \n              <div class=\"text-inner text-center\">\n                  \n<p class=\"uppercase\"><span style=\"font-size: 150%;\"><strong>IMPOSTAZIONE FACILE<\/strong><\/span><\/p>\n<p>  La configurazione del NVR AJAX \u00e8 semplice e senza problemi. Seguite le semplici istruzioni AJAX per rendere il vostro sistema operativo. AJAX NVR \u00e8 una soluzione di sicurezza domestica intelligente, efficiente e affidabile. Grazie alle sue funzioni avanzate e alla facilit\u00e0 di installazione, offre un elevato livello di sicurezza e tranquillit\u00e0. Investi in AJAX NVR oggi stesso e scopri il futuro della sicurezza domestica.<\/p>\n              <\/div>\n           <\/div>\n                            \n<style>\n#text-box-92292241 {\n  width: 60%;\n}\n#text-box-92292241 .text-box-content {\n  font-size: 100%;\n}\n@media (min-width:550px) {\n  #text-box-92292241 {\n    width: 45%;\n  }\n}\n<\/style>\n    <\/div>\n \n        <\/div>\n      <\/div>\n\n            \n<style>\n#banner-740231590 {\n  padding-top: 500px;\n}\n#banner-740231590 .overlay {\n  background-color: rgba(0, 0, 0, 0.31);\n}\n<\/style>\n  <\/div>\n\n\n     <\/div>\n\n     <div class=\"loading-spin dark large centered\"><\/div>\n\n\t<\/div>\n\n\n<div class=\"is-divider divider clearfix\" style=\"max-width:0px;height:15px;\"><\/div>\n<div class=\"row\"  id=\"row-1104074290\">\n\n\t<div id=\"col-1862805212\" class=\"col medium-3 small-12 large-3\"  >\n\t\t\t\t<div class=\"col-inner\"  >\n\t\t\t\n\t\t\t\n\t<div class=\"img has-hover x md-x lg-x y md-y lg-y\" id=\"image_184575653\">\n\t\t\t\t\t\t\t\t<div class=\"img-inner dark\" >\n\t\t\t<img loading=\"lazy\" decoding=\"async\" width=\"200\" height=\"194\" src=\"https:\/\/ajax-alarme.ch\/wp-content\/uploads\/2024\/01\/NDAA.jpg\" class=\"attachment-thumbnail size-thumbnail\" alt=\"\" srcset=\"https:\/\/ajax-alarme.ch\/wp-content\/uploads\/2024\/01\/NDAA.jpg 200w, https:\/\/ajax-alarme.ch\/wp-content\/uploads\/2024\/01\/NDAA-50x50.jpg 50w\" sizes=\"auto, (max-width: 200px) 100vw, 200px\" \/>\t\t\t\t\t\t\n\t\t\t\t\t<\/div>\n\t\t\t\t\t\t\t\t\n<style>\n#image_184575653 {\n  width: 100%;\n}\n<\/style>\n\t<\/div>\n\t\n\t\t<\/div>\n\t\t\t\t\t<\/div>\n\n\t\n\n\t<div id=\"col-1022261323\" class=\"col medium-9 small-12 large-9\"  >\n\t\t\t\t<div class=\"col-inner\"  >\n\t\t\t\n\t\t\t\n<div class=\"is-divider divider clearfix\" style=\"max-width:0px;height:0px;\"><\/div>\n\t<div id=\"text-1562685017\" class=\"text\">\n\t\t\n<p><strong><span style=\"font-size: 120%;\">Conservate le vostre immagini a casa! E non su una nuvola&#8230;  <\/span><\/strong>Tutti i dati sono archiviati in modo sicuro nell&#8217;Unione Europea e sono pienamente conformi agli standard europei di protezione dei dati. Ajax NVR \u00e8 conforme alla normativa NDAA, con tutti i componenti provenienti da produttori riconosciuti e approvati dal governo statunitense. \u00c8 versatile e pu\u00f2 essere installato in qualsiasi luogo. Inoltre, Ajax NVR ha superato test indipendenti di cyber-security che ne garantiscono la sicurezza e l&#8217;affidabilit\u00e0.<br \/>\n\t\t\n<style>\n#text-1562685017 {\n  font-size: 1rem;\n  line-height: 1.9;\n  text-align: left;\n}\n<\/style>\n\t<\/div>\n\t\n\t\t<\/div>\n\t\t\t\t\t<\/div>\n\n\t\n<\/div>\n\t<div class=\"img has-hover x md-x lg-x y md-y lg-y\" id=\"image_2099358360\">\n\t\t\t\t\t\t\t\t<div class=\"img-inner dark\" >\n\t\t\t<img loading=\"lazy\" decoding=\"async\" width=\"1020\" height=\"527\" src=\"https:\/\/ajax-alarme.ch\/wp-content\/uploads\/2024\/01\/ONVIFCAM-1400x723.jpg\" class=\"attachment-large size-large\" alt=\"\" srcset=\"https:\/\/ajax-alarme.ch\/wp-content\/uploads\/2024\/01\/ONVIFCAM-1400x723.jpg 1400w, https:\/\/ajax-alarme.ch\/wp-content\/uploads\/2024\/01\/ONVIFCAM-774x400.jpg 774w, https:\/\/ajax-alarme.ch\/wp-content\/uploads\/2024\/01\/ONVIFCAM-768x397.jpg 768w, https:\/\/ajax-alarme.ch\/wp-content\/uploads\/2024\/01\/ONVIFCAM-1536x794.jpg 1536w, https:\/\/ajax-alarme.ch\/wp-content\/uploads\/2024\/01\/ONVIFCAM-2048x1058.jpg 2048w, https:\/\/ajax-alarme.ch\/wp-content\/uploads\/2024\/01\/ONVIFCAM-510x263.jpg 510w\" sizes=\"auto, (max-width: 1020px) 100vw, 1020px\" \/>\t\t\t\t\t\t\n\t\t\t\t\t<\/div>\n\t\t\t\t\t\t\t\t\n<style>\n#image_2099358360 {\n  width: 100%;\n}\n<\/style>\n\t<\/div>\n\t\n<div class=\"is-divider divider clearfix\" style=\"max-width:0px;height:65px;\"><\/div>\n<div class=\"row\"  id=\"row-865218018\">\n\n\t<div id=\"col-664837569\" class=\"col medium-5 small-12 large-5\"  >\n\t\t\t\t<div class=\"col-inner\"  >\n\t\t\t\n\t\t\t\n<div class=\"is-divider divider clearfix\" style=\"max-width:0px;\"><\/div>\n<p><span style=\"font-size: 120%;\"><strong>Guardate le vostre telecamere ovunque vogliate.<\/strong><\/span>  Integra tutti i tuoi dati visivi utilizzando un&#8217;interfaccia ben studiata. La scheda Video Wall combina le ultime clip della famiglia di telecamere IP e sensori MotionCam, offrendo una panoramica dello spazio. Adattate la disposizione degli elementi alle vostre preferenze. Il videowall \u00e8 disponibile per applicazioni mobili e per PC.<\/p>\n\t\t<\/div>\n\t\t\t\t\t<\/div>\n\n\t\n\n\t<div id=\"col-1016412209\" class=\"col medium-7 small-12 large-7\"  >\n\t\t\t\t<div class=\"col-inner\"  >\n\t\t\t\n\t\t\t\n\t<div class=\"img has-hover x md-x lg-x y md-y lg-y\" id=\"image_1708345730\">\n\t\t\t\t\t\t\t\t<div class=\"img-inner dark\" >\n\t\t\t<img loading=\"lazy\" decoding=\"async\" width=\"710\" height=\"378\" src=\"https:\/\/ajax-alarme.ch\/wp-content\/uploads\/2024\/01\/Viewing.gif\" class=\"attachment-large size-large\" alt=\"\" \/>\t\t\t\t\t\t\n\t\t\t\t\t<\/div>\n\t\t\t\t\t\t\t\t\n<style>\n#image_1708345730 {\n  width: 100%;\n}\n<\/style>\n\t<\/div>\n\t\n\t\t<\/div>\n\t\t\t\t\t<\/div>\n\n\t\n<\/div>\n<div class=\"is-divider divider clearfix\" style=\"max-width:0px;height:65px;\"><\/div>\n<div class=\"row\"  id=\"row-1389933999\">\n\n\t<div id=\"col-1485732186\" class=\"col medium-7 small-12 large-7\"  >\n\t\t\t\t<div class=\"col-inner\"  >\n\t\t\t\n\t\t\t\n\t<div class=\"img has-hover x md-x lg-x y md-y lg-y\" id=\"image_258402184\">\n\t\t\t\t\t\t\t\t<div class=\"img-inner dark\" >\n\t\t\t<img loading=\"lazy\" decoding=\"async\" width=\"722\" height=\"372\" src=\"https:\/\/ajax-alarme.ch\/wp-content\/uploads\/2024\/01\/MotionNVR.gif\" class=\"attachment-large size-large\" alt=\"\" \/>\t\t\t\t\t\t\n\t\t\t\t\t<\/div>\n\t\t\t\t\t\t\t\t\n<style>\n#image_258402184 {\n  width: 100%;\n}\n<\/style>\n\t<\/div>\n\t\n\t\t<\/div>\n\t\t\t\t\t<\/div>\n\n\t\n\n\t<div id=\"col-583893156\" class=\"col medium-5 small-12 large-5\"  >\n\t\t\t\t<div class=\"col-inner\"  >\n\t\t\t\n\t\t\t\n<p><span style=\"font-size: 120%;\"><strong>Rilevamento del movimento <\/strong><\/span>Definisci aree specifiche per garantire che la registrazione venga attivata solo quando si verifica un movimento nell&#8217;area selezionata. In questo modo si risparmia spazio sul disco rigido e si semplifica la consultazione degli archivi. Questa funzione permette di rilevare solo le sequenze importanti.<\/p>\n\t\t<\/div>\n\t\t\t\t\t<\/div>\n\n\t\n<\/div>\n<div class=\"is-divider divider clearfix\" style=\"max-width:0px;height:65px;\"><\/div>\n<div class=\"row\"  id=\"row-805692365\">\n\n\t<div id=\"col-1829135342\" class=\"col medium-6 small-12 large-6\"  >\n\t\t\t\t<div class=\"col-inner\"  >\n\t\t\t\n\t\t\t\n<div class=\"is-divider divider clearfix\" style=\"max-width:0px;height:10px;\"><\/div>\n<p><span style=\"font-size: 120%;\"><strong>Mostrare la telecamera giusta al momento giusto.<\/strong><\/span>  Crea uno scenario in cui i sensori Ajax attivano telecamere specifiche e avviano la registrazione video. Configura le impostazioni video per ricevere una conferma visiva immediata degli allarmi in alta definizione.  <div class=\"is-divider divider clearfix\" style=\"max-width:0px;height:65px;\"><\/div>\n<p><span style=\"font-size: 120%;\"><strong>Sistema di navigazione con telecamera semplificato.<\/strong><\/span>  Grazie alle notifiche di sistema dell&#8217;applicazione, puoi facilmente navigare verso la telecamera in questione e visualizzare l&#8217;incidente. Ci\u00f2 rende l&#8217;applicazione una soluzione completa per la sicurezza e la videosorveglianza.<\/p>\n\t\t<\/div>\n\t\t\t\t\t<\/div>\n\n\t\n\n\t<div id=\"col-1240837360\" class=\"col medium-6 small-12 large-6\"  >\n\t\t\t\t<div class=\"col-inner\"  >\n\t\t\t\n\t\t\t\n\t<div class=\"img has-hover x md-x lg-x y md-y lg-y\" id=\"image_898508213\">\n\t\t\t\t\t\t\t\t<div class=\"img-inner dark\" >\n\t\t\t<img loading=\"lazy\" decoding=\"async\" width=\"500\" height=\"477\" src=\"https:\/\/ajax-alarme.ch\/wp-content\/uploads\/2024\/01\/nvr_alarm_verific_ee9e85d3b3-fi35690000x418.gif\" class=\"attachment-large size-large\" alt=\"\" \/>\t\t\t\t\t\t\n\t\t\t\t\t<\/div>\n\t\t\t\t\t\t\t\t\n<style>\n#image_898508213 {\n  width: 100%;\n}\n<\/style>\n\t<\/div>\n\t\n\t\t<\/div>\n\t\t\t\t\t<\/div>\n\n\t\n<\/div>\n<div class=\"is-divider divider clearfix\" style=\"max-width:0px;height:42px;\"><\/div>\n<div class=\"row\"  id=\"row-1304528481\">\n\n\t<div id=\"col-2126257758\" class=\"col medium-5 small-12 large-5\"  >\n\t\t\t\t<div class=\"col-inner\"  >\n\t\t\t\n\t\t\t\n<div class=\"slider-wrapper relative\" id=\"slider-1806720447\" >\n    <div class=\"slider slider-nav-circle slider-nav-large slider-nav-light slider-style-normal\"\n        data-flickity-options='{\n            \"cellAlign\": \"center\",\n            \"imagesLoaded\": true,\n            \"lazyLoad\": 1,\n            \"freeScroll\": false,\n            \"wrapAround\": true,\n            \"autoPlay\": 6000,\n            \"pauseAutoPlayOnHover\" : true,\n            \"prevNextButtons\": true,\n            \"contain\" : true,\n            \"adaptiveHeight\" : true,\n            \"dragThreshold\" : 10,\n            \"percentPosition\": true,\n            \"pageDots\": true,\n            \"rightToLeft\": false,\n            \"draggable\": true,\n            \"selectedAttraction\": 0.1,\n            \"parallax\" : 0,\n            \"friction\": 0.6        }'\n        >\n        \n\n  <div class=\"banner has-hover\" id=\"banner-2132737561\">\n          <div class=\"banner-inner fill\">\n        <div class=\"banner-bg fill\" >\n                                    <div class=\"overlay\"><\/div>            \n                    <\/div>\n\t\t\n        <div class=\"banner-layers container\">\n            <div class=\"fill banner-link\"><\/div>            \n   <div id=\"text-box-216872137\" class=\"text-box banner-layer x50 md-x50 lg-x50 y50 md-y50 lg-y50 res-text\">\n                                <div class=\"text-box-content text dark\">\n              \n              <div class=\"text-inner text-center\">\n                  \n<h1>Come verificare la compatibilit\u00e0 delle fotocamere.<\/h1>\n<p>  Ajax supporta RTSP, un protocollo di streaming in tempo reale standard nel mercato della videosorveglianza. Prendetevi il tempo di controllare. Non possiamo garantire la compatibilit\u00e0 delle fotocamere di terzi.<\/p>\n<a href=\"https:\/\/support.ajax.systems\/fr\/ip-camera-integration\/?_gl=1*znjuma*_gcl_au*MjA4ODg2MTcxLjE3MDU1MTI5NTU.*_ga*NjA0Mzk5NTY5LjE3MDU1MTI5NTU.*_ga_1C2WYPSDCY*MTcwNTg0Njk1OC4zLjEuMTcwNTg0NzgyOC42MC4wLjA.&#038;_ga=2.103798088.911273833.1705770141-604399569.1705512955\" target=\"_blank\" class=\"button white is-outline\" rel=\"noopener\"  >\n\t\t<span>Controlla qui<\/span>\n\t<\/a>\n\n              <\/div>\n           <\/div>\n                            \n<style>\n#text-box-216872137 {\n  width: 60%;\n}\n#text-box-216872137 .text-box-content {\n  font-size: 100%;\n}\n<\/style>\n    <\/div>\n \n        <\/div>\n      <\/div>\n\n            \n<style>\n#banner-2132737561 {\n  padding-top: 500px;\n}\n#banner-2132737561 .overlay {\n  background-color: rgba(0, 0, 0, 0.17);\n}\n<\/style>\n  <\/div>\n\n\n     <\/div>\n\n     <div class=\"loading-spin dark large centered\"><\/div>\n\n\t<\/div>\n\n\n\t\t<\/div>\n\t\t\t\t\t<\/div>\n\n\t\n\n\t<div id=\"col-2068275595\" class=\"col medium-7 small-12 large-7\"  >\n\t\t\t\t<div class=\"col-inner\"  >\n\t\t\t\n\t\t\t\n<div class=\"is-divider divider clearfix\" style=\"max-width:0px;height:10px;\"><\/div>\n\t<div class=\"img has-hover x md-x lg-x y md-y lg-y\" id=\"image_1416411632\">\n\t\t\t\t\t\t\t\t<div class=\"img-inner dark\" >\n\t\t\t<img loading=\"lazy\" decoding=\"async\" width=\"1020\" height=\"665\" src=\"https:\/\/ajax-alarme.ch\/wp-content\/uploads\/2024\/01\/cameras@2x-1227x800.jpg\" class=\"attachment-large size-large\" alt=\"\" srcset=\"https:\/\/ajax-alarme.ch\/wp-content\/uploads\/2024\/01\/cameras@2x-1227x800.jpg 1227w, https:\/\/ajax-alarme.ch\/wp-content\/uploads\/2024\/01\/cameras@2x-613x400.jpg 613w, https:\/\/ajax-alarme.ch\/wp-content\/uploads\/2024\/01\/cameras@2x-768x501.jpg 768w, https:\/\/ajax-alarme.ch\/wp-content\/uploads\/2024\/01\/cameras@2x-510x333.jpg 510w, https:\/\/ajax-alarme.ch\/wp-content\/uploads\/2024\/01\/cameras@2x.jpg 1472w\" sizes=\"auto, (max-width: 1020px) 100vw, 1020px\" \/>\t\t\t\t\t\t\n\t\t\t\t\t<\/div>\n\t\t\t\t\t\t\t\t\n<style>\n#image_1416411632 {\n  width: 100%;\n}\n<\/style>\n\t<\/div>\n\t\n\t\t<\/div>\n\t\t\t\t\t<\/div>\n\n\t\n<\/div>\n<div class=\"is-divider divider clearfix\" style=\"max-width:0px;height:42px;\"><\/div>\n\t<div id=\"text-3305648120\" class=\"text\">\n\t\t\n<blockquote><p>L&#8217;Ajax NVR si collega perfettamente all&#8217;allarme di qualsiasi rilevatore, sia esso un&#8217;<a href=\"https:\/\/ajax.systems\/fr\/products\/open-detectors\/\">apertura<\/a>, una <a href=\"https:\/\/ajax.systems\/fr\/products\/leaks\/\">perdita d&#8217;acqua<\/a> o un rilevatore di movimento della <a href=\"https:\/\/ajax.systems\/fr\/products\/motion-detectors\/\">serie MotionCam<\/a>. Le telecamere registrano automaticamente e forniscono una verifica visiva immediata in caso di allarme. Gli utenti possono passare facilmente da un flusso di avvisi o eventi a sequenze correlate. Una delle caratteristiche principali delle telecamere installate nei siti residenziali \u00e8 che possono essere configurate per attivarsi solo quando il sistema \u00e8 armato. Questo garantisce la sicurezza e offre ai residenti la tranquillit\u00e0 di sapere che la loro privacy \u00e8 preservata quando il sistema \u00e8 disarmato. Inoltre, l&#8217;NVR rileva automaticamente le telecamere sulla stessa rete senza dover effettuare ulteriori impostazioni. L&#8217;applicazione Ajax fornisce aggiornamenti in tempo reale sullo stato dell&#8217;NVR, in modo da conoscere sempre lo stato del sistema. Inoltre, con pochi clic nell&#8217;applicazione Ajax, gli utenti possono creare un&#8217;entit\u00e0 virtuale chiamata Space, che consente una perfetta integrazione delle telecamere senza la necessit\u00e0 di un hub fisico.<\/p><\/blockquote>\n\t\t\n<style>\n#text-3305648120 {\n  font-size: 0.75rem;\n}\n<\/style>\n\t<\/div>\n\t\n<div class=\"is-divider divider clearfix\" style=\"max-width:0px;height:42px;\"><\/div>\n\t<div id=\"text-743524635\" class=\"text\">\n\t\t\n<h3>Caratteristiche Ajax NVR 8 o 16 telecamere<\/h3>\n<ul>\n<li>8 o 16 telecamere collegabili<\/li>\n<li>Consente la sincronizzazione completa delle telecamere<\/li>\n<li>Sistema di gestione video sicuro nel cloud<\/li>\n<li>Compatibilit\u00e0: ONVIF\/RTSP<\/li>\n<li>Protezione contro il sabotaggio del disco rigido<\/li>\n<li>Modello a 16 canali<\/li>\n<li>Alimentazione: 110-240 V, 50\/60 Hz<\/li>\n<li>Consumo di energia: fino a 24 W<\/li>\n<li>Compatibilit\u00e0: Tutte le unit\u00e0 di controllo Ajax<\/li>\n<li>Risoluzione: fino a 4K (25\/30 IPS)<\/li>\n<li>Formati di decodifica: H.265\/H.264<\/li>\n<li>Larghezza di banda: fino a 100 Mbps<\/li>\n<li>Capacit\u00e0: fino a 16 TB di spazio di archiviazione (disco rigido non incluso)<\/li>\n<li>Interfaccia disco rigido: connettivit\u00e0 SATA, formato 3,5&#8243; Disco non in dotazione<\/li>\n<li>IP20<\/li>\n<li>Allarme antimanomissione<\/li>\n<li>Con un rilevatore di movimento integrato che analizza l&#8217;immagine<\/li>\n<li>Possibilit\u00e0 di passare dal rilevatore di movimento dell&#8217;NVR alla telecamera predefinita<\/li>\n<li>Maggiore protezione del conto<\/li>\n<li>Accesso al flusso video: protezione tramite codice di accesso, biometria, autenticazione a 2 fattori, controllo della sessione<\/li>\n<li>Accesso controllato ai dati visivi da parte dell&#8217;utente finale<\/li>\n<li>Account autorizzati: controllo dell&#8217;accesso degli utenti a flussi e foto specifici in tempo reale.<\/li>\n<li>Protezione dell&#8217;archivio<\/li>\n<li>Installazione sotto il controllo dell&#8217;utente finale<\/li>\n<li>Temperatura di esercizio: da 0\u00b0\u0421 a 40\u00b0C<\/li>\n<li>Dimensioni: 20 cm x 20 cm x 4,5 cm<\/li>\n<li>Peso: 700 g<\/li>\n<\/ul>\n\t\t\n<style>\n#text-743524635 {\n  font-size: 1rem;\n}\n<\/style>\n\t<\/div>\n\t\n<div class=\"is-divider divider clearfix\" style=\"max-width:0px;height:42px;\"><\/div>\n","protected":false},"excerpt":{"rendered":"<p>Registratore e integratore per 8 o 16 telecamere digitali, risoluzione 4K (25\/30 fps), H.265\/h.264, disco rigido fino a 16TB (non incluso). (Fornito senza smartphone).<\/p>\n","protected":false},"featured_media":4971,"comment_status":"closed","ping_status":"closed","template":"","meta":[],"product_brand":[],"product_cat":[159],"product_tag":[],"class_list":{"0":"post-3713","1":"product","2":"type-product","3":"status-publish","4":"has-post-thumbnail","6":"product_cat-videosorveglianza","8":"first","9":"instock","10":"sale","11":"shipping-taxable","12":"purchasable","13":"product-type-variable"},"_links":{"self":[{"href":"https:\/\/ajax-alarme.ch\/it\/wp-json\/wp\/v2\/product\/3713","targetHints":{"allow":["GET"]}}],"collection":[{"href":"https:\/\/ajax-alarme.ch\/it\/wp-json\/wp\/v2\/product"}],"about":[{"href":"https:\/\/ajax-alarme.ch\/it\/wp-json\/wp\/v2\/types\/product"}],"replies":[{"embeddable":true,"href":"https:\/\/ajax-alarme.ch\/it\/wp-json\/wp\/v2\/comments?post=3713"}],"wp:featuredmedia":[{"embeddable":true,"href":"https:\/\/ajax-alarme.ch\/it\/wp-json\/wp\/v2\/media\/4971"}],"wp:attachment":[{"href":"https:\/\/ajax-alarme.ch\/it\/wp-json\/wp\/v2\/media?parent=3713"}],"wp:term":[{"taxonomy":"product_brand","embeddable":true,"href":"https:\/\/ajax-alarme.ch\/it\/wp-json\/wp\/v2\/product_brand?post=3713"},{"taxonomy":"product_cat","embeddable":true,"href":"https:\/\/ajax-alarme.ch\/it\/wp-json\/wp\/v2\/product_cat?post=3713"},{"taxonomy":"product_tag","embeddable":true,"href":"https:\/\/ajax-alarme.ch\/it\/wp-json\/wp\/v2\/product_tag?post=3713"}],"curies":[{"name":"wp","href":"https:\/\/api.w.org\/{rel}","templated":true}]}}