{"id":3700,"date":"2023-10-10T16:30:21","date_gmt":"2023-10-10T14:30:21","guid":{"rendered":"https:\/\/ajax-alarme.ch\/product\/touchscreen-del-keypad\/"},"modified":"2025-08-05T19:45:42","modified_gmt":"2025-08-05T17:45:42","slug":"touchscreen-del-keypad","status":"publish","type":"product","link":"https:\/\/ajax-alarme.ch\/it\/product\/touchscreen-del-keypad\/","title":{"rendered":"Tastiera a codice tattile KeyPad TouchScreen, badge e bluetooth"},"content":{"rendered":"<div class=\"row\"  id=\"row-1624180476\">\n\n\t<div id=\"col-337074055\" class=\"col medium-6 small-12 large-6\"  >\n\t\t\t\t<div class=\"col-inner\"  >\n\t\t\t\n\t\t\t\n<div class=\"is-divider divider clearfix\" style=\"max-width:0px;height:41px;\"><\/div>\n<h2><strong>Tastiera wireless KeyPad TouchScreen.<\/strong><\/h2>\n<p>  Uno schermo ad alta risoluzione riunisce tutti i controlli necessari, garantendo un&#8217;immagine di alta qualit\u00e0 e di grande impatto visivo. Grazie alla regolazione automatica della luminosit\u00e0 e all&#8217;elegante materiale del vetro, il prodotto offre estetica e praticit\u00e0. Il KeyPad TouchScreen combina la sicurezza con una gestione intelligente e affidabile. Un&#8217;interfaccia intuitiva <strong>di tipo Ajax<\/strong> e diverse opzioni linguistiche ne fanno una soluzione di facile utilizzo. L&#8217;ampio schermo, il lettore di badge, la compatibilit\u00e0 Bluetooth e le opzioni di codice garantiscono un&#8217;esperienza sicura ed efficiente.<\/p>\n\t\t<\/div>\n\t\t\t\t\t<\/div>\n\n\t\n\n\t<div id=\"col-1899221405\" class=\"col medium-6 small-12 large-6\"  >\n\t\t\t\t<div class=\"col-inner\"  >\n\t\t\t\n\t\t\t\n\t<div class=\"img has-hover x md-x lg-x y md-y lg-y\" id=\"image_628242178\">\n\t\t\t\t\t\t\t\t<div class=\"img-inner dark\" >\n\t\t\t\t\t\t\t\t\t\n\t\t\t\t\t<\/div>\n\t\t\t\t\t\t\t\t\n<style>\n#image_628242178 {\n  width: 100%;\n}\n<\/style>\n\t<\/div>\n\t\n<div class=\"is-divider divider clearfix\" style=\"max-width:0px;height:41px;\"><\/div>\n\n  <div class=\"banner has-hover has-video\" id=\"banner-1998875802\">\n          <div class=\"banner-inner fill\">\n        <div class=\"banner-bg fill\" >\n                        \t<div class=\"video-overlay no-click fill visible\"><\/div>\n\t<video class=\"video-bg fill visible\" preload playsinline autoplay muted loop>\n\t\t<source src=\"https:\/\/ajax-alarme.ch\/wp-content\/uploads\/2023\/10\/kpt_screen_lg_0469d87f1f-2.mp4\" type=\"video\/mp4\">\t<\/video>\n                        \n                    <\/div>\n\t\t\n        <div class=\"banner-layers container\">\n            <div class=\"fill banner-link\"><\/div>            \n   <div id=\"text-box-1859159228\" class=\"text-box banner-layer x50 md-x50 lg-x50 y50 md-y50 lg-y50 res-text\">\n                                <div class=\"text-box-content text dark\">\n              \n              <div class=\"text-inner text-center\">\n                  \n<h3 class=\"uppercase\"><strong>NUOVO<\/strong><\/h3>\n<p>  Questa \u00e8 la copia dell&#8217;applicazione AJAX. Tutto \u00e8 facile da usare<\/p>\n              <\/div>\n           <\/div>\n                            \n<style>\n#text-box-1859159228 {\n  width: 60%;\n}\n#text-box-1859159228 .text-box-content {\n  font-size: 100%;\n}\n<\/style>\n    <\/div>\n \n        <\/div>\n      <\/div>\n\n            \n<style>\n#banner-1998875802 {\n  padding-top: 500px;\n}\n<\/style>\n  <\/div>\n\n\n\t\t<\/div>\n\t\t\t\t\t<\/div>\n\n\t\n<\/div>\n<div class=\"is-divider divider clearfix\" style=\"max-width:0px;height:41px;\"><\/div>\n<div class=\"row\"  id=\"row-239756093\">\n\n\t<div id=\"col-1480398416\" class=\"col medium-3 small-12 large-3\"  >\n\t\t\t\t<div class=\"col-inner\"  >\n\t\t\t\n\t\t\t\n<div class=\"is-divider divider clearfix\" style=\"max-width:0px;height:0px;\"><\/div>\n\t<div class=\"img has-hover x md-x lg-x y md-y lg-y\" id=\"image_1015138250\">\n\t\t\t\t\t\t\t\t<div class=\"img-inner dark\" >\n\t\t\t\t\t\t\t\t\t\n\t\t\t\t\t<\/div>\n\t\t\t\t\t\t\t\t\n<style>\n#image_1015138250 {\n  width: 100%;\n}\n<\/style>\n\t<\/div>\n\t\n\t<div class=\"img has-hover x md-x lg-x y md-y lg-y\" id=\"image_1899390422\">\n\t\t\t\t\t\t\t\t<div class=\"img-inner dark\" >\n\t\t\t<img loading=\"lazy\" decoding=\"async\" width=\"1020\" height=\"740\" src=\"https:\/\/ajax-alarme.ch\/wp-content\/uploads\/2023\/10\/ts2-1103x800.jpg\" class=\"attachment-large size-large\" alt=\"\" srcset=\"https:\/\/ajax-alarme.ch\/wp-content\/uploads\/2023\/10\/ts2-1103x800.jpg 1103w, https:\/\/ajax-alarme.ch\/wp-content\/uploads\/2023\/10\/ts2-510x370.jpg 510w, https:\/\/ajax-alarme.ch\/wp-content\/uploads\/2023\/10\/ts2-551x400.jpg 551w, https:\/\/ajax-alarme.ch\/wp-content\/uploads\/2023\/10\/ts2-768x557.jpg 768w, https:\/\/ajax-alarme.ch\/wp-content\/uploads\/2023\/10\/ts2-1536x1114.jpg 1536w, https:\/\/ajax-alarme.ch\/wp-content\/uploads\/2023\/10\/ts2.jpg 1609w\" sizes=\"auto, (max-width: 1020px) 100vw, 1020px\" \/>\t\t\t\t\t\t\n\t\t\t\t\t<\/div>\n\t\t\t\t\t\t\t\t\n<style>\n#image_1899390422 {\n  width: 100%;\n}\n<\/style>\n\t<\/div>\n\t\n\t<div class=\"img has-hover x md-x lg-x y md-y lg-y\" id=\"image_674024429\">\n\t\t\t\t\t\t\t\t<div class=\"img-inner dark\" >\n\t\t\t<img loading=\"lazy\" decoding=\"async\" width=\"1020\" height=\"740\" src=\"https:\/\/ajax-alarme.ch\/wp-content\/uploads\/2023\/10\/ts3-1103x800.jpg\" class=\"attachment-large size-large\" alt=\"\" srcset=\"https:\/\/ajax-alarme.ch\/wp-content\/uploads\/2023\/10\/ts3-1103x800.jpg 1103w, https:\/\/ajax-alarme.ch\/wp-content\/uploads\/2023\/10\/ts3-510x370.jpg 510w, https:\/\/ajax-alarme.ch\/wp-content\/uploads\/2023\/10\/ts3-551x400.jpg 551w, https:\/\/ajax-alarme.ch\/wp-content\/uploads\/2023\/10\/ts3-768x557.jpg 768w, https:\/\/ajax-alarme.ch\/wp-content\/uploads\/2023\/10\/ts3-1536x1114.jpg 1536w, https:\/\/ajax-alarme.ch\/wp-content\/uploads\/2023\/10\/ts3.jpg 1609w\" sizes=\"auto, (max-width: 1020px) 100vw, 1020px\" \/>\t\t\t\t\t\t\n\t\t\t\t\t<\/div>\n\t\t\t\t\t\t\t\t\n<style>\n#image_674024429 {\n  width: 100%;\n}\n<\/style>\n\t<\/div>\n\t\n\t<div class=\"img has-hover x md-x lg-x y md-y lg-y\" id=\"image_772618975\">\n\t\t\t\t\t\t\t\t<div class=\"img-inner dark\" >\n\t\t\t<img loading=\"lazy\" decoding=\"async\" width=\"1020\" height=\"740\" src=\"https:\/\/ajax-alarme.ch\/wp-content\/uploads\/2023\/10\/ts1-1103x800.jpg\" class=\"attachment-large size-large\" alt=\"\" srcset=\"https:\/\/ajax-alarme.ch\/wp-content\/uploads\/2023\/10\/ts1-1103x800.jpg 1103w, https:\/\/ajax-alarme.ch\/wp-content\/uploads\/2023\/10\/ts1-510x370.jpg 510w, https:\/\/ajax-alarme.ch\/wp-content\/uploads\/2023\/10\/ts1-551x400.jpg 551w, https:\/\/ajax-alarme.ch\/wp-content\/uploads\/2023\/10\/ts1-768x557.jpg 768w, https:\/\/ajax-alarme.ch\/wp-content\/uploads\/2023\/10\/ts1-1536x1114.jpg 1536w, https:\/\/ajax-alarme.ch\/wp-content\/uploads\/2023\/10\/ts1.jpg 1609w\" sizes=\"auto, (max-width: 1020px) 100vw, 1020px\" \/>\t\t\t\t\t\t\n\t\t\t\t\t<\/div>\n\t\t\t\t\t\t\t\t\n<style>\n#image_772618975 {\n  width: 100%;\n}\n<\/style>\n\t<\/div>\n\t\n\t<div class=\"img has-hover x md-x lg-x y md-y lg-y\" id=\"image_1769332971\">\n\t\t\t\t\t\t\t\t<div class=\"img-inner dark\" >\n\t\t\t\t\t\t\t\t\t\n\t\t\t\t\t<\/div>\n\t\t\t\t\t\t\t\t\n<style>\n#image_1769332971 {\n  width: 81%;\n}\n<\/style>\n\t<\/div>\n\t\n\t\t<\/div>\n\t\t\t\t\t<\/div>\n\n\t\n\n\t<div id=\"col-973439133\" class=\"col medium-9 small-12 large-9\"  >\n\t\t\t\t<div class=\"col-inner\"  >\n\t\t\t\n\t\t\t\n<div class=\"is-divider divider clearfix\" style=\"max-width:0px;height:33px;\"><\/div>\n<h3><strong>ACCESSO CON LO SMARTPHONE<\/strong><\/h3>\n<p>  Controlla la tastiera tramite uno smartphone utilizzando un&#8217;applicazione Ajax. Le autorizzazioni di accesso sono concesse solo alle persone approvate dall&#8217;amministratore.  <div class=\"is-divider divider clearfix\" style=\"max-width:0px;height:33px;\"><\/div>\n<h3><strong>ACCESSO CON IL BADGE<\/strong><\/h3>\n<p>  Quando qualcuno utilizza la carta Pass o il portachiavi Tag, questa azione viene registrata nella cronologia degli eventi delle applicazioni Ajax.  <div class=\"is-divider divider clearfix\" style=\"max-width:0px;height:33px;\"><\/div>\n<h3><strong>ACCESSO CON IL VOSTRO CODICE<\/strong><\/h3>\n<p class=\"fs-4 mb-32\">KeyPad TouchScreen supporta tipi di codice personali, ma \u00e8 anche possibile creare un codice per tastiera, un codice per utente o un codice per un utente in visita.<\/p>\n\t\t<\/div>\n\t\t\t\t\t<\/div>\n\n\t\n<\/div>\n<div class=\"is-divider divider clearfix\" style=\"max-width:0px;height:41px;\"><\/div>\n\t<div class=\"img has-hover x md-x lg-x y md-y lg-y\" id=\"image_710072704\">\n\t\t\t\t\t\t\t\t<div class=\"img-inner dark\" >\n\t\t\t<img loading=\"lazy\" decoding=\"async\" width=\"1020\" height=\"574\" src=\"https:\/\/ajax-alarme.ch\/wp-content\/uploads\/2023\/10\/TSIntegration-1400x788.jpg\" class=\"attachment-large size-large\" alt=\"\" srcset=\"https:\/\/ajax-alarme.ch\/wp-content\/uploads\/2023\/10\/TSIntegration-1400x788.jpg 1400w, https:\/\/ajax-alarme.ch\/wp-content\/uploads\/2023\/10\/TSIntegration-510x287.jpg 510w, https:\/\/ajax-alarme.ch\/wp-content\/uploads\/2023\/10\/TSIntegration-711x400.jpg 711w, https:\/\/ajax-alarme.ch\/wp-content\/uploads\/2023\/10\/TSIntegration-768x432.jpg 768w, https:\/\/ajax-alarme.ch\/wp-content\/uploads\/2023\/10\/TSIntegration-1536x864.jpg 1536w, https:\/\/ajax-alarme.ch\/wp-content\/uploads\/2023\/10\/TSIntegration.jpg 1600w\" sizes=\"auto, (max-width: 1020px) 100vw, 1020px\" \/>\t\t\t\t\t\t\n\t\t\t\t\t<\/div>\n\t\t\t\t\t\t\t\t\n<style>\n#image_710072704 {\n  width: 100%;\n}\n<\/style>\n\t<\/div>\n\t\n<div class=\"is-divider divider clearfix\" style=\"max-width:0px;height:41px;\"><\/div>\n<div class=\"row\"  id=\"row-1518983322\">\n\n\t<div id=\"col-820273983\" class=\"col medium-6 small-12 large-6\"  >\n\t\t\t\t<div class=\"col-inner\"  >\n\t\t\t\n\t\t\t\n<h2>Specifiche tecniche<\/h2>\n<p>  Compatibilit\u00e0: Solo HUB2, HUB2+ Tipo: Senza fili, touch Ampio display LED: S\u00ec Codice di costrizione : S\u00ec Lettore di badge: S\u00ec Lettore BlueTooth: S\u00ec Protezione contro troppi tentativi di password: S\u00ec Indicazione visiva dello stato del sistema di allarme: S\u00ec Alimentazione: 4 x AA o 12VDCC (non forniti) Temperatura supportata: da -10\u00b0C a +40\u00b0C Dimensioni: 172 x 82 x 26mm Peso: 327 g  <span style=\"font-size: 75%;\">Per gli aggiornamenti \u00e8 necessario un alimentatore da 12 Vcc, ma non viene fornito con la tastiera.<\/span><\/p>\n<div id=\"short_description_block\">\n<div id=\"short_description_content\" class=\"rte align_justify\"><\/div>\n<\/div>\n\t\t<\/div>\n\t\t\t\t\t<\/div>\n\n\t\n\n\t<div id=\"col-1656131123\" class=\"col medium-6 small-12 large-6\"  >\n\t\t\t\t<div class=\"col-inner\"  >\n\t\t\t\n\t\t\t\n<div class=\"is-divider divider clearfix\" style=\"max-width:0px;height:0px;\"><\/div>\n\n  <div class=\"banner has-hover has-video\" id=\"banner-200106328\">\n          <div class=\"banner-inner fill\">\n        <div class=\"banner-bg fill\" >\n                        \t<div class=\"video-overlay no-click fill visible\"><\/div>\n\t<video class=\"video-bg fill visible\" preload playsinline autoplay muted loop>\n\t\t<source src=\"https:\/\/ajax-alarme.ch\/wp-content\/uploads\/2023\/10\/jeweller_radio_communication_3f0e4788a0.mp4\" type=\"video\/mp4\">\t<\/video>\n                        \n                    <\/div>\n\t\t\n        <div class=\"banner-layers container\">\n            <div class=\"fill banner-link\"><\/div>            \n        <\/div>\n      <\/div>\n\n            \n<style>\n#banner-200106328 {\n  padding-top: 56.25%;\n}\n<\/style>\n  <\/div>\n\n\n\t\t<\/div>\n\t\t\t\t\t<\/div>\n\n\t\n<\/div>\n<div class=\"video video-fit mb\" style=\"padding-top:56.25%;\"><p><iframe loading=\"lazy\" title=\"KeyPad TouchScreen : le panneau de commande ultime pour la s\u00e9curit\u00e9 et l&#039;automatisation\" width=\"1020\" height=\"574\" src=\"https:\/\/www.youtube.com\/embed\/jC-x3XFNmEY?feature=oembed\" frameborder=\"0\" allow=\"accelerometer; autoplay; clipboard-write; encrypted-media; gyroscope; picture-in-picture; web-share\" allowfullscreen><\/iframe><\/p>\n<\/div>\n","protected":false},"excerpt":{"rendered":"<p id=\"product_manufacturer\">Questa tastiera si basa sull&#8217;aspetto dell&#8217;applicazione mobile AJAX. Tastiera wireless con touch screen per il controllo di un sistema Ajax.<\/p>\n","protected":false},"featured_media":3082,"comment_status":"closed","ping_status":"closed","template":"","meta":[],"product_brand":[],"product_cat":[131],"product_tag":[],"class_list":{"0":"post-3700","1":"product","2":"type-product","3":"status-publish","4":"has-post-thumbnail","6":"product_cat-tastiere-e-telecomandi","8":"first","9":"instock","10":"sale","11":"shipping-taxable","12":"purchasable","13":"product-type-variable"},"_links":{"self":[{"href":"https:\/\/ajax-alarme.ch\/it\/wp-json\/wp\/v2\/product\/3700","targetHints":{"allow":["GET"]}}],"collection":[{"href":"https:\/\/ajax-alarme.ch\/it\/wp-json\/wp\/v2\/product"}],"about":[{"href":"https:\/\/ajax-alarme.ch\/it\/wp-json\/wp\/v2\/types\/product"}],"replies":[{"embeddable":true,"href":"https:\/\/ajax-alarme.ch\/it\/wp-json\/wp\/v2\/comments?post=3700"}],"wp:featuredmedia":[{"embeddable":true,"href":"https:\/\/ajax-alarme.ch\/it\/wp-json\/wp\/v2\/media\/3082"}],"wp:attachment":[{"href":"https:\/\/ajax-alarme.ch\/it\/wp-json\/wp\/v2\/media?parent=3700"}],"wp:term":[{"taxonomy":"product_brand","embeddable":true,"href":"https:\/\/ajax-alarme.ch\/it\/wp-json\/wp\/v2\/product_brand?post=3700"},{"taxonomy":"product_cat","embeddable":true,"href":"https:\/\/ajax-alarme.ch\/it\/wp-json\/wp\/v2\/product_cat?post=3700"},{"taxonomy":"product_tag","embeddable":true,"href":"https:\/\/ajax-alarme.ch\/it\/wp-json\/wp\/v2\/product_tag?post=3700"}],"curies":[{"name":"wp","href":"https:\/\/api.w.org\/{rel}","templated":true}]}}