{"id":3663,"date":"2023-08-02T16:40:28","date_gmt":"2023-08-02T14:40:28","guid":{"rendered":"https:\/\/ajax-alarme.ch\/product\/fireprotect-2-rb-plus-rivelatore-di-fumo-e-temperatura-con-sensore-di-co\/"},"modified":"2025-08-05T19:45:46","modified_gmt":"2025-08-05T17:45:46","slug":"fireprotect-2-rb-plus-rivelatore-di-fumo-e-temperatura-con-sensore-di-co","status":"publish","type":"product","link":"https:\/\/ajax-alarme.ch\/it\/product\/fireprotect-2-rb-plus-rivelatore-di-fumo-e-temperatura-con-sensore-di-co\/","title":{"rendered":"FireProtect 2 RB Plus &#8211; Rivelatore di fumo e temperatura con sensore di CO"},"content":{"rendered":"<div class=\"row\"  id=\"row-413942401\">\n\n\t<div id=\"col-570229425\" class=\"col medium-6 small-12 large-6\"  >\n\t\t\t\t<div class=\"col-inner\"  >\n\t\t\t\n\t\t\t\n<div class=\"is-divider divider clearfix\" style=\"max-width:0px;\"><\/div>\n<h2><strong>Rivelatore di fumo e calore senza fili FireProtect 2 PLUS<\/strong><\/h2>\n<p>  Rilevatore antincendio wireless con sensore di temperatura e monossido di carbonio che monitora la sicurezza della stanza 24 ore su 24 e fornisce un avviso immediato di livelli pericolosi di CO, fumo e grandi sbalzi di temperatura. Le batterie di questo rilevatore sono sostituibili. 1. Il dispositivo registra il fumo, le forti variazioni di temperatura e i pericolosi livelli di CO 2. Pu\u00f2 funzionare indipendentemente dall&#8217;hub Ajax e segnala il pericolo tramite una sirena integrata. 3. L&#8217;apparecchio controlla autonomamente la camera di affumicatura e avvisa immediatamente quando \u00e8 necessario pulirla.<\/p>\n\t\t<\/div>\n\t\t\t\t\t<\/div>\n\n\t\n\n\t<div id=\"col-1928048485\" class=\"col medium-6 small-12 large-6\"  >\n\t\t\t\t<div class=\"col-inner\"  >\n\t\t\t\n\t\t\t\n\t<div class=\"img has-hover x md-x lg-x y md-y lg-y\" id=\"image_1719091913\">\n\t\t\t\t\t\t\t\t<div class=\"img-inner dark\" >\n\t\t\t<img loading=\"lazy\" decoding=\"async\" width=\"1020\" height=\"574\" src=\"https:\/\/ajax-alarme.ch\/wp-content\/uploads\/2023\/08\/FireProtect2.jpg\" class=\"attachment-large size-large\" alt=\"\" srcset=\"https:\/\/ajax-alarme.ch\/wp-content\/uploads\/2023\/08\/FireProtect2.jpg 1070w, https:\/\/ajax-alarme.ch\/wp-content\/uploads\/2023\/08\/FireProtect2-510x287.jpg 510w, https:\/\/ajax-alarme.ch\/wp-content\/uploads\/2023\/08\/FireProtect2-711x400.jpg 711w, https:\/\/ajax-alarme.ch\/wp-content\/uploads\/2023\/08\/FireProtect2-768x432.jpg 768w\" sizes=\"auto, (max-width: 1020px) 100vw, 1020px\" \/>\t\t\t\t\t\t\n\t\t\t\t\t<\/div>\n\t\t\t\t\t\t\t\t\n<style>\n#image_1719091913 {\n  width: 100%;\n}\n<\/style>\n\t<\/div>\n\t\n\t\t<\/div>\n\t\t\t\t\t<\/div>\n\n\t\n<\/div>\n<div class=\"is-divider divider clearfix\" style=\"max-width:0px;\"><\/div>\n<div class=\"row\"  id=\"row-174313926\">\n\n\t<div id=\"col-1896791652\" class=\"col medium-6 small-12 large-6\"  >\n\t\t\t\t<div class=\"col-inner\"  >\n\t\t\t\n\t\t\t\n\t<div class=\"img has-hover x md-x lg-x y md-y lg-y\" id=\"image_425288786\">\n\t\t\t\t\t\t\t\t<div class=\"img-inner dark\" >\n\t\t\t<img loading=\"lazy\" decoding=\"async\" width=\"1020\" height=\"535\" src=\"https:\/\/ajax-alarme.ch\/wp-content\/uploads\/2023\/08\/FireProtect-2-6-EN-768x403-1.jpg\" class=\"attachment-large size-large\" alt=\"\" srcset=\"https:\/\/ajax-alarme.ch\/wp-content\/uploads\/2023\/08\/FireProtect-2-6-EN-768x403-1.jpg 1067w, https:\/\/ajax-alarme.ch\/wp-content\/uploads\/2023\/08\/FireProtect-2-6-EN-768x403-1-510x268.jpg 510w, https:\/\/ajax-alarme.ch\/wp-content\/uploads\/2023\/08\/FireProtect-2-6-EN-768x403-1-762x400.jpg 762w, https:\/\/ajax-alarme.ch\/wp-content\/uploads\/2023\/08\/FireProtect-2-6-EN-768x403-1-768x403.jpg 768w\" sizes=\"auto, (max-width: 1020px) 100vw, 1020px\" \/>\t\t\t\t\t\t\n\t\t\t\t\t<\/div>\n\t\t\t\t\t\t\t\t\n<style>\n#image_425288786 {\n  width: 100%;\n}\n<\/style>\n\t<\/div>\n\t\n\t\t<\/div>\n\t\t\t\t\t<\/div>\n\n\t\n\n\t<div id=\"col-717926245\" class=\"col medium-6 small-12 large-6\"  >\n\t\t\t\t<div class=\"col-inner\"  >\n\t\t\t\n\t\t\t\n<div class=\"is-divider divider clearfix\" style=\"max-width:0px;\"><\/div>\n<h2><strong>Proteggete le vostre vite!<\/strong><\/h2>\n<p>  Questo rilevatore \u00e8 dotato di una sirena integrata da 85 dB combinata con una spia luminosa al centro, che avvisa immediatamente gli occupanti presenti. La sirena si spegne toccando il logo del dispositivo o tramite l&#8217;applicazione mobile, collegata al sistema sicuro Ajax.<\/p>\n\t\t<\/div>\n\t\t\t\t\t<\/div>\n\n\t\n<\/div>\n<div class=\"is-divider divider clearfix\" style=\"max-width:0px;\"><\/div>\n<div class=\"row\"  id=\"row-748336834\">\n\n\t<div id=\"col-109890402\" class=\"col medium-6 small-12 large-6\"  >\n\t\t\t\t<div class=\"col-inner\"  >\n\t\t\t\n\t\t\t\n<h2>Specifiche tecniche<\/h2>\n<p>  Compatibilit\u00e0: tutte le centrali di allarme, rel\u00e8 radio, ocBridge, uartBridge Elemento sensore: sensori fotoelettrici \/ di temperatura \/ di monossido di carbonio Soglia di attivazione della temperatura: 64\u00b0C Volume della sirena integrata: 85 dB Alimentazione: 2 x CR2 Temperatura : 0\u00b0C a 65\u00b0C Dimensioni: 132 x 132 x 31 mm Certificazione: EN 14604 Peso: 220 g Segnale d&#8217;allarme se la dose cumulativa di CO supera i 50 ppm (0,005%) &#8211; non pi\u00f9 di 90 minuti pi\u00f9 di 100 ppm (0,01%) &#8211; non pi\u00f9 di 40 minuti pi\u00f9 di 300 ppm (0,03%) &#8211; non pi\u00f9 di 3 minuti  <\/p>\n<div id=\"short_description_block\">\n<div id=\"short_description_content\" class=\"rte align_justify\"><\/div>\n<\/div>\n\t\t<\/div>\n\t\t\t\t\t<\/div>\n\n\t\n\n\t<div id=\"col-4202904\" class=\"col medium-6 small-12 large-6\"  >\n\t\t\t\t<div class=\"col-inner\"  >\n\t\t\t\n\t\t\t\n\t<div class=\"img has-hover x md-x lg-x y md-y lg-y\" id=\"image_889496568\">\n\t\t\t\t\t\t\t\t<div class=\"img-inner dark\" >\n\t\t\t<img loading=\"lazy\" decoding=\"async\" width=\"367\" height=\"474\" src=\"https:\/\/ajax-alarme.ch\/wp-content\/uploads\/2023\/08\/caracfireprotectplus.jpg\" class=\"attachment-large size-large\" alt=\"\" srcset=\"https:\/\/ajax-alarme.ch\/wp-content\/uploads\/2023\/08\/caracfireprotectplus.jpg 367w, https:\/\/ajax-alarme.ch\/wp-content\/uploads\/2023\/08\/caracfireprotectplus-310x400.jpg 310w\" sizes=\"auto, (max-width: 367px) 100vw, 367px\" \/>\t\t\t\t\t\t\n\t\t\t\t\t<\/div>\n\t\t\t\t\t\t\t\t\n<style>\n#image_889496568 {\n  width: 87%;\n}\n<\/style>\n\t<\/div>\n\t\n\t\t<\/div>\n\t\t\t\t\t<\/div>\n\n\t\n<\/div>\n<div class=\"is-divider divider clearfix\" style=\"max-width:0px;\"><\/div>\n","protected":false},"excerpt":{"rendered":"<p id=\"product_manufacturer\">Questo rilevatore \u00e8 un rilevatore di fumo, un rilevatore di temperatura e un rilevatore di monossido di carbonio, tutto in uno. Il dispositivo pu\u00f2 essere utilizzato indipendentemente dal sistema di allarme e pu\u00f2 attivare un allarme antincendio tramite una sirena integrata. Le batterie di questo rilevatore sono sostituibili.<\/p>\n","protected":false},"featured_media":5216,"comment_status":"closed","ping_status":"closed","template":"","meta":[],"product_brand":[],"product_cat":[151],"product_tag":[],"class_list":{"0":"post-3663","1":"product","2":"type-product","3":"status-publish","4":"has-post-thumbnail","6":"product_cat-rischi-domestici","8":"first","9":"instock","10":"sale","11":"shipping-taxable","12":"purchasable","13":"product-type-variable"},"_links":{"self":[{"href":"https:\/\/ajax-alarme.ch\/it\/wp-json\/wp\/v2\/product\/3663","targetHints":{"allow":["GET"]}}],"collection":[{"href":"https:\/\/ajax-alarme.ch\/it\/wp-json\/wp\/v2\/product"}],"about":[{"href":"https:\/\/ajax-alarme.ch\/it\/wp-json\/wp\/v2\/types\/product"}],"replies":[{"embeddable":true,"href":"https:\/\/ajax-alarme.ch\/it\/wp-json\/wp\/v2\/comments?post=3663"}],"wp:featuredmedia":[{"embeddable":true,"href":"https:\/\/ajax-alarme.ch\/it\/wp-json\/wp\/v2\/media\/5216"}],"wp:attachment":[{"href":"https:\/\/ajax-alarme.ch\/it\/wp-json\/wp\/v2\/media?parent=3663"}],"wp:term":[{"taxonomy":"product_brand","embeddable":true,"href":"https:\/\/ajax-alarme.ch\/it\/wp-json\/wp\/v2\/product_brand?post=3663"},{"taxonomy":"product_cat","embeddable":true,"href":"https:\/\/ajax-alarme.ch\/it\/wp-json\/wp\/v2\/product_cat?post=3663"},{"taxonomy":"product_tag","embeddable":true,"href":"https:\/\/ajax-alarme.ch\/it\/wp-json\/wp\/v2\/product_tag?post=3663"}],"curies":[{"name":"wp","href":"https:\/\/api.w.org\/{rel}","templated":true}]}}