{"id":3621,"date":"2023-06-06T11:47:10","date_gmt":"2023-06-06T09:47:10","guid":{"rendered":"https:\/\/ajax-alarme.ch\/product\/lifequality-sensore-di-temperatura-umidita-co2\/"},"modified":"2025-08-05T19:45:54","modified_gmt":"2025-08-05T17:45:54","slug":"lifequality-sensore-di-temperatura-umidita-co2","status":"publish","type":"product","link":"https:\/\/ajax-alarme.ch\/it\/product\/lifequality-sensore-di-temperatura-umidita-co2\/","title":{"rendered":"LifeQuality &#8211; Sensore di temperatura + umidit\u00e0 + Co2"},"content":{"rendered":"<div class=\"row\"  id=\"row-1653538652\">\n\n\t<div id=\"col-381840624\" class=\"col medium-6 small-12 large-6\"  >\n\t\t\t\t<div class=\"col-inner\"  >\n\t\t\t\n\t\t\t\n<div class=\"is-divider divider clearfix\" style=\"max-width:0px;\"><\/div>\n<h2><strong>Surveillez la qualit\u00e9 de l&#8217;air int\u00e9rieure<\/strong><\/h2>\n<p>Une mauvaise qualit\u00e9 de l&#8217;air nuit \u00e0 la sant\u00e9 et r\u00e9duit la productivit\u00e9. Il a \u00e9t\u00e9 d\u00e9montr\u00e9 que des niveaux de dioxyde de carbone (CO<sub>2<\/sub>) trop importants pouvaient provoquer une apathie, une fatigue et avoir des effets n\u00e9fastes sur la prise de d\u00e9cision.<\/p>\n<p>LifeQuality est un moniteur de qualit\u00e9 de l&#8217;air intelligent dot\u00e9 de capteurs de temp\u00e9rature, d&#8217;humidit\u00e9 et de CO<sub>2<\/sub> qui vous permet d&#8217;\u00e9valuer la dynamique de la qualit\u00e9 de l&#8217;air dans votre maison, votre bureau, votre lieu de travail ou toute autre pi\u00e8ce. Les utilisateurs b\u00e9n\u00e9ficient d&#8217;une pr\u00e9cision de mesure de qualit\u00e9 m\u00e9dicale, d&#8217;informations compl\u00e8tes dans l&#8217;application et de sc\u00e9narios d&#8217;automatisation. Un syst\u00e8me de s\u00e9curit\u00e9 Ajax dot\u00e9 d&#8217;un appareil LifeQuality et de dispositifs d&#8217;automatisation sera capable d&#8217;activer un ventilateur ou humidificateur si les indicateurs de qualit\u00e9 de l&#8217;air ne sont pas confortables.<\/p>\n\t<div class=\"img has-hover x md-x lg-x y md-y lg-y\" id=\"image_1648001958\">\n\t\t\t\t\t\t\t\t<div class=\"img-inner dark\" >\n\t\t\t<img loading=\"lazy\" decoding=\"async\" width=\"702\" height=\"390\" src=\"https:\/\/ajax-alarme.ch\/wp-content\/uploads\/2023\/06\/capteurs.jpg\" class=\"attachment-large size-large\" alt=\"\" srcset=\"https:\/\/ajax-alarme.ch\/wp-content\/uploads\/2023\/06\/capteurs.jpg 702w, https:\/\/ajax-alarme.ch\/wp-content\/uploads\/2023\/06\/capteurs-510x283.jpg 510w\" sizes=\"auto, (max-width: 702px) 100vw, 702px\" \/>\t\t\t\t\t\t\n\t\t\t\t\t<\/div>\n\t\t\t\t\t\t\t\t\n<style>\n#image_1648001958 {\n  width: 100%;\n}\n<\/style>\n\t<\/div>\n\t\n\t\t<\/div>\n\t\t\t\t\t<\/div>\n\n\t\n\n\t<div id=\"col-16347440\" class=\"col medium-6 small-12 large-6\"  >\n\t\t\t\t<div class=\"col-inner\"  >\n\t\t\t\n\t\t\t\n\t<div class=\"img has-hover x md-x lg-x y md-y lg-y\" id=\"image_1167653185\">\n\t\t\t\t\t\t\t\t<div class=\"img-inner dark\" style=\"margin:50px 0px 0px 50px;\">\n\t\t\t<img loading=\"lazy\" decoding=\"async\" width=\"440\" height=\"800\" src=\"https:\/\/ajax-alarme.ch\/wp-content\/uploads\/2023\/06\/LifeQuality-440x800.jpg\" class=\"attachment-large size-large\" alt=\"\" srcset=\"https:\/\/ajax-alarme.ch\/wp-content\/uploads\/2023\/06\/LifeQuality-440x800.jpg 440w, https:\/\/ajax-alarme.ch\/wp-content\/uploads\/2023\/06\/LifeQuality-510x927.jpg 510w, https:\/\/ajax-alarme.ch\/wp-content\/uploads\/2023\/06\/LifeQuality-220x400.jpg 220w, https:\/\/ajax-alarme.ch\/wp-content\/uploads\/2023\/06\/LifeQuality.jpg 716w\" sizes=\"auto, (max-width: 440px) 100vw, 440px\" \/>\t\t\t\t\t\t\n\t\t\t\t\t<\/div>\n\t\t\t\t\t\t\t\t\n<style>\n#image_1167653185 {\n  width: 89%;\n}\n<\/style>\n\t<\/div>\n\t\n\t\t<\/div>\n\t\t\t\t\t<\/div>\n\n\t\n<\/div>\n<div class=\"is-divider divider clearfix\" style=\"max-width:0px;\"><\/div>\n<div class=\"row\"  id=\"row-907512407\">\n\n\t<div id=\"col-2091209977\" class=\"col medium-6 small-12 large-6\"  >\n\t\t\t\t<div class=\"col-inner\"  >\n\t\t\t\n\t\t\t\n\t<div class=\"img has-hover x md-x lg-x y md-y lg-y\" id=\"image_180062065\">\n\t\t\t\t\t\t\t\t<div class=\"img-inner dark\" >\n\t\t\t\t\t\t\t\t\t\n\t\t\t\t\t<\/div>\n\t\t\t\t\t\t\t\t\n<style>\n#image_180062065 {\n  width: 100%;\n}\n<\/style>\n\t<\/div>\n\t\n\t<div class=\"img has-hover x md-x lg-x y md-y lg-y\" id=\"image_289851267\">\n\t\t\t\t\t\t\t\t<div class=\"img-inner dark\" >\n\t\t\t<img loading=\"lazy\" decoding=\"async\" width=\"1112\" height=\"1112\" src=\"https:\/\/ajax-alarme.ch\/wp-content\/uploads\/2023\/06\/ledquality.jpg\" class=\"attachment-original size-original\" alt=\"\" srcset=\"https:\/\/ajax-alarme.ch\/wp-content\/uploads\/2023\/06\/ledquality.jpg 1112w, https:\/\/ajax-alarme.ch\/wp-content\/uploads\/2023\/06\/ledquality-247x247.jpg 247w, https:\/\/ajax-alarme.ch\/wp-content\/uploads\/2023\/06\/ledquality-100x100.jpg 100w, https:\/\/ajax-alarme.ch\/wp-content\/uploads\/2023\/06\/ledquality-510x510.jpg 510w, https:\/\/ajax-alarme.ch\/wp-content\/uploads\/2023\/06\/ledquality-400x400.jpg 400w, https:\/\/ajax-alarme.ch\/wp-content\/uploads\/2023\/06\/ledquality-800x800.jpg 800w, https:\/\/ajax-alarme.ch\/wp-content\/uploads\/2023\/06\/ledquality-280x280.jpg 280w, https:\/\/ajax-alarme.ch\/wp-content\/uploads\/2023\/06\/ledquality-768x768.jpg 768w, https:\/\/ajax-alarme.ch\/wp-content\/uploads\/2023\/06\/ledquality-50x50.jpg 50w\" sizes=\"auto, (max-width: 1112px) 100vw, 1112px\" \/>\t\t\t\t\t\t\n\t\t\t\t\t<\/div>\n\t\t\t\t\t\t\t\t\n<style>\n#image_289851267 {\n  width: 100%;\n}\n<\/style>\n\t<\/div>\n\t\n\t<div class=\"img has-hover x md-x lg-x y md-y lg-y\" id=\"image_552590906\">\n\t\t\t\t\t\t\t\t<div class=\"img-inner dark\" style=\"margin:0px 0px 0px 0px;\">\n\t\t\t\t\t\t\t\t\t\n\t\t\t\t\t<\/div>\n\t\t\t\t\t\t\t\t\n<style>\n#image_552590906 {\n  width: 84%;\n}\n<\/style>\n\t<\/div>\n\t\n\t\t<\/div>\n\t\t\t\t\t<\/div>\n\n\t\n\n\t<div id=\"col-522031011\" class=\"col medium-6 small-12 large-6\"  >\n\t\t\t\t<div class=\"col-inner\"  >\n\t\t\t\n\t\t\t\n<div class=\"is-divider divider clearfix\" style=\"max-width:0px;\"><\/div>\n<h2><strong>Indicatore LED multicolore<\/strong><\/h2>\n<p>  Non c&#8217;\u00e8 bisogno di aprire applicazioni Ajax per determinare lo stato della qualit\u00e0 dell&#8217;aria in una stanza. Il LED si illumina di verde, giallo, rosso o viola a seconda del livello di<sub>CO2<\/sub>. \u00c8 sufficiente toccare una volta il logo sul rilevatore. Il sensore Sunrise di Senseair \u00e8 un sensore ottico NDIR progettato da sviluppatori svedesi. Questa tecnologia misura direttamente il livello di anidride carbonica nell&#8217;aria, senza utilizzare modelli matematici. Con un consumo medio di 45 \u03bcA, il sensore \u00e8 efficiente dal punto di vista energetico e garantisce un minimo di 15 anni di misurazioni con una precisione di \u00b1(30 + 3%) ppm.<\/p>\n\t\t<\/div>\n\t\t\t\t\t<\/div>\n\n\t\n<\/div>\n<div class=\"is-divider divider clearfix\" style=\"max-width:0px;\"><\/div>\n<div class=\"row\"  id=\"row-504211656\">\n\n\t<div id=\"col-1388113683\" class=\"col medium-6 small-12 large-6\"  >\n\t\t\t\t<div class=\"col-inner\"  >\n\t\t\t\n\t\t\t\n<h2>Specifiche tecniche<\/h2>\n<p>  Compatibilit\u00e0: HUB2+, HUB2, REX, REX2 Sensori: Temperatura, Umidit\u00e0, Anidride Carbonica CO<br \/>\n<g id=\"gid_0\">2 <\/g>Sensibilit\u00e0 del sensore di temperatura: \u00b10,2\u00b0C (da 0\u00b0C a +50\u00b0C) Sensibilit\u00e0 del sensore di umidit\u00e0: \u00b11,8% (0-100%) Sensibilit\u00e0 del sensore di CO<br \/>\n<g id=\"gid_1\">2<\/g> Sensibilit\u00e0 del sensore: \u00b130 ppm o \u00b13% (400-5000ppm) Indicazione LED verde: aria normale Indicazione LED giallo: aria leggermente inquinata Indicazione LED rosso: aria inquinata Indicazione LED viola: aria molto inquinata Alimentazione: 2 x CR123A Dimensioni: 77 \u00d7 77 \u00d7 34,5 mm Peso: 127 g  <\/p>\n<div id=\"short_description_block\">\n<div id=\"short_description_content\" class=\"rte align_justify\"><\/div>\n<\/div>\n\t\t<\/div>\n\t\t\t\t\t<\/div>\n\n\t\n\n\t<div id=\"col-736856047\" class=\"col medium-6 small-12 large-6\"  >\n\t\t\t\t<div class=\"col-inner\"  >\n\t\t\t\n\t\t\t\n\t<div class=\"img has-hover x md-x lg-x y md-y lg-y\" id=\"image_1192101448\">\n\t\t\t\t\t\t\t\t<div class=\"img-inner dark\" >\n\t\t\t<img loading=\"lazy\" decoding=\"async\" width=\"750\" height=\"467\" src=\"https:\/\/ajax-alarme.ch\/wp-content\/uploads\/2023\/06\/qualitylevel.jpg\" class=\"attachment-large size-large\" alt=\"\" srcset=\"https:\/\/ajax-alarme.ch\/wp-content\/uploads\/2023\/06\/qualitylevel.jpg 750w, https:\/\/ajax-alarme.ch\/wp-content\/uploads\/2023\/06\/qualitylevel-510x318.jpg 510w, https:\/\/ajax-alarme.ch\/wp-content\/uploads\/2023\/06\/qualitylevel-642x400.jpg 642w\" sizes=\"auto, (max-width: 750px) 100vw, 750px\" \/>\t\t\t\t\t\t\n\t\t\t\t\t<\/div>\n\t\t\t\t\t\t\t\t\n<style>\n#image_1192101448 {\n  width: 100%;\n}\n<\/style>\n\t<\/div>\n\t\n\t\t<\/div>\n\t\t\t\t\t<\/div>\n\n\t\n<\/div>\n<p>Ajax LifeQuality \u00e8 un monitor wireless intelligente della qualit\u00e0 dell&#8217;aria e un sensore di CO2 con sensori di umidit\u00e0 e temperatura integrati che pu\u00f2 essere utilizzato per valutare le dinamiche della qualit\u00e0 dell&#8217;aria in casa, in ufficio, sul posto di lavoro o in qualsiasi altro spazio. Gli utenti beneficiano di una precisione di misura di livello medico, di informazioni complete sull&#8217;applicazione e di scenari di automazione. Il sensore svizzero SHT40 di Sensirion garantisce l&#8217;accuratezza delle letture di temperatura e umidit\u00e0 di LifeQuality. Il rilevatore svedese Sunrise di Senseair misura la concentrazione di CO2. Questi affidabili rilevatori sono utilizzati anche nelle apparecchiature mediche. Il sensore combinato di umidit\u00e0 e temperatura \u00e8 installato in un&#8217;area isolata della scheda in modo che le letture del sensore non siano influenzate dal riscaldamento di altre parti dell&#8217;unit\u00e0. Per misurare la CO2 si utilizza un rilevatore NDIR invece dei sensori VOC, che calcolano matematicamente la concentrazione di carbonio. LifeQuality non fornisce letture errate che possono essere causate da vapori di sostanze, aerosol o profumi.  <div class=\"is-divider divider clearfix\" style=\"max-width:0px;\"><\/div>\n","protected":false},"excerpt":{"rendered":"<p id=\"product_manufacturer\">Life Quality Sensor \u00e8 un rilevatore intelligente della qualit\u00e0 dell&#8217;aria con sensori di temperatura, umidit\u00e0 e<sub>CO2<\/sub> che consente di valutare le dinamiche della qualit\u00e0 dell&#8217;aria in casa, in ufficio, sul posto di lavoro o in qualsiasi altra stanza.<\/p>\n","protected":false},"featured_media":5220,"comment_status":"closed","ping_status":"closed","template":"","meta":[],"product_brand":[],"product_cat":[151],"product_tag":[],"class_list":{"0":"post-3621","1":"product","2":"type-product","3":"status-publish","4":"has-post-thumbnail","6":"product_cat-rischi-domestici","8":"first","9":"instock","10":"sale","11":"shipping-taxable","12":"purchasable","13":"product-type-variable"},"_links":{"self":[{"href":"https:\/\/ajax-alarme.ch\/it\/wp-json\/wp\/v2\/product\/3621","targetHints":{"allow":["GET"]}}],"collection":[{"href":"https:\/\/ajax-alarme.ch\/it\/wp-json\/wp\/v2\/product"}],"about":[{"href":"https:\/\/ajax-alarme.ch\/it\/wp-json\/wp\/v2\/types\/product"}],"replies":[{"embeddable":true,"href":"https:\/\/ajax-alarme.ch\/it\/wp-json\/wp\/v2\/comments?post=3621"}],"wp:featuredmedia":[{"embeddable":true,"href":"https:\/\/ajax-alarme.ch\/it\/wp-json\/wp\/v2\/media\/5220"}],"wp:attachment":[{"href":"https:\/\/ajax-alarme.ch\/it\/wp-json\/wp\/v2\/media?parent=3621"}],"wp:term":[{"taxonomy":"product_brand","embeddable":true,"href":"https:\/\/ajax-alarme.ch\/it\/wp-json\/wp\/v2\/product_brand?post=3621"},{"taxonomy":"product_cat","embeddable":true,"href":"https:\/\/ajax-alarme.ch\/it\/wp-json\/wp\/v2\/product_cat?post=3621"},{"taxonomy":"product_tag","embeddable":true,"href":"https:\/\/ajax-alarme.ch\/it\/wp-json\/wp\/v2\/product_tag?post=3621"}],"curies":[{"name":"wp","href":"https:\/\/api.w.org\/{rel}","templated":true}]}}