{"id":3611,"date":"2023-08-13T08:26:33","date_gmt":"2023-08-13T06:26:33","guid":{"rendered":"https:\/\/ajax-alarme.ch\/product\/scheda-sim-ajax-data-abbonamento-di-12-mesi-rinnovabile\/"},"modified":"2024-09-17T12:29:54","modified_gmt":"2024-09-17T10:29:54","slug":"scheda-sim-ajax-data-abbonamento-di-12-mesi-rinnovabile","status":"publish","type":"product","link":"https:\/\/ajax-alarme.ch\/it\/product\/scheda-sim-ajax-data-abbonamento-di-12-mesi-rinnovabile\/","title":{"rendered":"Scheda SIM Ajax Data. Abbonamento di 12 mesi. Rinnovabile."},"content":{"rendered":"<p>Abbonamento alla carta SIM prepagata per l&#8217;AJAX HUB opzionale. La carta SIM include un abbonamento dati di 20 MB al mese. Questo \u00e8 pi\u00f9 che sufficiente per il normale utilizzo del sistema di allarme AJAX. L&#8217;abbonamento inizia al momento dell&#8217;ordine della carta SIM e termina 12 mesi dopo l&#8217;attivazione. Pu\u00f2 essere rabboccato per altri 12 mesi. Si collega ai seguenti operatori: Swisscom, Salt, Sunrise. Valido solo in Svizzera. L&#8217;operatore migliore verr\u00e0 selezionato automaticamente. Richiede una configurazione nell&#8217;HUB.  <em>Nessuna responsabilit\u00e0: acquistando questa carta SIM, il Cliente accetta che VisioTech SA non abbia alcuna responsabilit\u00e0 per eventuali problemi di funzionamento della carta SIM dovuti a fattori al di fuori del nostro controllo. Gli utenti sono consapevoli che potrebbero verificarsi interruzioni temporanee dovute a circostanze al di fuori del nostro controllo.<\/em><\/p>\n\t<div class=\"img has-hover x md-x lg-x y md-y lg-y\" id=\"image_1121445457\">\n\t\t\t\t\t\t\t\t<div class=\"img-inner dark\" >\n\t\t\t<img loading=\"lazy\" decoding=\"async\" width=\"1020\" height=\"340\" src=\"https:\/\/ajax-alarme.ch\/wp-content\/uploads\/2023\/08\/operateurCH.jpg\" class=\"attachment-large size-large\" alt=\"\" srcset=\"https:\/\/ajax-alarme.ch\/wp-content\/uploads\/2023\/08\/operateurCH.jpg 1389w, https:\/\/ajax-alarme.ch\/wp-content\/uploads\/2023\/08\/operateurCH-510x170.jpg 510w, https:\/\/ajax-alarme.ch\/wp-content\/uploads\/2023\/08\/operateurCH-800x267.jpg 800w, https:\/\/ajax-alarme.ch\/wp-content\/uploads\/2023\/08\/operateurCH-768x256.jpg 768w\" sizes=\"auto, (max-width: 1020px) 100vw, 1020px\" \/>\t\t\t\t\t\t\n\t\t\t\t\t<\/div>\n\t\t\t\t\t\t\t\t\n<style>\n#image_1121445457 {\n  width: 100%;\n}\n<\/style>\n\t<\/div>\n\t\n","protected":false},"excerpt":{"rendered":"<p>Scheda SIM dati per HUB AJAX. 20 MB al mese. Valido in Svizzera. Funziona con Swisscom, Salt, Sunrise.<\/p>\n","protected":false},"featured_media":3046,"comment_status":"closed","ping_status":"closed","template":"","meta":[],"product_brand":[],"product_cat":[164],"product_tag":[],"class_list":{"0":"post-3611","1":"product","2":"type-product","3":"status-publish","4":"has-post-thumbnail","6":"product_cat-hub-ajax-it","8":"first","9":"instock","10":"sale","11":"shipping-taxable","12":"purchasable","13":"product-type-simple"},"_links":{"self":[{"href":"https:\/\/ajax-alarme.ch\/it\/wp-json\/wp\/v2\/product\/3611","targetHints":{"allow":["GET"]}}],"collection":[{"href":"https:\/\/ajax-alarme.ch\/it\/wp-json\/wp\/v2\/product"}],"about":[{"href":"https:\/\/ajax-alarme.ch\/it\/wp-json\/wp\/v2\/types\/product"}],"replies":[{"embeddable":true,"href":"https:\/\/ajax-alarme.ch\/it\/wp-json\/wp\/v2\/comments?post=3611"}],"wp:featuredmedia":[{"embeddable":true,"href":"https:\/\/ajax-alarme.ch\/it\/wp-json\/wp\/v2\/media\/3046"}],"wp:attachment":[{"href":"https:\/\/ajax-alarme.ch\/it\/wp-json\/wp\/v2\/media?parent=3611"}],"wp:term":[{"taxonomy":"product_brand","embeddable":true,"href":"https:\/\/ajax-alarme.ch\/it\/wp-json\/wp\/v2\/product_brand?post=3611"},{"taxonomy":"product_cat","embeddable":true,"href":"https:\/\/ajax-alarme.ch\/it\/wp-json\/wp\/v2\/product_cat?post=3611"},{"taxonomy":"product_tag","embeddable":true,"href":"https:\/\/ajax-alarme.ch\/it\/wp-json\/wp\/v2\/product_tag?post=3611"}],"curies":[{"name":"wp","href":"https:\/\/api.w.org\/{rel}","templated":true}]}}