{"id":3593,"date":"2023-02-24T11:06:30","date_gmt":"2023-02-24T10:06:30","guid":{"rendered":"https:\/\/ajax-alarme.ch\/product\/motioncam-outdoor-phod-rilevatore-di-movimento-per-esterni-con-telecamera-e-funzione-phod-motioncam-per-esterni-con-foto-su-richiesta\/"},"modified":"2025-08-05T19:45:34","modified_gmt":"2025-08-05T17:45:34","slug":"motioncam-outdoor-phod-rilevatore-di-movimento-per-esterni-con-telecamera-e-funzione-phod-motioncam-per-esterni-con-foto-su-richiesta","status":"publish","type":"product","link":"https:\/\/ajax-alarme.ch\/it\/product\/motioncam-outdoor-phod-rilevatore-di-movimento-per-esterni-con-telecamera-e-funzione-phod-motioncam-per-esterni-con-foto-su-richiesta\/","title":{"rendered":"MotionCam Outdoor PhOD &#8211; Rilevatore di movimento per esterni con telecamera e funzione PhOD. (MotionCam per esterni con foto su richiesta)"},"content":{"rendered":"<h1><strong>MotionCam per esterni<\/strong><\/h1>\n<p>  Il rilevamento tempestivo del movimento si ottiene utilizzando questo rilevatore di movimento AJAX MotionProtect Outdoor, specifico per l&#8217;installazione all&#8217;esterno con rilevamento fotografico.  <div style=\"width: 1020px;\" class=\"wp-video\"><video class=\"wp-video-shortcode\" id=\"video-3593-1\" width=\"1020\" height=\"425\" loop autoplay preload=\"auto\" controls=\"controls\"><source type=\"video\/mp4\" src=\"https:\/\/ajax-alarme.ch\/wp-content\/uploads\/2022\/01\/lisa_man.mp4?_=1\" \/><a href=\"https:\/\/ajax-alarme.ch\/wp-content\/uploads\/2022\/01\/lisa_man.mp4\">https:\/\/ajax-alarme.ch\/wp-content\/uploads\/2022\/01\/lisa_man.mp4<\/a><\/video><\/div>  MotionCam Outdoor dispone di due sensori PIR indipendenti, i cui segnali vengono analizzati da un algoritmo LISA a due stadi, e di un sensore fotografico impermeabile. Non appena i due sensori rilevano un movimento, LISA correla e analizza spettralmente i segnali, distinguendo istantaneamente tra minacce reali e interferenze. Quando Motion\u0421am Outdoor rileva un movimento, LISA analizza e confronta in tempo reale le forme dei segnali dei due sensori. Se le forme sono simili, scatta l&#8217;allarme. Quando entrambi i sensori rilevano un movimento, ma l&#8217;analisi correlazionale non individua sufficienti analogie, LISA confronta le componenti di frequenza dei segnali dei due sensori. Le immagini vengono quindi acquisite e inviate all&#8217;applicazione Ajax in modo da poter chiarire ogni dubbio.  <div style=\"width: 1020px;\" class=\"wp-video\"><video class=\"wp-video-shortcode\" id=\"video-3593-2\" width=\"1020\" height=\"536\" loop autoplay preload=\"auto\" controls=\"controls\"><source type=\"video\/mp4\" src=\"https:\/\/ajax-alarme.ch\/wp-content\/uploads\/2022\/01\/mco_antimasking-fr.mp4?_=2\" \/><a href=\"https:\/\/ajax-alarme.ch\/wp-content\/uploads\/2022\/01\/mco_antimasking-fr.mp4\">https:\/\/ajax-alarme.ch\/wp-content\/uploads\/2022\/01\/mco_antimasking-fr.mp4<\/a><\/video><\/div>\n<h3><b><\/b><b>Diversi livelli di protezione contro il sabotaggio<\/b><\/h3>\n<div>MotionCam Outdoor non pu\u00f2 essere disattivata senza far scattare un allarme, anche se il sistema \u00e8 disarmato. Il rilevatore \u00e8 dotato di sensori antimascheramento che reagiscono se l&#8217;obiettivo \u00e8 ostruito, coperto o dipinto.<\/div>\n<div>In meno di un minuto, l&#8217;Hub2 o Hub2+ rileva la perdita di connessione con il rilevatore e informa la centrale di monitoraggio e gli utenti del problema.<\/div>\n<div>Non appena MotionCam Outdoor viene smontata, tutti ne vengono informati.<\/div>\n<div style=\"width: 1020px;\" class=\"wp-video\"><video class=\"wp-video-shortcode\" id=\"video-3593-3\" width=\"1020\" height=\"574\" loop autoplay preload=\"auto\" controls=\"controls\"><source type=\"video\/mp4\" src=\"https:\/\/ajax-alarme.ch\/wp-content\/uploads\/2022\/01\/MCO-photoverification1.mp4?_=3\" \/><a href=\"https:\/\/ajax-alarme.ch\/wp-content\/uploads\/2022\/01\/MCO-photoverification1.mp4\">https:\/\/ajax-alarme.ch\/wp-content\/uploads\/2022\/01\/MCO-photoverification1.mp4<\/a><\/video><\/div>\n<h2><\/h2>\n<h2>Specifiche tecniche<\/h2>\n<p>  Compatibilit\u00e0: Solo Hub2 e Hub2+ Tipo: Senza fili Altezza consigliata: 0,8 &#8211; 1,3 m Distanza di rilevamento: da 3 a 15 metri regolabile Raggio di rilevamento: 90\u00b0 Sistema di rilevamento: Due sensori PIR Tempo di trasmissione delle foto: circa 9 secondi Angolo di visione delle foto: 105 gradi Qualit\u00e0 delle foto: fino a 640 \u00d7 480 Illuminazione IR integrata Foto a raffica: da 1 a 5 foto (configurabili) Sensibilit\u00e0: 3 livelli Immunit\u00e0 agli animali: S\u00ec 9 secondi Angolo di visione delle foto: 105 gradi Qualit\u00e0 delle foto: fino a 640 \u00d7 480 Acquisizione di immagini notturne: Illuminazione IR incorporata Foto a raffica: da 1 a 5 foto (configurabile) Sensibilit\u00e0: 3 livelli Immunit\u00e0 agli animali domestici: S\u00ec, animali sotto gli 80 cm Sistema antimascheramento: S\u00ec Alimentazione: 4 batterie CR123A Temperatura: da -25\u00b0C a +60\u00b0C Grado di protezione: IP55 Dimensioni: 183 x 70 x 65 mm Peso: 470gr<\/p>\n","protected":false},"excerpt":{"rendered":"<p id=\"product_condition\">Questo rilevatore di movimento da esterno rileva il movimento su un&#8217;area fino a 175 m\u00b2. Questo rilevatore di movimento intelligente rileva un intruso ma ignora gli animali grazie a un algoritmo digitale. Questo sistema vi permetter\u00e0 di essere avvisati prima dell&#8217;intrusione. Compatibile solo con Hub2 o Hub2+. Incorpora la funzione PhOD (Photo On Demand), che consente di richiamare su richiesta un&#8217;immagine scattata dal sensore tramite l&#8217;applicazione per smartphone.<\/p>\n","protected":false},"featured_media":2953,"comment_status":"closed","ping_status":"closed","template":"","meta":[],"product_brand":[],"product_cat":[152],"product_tag":[],"class_list":{"0":"post-3593","1":"product","2":"type-product","3":"status-publish","4":"has-post-thumbnail","6":"product_cat-rivelatori-da-esterno","8":"first","9":"instock","10":"sale","11":"shipping-taxable","12":"purchasable","13":"product-type-simple"},"_links":{"self":[{"href":"https:\/\/ajax-alarme.ch\/it\/wp-json\/wp\/v2\/product\/3593","targetHints":{"allow":["GET"]}}],"collection":[{"href":"https:\/\/ajax-alarme.ch\/it\/wp-json\/wp\/v2\/product"}],"about":[{"href":"https:\/\/ajax-alarme.ch\/it\/wp-json\/wp\/v2\/types\/product"}],"replies":[{"embeddable":true,"href":"https:\/\/ajax-alarme.ch\/it\/wp-json\/wp\/v2\/comments?post=3593"}],"wp:featuredmedia":[{"embeddable":true,"href":"https:\/\/ajax-alarme.ch\/it\/wp-json\/wp\/v2\/media\/2953"}],"wp:attachment":[{"href":"https:\/\/ajax-alarme.ch\/it\/wp-json\/wp\/v2\/media?parent=3593"}],"wp:term":[{"taxonomy":"product_brand","embeddable":true,"href":"https:\/\/ajax-alarme.ch\/it\/wp-json\/wp\/v2\/product_brand?post=3593"},{"taxonomy":"product_cat","embeddable":true,"href":"https:\/\/ajax-alarme.ch\/it\/wp-json\/wp\/v2\/product_cat?post=3593"},{"taxonomy":"product_tag","embeddable":true,"href":"https:\/\/ajax-alarme.ch\/it\/wp-json\/wp\/v2\/product_tag?post=3593"}],"curies":[{"name":"wp","href":"https:\/\/api.w.org\/{rel}","templated":true}]}}