{"id":3565,"date":"2021-09-02T17:05:17","date_gmt":"2021-09-02T15:05:17","guid":{"rendered":"https:\/\/ajax-alarme.ch\/product\/keypad-plus-tastiera-con-codice-a-sfioramento-lettore-di-badge\/"},"modified":"2025-08-05T19:45:42","modified_gmt":"2025-08-05T17:45:42","slug":"keypad-plus-tastiera-con-codice-a-sfioramento-lettore-di-badge","status":"publish","type":"product","link":"https:\/\/ajax-alarme.ch\/it\/product\/keypad-plus-tastiera-con-codice-a-sfioramento-lettore-di-badge\/","title":{"rendered":"Keypad Plus &#8211; Tastiera con codice a sfioramento + lettore di badge."},"content":{"rendered":"<div class=\"row\"  id=\"row-155092862\">\n\n\t<div id=\"col-560125805\" class=\"col medium-6 small-12 large-6\"  >\n\t\t\t\t<div class=\"col-inner\"  >\n\t\t\t\n\t\t\t\n<h2><strong>Tastiera wireless con lettore di badge. TASTIERA+<\/strong><\/h2>\n<p>  Il tastierino wireless KeyPad+ \u00e8 progettato per controllare l&#8217;attivazione e la disattivazione della centralina d&#8217;allarme con la semplice pressione di un pulsante o con un codice di accesso. Inoltre, incorpora un lettore di badge, in modo da non dover digitare un codice quando si presenta un badge. Il sistema pu\u00f2 essere attivato completamente o parzialmente, a seconda dell&#8217;area da monitorare. Come nel caso di un&#8217;intrusione in presenza dei proprietari, la tastiera \u00e8 dotata di una funzione di panico che avvisa immediatamente la centrale. Su questo dispositivo \u00e8 disponibile anche la modalit\u00e0 notturna. La tastiera KEYPAD+ \u00e8 compatibile solo con HUB+, HUB2, HUB2+, REX e REX2. Si prega di ordinare i badge separatamente. (non fornito con la tastiera). Per una protezione ottimale, Ajax ha dotato questa tastiera di un processo che blocca l&#8217;inserimento casuale dei codici. L&#8217;integrit\u00e0 dei canali radio tra KeyPad+ e altri dispositivi \u00e8 protetta dalla tecnologia Jeweller di Ajax. Fornisce una comunicazione bidirezionale sicura ed \u00e8 immune da interferenze o disturbi.<\/p>\n\t\t<\/div>\n\t\t\t\t\t<\/div>\n\n\t\n\n\t<div id=\"col-1316039948\" class=\"col medium-6 small-12 large-6\"  >\n\t\t\t\t<div class=\"col-inner\"  >\n\t\t\t\n\t\t\t\n<div class=\"is-divider divider clearfix\" style=\"max-width:0px;height:41px;\"><\/div>\n\t<div class=\"img has-hover x md-x lg-x y md-y lg-y\" id=\"image_2002239952\">\n\t\t\t\t\t\t\t\t<div class=\"img-inner dark\" >\n\t\t\t<img loading=\"lazy\" decoding=\"async\" width=\"700\" height=\"700\" src=\"https:\/\/ajax-alarme.ch\/wp-content\/uploads\/2021\/02\/ajax_keypad_3_.jpg\" class=\"attachment-large size-large\" alt=\"\" srcset=\"https:\/\/ajax-alarme.ch\/wp-content\/uploads\/2021\/02\/ajax_keypad_3_.jpg 700w, https:\/\/ajax-alarme.ch\/wp-content\/uploads\/2021\/02\/ajax_keypad_3_-247x247.jpg 247w, https:\/\/ajax-alarme.ch\/wp-content\/uploads\/2021\/02\/ajax_keypad_3_-100x100.jpg 100w, https:\/\/ajax-alarme.ch\/wp-content\/uploads\/2021\/02\/ajax_keypad_3_-510x510.jpg 510w, https:\/\/ajax-alarme.ch\/wp-content\/uploads\/2021\/02\/ajax_keypad_3_-400x400.jpg 400w, https:\/\/ajax-alarme.ch\/wp-content\/uploads\/2021\/02\/ajax_keypad_3_-280x280.jpg 280w, https:\/\/ajax-alarme.ch\/wp-content\/uploads\/2021\/02\/ajax_keypad_3_-300x300.jpg 300w, https:\/\/ajax-alarme.ch\/wp-content\/uploads\/2021\/02\/ajax_keypad_3_-600x600.jpg 600w\" sizes=\"auto, (max-width: 700px) 100vw, 700px\" \/>\t\t\t\t\t\t\n\t\t\t\t\t<\/div>\n\t\t\t\t\t\t\t\t\n<style>\n#image_2002239952 {\n  width: 100%;\n}\n<\/style>\n\t<\/div>\n\t\n\t\t<\/div>\n\t\t\t\t\t<\/div>\n\n\t\n<\/div>\n<div class=\"is-divider divider clearfix\" style=\"max-width:0px;height:41px;\"><\/div>\n<div class=\"row\"  id=\"row-1156245551\">\n\n\t<div id=\"col-1110017537\" class=\"col medium-3 small-12 large-3\"  >\n\t\t\t\t<div class=\"col-inner\"  >\n\t\t\t\n\t\t\t\n<div class=\"is-divider divider clearfix\" style=\"max-width:0px;height:0px;\"><\/div>\n\t<div class=\"img has-hover x md-x lg-x y md-y lg-y\" id=\"image_159649698\">\n\t\t\t\t\t\t\t\t<div class=\"img-inner dark\" >\n\t\t\t<img loading=\"lazy\" decoding=\"async\" width=\"281\" height=\"500\" src=\"https:\/\/ajax-alarme.ch\/wp-content\/uploads\/2021\/02\/keypad.gif\" class=\"attachment-large size-large\" alt=\"\" \/>\t\t\t\t\t\t\n\t\t\t\t\t<\/div>\n\t\t\t\t\t\t\t\t\n<style>\n#image_159649698 {\n  width: 81%;\n}\n<\/style>\n\t<\/div>\n\t\n\t\t<\/div>\n\t\t\t\t\t<\/div>\n\n\t\n\n\t<div id=\"col-1878232529\" class=\"col medium-9 small-12 large-9\"  >\n\t\t\t\t<div class=\"col-inner\"  >\n\t\t\t\n\t\t\t\n<h2><strong>Il tastierino funziona in modalit\u00e0 wireless e in modalit\u00e0 collegata<\/strong><\/h2>\n<p>  Questa tastiera KeyPad+ di Ajax funziona completamente in modalit\u00e0 wireless, senza fili di trasmissione o cavi di alimentazione. Con 4 batterie preinstallate, funziona per 2 anni. Viene installato all&#8217;interno dell&#8217;abitazione, preferibilmente all&#8217;ingresso per un rapido accesso al sistema di allarme. La tastiera \u00e8 facile da usare grazie ai suoi pulsanti illuminati e sensibili al tocco, che consentono di controllare rapidamente lo stato del sistema, di giorno e di notte. Il Keypad+ funziona solo con la centralina di allarme Ajax. La connessione tra KeyPad+ \u00e8 possibile solo con HUB+, HUB2, HUB2+ E REX, REX2 , si calma semplicemente tramite l&#8217;applicazione mobile Ajax. Questa applicazione consente agli utenti di accedere alle impostazioni del dispositivo e li tiene informati sul monitoraggio del sistema e sulle notifiche.<\/p>\n\t\t<\/div>\n\t\t\t\t\t<\/div>\n\n\t\n<\/div>\n<div class=\"is-divider divider clearfix\" style=\"max-width:0px;height:41px;\"><\/div>\n\t<div class=\"img has-hover x md-x lg-x y md-y lg-y\" id=\"image_168814490\">\n\t\t\t\t\t\t\t\t<div class=\"img-inner dark\" >\n\t\t\t<img loading=\"lazy\" decoding=\"async\" width=\"1020\" height=\"651\" src=\"https:\/\/ajax-alarme.ch\/wp-content\/uploads\/2021\/02\/KeyPad-1-1-1253x800.jpg\" class=\"attachment-large size-large\" alt=\"\" srcset=\"https:\/\/ajax-alarme.ch\/wp-content\/uploads\/2021\/02\/KeyPad-1-1-1253x800.jpg 1253w, https:\/\/ajax-alarme.ch\/wp-content\/uploads\/2021\/02\/KeyPad-1-1-scaled-510x326.jpg 510w, https:\/\/ajax-alarme.ch\/wp-content\/uploads\/2021\/02\/KeyPad-1-1-627x400.jpg 627w, https:\/\/ajax-alarme.ch\/wp-content\/uploads\/2021\/02\/KeyPad-1-1-768x490.jpg 768w, https:\/\/ajax-alarme.ch\/wp-content\/uploads\/2021\/02\/KeyPad-1-1-1536x980.jpg 1536w, https:\/\/ajax-alarme.ch\/wp-content\/uploads\/2021\/02\/KeyPad-1-1-2048x1307.jpg 2048w, https:\/\/ajax-alarme.ch\/wp-content\/uploads\/2021\/02\/KeyPad-1-1-600x383.jpg 600w\" sizes=\"auto, (max-width: 1020px) 100vw, 1020px\" \/>\t\t\t\t\t\t\n\t\t\t\t\t<\/div>\n\t\t\t\t\t\t\t\t\n<style>\n#image_168814490 {\n  width: 100%;\n}\n<\/style>\n\t<\/div>\n\t\n<div class=\"is-divider divider clearfix\" style=\"max-width:0px;height:41px;\"><\/div>\n<div class=\"row\"  id=\"row-1990074770\">\n\n\t<div id=\"col-1322295469\" class=\"col medium-7 small-12 large-7\"  >\n\t\t\t\t<div class=\"col-inner\"  >\n\t\t\t\n\t\t\t\n<h2>Specifiche tecniche<\/h2>\n<p>  Compatibilit\u00e0: Tutte le centrali di allarme, rel\u00e8 radio Tipo: Senza fili, sensibile al tocco Numero di pulsanti: 15 Codice di costrizione : S\u00ec Lettore di badge: S\u00ec, tecnologia Desfire Protezione contro troppi tentativi di password: S\u00ec Indicazione visiva dello stato del sistema di allarme: S\u00ec Alimentazione: 4 x AA Temperatura supportata: da -10\u00b0C a +40\u00b0C Dimensioni: 165 x 113 x 20 mm Peso: 267 g  <\/p>\n<div id=\"short_description_block\">\n<div id=\"short_description_content\" class=\"rte align_justify\"><\/div>\n<\/div>\n\t\t<\/div>\n\t\t\t\t\t<\/div>\n\n\t\n\n\t<div id=\"col-768908815\" class=\"col medium-5 small-12 large-5\"  >\n\t\t\t\t<div class=\"col-inner\"  >\n\t\t\t\n\t\t\t\n\t<div class=\"img has-hover x md-x lg-x y md-y lg-y\" id=\"image_1366837747\">\n\t\t\t\t\t\t\t\t<div class=\"img-inner dark\" style=\"margin:0px 0px 0px 0;\">\n\t\t\t<img loading=\"lazy\" decoding=\"async\" width=\"460\" height=\"800\" src=\"https:\/\/ajax-alarme.ch\/wp-content\/uploads\/2021\/02\/notif-460x800.png\" class=\"attachment-large size-large\" alt=\"\" srcset=\"https:\/\/ajax-alarme.ch\/wp-content\/uploads\/2021\/02\/notif-460x800.png 460w, https:\/\/ajax-alarme.ch\/wp-content\/uploads\/2021\/02\/notif-510x886.png 510w, https:\/\/ajax-alarme.ch\/wp-content\/uploads\/2021\/02\/notif-230x400.png 230w, https:\/\/ajax-alarme.ch\/wp-content\/uploads\/2021\/02\/notif-768x1335.png 768w, https:\/\/ajax-alarme.ch\/wp-content\/uploads\/2021\/02\/notif-884x1536.png 884w, https:\/\/ajax-alarme.ch\/wp-content\/uploads\/2021\/02\/notif-600x1043.png 600w, https:\/\/ajax-alarme.ch\/wp-content\/uploads\/2021\/02\/notif.png 1152w\" sizes=\"auto, (max-width: 460px) 100vw, 460px\" \/>\t\t\t\t\t\t\n\t\t\t\t\t<\/div>\n\t\t\t\t\t\t\t\t\n<style>\n#image_1366837747 {\n  width: 97%;\n}\n<\/style>\n\t<\/div>\n\t\n\t\t<\/div>\n\t\t\t\t\t<\/div>\n\n\t\n<\/div>\n","protected":false},"excerpt":{"rendered":"<p id=\"product_manufacturer\">La tastiera pu\u00f2 essere utilizzata per attivare o disattivare le modalit\u00e0 di sicurezza. Di solito viene installato vicino alla porta d&#8217;ingresso per un rapido accesso alla tastiera. ATTENZIONE: VERIFICARE LA COMPATIBILIT\u00c0 CON L&#8217;HUB!<\/p>\n","protected":false},"featured_media":5236,"comment_status":"closed","ping_status":"closed","template":"","meta":[],"product_brand":[],"product_cat":[131],"product_tag":[],"class_list":{"0":"post-3565","1":"product","2":"type-product","3":"status-publish","4":"has-post-thumbnail","6":"product_cat-tastiere-e-telecomandi","8":"first","9":"instock","10":"sale","11":"shipping-taxable","12":"purchasable","13":"product-type-variable"},"_links":{"self":[{"href":"https:\/\/ajax-alarme.ch\/it\/wp-json\/wp\/v2\/product\/3565","targetHints":{"allow":["GET"]}}],"collection":[{"href":"https:\/\/ajax-alarme.ch\/it\/wp-json\/wp\/v2\/product"}],"about":[{"href":"https:\/\/ajax-alarme.ch\/it\/wp-json\/wp\/v2\/types\/product"}],"replies":[{"embeddable":true,"href":"https:\/\/ajax-alarme.ch\/it\/wp-json\/wp\/v2\/comments?post=3565"}],"wp:featuredmedia":[{"embeddable":true,"href":"https:\/\/ajax-alarme.ch\/it\/wp-json\/wp\/v2\/media\/5236"}],"wp:attachment":[{"href":"https:\/\/ajax-alarme.ch\/it\/wp-json\/wp\/v2\/media?parent=3565"}],"wp:term":[{"taxonomy":"product_brand","embeddable":true,"href":"https:\/\/ajax-alarme.ch\/it\/wp-json\/wp\/v2\/product_brand?post=3565"},{"taxonomy":"product_cat","embeddable":true,"href":"https:\/\/ajax-alarme.ch\/it\/wp-json\/wp\/v2\/product_cat?post=3565"},{"taxonomy":"product_tag","embeddable":true,"href":"https:\/\/ajax-alarme.ch\/it\/wp-json\/wp\/v2\/product_tag?post=3565"}],"curies":[{"name":"wp","href":"https:\/\/api.w.org\/{rel}","templated":true}]}}