{"id":3563,"date":"2020-10-02T15:53:48","date_gmt":"2020-10-02T13:53:48","guid":{"rendered":"https:\/\/ajax-alarme.ch\/product\/hub-2-plus-la-piu-potente-centralina-di-allarme-ajax-4g-lan-wifi\/"},"modified":"2025-10-01T18:32:48","modified_gmt":"2025-10-01T16:32:48","slug":"hub-2-plus-la-piu-potente-centralina-di-allarme-ajax-4g-lan-wifi","status":"publish","type":"product","link":"https:\/\/ajax-alarme.ch\/it\/product\/hub-2-plus-la-piu-potente-centralina-di-allarme-ajax-4g-lan-wifi\/","title":{"rendered":"HUB 2 Plus &#8211; La pi\u00f9 potente centralina di allarme AJAX. 4G, LAN, WIFI"},"content":{"rendered":"<div class=\"row row-collapse row-full-width\"  id=\"row-917611929\">\n\n\t<div id=\"col-575642671\" class=\"col medium-2 large-2\"  >\n\t\t\t\t<div class=\"col-inner\"  >\n\t\t\t\n\t\t\t\n\t\t<\/div>\n\t\t\t\t\t<\/div>\n\n\t\n\n\t<div id=\"col-2101704038\" class=\"col medium-8 large-8\"  >\n\t\t\t\t<div class=\"col-inner\"  >\n\t\t\t\n\t\t\t\n\t<div class=\"img has-hover x md-x lg-x y md-y lg-y\" id=\"image_55522075\">\n\t\t\t\t\t\t\t\t<div class=\"img-inner dark\" >\n\t\t\t<img loading=\"lazy\" decoding=\"async\" width=\"600\" height=\"338\" src=\"https:\/\/ajax-alarme.ch\/wp-content\/uploads\/2020\/10\/communication.gif\" class=\"attachment-large size-large\" alt=\"\" \/>\t\t\t\t\t\t\n\t\t\t\t\t<\/div>\n\t\t\t\t\t\t\t\t\n<style>\n#image_55522075 {\n  width: 100%;\n}\n<\/style>\n\t<\/div>\n\t\n\t\t<\/div>\n\t\t\t\t\t<\/div>\n\n\t\n\n\t<div id=\"col-164198499\" class=\"col medium-2 large-2\"  >\n\t\t\t\t<div class=\"col-inner\"  >\n\t\t\t\n\t\t\t\n\t\t<\/div>\n\t\t\t\t\t<\/div>\n\n\t\n<\/div>\n<div class=\"row\"  id=\"row-1125565192\">\n\n\t<div id=\"col-1841649668\" class=\"col small-12 large-12\"  >\n\t\t\t\t<div class=\"col-inner\"  >\n\t\t\t\n\t\t\t\n<div class=\"is-divider divider clearfix\" style=\"max-width:0px;height:25px;\"><\/div>\n<h2>HUB2+ Con comunicazioni avanzate: 4G &#8211; Wi-Fi &#8211; LAN e MotionCAM<\/h2>\n<p>  Il pannello di controllo intelligente dell&#8217;Hub \u00e8 una parte importante del sistema di sicurezza Ajax. Il dispositivo monitora il funzionamento di tutti i rilevatori Ajax e invia immediatamente un segnale di allarme al proprietario e alla centrale di segnalazione. Come funziona Il dispositivo raccoglie informazioni sul funzionamento del rilevatore in formato crittografato, analizza i dati e avvisa il proprietario del sistema e la centrale di allarme di un allarme entro pochi millisecondi.<br \/>\nComunicazione immediata La comunicazione con il mondo esterno \u00e8 essenziale per le centrali di allarme perch\u00e9 consente di inviare rapidamente i segnali di allarme.  Il nuovo pannello di controllo Ajax garantisce una comunicazione estremamente stabile. L&#8217;Hub 2 Plus dispone di una connessione con 4 canali indipendenti, compreso l&#8217;LTE. Questa configurazione consente di collegare il dispositivo tramite Ethernet e Wi-Fi a due fornitori di servizi Internet separati, mentre due servizi cellulari fungono da back-up. Il passaggio da un canale all&#8217;altro avviene senza soluzione di continuit\u00e0 e richiede solo pochi secondi.<\/p>\n\t\t<\/div>\n\t\t\t\t\t<\/div>\n\n\t\n<\/div>\n<div class=\"row align-middle\"  id=\"row-1409588754\">\n\n\t<div id=\"col-30850836\" class=\"col medium-6 small-12 large-6\"  >\n\t\t\t\t<div class=\"col-inner\"  >\n\t\t\t\n\t\t\t\n<h2><strong>Foto in 9 secondi<\/strong><\/h2>\n<p>  La verifica fotografica \u00e8 l&#8217;ultima novit\u00e0 nel settore della sicurezza. Questa tecnologia \u00e8 la soluzione perfetta per gli edifici commerciali e residenziali: \u00e8 accessibile e rispetta la privacy. Gli utenti e gli operatori del CMS possono valutare la situazione in diretta grazie alle sequenze fotografiche animate dei rilevatori MotionCam. Ma le telecamere fisse si attivano solo in risposta agli allarmi, mai su richiesta. Hub 2 Plus \u00e8 in grado di gestire fino a 200 rilevatori MotionCam e di inviare foto di conferma degli allarmi agli utenti e alle societ\u00e0 di sicurezza in soli 9 secondi, anche utilizzando le schede SIM per la comunicazione.<\/p>\n\t\t<\/div>\n\t\t\t\t\t<\/div>\n\n\t\n\n\t<div id=\"col-1985193146\" class=\"col medium-6 small-12 large-6\"  >\n\t\t\t\t<div class=\"col-inner\"  >\n\t\t\t\n\t\t\t\n\t<div class=\"img has-hover x md-x lg-x y md-y lg-y\" id=\"image_1446518889\">\n\t\t\t\t\t\t\t\t<div class=\"img-inner dark\" >\n\t\t\t<img loading=\"lazy\" decoding=\"async\" width=\"600\" height=\"338\" src=\"https:\/\/ajax-alarme.ch\/wp-content\/uploads\/2020\/10\/motioncam.gif\" class=\"attachment-large size-large\" alt=\"\" \/>\t\t\t\t\t\t\n\t\t\t\t\t<\/div>\n\t\t\t\t\t\t\t\t\n<style>\n#image_1446518889 {\n  width: 100%;\n}\n<\/style>\n\t<\/div>\n\t\n\t\t<\/div>\n\t\t\t\t\t<\/div>\n\n\t\n<\/div>\n<div class=\"is-divider divider clearfix\" style=\"max-width:0px;height:25px;\"><\/div>\n<h2><strong>Consegna garantita di allarmi e conferme fotografiche<\/strong><\/h2>\n<p>  Abbiamo sviluppato il protocollo radio Jeweler per garantire che tutti i dispositivi del sistema di sicurezza continuino a funzionare senza interruzioni. Jeweler fornisce una comunicazione bidirezionale tra l&#8217;hub e i rilevatori a una distanza massima di 2000 metri. I dispositivi Ajax possono essere controllati a distanza e i segnali di allarme possono essere comunicati in meno di 0,15 secondi. Jeweler utilizza i ritardi per sincronizzare la comunicazione con i dispositivi connessi, l&#8217;autenticazione per prevenire le falsificazioni e la crittografia per evitare le violazioni dei dati. Inoltre, \u00e8 un protocollo radio molto efficiente dal punto di vista energetico. I rilevatori funzionano per anni con le batterie preinstallate.  <\/p>\n<h2><strong>Sicurezza automatizzata<\/strong><\/h2>\n<p>  Hub 2 Plus supporta 64 scenari che riducono al minimo l&#8217;impatto umano sulla sicurezza del sito. Pu\u00f2 attivare e disattivare automaticamente l&#8217;intero sistema di sicurezza o alcuni gruppi in base alla programmazione. Inoltre, il sistema pu\u00f2 attivare immediatamente una barriera antifumo in caso di effrazione, interrompere l&#8217;alimentazione elettrica e accendere l&#8217;illuminazione di emergenza in caso di incendio o interrompere l&#8217;alimentazione idrica in caso di perdita. . Grazie alle apparecchiature di automazione, Hub 2 Plus pu\u00f2 controllare l&#8217;illuminazione, le serrature elettriche e le tapparelle. Gli scenari possono essere attivati in risposta alle modifiche della modalit\u00e0 di sicurezza, agli allarmi o ai comandi dei pulsanti.  <div class=\"is-divider divider clearfix\" style=\"max-width:0px;height:25px;\"><\/div>\n<div class=\"row align-middle\"  id=\"row-1466040064\">\n\n\t<div id=\"col-1254288517\" class=\"col medium-6 small-12 large-6\"  >\n\t\t\t\t<div class=\"col-inner\"  >\n\t\t\t\n\t\t\t\n<h2><strong>Sicurezza molto elevata<\/strong><\/h2>\n<p>  Qualunque cosa accada con Hub 2 Plus, la societ\u00e0 di sicurezza e gli utenti riceveranno sempre una notifica. Se gli intrusi tentano di scollegare il dispositivo, scatta un allarme antimanomissione. Se il server Ajax Cloud perde la connessione con un hub, invia una notifica in soli 60 secondi grazie a brevi intervalli di ping. Anche in caso di interruzione di corrente, Hub 2 Plus continuer\u00e0 a proteggere l&#8217;edificio per un massimo di 15 ore grazie alla batteria di backup integrata.  <\/p>\n<ul>\n<li>Periodo di polling del dispositivo: 12 secondi<\/li>\n<li>Rilevamento della perdita di connessione con l&#8217;hub: 60 secondi<\/li>\n<li>Funzionamento a batteria di backup: &gt; 15 ore<\/li>\n<\/ul>\n\t\t<\/div>\n\t\t\t\t\t<\/div>\n\n\t\n\n\t<div id=\"col-1442373061\" class=\"col medium-6 small-12 large-6\"  >\n\t\t\t\t<div class=\"col-inner\"  >\n\t\t\t\n\t\t\t\n\t<div class=\"img has-hover x md-x lg-x y md-y lg-y\" id=\"image_758940947\">\n\t\t\t\t\t\t\t\t<div class=\"img-inner dark\" >\n\t\t\t<img loading=\"lazy\" decoding=\"async\" width=\"600\" height=\"337\" src=\"https:\/\/ajax-alarme.ch\/wp-content\/uploads\/2020\/10\/extender.gif\" class=\"attachment-large size-large\" alt=\"\" \/>\t\t\t\t\t\t\n\t\t\t\t\t<\/div>\n\t\t\t\t\t\t\t\t\n<style>\n#image_758940947 {\n  width: 100%;\n}\n<\/style>\n\t<\/div>\n\t\n\t\t<\/div>\n\t\t\t\t\t<\/div>\n\n\t\n<\/div>\n<div class=\"is-divider divider clearfix\" style=\"max-width:0px;height:25px;\"><\/div>\n<h2><b style=\"font-size: 23.040000915527344px;\">Guardare al futuro<\/b><\/h2>\n<p>  Hub 2 Plus gira su OS Malevich, un sistema operativo in tempo reale sviluppato da Ajax Systems. OS Malevich \u00e8 estremamente stabile, immune da virus e sicuro contro gli attacchi informatici. OS Malevich \u00e8 in costante aggiornamento grazie alla sua architettura modulare. Il sistema riceve nuove funzioni pi\u00f9 volte all&#8217;anno tramite aggiornamenti software in tempo reale. Non \u00e8 necessario alcun installatore o utente per il processo e l&#8217;implementazione richiede solo pochi minuti, solo quando il sistema di sicurezza \u00e8 disattivato. Hub 2 Plus \u00e8 il pannello di controllo Ajax pi\u00f9 efficace. Ha un processore 4,5 volte pi\u00f9 veloce dell&#8217;Hub 2 e una memoria flash 8 volte superiore. Con questa configurazione hardware, il dispositivo funzioner\u00e0 per anni e sar\u00e0 sempre aggiornato.  <\/p>\n<h2><b>Funziona con lo smartphone<\/b><\/h2>\n<p>  Non abbiamo volutamente aggiunto pulsanti al nostro pannello di controllo e non abbiamo utilizzato interfacce arcaiche. Le applicazioni sono pi\u00f9 comode e sicure. Si collegano a un hub tramite un canale sicuro con Ajax Cloud, la nostra soluzione server situata in vari data center AWS. Le applicazioni consentono agli utenti di controllare la sicurezza, modificare le impostazioni dell&#8217;hub, configurare i dispositivi collegati, creare scenari e monitorare gli eventi. Da uno smartphone o da un PC. In loco o in viaggio.  <div class=\"is-divider divider clearfix\" style=\"max-width:0px;height:25px;\"><\/div>\n\t<div class=\"img has-hover x md-x lg-x y md-y lg-y\" id=\"image_1315622439\">\n\t\t\t\t\t\t\t\t<div class=\"img-inner dark\" >\n\t\t\t<img loading=\"lazy\" decoding=\"async\" width=\"1020\" height=\"570\" src=\"https:\/\/ajax-alarme.ch\/wp-content\/uploads\/2021\/02\/Comparatif-HUB-1400x783.jpg\" class=\"attachment-large size-large\" alt=\"\" srcset=\"https:\/\/ajax-alarme.ch\/wp-content\/uploads\/2021\/02\/Comparatif-HUB-1400x783.jpg 1400w, https:\/\/ajax-alarme.ch\/wp-content\/uploads\/2021\/02\/Comparatif-HUB-510x285.jpg 510w, https:\/\/ajax-alarme.ch\/wp-content\/uploads\/2021\/02\/Comparatif-HUB-715x400.jpg 715w, https:\/\/ajax-alarme.ch\/wp-content\/uploads\/2021\/02\/Comparatif-HUB-768x430.jpg 768w, https:\/\/ajax-alarme.ch\/wp-content\/uploads\/2021\/02\/Comparatif-HUB-1536x859.jpg 1536w, https:\/\/ajax-alarme.ch\/wp-content\/uploads\/2021\/02\/Comparatif-HUB-600x336.jpg 600w, https:\/\/ajax-alarme.ch\/wp-content\/uploads\/2021\/02\/Comparatif-HUB.jpg 1612w\" sizes=\"auto, (max-width: 1020px) 100vw, 1020px\" \/>\t\t\t\t\t\t\n\t\t\t\t\t<\/div>\n\t\t\t\t\t\t\t\t\n<style>\n#image_1315622439 {\n  width: 100%;\n}\n<\/style>\n\t<\/div>\n\t\n","protected":false},"excerpt":{"rendered":"<div id=\"short_description_block\">\n<div id=\"short_description_content\" class=\"rte align_justify\">  La centralina d&#8217;allarme 4G\/Wi-Fi\/LAN ti permette di avere il tuo sistema d&#8217;allarme con la migliore connettivit\u00e0 oggi disponibile sul mercato. Questa unit\u00e0 centrale ti permette di avere fino a 200 dispositivi e di controllare il tuo allarme in modo molto semplice dal tuo smartphone.  <\/div>\n<\/div>\n","protected":false},"featured_media":5196,"comment_status":"closed","ping_status":"closed","template":"","meta":[],"product_brand":[],"product_cat":[164],"product_tag":[],"class_list":{"0":"post-3563","1":"product","2":"type-product","3":"status-publish","4":"has-post-thumbnail","6":"product_cat-hub-ajax-it","8":"first","9":"instock","10":"sale","11":"shipping-taxable","12":"purchasable","13":"product-type-variable"},"_links":{"self":[{"href":"https:\/\/ajax-alarme.ch\/it\/wp-json\/wp\/v2\/product\/3563","targetHints":{"allow":["GET"]}}],"collection":[{"href":"https:\/\/ajax-alarme.ch\/it\/wp-json\/wp\/v2\/product"}],"about":[{"href":"https:\/\/ajax-alarme.ch\/it\/wp-json\/wp\/v2\/types\/product"}],"replies":[{"embeddable":true,"href":"https:\/\/ajax-alarme.ch\/it\/wp-json\/wp\/v2\/comments?post=3563"}],"wp:featuredmedia":[{"embeddable":true,"href":"https:\/\/ajax-alarme.ch\/it\/wp-json\/wp\/v2\/media\/5196"}],"wp:attachment":[{"href":"https:\/\/ajax-alarme.ch\/it\/wp-json\/wp\/v2\/media?parent=3563"}],"wp:term":[{"taxonomy":"product_brand","embeddable":true,"href":"https:\/\/ajax-alarme.ch\/it\/wp-json\/wp\/v2\/product_brand?post=3563"},{"taxonomy":"product_cat","embeddable":true,"href":"https:\/\/ajax-alarme.ch\/it\/wp-json\/wp\/v2\/product_cat?post=3563"},{"taxonomy":"product_tag","embeddable":true,"href":"https:\/\/ajax-alarme.ch\/it\/wp-json\/wp\/v2\/product_tag?post=3563"}],"curies":[{"name":"wp","href":"https:\/\/api.w.org\/{rel}","templated":true}]}}