{"id":3538,"date":"2021-09-02T17:27:45","date_gmt":"2021-09-02T15:27:45","guid":{"rendered":"https:\/\/ajax-alarme.ch\/product\/badge-di-identificazione-per-tastiera\/"},"modified":"2025-08-05T19:45:41","modified_gmt":"2025-08-05T17:45:41","slug":"badge-di-identificazione-per-tastiera","status":"publish","type":"product","link":"https:\/\/ajax-alarme.ch\/it\/product\/badge-di-identificazione-per-tastiera\/","title":{"rendered":"Badge di identificazione per tastiera"},"content":{"rendered":"<div class=\"row\"  id=\"row-1882813524\">\n\n\t<div id=\"col-292498137\" class=\"col medium-7 small-12 large-7\"  >\n\t\t\t\t<div class=\"col-inner\"  >\n\t\t\t\n\t\t\t\n<h2>Badge a tastiera criptato con lettore<\/h2>\n<h4><strong>Accesso rapido al sistema di sicurezza<\/strong><\/h4>\n<p>  Per disarmare il sistema di sicurezza, \u00e8 sufficiente presentare il badge al lettore della tastiera. Questo badge protetto da copia ti permette di gestire le modalit\u00e0 di sicurezza senza password, account utente o accesso all&#8217;applicazione Ajax.  <\/p>\n<h4><strong>Protezione dei dati di alto livello<\/strong><\/h4>\n<p>  Per identificare gli utenti in modo rapido e sicuro, il KeyPad Plus incorpora la tecnologia DESFire\u00ae. \u00c8 la migliore soluzione contactless della sua categoria per l&#8217;identificazione degli utenti tramite badge contactless. DESFire\u00ae si basa sullo standard internazionale ISO 14443 e combina la crittografia completa a 128 bit con la protezione anticopia. Questa tecnologia \u00e8 utilizzata anche nei sistemi di trasporto delle capitali europee e nei sistemi di accesso della NASA.  <\/p>\n<h4><strong>Una chiave per casa e ufficio<\/strong><\/h4>\n<p>  Nell&#8217;applicazione puoi definire il nome e le autorizzazioni di accesso per ogni badge. Si sa sempre chi e quando ha modificato la modalit\u00e0 di sicurezza, poich\u00e9 ogni azione viene registrata nel registro degli eventi. L&#8217;amministratore del sistema pu\u00f2 revocare o limitare le autorizzazioni di accesso al sistema in tempo reale.<\/p>\n\t\t<\/div>\n\t\t\t\t\t<\/div>\n\n\t\n\n\t<div id=\"col-997738469\" class=\"col medium-5 small-12 large-5\"  >\n\t\t\t\t<div class=\"col-inner\"  >\n\t\t\t\n\t\t\t\n<div class=\"is-divider divider clearfix\" style=\"max-width:0px;height:41px;\"><\/div>\n\t<div class=\"img has-hover x md-x lg-x y md-y lg-y\" id=\"image_1128229025\">\n\t\t\t\t\t\t\t\t<div class=\"img-inner dark\" >\n\t\t\t<img loading=\"lazy\" decoding=\"async\" width=\"800\" height=\"800\" src=\"https:\/\/ajax-alarme.ch\/wp-content\/uploads\/2021\/09\/ajax-clavier-badge-800x800.jpg\" class=\"attachment-large size-large\" alt=\"\" srcset=\"https:\/\/ajax-alarme.ch\/wp-content\/uploads\/2021\/09\/ajax-clavier-badge-800x800.jpg 800w, https:\/\/ajax-alarme.ch\/wp-content\/uploads\/2021\/09\/ajax-clavier-badge-247x247.jpg 247w, https:\/\/ajax-alarme.ch\/wp-content\/uploads\/2021\/09\/ajax-clavier-badge-100x100.jpg 100w, https:\/\/ajax-alarme.ch\/wp-content\/uploads\/2021\/09\/ajax-clavier-badge-510x510.jpg 510w, https:\/\/ajax-alarme.ch\/wp-content\/uploads\/2021\/09\/ajax-clavier-badge-400x400.jpg 400w, https:\/\/ajax-alarme.ch\/wp-content\/uploads\/2021\/09\/ajax-clavier-badge-280x280.jpg 280w, https:\/\/ajax-alarme.ch\/wp-content\/uploads\/2021\/09\/ajax-clavier-badge-768x768.jpg 768w, https:\/\/ajax-alarme.ch\/wp-content\/uploads\/2021\/09\/ajax-clavier-badge-300x300.jpg 300w, https:\/\/ajax-alarme.ch\/wp-content\/uploads\/2021\/09\/ajax-clavier-badge-600x600.jpg 600w, https:\/\/ajax-alarme.ch\/wp-content\/uploads\/2021\/09\/ajax-clavier-badge.jpg 1000w\" sizes=\"auto, (max-width: 800px) 100vw, 800px\" \/>\t\t\t\t\t\t\n\t\t\t\t\t<\/div>\n\t\t\t\t\t\t\t\t\n<style>\n#image_1128229025 {\n  width: 100%;\n}\n<\/style>\n\t<\/div>\n\t\n\t\t<\/div>\n\t\t\t\t\t<\/div>\n\n\t\n<\/div>\n<div class=\"is-divider divider clearfix\" style=\"max-width:0px;height:41px;\"><\/div>\n<div class=\"row\"  id=\"row-1937915528\">\n\n\t<div id=\"col-1485269568\" class=\"col medium-7 small-12 large-7\"  >\n\t\t\t\t<div class=\"col-inner\"  >\n\t\t\t\n\t\t\t\n\t<div class=\"img has-hover x md-x lg-x y md-y lg-y\" id=\"image_95808289\">\n\t\t\t\t\t\t\t\t<div class=\"img-inner dark\" style=\"margin:0px 0px 0px 0;\">\n\t\t\t<img loading=\"lazy\" decoding=\"async\" width=\"1020\" height=\"482\" src=\"https:\/\/ajax-alarme.ch\/wp-content\/uploads\/2021\/09\/tag-image.png\" class=\"attachment-large size-large\" alt=\"\" srcset=\"https:\/\/ajax-alarme.ch\/wp-content\/uploads\/2021\/09\/tag-image.png 1083w, https:\/\/ajax-alarme.ch\/wp-content\/uploads\/2021\/09\/tag-image-510x241.png 510w, https:\/\/ajax-alarme.ch\/wp-content\/uploads\/2021\/09\/tag-image-800x378.png 800w, https:\/\/ajax-alarme.ch\/wp-content\/uploads\/2021\/09\/tag-image-768x363.png 768w, https:\/\/ajax-alarme.ch\/wp-content\/uploads\/2021\/09\/tag-image-600x284.png 600w\" sizes=\"auto, (max-width: 1020px) 100vw, 1020px\" \/>\t\t\t\t\t\t\n\t\t\t\t\t<\/div>\n\t\t\t\t\t\t\t\t\n<style>\n#image_95808289 {\n  width: 97%;\n}\n<\/style>\n\t<\/div>\n\t\n\t\t<\/div>\n\t\t\t\t\t<\/div>\n\n\t\n\n\t<div id=\"col-1868834882\" class=\"col medium-5 small-12 large-5\"  >\n\t\t\t\t<div class=\"col-inner\"  >\n\t\t\t\n\t\t\t\n<h2>Specifiche tecniche<\/h2>\n<p>  Tecnologia utilizzata DESFire\u00ae Standard operativo ISO 14443-\u0410 (13,56 MHz) Possibilit\u00e0 di assegnare l&#8217;utente Numero massimo di hub collegati Fino a 13 Compatibilit\u00e0 con la tastiera che integra il lettore Dimensioni complessive 45 \u00d7 32 \u00d7 6 mm Peso 7 g<\/p>\n\t\t<\/div>\n\t\t\t\t\t<\/div>\n\n\t\n<\/div>\n","protected":false},"excerpt":{"rendered":"<p id=\"product_manufacturer\">Badge Desfire per tastiera con lettore di badge integrato.<\/p>\n","protected":false},"featured_media":5232,"comment_status":"closed","ping_status":"closed","template":"","meta":[],"product_brand":[],"product_cat":[131],"product_tag":[],"class_list":{"0":"post-3538","1":"product","2":"type-product","3":"status-publish","4":"has-post-thumbnail","6":"product_cat-tastiere-e-telecomandi","8":"first","9":"instock","10":"sale","11":"shipping-taxable","12":"purchasable","13":"product-type-variable"},"_links":{"self":[{"href":"https:\/\/ajax-alarme.ch\/it\/wp-json\/wp\/v2\/product\/3538","targetHints":{"allow":["GET"]}}],"collection":[{"href":"https:\/\/ajax-alarme.ch\/it\/wp-json\/wp\/v2\/product"}],"about":[{"href":"https:\/\/ajax-alarme.ch\/it\/wp-json\/wp\/v2\/types\/product"}],"replies":[{"embeddable":true,"href":"https:\/\/ajax-alarme.ch\/it\/wp-json\/wp\/v2\/comments?post=3538"}],"wp:featuredmedia":[{"embeddable":true,"href":"https:\/\/ajax-alarme.ch\/it\/wp-json\/wp\/v2\/media\/5232"}],"wp:attachment":[{"href":"https:\/\/ajax-alarme.ch\/it\/wp-json\/wp\/v2\/media?parent=3538"}],"wp:term":[{"taxonomy":"product_brand","embeddable":true,"href":"https:\/\/ajax-alarme.ch\/it\/wp-json\/wp\/v2\/product_brand?post=3538"},{"taxonomy":"product_cat","embeddable":true,"href":"https:\/\/ajax-alarme.ch\/it\/wp-json\/wp\/v2\/product_cat?post=3538"},{"taxonomy":"product_tag","embeddable":true,"href":"https:\/\/ajax-alarme.ch\/it\/wp-json\/wp\/v2\/product_tag?post=3538"}],"curies":[{"name":"wp","href":"https:\/\/api.w.org\/{rel}","templated":true}]}}