{"id":3534,"date":"2020-10-02T16:15:30","date_gmt":"2020-10-02T14:15:30","guid":{"rendered":"https:\/\/ajax-alarme.ch\/product\/kit-di-alimentazione-a-12-v-per-hub2-barca-caravan-altro\/"},"modified":"2025-08-05T19:17:15","modified_gmt":"2025-08-05T17:17:15","slug":"kit-di-alimentazione-a-12-v-per-hub2-barca-caravan-altro","status":"publish","type":"product","link":"https:\/\/ajax-alarme.ch\/it\/product\/kit-di-alimentazione-a-12-v-per-hub2-barca-caravan-altro\/","title":{"rendered":"Kit di alimentazione a 12 V per HUB2+ (barca, caravan, altro)"},"content":{"rendered":"<div class=\"container\">\n<div class=\"row\">\n<div class=\"col-12\">\n<h2><b>Kit di alimentazione per batteria da 12 V. Compatibile con Hub2<\/b><\/h2>\n<p>  Kit di alimentazione per HUB2+ con modulo di gestione dell&#8217;alimentazione stabilizzata a 12V.  <\/p>\n<h1><b>In un magazzino<\/b><\/h1>\n<p>  Utilizza il sistema di sicurezza con verifica dell&#8217;allarme visivo in edifici privi di tensione di rete o con alimentazione instabile. Con un&#8217;alimentazione a 12 V, puoi collegare concentratori di segnale e amplificatori a bassa tensione o utilizzare una batteria portatile.  <\/p>\n<h1><b>In un trailer<\/b><\/h1>\n<p>  Ajax protegge in casa, anche su ruote. Collega l&#8217;hub a una batteria per auto o portatile e lascia che il sistema di sicurezza venga con te.  <\/p>\n<h1><b>Su una barca \/ yacht<\/b><\/h1>\n<p>  Inserisci una scheda SIM, collega l&#8217;hub alla rete o alla batteria di bordo e Ajax si assicurer\u00e0 che la tua barca sia al sicuro in banchina.  <\/p>\n<h1><b>Compatibilit\u00e0<\/b><\/h1>\n<p>  Il pannello di alimentazione \u00e8 compatibile con l&#8217;Hub2+. Dispone di una presa standard per il collegamento della spina di alimentazione e di una presa adattatore aggiuntiva (TA).  <\/p>\n<h1><b>Installazione<\/b><\/h1>\n<p>  L&#8217;alimentatore a 12 V (PSU) viene installato all&#8217;interno dell&#8217;involucro dell&#8217;unit\u00e0 e sostituisce l&#8217;alimentatore a 110\/230 V preinstallato.  <\/p><\/div>\n<\/div>\n<\/div>\n<div class=\"row\"  id=\"row-1458731377\">\n\n\t<div id=\"col-709888735\" class=\"col medium-6 small-12 large-6\"  >\n\t\t\t\t<div class=\"col-inner\"  >\n\t\t\t\n\t\t\t\n<h1><b>Specifiche tecniche<\/b><\/h1>\n<p>  Compatibilit\u00e0: HUB2+ Tensione di ingresso: 6-28 V DC Tensione di uscita: 12 V \u00b1 3% Tensione di accensione: 12 V \u00b1 2,5% Corrente di ingresso :  &lt;1 \u0410 Corrente di uscita: 1,5 \u0410 Connessione: Presa: 6,5 \u00d7 2 mm Presa: 5,5 \u00d7 2,1 mm (presa di alimentazione) Dimensioni: 138 \u00d7 64 \u00d7 13 mm Montaggio: : Richiede il montaggio del terminale non incluso. Peso: 30 g<\/p>\n\t\t<\/div>\n\t\t\t\t\t<\/div>\n\n\t\n\n\t<div id=\"col-1560930601\" class=\"col medium-6 small-12 large-6\"  >\n\t\t\t\t<div class=\"col-inner\"  >\n\t\t\t\n\t\t\t\n\t<div class=\"img has-hover x md-x lg-x y md-y lg-y\" id=\"image_1215545567\">\n\t\t\t\t\t\t\t\t<div class=\"img-inner dark\" >\n\t\t\t<img loading=\"lazy\" decoding=\"async\" width=\"1000\" height=\"531\" src=\"https:\/\/ajax-alarme.ch\/wp-content\/uploads\/2020\/10\/12V.jpg\" class=\"attachment-large size-large\" alt=\"\" srcset=\"https:\/\/ajax-alarme.ch\/wp-content\/uploads\/2020\/10\/12V.jpg 1000w, https:\/\/ajax-alarme.ch\/wp-content\/uploads\/2020\/10\/12V-510x271.jpg 510w, https:\/\/ajax-alarme.ch\/wp-content\/uploads\/2020\/10\/12V-753x400.jpg 753w, https:\/\/ajax-alarme.ch\/wp-content\/uploads\/2020\/10\/12V-768x408.jpg 768w, https:\/\/ajax-alarme.ch\/wp-content\/uploads\/2020\/10\/12V-600x319.jpg 600w\" sizes=\"auto, (max-width: 1000px) 100vw, 1000px\" \/>\t\t\t\t\t\t\n\t\t\t\t\t<\/div>\n\t\t\t\t\t\t\t\t\n<style>\n#image_1215545567 {\n  width: 100%;\n}\n<\/style>\n\t<\/div>\n\t\n\t\t<\/div>\n\t\t\t\t\t<\/div>\n\n\t\n<\/div>\n","protected":false},"excerpt":{"rendered":"<p id=\"product_condition\">L&#8217;alimentazione a 12 V \u00e8 compatibile con HUB2+ e utilizza un modulo di stabilizzazione a 12 V incluso. Il modulo a 12 V deve essere installato nell&#8217;involucro dell&#8217;apparecchio e sostituisce l&#8217;alimentazione a 230V. L&#8217;alimentatore pu\u00f2 essere utilizzato in diversi luoghi, come un magazzino, una casa mobile o uno yacht.<\/p>\n","protected":false},"featured_media":2863,"comment_status":"closed","ping_status":"closed","template":"","meta":[],"product_brand":[],"product_cat":[138],"product_tag":[],"class_list":{"0":"post-3534","1":"product","2":"type-product","3":"status-publish","4":"has-post-thumbnail","6":"product_cat-accessori","8":"first","9":"instock","10":"sale","11":"shipping-taxable","12":"purchasable","13":"product-type-simple"},"_links":{"self":[{"href":"https:\/\/ajax-alarme.ch\/it\/wp-json\/wp\/v2\/product\/3534","targetHints":{"allow":["GET"]}}],"collection":[{"href":"https:\/\/ajax-alarme.ch\/it\/wp-json\/wp\/v2\/product"}],"about":[{"href":"https:\/\/ajax-alarme.ch\/it\/wp-json\/wp\/v2\/types\/product"}],"replies":[{"embeddable":true,"href":"https:\/\/ajax-alarme.ch\/it\/wp-json\/wp\/v2\/comments?post=3534"}],"wp:featuredmedia":[{"embeddable":true,"href":"https:\/\/ajax-alarme.ch\/it\/wp-json\/wp\/v2\/media\/2863"}],"wp:attachment":[{"href":"https:\/\/ajax-alarme.ch\/it\/wp-json\/wp\/v2\/media?parent=3534"}],"wp:term":[{"taxonomy":"product_brand","embeddable":true,"href":"https:\/\/ajax-alarme.ch\/it\/wp-json\/wp\/v2\/product_brand?post=3534"},{"taxonomy":"product_cat","embeddable":true,"href":"https:\/\/ajax-alarme.ch\/it\/wp-json\/wp\/v2\/product_cat?post=3534"},{"taxonomy":"product_tag","embeddable":true,"href":"https:\/\/ajax-alarme.ch\/it\/wp-json\/wp\/v2\/product_tag?post=3534"}],"curies":[{"name":"wp","href":"https:\/\/api.w.org\/{rel}","templated":true}]}}