{"id":3512,"date":"2021-02-27T15:23:59","date_gmt":"2021-02-27T14:23:59","guid":{"rendered":"https:\/\/ajax-alarme.ch\/product\/hub-plus-centrale-di-gestione-degli-allarmi-ajax-3g-ethernet-wifi-telecamera\/"},"modified":"2024-09-13T18:37:46","modified_gmt":"2024-09-13T16:37:46","slug":"hub-plus-centrale-di-gestione-degli-allarmi-ajax-3g-ethernet-wifi-telecamera","status":"publish","type":"product","link":"https:\/\/ajax-alarme.ch\/it\/product\/hub-plus-centrale-di-gestione-degli-allarmi-ajax-3g-ethernet-wifi-telecamera\/","title":{"rendered":"HUB Plus &#8211; Centrale di gestione degli allarmi AJAX (3G, Ethernet, Wifi, telecamera)"},"content":{"rendered":"<div class=\"row\"  id=\"row-256399350\">\n\n\t<div id=\"col-713489306\" class=\"col medium-6 small-12 large-6\"  >\n\t\t\t\t<div class=\"col-inner\"  >\n\t\t\t\n\t\t\t\n<div class=\"is-divider divider clearfix\" style=\"max-width:0px;\"><\/div>\n<h2><strong>HUB+ AJAX<\/strong><\/h2>\n<p>  Il dispositivo raccoglie informazioni sul funzionamento dei rilevatori in formato crittografato, analizza i dati e, in caso di allarme, avvisa il proprietario del sistema. Il pannello di controllo intelligente dell&#8217;Hub \u00e8 una parte importante del sistema di sicurezza Ajax. Questo HUB utilizza il GSM 3G o l&#8217;Ethernet (collegato al router di accesso a Internet), invia allarmi e notifiche e gestisce l&#8217;intero sistema. \u00c8 il cervello della vostra sicurezza. In caso di interruzione di corrente, funziona fino a 15 ore con la batteria di riserva incorporata. Controlla la funzionalit\u00e0 dei rilevatori almeno ogni 12 secondi.<\/p>\n\t\t<\/div>\n\t\t\t\t\t<\/div>\n\n\t\n\n\t<div id=\"col-109059362\" class=\"col medium-6 small-12 large-6\"  >\n\t\t\t\t<div class=\"col-inner\"  >\n\t\t\t\n\t\t\t\n\t<div class=\"img has-hover x md-x lg-x y md-y lg-y\" id=\"image_1593511897\">\n\t\t\t\t\t\t\t\t<div class=\"img-inner dark\" >\n\t\t\t<img loading=\"lazy\" decoding=\"async\" width=\"800\" height=\"800\" src=\"https:\/\/ajax-alarme.ch\/wp-content\/uploads\/2021\/02\/hub-ouvert.jpg\" class=\"attachment-large size-large\" alt=\"\" srcset=\"https:\/\/ajax-alarme.ch\/wp-content\/uploads\/2021\/02\/hub-ouvert.jpg 800w, https:\/\/ajax-alarme.ch\/wp-content\/uploads\/2021\/02\/hub-ouvert-247x247.jpg 247w, https:\/\/ajax-alarme.ch\/wp-content\/uploads\/2021\/02\/hub-ouvert-100x100.jpg 100w, https:\/\/ajax-alarme.ch\/wp-content\/uploads\/2021\/02\/hub-ouvert-510x510.jpg 510w, https:\/\/ajax-alarme.ch\/wp-content\/uploads\/2021\/02\/hub-ouvert-400x400.jpg 400w, https:\/\/ajax-alarme.ch\/wp-content\/uploads\/2021\/02\/hub-ouvert-280x280.jpg 280w, https:\/\/ajax-alarme.ch\/wp-content\/uploads\/2021\/02\/hub-ouvert-768x768.jpg 768w, https:\/\/ajax-alarme.ch\/wp-content\/uploads\/2021\/02\/hub-ouvert-300x300.jpg 300w, https:\/\/ajax-alarme.ch\/wp-content\/uploads\/2021\/02\/hub-ouvert-600x600.jpg 600w\" sizes=\"auto, (max-width: 800px) 100vw, 800px\" \/>\t\t\t\t\t\t\n\t\t\t\t\t<\/div>\n\t\t\t\t\t\t\t\t\n<style>\n#image_1593511897 {\n  width: 100%;\n}\n<\/style>\n\t<\/div>\n\t\n\t\t<\/div>\n\t\t\t\t\t<\/div>\n\n\t\n<\/div>\n<div class=\"is-divider divider clearfix\" style=\"max-width:0px;\"><\/div>\n<div class=\"row\"  id=\"row-1518936750\">\n\n\t<div id=\"col-1109054424\" class=\"col medium-6 small-12 large-6\"  >\n\t\t\t\t<div class=\"col-inner\"  >\n\t\t\t\n\t\t\t\n<div class=\"video video-fit mb\" style=\"padding-top:56.25%;\"><p><iframe loading=\"lazy\" title=\"Sc\u00e9narios (b\u00eata) : Comment configurer la r\u00e9ponse \u00e0 l&#039;armement\/d\u00e9sarmement d&#039;un appareil automatis\u00e9\" width=\"1020\" height=\"574\" src=\"https:\/\/www.youtube.com\/embed\/cEHZQWFuXBo?feature=oembed\" frameborder=\"0\" allow=\"accelerometer; autoplay; clipboard-write; encrypted-media; gyroscope; picture-in-picture; web-share\" referrerpolicy=\"strict-origin-when-cross-origin\" allowfullscreen><\/iframe><\/p>\n<\/div>\n\t<div class=\"img has-hover x md-x lg-x y md-y lg-y\" id=\"image_1713830781\">\n\t\t\t\t\t\t\t\t<div class=\"img-inner dark\" >\n\t\t\t<img loading=\"lazy\" decoding=\"async\" width=\"800\" height=\"420\" src=\"https:\/\/ajax-alarme.ch\/wp-content\/uploads\/2021\/02\/hubsenario.jpg\" class=\"attachment-large size-large\" alt=\"\" srcset=\"https:\/\/ajax-alarme.ch\/wp-content\/uploads\/2021\/02\/hubsenario.jpg 800w, https:\/\/ajax-alarme.ch\/wp-content\/uploads\/2021\/02\/hubsenario-510x268.jpg 510w, https:\/\/ajax-alarme.ch\/wp-content\/uploads\/2021\/02\/hubsenario-762x400.jpg 762w, https:\/\/ajax-alarme.ch\/wp-content\/uploads\/2021\/02\/hubsenario-768x403.jpg 768w, https:\/\/ajax-alarme.ch\/wp-content\/uploads\/2021\/02\/hubsenario-600x315.jpg 600w\" sizes=\"auto, (max-width: 800px) 100vw, 800px\" \/>\t\t\t\t\t\t\n\t\t\t\t\t<\/div>\n\t\t\t\t\t\t\t\t\n<style>\n#image_1713830781 {\n  width: 100%;\n}\n<\/style>\n\t<\/div>\n\t\n\t\t<\/div>\n\t\t\t\t\t<\/div>\n\n\t\n\n\t<div id=\"col-1238719569\" class=\"col medium-6 small-12 large-6\"  >\n\t\t\t\t<div class=\"col-inner\"  >\n\t\t\t\n\t\t\t\n<div class=\"is-divider divider clearfix\" style=\"max-width:0px;\"><\/div>\n<h2><strong>VANTAGGI E SCENARI<\/strong><\/h2>\n<p>  Il dispositivo raccoglie informazioni sul funzionamento del rilevatore in formato criptato, analizza i dati e avvisa il proprietario del sistema e la centrale di allarme in caso di allarme entro pochi millisecondi. Pronto per l&#8217;uso immediato. La configurazione avviene tramite l&#8217;applicazione mobile e i rilevatori vengono collegati con un semplice clic. \u00c8 possibile appenderlo in pochi minuti utilizzando lo SmartBracket. Utilizzate gli scenari Ajax non solo per insegnare al sistema di sicurezza a segnalare le minacce, ma anche a resistere attivamente. Regolate la modalit\u00e0 notturna in base all&#8217;ora del giorno, spegnete l&#8217;illuminazione dell&#8217;ufficio quando \u00e8 accesa, programmate l&#8217;accensione dei proiettori se i rilevatori di movimento esterni rilevano una presenza non autorizzata o implementate un sistema automatico di prevenzione degli allagamenti. Il sistema continua a eseguire gli scenari anche se la connessione ad Ajax Cloud viene persa.<\/p>\n\t\t<\/div>\n\t\t\t\t\t<\/div>\n\n\t\n<\/div>\n<div class=\"is-divider divider clearfix\" style=\"max-width:0px;\"><\/div>\n<div class=\"row\"  id=\"row-984804788\">\n\n\t<div id=\"col-1795020775\" class=\"col small-12 large-12\"  >\n\t\t\t\t<div class=\"col-inner\"  >\n\t\t\t\n\t\t\t\n\t<div class=\"img has-hover x md-x lg-x y md-y lg-y\" id=\"image_1823783953\">\n\t\t\t\t\t\t\t\t<div class=\"img-inner dark\" >\n\t\t\t<img loading=\"lazy\" decoding=\"async\" width=\"1020\" height=\"570\" src=\"https:\/\/ajax-alarme.ch\/wp-content\/uploads\/2021\/02\/Comparatif-HUB-1400x783.jpg\" class=\"attachment-large size-large\" alt=\"\" srcset=\"https:\/\/ajax-alarme.ch\/wp-content\/uploads\/2021\/02\/Comparatif-HUB-1400x783.jpg 1400w, https:\/\/ajax-alarme.ch\/wp-content\/uploads\/2021\/02\/Comparatif-HUB-510x285.jpg 510w, https:\/\/ajax-alarme.ch\/wp-content\/uploads\/2021\/02\/Comparatif-HUB-715x400.jpg 715w, https:\/\/ajax-alarme.ch\/wp-content\/uploads\/2021\/02\/Comparatif-HUB-768x430.jpg 768w, https:\/\/ajax-alarme.ch\/wp-content\/uploads\/2021\/02\/Comparatif-HUB-1536x859.jpg 1536w, https:\/\/ajax-alarme.ch\/wp-content\/uploads\/2021\/02\/Comparatif-HUB-600x336.jpg 600w, https:\/\/ajax-alarme.ch\/wp-content\/uploads\/2021\/02\/Comparatif-HUB.jpg 1612w\" sizes=\"auto, (max-width: 1020px) 100vw, 1020px\" \/>\t\t\t\t\t\t\n\t\t\t\t\t<\/div>\n\t\t\t\t\t\t\t\t\n<style>\n#image_1823783953 {\n  width: 100%;\n}\n<\/style>\n\t<\/div>\n\t\n\t\t<\/div>\n\t\t\t\t\t<\/div>\n\n\t\n<\/div>\n","protected":false},"excerpt":{"rendered":"<div id=\"short_description_block\">\n<div id=\"short_description_content\" class=\"rte align_justify\">La centrale di allarme 3G\/LAN\/Wifi consente di collegare fino a 100 dispositivi e di controllare l&#8217;allarme con estrema facilit\u00e0 dallo smartphone. Le dimensioni e il design di questa unit\u00e0 di controllo fanno s\u00ec che il cuore del sistema sia del tutto discreto.<\/div>\n<\/div>\n","protected":false},"featured_media":2734,"comment_status":"closed","ping_status":"closed","template":"","meta":[],"product_brand":[],"product_cat":[164],"product_tag":[],"class_list":{"0":"post-3512","1":"product","2":"type-product","3":"status-publish","4":"has-post-thumbnail","6":"product_cat-hub-ajax-it","8":"first","9":"instock","10":"sale","11":"shipping-taxable","12":"purchasable","13":"product-type-variable"},"_links":{"self":[{"href":"https:\/\/ajax-alarme.ch\/it\/wp-json\/wp\/v2\/product\/3512","targetHints":{"allow":["GET"]}}],"collection":[{"href":"https:\/\/ajax-alarme.ch\/it\/wp-json\/wp\/v2\/product"}],"about":[{"href":"https:\/\/ajax-alarme.ch\/it\/wp-json\/wp\/v2\/types\/product"}],"replies":[{"embeddable":true,"href":"https:\/\/ajax-alarme.ch\/it\/wp-json\/wp\/v2\/comments?post=3512"}],"wp:featuredmedia":[{"embeddable":true,"href":"https:\/\/ajax-alarme.ch\/it\/wp-json\/wp\/v2\/media\/2734"}],"wp:attachment":[{"href":"https:\/\/ajax-alarme.ch\/it\/wp-json\/wp\/v2\/media?parent=3512"}],"wp:term":[{"taxonomy":"product_brand","embeddable":true,"href":"https:\/\/ajax-alarme.ch\/it\/wp-json\/wp\/v2\/product_brand?post=3512"},{"taxonomy":"product_cat","embeddable":true,"href":"https:\/\/ajax-alarme.ch\/it\/wp-json\/wp\/v2\/product_cat?post=3512"},{"taxonomy":"product_tag","embeddable":true,"href":"https:\/\/ajax-alarme.ch\/it\/wp-json\/wp\/v2\/product_tag?post=3512"}],"curies":[{"name":"wp","href":"https:\/\/api.w.org\/{rel}","templated":true}]}}