{"id":3511,"date":"2021-02-14T14:57:34","date_gmt":"2021-02-14T13:57:34","guid":{"rendered":"https:\/\/ajax-alarme.ch\/product\/combiprotect-rilevatore-di-movimento-con-sensore-di-rottura-del-vetro\/"},"modified":"2024-09-13T18:37:56","modified_gmt":"2024-09-13T16:37:56","slug":"combiprotect-rilevatore-di-movimento-con-sensore-di-rottura-del-vetro","status":"publish","type":"product","link":"https:\/\/ajax-alarme.ch\/it\/product\/combiprotect-rilevatore-di-movimento-con-sensore-di-rottura-del-vetro\/","title":{"rendered":"CombiProtect &#8211; Rilevatore di movimento con sensore di rottura del vetro."},"content":{"rendered":"<div class=\"row\"  id=\"row-1575916778\">\n\n\t<div id=\"col-1717618196\" class=\"col medium-6 small-12 large-6\"  >\n\t\t\t\t<div class=\"col-inner\"  >\n\t\t\t\n\t\t\t\n<div class=\"is-divider divider clearfix\" style=\"max-width:0px;\"><\/div>\n<h2><strong>Rilevatore di movimento e di rottura del vetro.<\/strong><\/h2>\n<p>  Il dispositivo combina le funzioni di due rilevatori: un rilevatore di movimento e un rilevatore di rottura del vetro. Rileva i movimenti nella stanza a una distanza massima di 12 m e rileva i vetri rotti a una distanza massima di 9 m dalla finestra.<\/p>\n\t\t<\/div>\n\t\t\t\t\t<\/div>\n\n\t\n\n\t<div id=\"col-1346411881\" class=\"col medium-6 small-12 large-6\"  >\n\t\t\t\t<div class=\"col-inner\"  >\n\t\t\t\n\t\t\t\n\t<div class=\"img has-hover x md-x lg-x y md-y lg-y\" id=\"image_212458188\">\n\t\t\t\t\t\t\t\t<div class=\"img-inner dark\" >\n\t\t\t<img loading=\"lazy\" decoding=\"async\" width=\"1020\" height=\"552\" src=\"https:\/\/ajax-alarme.ch\/wp-content\/uploads\/2021\/02\/motionprotect.jpg\" class=\"attachment-large size-large\" alt=\"\" srcset=\"https:\/\/ajax-alarme.ch\/wp-content\/uploads\/2021\/02\/motionprotect.jpg 1024w, https:\/\/ajax-alarme.ch\/wp-content\/uploads\/2021\/02\/motionprotect-510x276.jpg 510w, https:\/\/ajax-alarme.ch\/wp-content\/uploads\/2021\/02\/motionprotect-739x400.jpg 739w, https:\/\/ajax-alarme.ch\/wp-content\/uploads\/2021\/02\/motionprotect-768x416.jpg 768w, https:\/\/ajax-alarme.ch\/wp-content\/uploads\/2021\/02\/motionprotect-600x325.jpg 600w\" sizes=\"auto, (max-width: 1020px) 100vw, 1020px\" \/>\t\t\t\t\t\t\n\t\t\t\t\t<\/div>\n\t\t\t\t\t\t\t\t\n<style>\n#image_212458188 {\n  width: 100%;\n}\n<\/style>\n\t<\/div>\n\t\n\t\t<\/div>\n\t\t\t\t\t<\/div>\n\n\t\n<\/div>\n<div class=\"is-divider divider clearfix\" style=\"max-width:0px;\"><\/div>\n<div class=\"row\"  id=\"row-1726787774\">\n\n\t<div id=\"col-895180146\" class=\"col medium-6 small-12 large-6\"  >\n\t\t\t\t<div class=\"col-inner\"  >\n\t\t\t\n\t\t\t\n<div class=\"is-divider divider clearfix\" style=\"max-width:0px;\"><\/div>\n\t<div class=\"img has-hover x md-x lg-x y md-y lg-y\" id=\"image_605655625\">\n\t\t\t\t\t\t\t\t<div class=\"img-inner dark\" >\n\t\t\t<img loading=\"lazy\" decoding=\"async\" width=\"1020\" height=\"762\" src=\"https:\/\/ajax-alarme.ch\/wp-content\/uploads\/2021\/02\/motionposition-1071x800.jpg\" class=\"attachment-large size-large\" alt=\"\" srcset=\"https:\/\/ajax-alarme.ch\/wp-content\/uploads\/2021\/02\/motionposition-1071x800.jpg 1071w, https:\/\/ajax-alarme.ch\/wp-content\/uploads\/2021\/02\/motionposition-510x381.jpg 510w, https:\/\/ajax-alarme.ch\/wp-content\/uploads\/2021\/02\/motionposition-536x400.jpg 536w, https:\/\/ajax-alarme.ch\/wp-content\/uploads\/2021\/02\/motionposition-768x573.jpg 768w, https:\/\/ajax-alarme.ch\/wp-content\/uploads\/2021\/02\/motionposition-600x448.jpg 600w, https:\/\/ajax-alarme.ch\/wp-content\/uploads\/2021\/02\/motionposition.jpg 1200w\" sizes=\"auto, (max-width: 1020px) 100vw, 1020px\" \/>\t\t\t\t\t\t\n\t\t\t\t\t<\/div>\n\t\t\t\t\t\t\t\t\n<style>\n#image_605655625 {\n  width: 100%;\n}\n<\/style>\n\t<\/div>\n\t\n\t\t<\/div>\n\t\t\t\t\t<\/div>\n\n\t\n\n\t<div id=\"col-170644555\" class=\"col medium-6 small-12 large-6\"  >\n\t\t\t\t<div class=\"col-inner\"  >\n\t\t\t\n\t\t\t\n<div class=\"is-divider divider clearfix\" style=\"max-width:0px;\"><\/div>\n<h2><strong>Immune ai falsi allarmi<\/strong><\/h2>\n<p>  Il dispositivo rileva il movimento anche in climi caldi grazie alla compensazione della temperatura. Filtra i falsi allarmi causati da tuoni, cani che abbaiano o dal rumore dei camion in transito. Siete alla ricerca di un sistema di sicurezza che rilevi anche i vetri rotti? Allora Ajax CombiProtect \u00e8 la scelta migliore. Ajax CombiProtect accetta animali domestici e ignora animali fino a 20 kg e 50 cm di altezza. Questo rilevatore di movimento \u00e8 dotato anche di un rilevatore di rottura vetri in grado di rilevare la rottura di vetri fino a 9 metri di distanza. Potete monitorare il sistema tramite l&#8217;applicazione Ajax Security System sul vostro telefono, in modo da essere sempre al corrente della situazione in casa vostra!<\/p>\n\t\t<\/div>\n\t\t\t\t\t<\/div>\n\n\t\n<\/div>\n<div class=\"is-divider divider clearfix\" style=\"max-width:0px;\"><\/div>\n<div class=\"row\"  id=\"row-753553685\">\n\n\t<div id=\"col-1529025126\" class=\"col medium-6 small-12 large-6\"  >\n\t\t\t\t<div class=\"col-inner\"  >\n\t\t\t\n\t\t\t\n<h2>Specifiche tecniche<\/h2>\n<p>  Compatibilit\u00e0: Tutte le centrali di allarme, rel\u00e8 radio, ocBridge, uartbridge Immunit\u00e0: Agli animali di peso inferiore a 20 kg Angolo di rilevamento del movimento: Orizzontale 88,5\u00b0 \/ Verticale 80\u00b0 Distanza massima di rilevamento del movimento: 12 m Angolo di rilevamento della rottura: 180\u00b0 Distanza massima di rilevamento della rottura: 9 m Immunit\u00e0 agli animali domestici: S\u00ec, fino a 20 kg \/ fino a 50 cm Alimentazione: CR123A Temperatura: da -10\u00b0C a +40\u00b0C Dimensioni: 110 x 65 x 50 mm Peso: 92 g<\/p>\n\t\t<\/div>\n\t\t\t\t\t<\/div>\n\n\t\n\n\t<div id=\"col-1029125044\" class=\"col medium-6 small-12 large-6\"  >\n\t\t\t\t<div class=\"col-inner\"  >\n\t\t\t\n\t\t\t\n<div class=\"is-divider divider clearfix\" style=\"max-width:0px;\"><\/div>\n\t<div class=\"img has-hover x md-x lg-x y md-y lg-y\" id=\"image_1173176110\">\n\t\t\t\t\t\t\t\t<div class=\"img-inner dark\" >\n\t\t\t<img loading=\"lazy\" decoding=\"async\" width=\"875\" height=\"500\" src=\"https:\/\/ajax-alarme.ch\/wp-content\/uploads\/2021\/02\/position.jpg\" class=\"attachment-large size-large\" alt=\"\" srcset=\"https:\/\/ajax-alarme.ch\/wp-content\/uploads\/2021\/02\/position.jpg 875w, https:\/\/ajax-alarme.ch\/wp-content\/uploads\/2021\/02\/position-510x291.jpg 510w, https:\/\/ajax-alarme.ch\/wp-content\/uploads\/2021\/02\/position-700x400.jpg 700w, https:\/\/ajax-alarme.ch\/wp-content\/uploads\/2021\/02\/position-768x439.jpg 768w, https:\/\/ajax-alarme.ch\/wp-content\/uploads\/2021\/02\/position-600x343.jpg 600w\" sizes=\"auto, (max-width: 875px) 100vw, 875px\" \/>\t\t\t\t\t\t\n\t\t\t\t\t<\/div>\n\t\t\t\t\t\t\t\t\n<style>\n#image_1173176110 {\n  width: 100%;\n}\n<\/style>\n\t<\/div>\n\t\n\t\t<\/div>\n\t\t\t\t\t<\/div>\n\n\t\n<\/div>\n","protected":false},"excerpt":{"rendered":"<p>Rileva la presenza umana in base alla differenza di temperatura con la radiazione termica di fondo. Il sensore a microonde evita i falsi allarmi causati da interferenze complesse.<\/p>\n","protected":false},"featured_media":5244,"comment_status":"closed","ping_status":"closed","template":"","meta":[],"product_brand":[],"product_cat":[145,155],"product_tag":[],"class_list":{"0":"post-3511","1":"product","2":"type-product","3":"status-publish","4":"has-post-thumbnail","6":"product_cat-rilevatori-di-movimento","7":"product_cat-rilevatori-di-rottura-del-vetro","9":"first","10":"instock","11":"sale","12":"shipping-taxable","13":"purchasable","14":"product-type-variable"},"_links":{"self":[{"href":"https:\/\/ajax-alarme.ch\/it\/wp-json\/wp\/v2\/product\/3511","targetHints":{"allow":["GET"]}}],"collection":[{"href":"https:\/\/ajax-alarme.ch\/it\/wp-json\/wp\/v2\/product"}],"about":[{"href":"https:\/\/ajax-alarme.ch\/it\/wp-json\/wp\/v2\/types\/product"}],"replies":[{"embeddable":true,"href":"https:\/\/ajax-alarme.ch\/it\/wp-json\/wp\/v2\/comments?post=3511"}],"wp:featuredmedia":[{"embeddable":true,"href":"https:\/\/ajax-alarme.ch\/it\/wp-json\/wp\/v2\/media\/5244"}],"wp:attachment":[{"href":"https:\/\/ajax-alarme.ch\/it\/wp-json\/wp\/v2\/media?parent=3511"}],"wp:term":[{"taxonomy":"product_brand","embeddable":true,"href":"https:\/\/ajax-alarme.ch\/it\/wp-json\/wp\/v2\/product_brand?post=3511"},{"taxonomy":"product_cat","embeddable":true,"href":"https:\/\/ajax-alarme.ch\/it\/wp-json\/wp\/v2\/product_cat?post=3511"},{"taxonomy":"product_tag","embeddable":true,"href":"https:\/\/ajax-alarme.ch\/it\/wp-json\/wp\/v2\/product_tag?post=3511"}],"curies":[{"name":"wp","href":"https:\/\/api.w.org\/{rel}","templated":true}]}}