{"id":3488,"date":"2020-10-02T15:51:55","date_gmt":"2020-10-02T13:51:55","guid":{"rendered":"https:\/\/ajax-alarme.ch\/product\/coperchio-di-protezione-per-il-rilevatore-da-esterno\/"},"modified":"2024-09-13T18:38:15","modified_gmt":"2024-09-13T16:38:15","slug":"coperchio-di-protezione-per-il-rilevatore-da-esterno","status":"publish","type":"product","link":"https:\/\/ajax-alarme.ch\/it\/product\/coperchio-di-protezione-per-il-rilevatore-da-esterno\/","title":{"rendered":"Coperchio di protezione per il rilevatore da esterno"},"content":{"rendered":"<div class=\"row\"  id=\"row-1942591205\">\n\n\t<div id=\"col-946114783\" class=\"col medium-3 small-12 large-3\"  >\n\t\t\t\t<div class=\"col-inner\"  >\n\t\t\t\n\t\t\t\n\t\t<\/div>\n\t\t\t\t\t<\/div>\n\n\t\n\n\t<div id=\"col-1049288082\" class=\"col medium-6 small-12 large-6\"  >\n\t\t\t\t<div class=\"col-inner\"  >\n\t\t\t\n\t\t\t\n\t<div class=\"img has-hover x md-x lg-x y md-y lg-y\" id=\"image_2079246482\">\n\t\t\t\t\t\t\t\t<div class=\"img-inner dark\" >\n\t\t\t<img loading=\"lazy\" decoding=\"async\" width=\"1020\" height=\"536\" src=\"https:\/\/ajax-alarme.ch\/wp-content\/uploads\/2021\/02\/casquette.jpg\" class=\"attachment-large size-large\" alt=\"\" srcset=\"https:\/\/ajax-alarme.ch\/wp-content\/uploads\/2021\/02\/casquette.jpg 1200w, https:\/\/ajax-alarme.ch\/wp-content\/uploads\/2021\/02\/casquette-510x268.jpg 510w, https:\/\/ajax-alarme.ch\/wp-content\/uploads\/2021\/02\/casquette-762x400.jpg 762w, https:\/\/ajax-alarme.ch\/wp-content\/uploads\/2021\/02\/casquette-768x403.jpg 768w, https:\/\/ajax-alarme.ch\/wp-content\/uploads\/2021\/02\/casquette-600x315.jpg 600w\" sizes=\"auto, (max-width: 1020px) 100vw, 1020px\" \/>\t\t\t\t\t\t\n\t\t\t\t\t<\/div>\n\t\t\t\t\t\t\t\t\n<style>\n#image_2079246482 {\n  width: 100%;\n}\n<\/style>\n\t<\/div>\n\t\n\t\t<\/div>\n\t\t\t\t\t<\/div>\n\n\t\n\n\t<div id=\"col-1399997689\" class=\"col medium-3 small-12 large-3\"  >\n\t\t\t\t<div class=\"col-inner\"  >\n\t\t\t\n\t\t\t\n\t\t<\/div>\n\t\t\t\t\t<\/div>\n\n\t\n<\/div>\n<h2><strong>Le tempeste di neve non saranno pi\u00f9 un problema<\/strong><\/h2>\n<p>  Oltre agli intrusi, la neve pu\u00f2 interferire con il normale funzionamento del rilevatore. Pu\u00f2 attaccarsi ai sensori antimascheramento, bloccandone il campo visivo e causando un falso allarme. Il cappuccio protegge il MotionProtect Outdoor dalla neve.  <\/p>\n<h2><strong>Funzionamento affidabile, anche sotto la pioggia<\/strong><\/h2>\n<p>  I sensori antimascheramento reagiscono alla vernice spray. Tuttavia, una pioggia intensa e prolungata pu\u00f2 causare disagi. La cappa protegge il MotionProtect Outdoor durante i temporali, prevenendo qualsiasi interruzione causata da falsi allarmi.  <\/p>\n<h2><strong>Non \u00e8 necessario smontare<\/strong><\/h2>\n<p>  La cappa pu\u00f2 essere applicata a MotionProtect Outdoor senza dover rimuovere il rilevatore dal suo supporto. L&#8217;accessorio viene fornito con tutto il necessario per l&#8217;installazione.  <\/p>\n<h2><strong>MotionProtect Outdoor<\/strong><\/h2>\n<p>  MotionProtect Outdoor rileva qualsiasi ingresso non autorizzato nell&#8217;area protetta. Il rilevatore protegge l&#8217;esterno di abitazioni, magazzini, aree di consegna e zone riservate. Grazie all&#8217;algoritmo digitale LISA, MotionProtect Outdoor ignora gli animali domestici e i rami scossi dal vento.  <\/p>\n<h2><strong>Specifiche tecniche<\/strong><\/h2>\n<p>  Classificazione: Copertura per MotionProtect Outdoor Metodo di montaggio: Nastro adesivo a doppio bloccaggio Temperatura di funzionamento: Da -25\u00b0\u0421 a +60\u00b0\u0421 Umidit\u00e0 di funzionamento: Fino al 100% Dimensioni: 110 \u00d7 96 \u00d7 90 mm Peso: 71 g<\/p>\n","protected":false},"excerpt":{"rendered":"<p id=\"product_condition\">Il coperchio di protezione per i rilevatori di movimento da esterno protegge il rilevatore dalle intemperie. Una tempesta di neve o una pioggia intensa e prolungata possono disturbare il funzionamento del rilevatore che, grazie alla copertura, evita qualsiasi interruzione che potrebbe causare falsi allarmi.<\/p>\n","protected":false},"featured_media":2239,"comment_status":"closed","ping_status":"closed","template":"","meta":[],"product_brand":[],"product_cat":[138],"product_tag":[],"class_list":{"0":"post-3488","1":"product","2":"type-product","3":"status-publish","4":"has-post-thumbnail","6":"product_cat-accessori","8":"first","9":"instock","10":"sale","11":"shipping-taxable","12":"purchasable","13":"product-type-simple"},"_links":{"self":[{"href":"https:\/\/ajax-alarme.ch\/it\/wp-json\/wp\/v2\/product\/3488","targetHints":{"allow":["GET"]}}],"collection":[{"href":"https:\/\/ajax-alarme.ch\/it\/wp-json\/wp\/v2\/product"}],"about":[{"href":"https:\/\/ajax-alarme.ch\/it\/wp-json\/wp\/v2\/types\/product"}],"replies":[{"embeddable":true,"href":"https:\/\/ajax-alarme.ch\/it\/wp-json\/wp\/v2\/comments?post=3488"}],"wp:featuredmedia":[{"embeddable":true,"href":"https:\/\/ajax-alarme.ch\/it\/wp-json\/wp\/v2\/media\/2239"}],"wp:attachment":[{"href":"https:\/\/ajax-alarme.ch\/it\/wp-json\/wp\/v2\/media?parent=3488"}],"wp:term":[{"taxonomy":"product_brand","embeddable":true,"href":"https:\/\/ajax-alarme.ch\/it\/wp-json\/wp\/v2\/product_brand?post=3488"},{"taxonomy":"product_cat","embeddable":true,"href":"https:\/\/ajax-alarme.ch\/it\/wp-json\/wp\/v2\/product_cat?post=3488"},{"taxonomy":"product_tag","embeddable":true,"href":"https:\/\/ajax-alarme.ch\/it\/wp-json\/wp\/v2\/product_tag?post=3488"}],"curies":[{"name":"wp","href":"https:\/\/api.w.org\/{rel}","templated":true}]}}