{"id":3465,"date":"2020-10-02T10:56:55","date_gmt":"2020-10-02T08:56:55","guid":{"rendered":"https:\/\/ajax-alarme.ch\/product\/motionprotect-plus-rilevatore-di-movimento-e-mw-per-ambienti-difficili\/"},"modified":"2024-09-13T18:36:01","modified_gmt":"2024-09-13T16:36:01","slug":"motionprotect-plus-rilevatore-di-movimento-e-mw-per-ambienti-difficili","status":"publish","type":"product","link":"https:\/\/ajax-alarme.ch\/it\/product\/motionprotect-plus-rilevatore-di-movimento-e-mw-per-ambienti-difficili\/","title":{"rendered":"MotionProtect Plus &#8211; Rilevatore di movimento e MW. Per ambienti difficili."},"content":{"rendered":"<div class=\"row\"  id=\"row-135219544\">\n\n\t<div id=\"col-1864031674\" class=\"col medium-6 small-12 large-6\"  >\n\t\t\t\t<div class=\"col-inner\"  >\n\t\t\t\n\t\t\t\n<div class=\"is-divider divider clearfix\" style=\"max-width:0px;\"><\/div>\n<h2><strong>Rilevatore di movimento a doppia tecnologia.<\/strong><\/h2>\n<p>  MotionProtect Plus \u00e8 una combinazione di due formidabili tecnologie, in grado di rilevare qualsiasi movimento sospetto nel suo campo di sorveglianza. Il rilevamento a infrarossi con il suo sensore termico reagisce al movimento a una temperatura che si avvicina a quella di un essere umano. Sono tollerati animali di peso non superiore a 20 kg e di dimensioni non superiori a 50 cm.<\/p>\n\t\t<\/div>\n\t\t\t\t\t<\/div>\n\n\t\n\n\t<div id=\"col-1033705989\" class=\"col medium-6 small-12 large-6\"  >\n\t\t\t\t<div class=\"col-inner\"  >\n\t\t\t\n\t\t\t\n\t<div class=\"img has-hover x md-x lg-x y md-y lg-y\" id=\"image_1441643227\">\n\t\t\t\t\t\t\t\t<div class=\"img-inner dark\" >\n\t\t\t<img loading=\"lazy\" decoding=\"async\" width=\"1020\" height=\"552\" src=\"https:\/\/ajax-alarme.ch\/wp-content\/uploads\/2021\/02\/motionprotect.jpg\" class=\"attachment-large size-large\" alt=\"\" srcset=\"https:\/\/ajax-alarme.ch\/wp-content\/uploads\/2021\/02\/motionprotect.jpg 1024w, https:\/\/ajax-alarme.ch\/wp-content\/uploads\/2021\/02\/motionprotect-510x276.jpg 510w, https:\/\/ajax-alarme.ch\/wp-content\/uploads\/2021\/02\/motionprotect-739x400.jpg 739w, https:\/\/ajax-alarme.ch\/wp-content\/uploads\/2021\/02\/motionprotect-768x416.jpg 768w, https:\/\/ajax-alarme.ch\/wp-content\/uploads\/2021\/02\/motionprotect-600x325.jpg 600w\" sizes=\"auto, (max-width: 1020px) 100vw, 1020px\" \/>\t\t\t\t\t\t\n\t\t\t\t\t<\/div>\n\t\t\t\t\t\t\t\t\n<style>\n#image_1441643227 {\n  width: 100%;\n}\n<\/style>\n\t<\/div>\n\t\n\t\t<\/div>\n\t\t\t\t\t<\/div>\n\n\t\n<\/div>\n<div class=\"is-divider divider clearfix\" style=\"max-width:0px;\"><\/div>\n<div class=\"row\"  id=\"row-1729198474\">\n\n\t<div id=\"col-1826138383\" class=\"col medium-6 small-12 large-6\"  >\n\t\t\t\t<div class=\"col-inner\"  >\n\t\t\t\n\t\t\t\n<div class=\"is-divider divider clearfix\" style=\"max-width:0px;\"><\/div>\n\t<div class=\"img has-hover x md-x lg-x y md-y lg-y\" id=\"image_1002989474\">\n\t\t\t\t\t\t\t\t<div class=\"img-inner dark\" >\n\t\t\t<img loading=\"lazy\" decoding=\"async\" width=\"1020\" height=\"762\" src=\"https:\/\/ajax-alarme.ch\/wp-content\/uploads\/2021\/02\/motionposition-1071x800.jpg\" class=\"attachment-large size-large\" alt=\"\" srcset=\"https:\/\/ajax-alarme.ch\/wp-content\/uploads\/2021\/02\/motionposition-1071x800.jpg 1071w, https:\/\/ajax-alarme.ch\/wp-content\/uploads\/2021\/02\/motionposition-510x381.jpg 510w, https:\/\/ajax-alarme.ch\/wp-content\/uploads\/2021\/02\/motionposition-536x400.jpg 536w, https:\/\/ajax-alarme.ch\/wp-content\/uploads\/2021\/02\/motionposition-768x573.jpg 768w, https:\/\/ajax-alarme.ch\/wp-content\/uploads\/2021\/02\/motionposition-600x448.jpg 600w, https:\/\/ajax-alarme.ch\/wp-content\/uploads\/2021\/02\/motionposition.jpg 1200w\" sizes=\"auto, (max-width: 1020px) 100vw, 1020px\" \/>\t\t\t\t\t\t\n\t\t\t\t\t<\/div>\n\t\t\t\t\t\t\t\t\n<style>\n#image_1002989474 {\n  width: 100%;\n}\n<\/style>\n\t<\/div>\n\t\n\t\t<\/div>\n\t\t\t\t\t<\/div>\n\n\t\n\n\t<div id=\"col-388612346\" class=\"col medium-6 small-12 large-6\"  >\n\t\t\t\t<div class=\"col-inner\"  >\n\t\t\t\n\t\t\t\n<div class=\"is-divider divider clearfix\" style=\"max-width:0px;\"><\/div>\n<h2><strong>Micro-onde, i vantaggi<\/strong><\/h2>\n<p>  Il rilevamento a microonde agisce quindi come un radar, scansionando l&#8217;area di pericolo in radiofrequenza per confermare qualsiasi intrusione. Questo rilevatore di movimento wireless \u00e8 stato appositamente progettato per analizzare e ignorare i falsi allarmi legati al flusso d&#8217;aria, ai camini, ai condizionatori d&#8217;aria e all&#8217;abbagliamento della stanza. Rileva la presenza umana in base alla differenza di temperatura con la radiazione termica di fondo. Il sensore a microonde evita i falsi allarmi causati da interferenze complesse, come radiatori, camini, correnti d&#8217;aria o altri ambienti difficili per i sensori a infrarossi standard.<\/p>\n\t\t<\/div>\n\t\t\t\t\t<\/div>\n\n\t\n<\/div>\n<div class=\"is-divider divider clearfix\" style=\"max-width:0px;\"><\/div>\n<div class=\"row\"  id=\"row-1457648290\">\n\n\t<div id=\"col-389408860\" class=\"col medium-6 small-12 large-6\"  >\n\t\t\t\t<div class=\"col-inner\"  >\n\t\t\t\n\t\t\t\n<h2>Specifiche tecniche<\/h2>\n<p>  Compatibilit\u00e0: Tutte le centrali di allarme, rel\u00e8 radio, ocBridge, uartbridge Immunit\u00e0: Agli animali di peso inferiore a 20 kg Angolo di rilevamento del movimento: Orizzontale 88,5\u00b0 \/ Verticale 80\u00b0 Distanza massima di rilevamento del movimento: 12 m Angolo di rilevamento della rottura: 180\u00b0 Distanza massima di rilevamento della rottura: 9 m Immunit\u00e0 agli animali domestici: S\u00ec, fino a 20 kg \/ fino a 50 cm Alimentazione: CR123A Temperatura: da -10\u00b0C a +40\u00b0C Dimensioni: 110 x 65 x 50 mm Peso: 92 g<\/p>\n\t\t<\/div>\n\t\t\t\t\t<\/div>\n\n\t\n\n\t<div id=\"col-779506076\" class=\"col medium-6 small-12 large-6\"  >\n\t\t\t\t<div class=\"col-inner\"  >\n\t\t\t\n\t\t\t\n<div class=\"is-divider divider clearfix\" style=\"max-width:0px;\"><\/div>\n\t<div class=\"img has-hover x md-x lg-x y md-y lg-y\" id=\"image_1267003010\">\n\t\t\t\t\t\t\t\t<div class=\"img-inner dark\" >\n\t\t\t<img loading=\"lazy\" decoding=\"async\" width=\"875\" height=\"500\" src=\"https:\/\/ajax-alarme.ch\/wp-content\/uploads\/2021\/02\/position.jpg\" class=\"attachment-large size-large\" alt=\"\" srcset=\"https:\/\/ajax-alarme.ch\/wp-content\/uploads\/2021\/02\/position.jpg 875w, https:\/\/ajax-alarme.ch\/wp-content\/uploads\/2021\/02\/position-510x291.jpg 510w, https:\/\/ajax-alarme.ch\/wp-content\/uploads\/2021\/02\/position-700x400.jpg 700w, https:\/\/ajax-alarme.ch\/wp-content\/uploads\/2021\/02\/position-768x439.jpg 768w, https:\/\/ajax-alarme.ch\/wp-content\/uploads\/2021\/02\/position-600x343.jpg 600w\" sizes=\"auto, (max-width: 875px) 100vw, 875px\" \/>\t\t\t\t\t\t\n\t\t\t\t\t<\/div>\n\t\t\t\t\t\t\t\t\n<style>\n#image_1267003010 {\n  width: 100%;\n}\n<\/style>\n\t<\/div>\n\t\n\t\t<\/div>\n\t\t\t\t\t<\/div>\n\n\t\n<\/div>\n","protected":false},"excerpt":{"rendered":"<p id=\"product_manufacturer\">Rileva la presenza umana in base alla differenza di temperatura con la radiazione termica di fondo. Il sensore a microonde evita i falsi allarmi causati da interferenze complesse.<\/p>\n","protected":false},"featured_media":5260,"comment_status":"closed","ping_status":"closed","template":"","meta":[],"product_brand":[],"product_cat":[145],"product_tag":[],"class_list":{"0":"post-3465","1":"product","2":"type-product","3":"status-publish","4":"has-post-thumbnail","6":"product_cat-rilevatori-di-movimento","8":"first","9":"instock","10":"sale","11":"shipping-taxable","12":"purchasable","13":"product-type-variable"},"_links":{"self":[{"href":"https:\/\/ajax-alarme.ch\/it\/wp-json\/wp\/v2\/product\/3465","targetHints":{"allow":["GET"]}}],"collection":[{"href":"https:\/\/ajax-alarme.ch\/it\/wp-json\/wp\/v2\/product"}],"about":[{"href":"https:\/\/ajax-alarme.ch\/it\/wp-json\/wp\/v2\/types\/product"}],"replies":[{"embeddable":true,"href":"https:\/\/ajax-alarme.ch\/it\/wp-json\/wp\/v2\/comments?post=3465"}],"wp:featuredmedia":[{"embeddable":true,"href":"https:\/\/ajax-alarme.ch\/it\/wp-json\/wp\/v2\/media\/5260"}],"wp:attachment":[{"href":"https:\/\/ajax-alarme.ch\/it\/wp-json\/wp\/v2\/media?parent=3465"}],"wp:term":[{"taxonomy":"product_brand","embeddable":true,"href":"https:\/\/ajax-alarme.ch\/it\/wp-json\/wp\/v2\/product_brand?post=3465"},{"taxonomy":"product_cat","embeddable":true,"href":"https:\/\/ajax-alarme.ch\/it\/wp-json\/wp\/v2\/product_cat?post=3465"},{"taxonomy":"product_tag","embeddable":true,"href":"https:\/\/ajax-alarme.ch\/it\/wp-json\/wp\/v2\/product_tag?post=3465"}],"curies":[{"name":"wp","href":"https:\/\/api.w.org\/{rel}","templated":true}]}}