{"id":3456,"date":"2020-10-02T15:21:06","date_gmt":"2020-10-02T13:21:06","guid":{"rendered":"https:\/\/ajax-alarme.ch\/product\/rele-rele-di-controllo-per-cancelli-garage-ecc\/"},"modified":"2024-09-13T18:36:35","modified_gmt":"2024-09-13T16:36:35","slug":"rele-rele-di-controllo-per-cancelli-garage-ecc","status":"publish","type":"product","link":"https:\/\/ajax-alarme.ch\/it\/product\/rele-rele-di-controllo-per-cancelli-garage-ecc\/","title":{"rendered":"Rel\u00e8 &#8211; Rel\u00e8 di controllo per cancelli, garage, ecc."},"content":{"rendered":"<div class=\"row\"  id=\"row-914495799\">\n\n\t<div id=\"col-249637578\" class=\"col medium-7 small-12 large-7\"  >\n\t\t\t\t<div class=\"col-inner\"  >\n\t\t\t\n\t\t\t\n<h2><strong>Il rel\u00e8 di controllo a bassa tensione: comunicazione tramite onde radio<\/strong><\/h2>\n<p>  Il funzionamento di questo rel\u00e8 di controllo a bassa tensione si basa sul collegamento all&#8217;unit\u00e0 centrale Hub o Hub Plus e al sistema di sicurezza Ajax. Il rel\u00e8 e le sue impostazioni possono essere attivati dall&#8217;applicazione mobile Ajax. Il monitoraggio del rel\u00e8 di controllo e del sistema in generale pu\u00f2 essere visualizzato sull&#8217;applicazione. Anche i dispositivi remoti collegati al rel\u00e8 possono essere attivati e disattivati tramite questa applicazione con pochi clic. Grazie all&#8217;algoritmo AES, la trasmissione dei dati \u00e8 protetta da pirateria e interferenze.<\/p>\n\t\t<\/div>\n\t\t\t\t\t<\/div>\n\n\t\n\n\t<div id=\"col-1104398174\" class=\"col medium-5 small-12 large-5\"  >\n\t\t\t\t<div class=\"col-inner\"  >\n\t\t\t\n\t\t\t\n\t<div class=\"img has-hover x md-x lg-x y md-y lg-y\" id=\"image_190733430\">\n\t\t\t\t\t\t\t\t<div class=\"img-inner dark\" >\n\t\t\t<img loading=\"lazy\" decoding=\"async\" width=\"433\" height=\"333\" src=\"https:\/\/ajax-alarme.ch\/wp-content\/uploads\/2021\/02\/AJAX-RELAIS-WIRELESS-2.jpg\" class=\"attachment-large size-large\" alt=\"\" \/>\t\t\t\t\t\t\n\t\t\t\t\t<\/div>\n\t\t\t\t\t\t\t\t\n<style>\n#image_190733430 {\n  width: 100%;\n}\n<\/style>\n\t<\/div>\n\t\n\t\t<\/div>\n\t\t\t\t\t<\/div>\n\n\t\n<\/div>\n<div class=\"is-divider divider clearfix\" ><\/div>\n<h2><strong>Relais de contr\u00f4le basse tension sans fil &#8211; Relay Ajax<\/strong><\/h2>\n<p>Ce relais de contr\u00f4le sert \u00e0 activer et d\u00e9sactiver l&#8217;alimentation des \u00e9quipements \u00e9lectriques basse tension de 7 \u00e0 24 V DC. Serrures \u00e9lectriques, portes, stores, modems sont donc commandables \u00e0 distance via un smartphone.<\/p>\n<p>La particularit\u00e9 de ce relais est de ne pas \u00eatre en contact sec avec les appareils. De forme compacte, il vient s&#8217;installer dans un tableau \u00e9lectrique ou une bo\u00eete de jonction, sa fonction d&#8217;impulsion lui permet aussi de jouer le r\u00f4le d&#8217;un bouton.<\/p>\n<p>Pour une s\u00e9curisation compl\u00e8te du dispositif, Relay est \u00e9quip\u00e9 d&#8217;un syst\u00e8me de protection qui en cas de surchauffe ou de surtension s&#8217;\u00e9teint automatiquement.<\/p>\n<div class=\"is-divider divider clearfix\" ><\/div>\n<div class=\"row\"  id=\"row-1072006345\">\n\n\t<div id=\"col-751982122\" class=\"col medium-6 small-12 large-6\"  >\n\t\t\t\t<div class=\"col-inner\"  >\n\t\t\t\n\t\t\t\n\t<div class=\"img has-hover x md-x lg-x y md-y lg-y\" id=\"image_1207757772\">\n\t\t\t\t\t\t\t\t<div class=\"img-inner dark\" >\n\t\t\t<img loading=\"lazy\" decoding=\"async\" width=\"433\" height=\"333\" src=\"https:\/\/ajax-alarme.ch\/wp-content\/uploads\/2021\/02\/AJAX-RELAIS-WIRELESS.jpg\" class=\"attachment-large size-large\" alt=\"\" \/>\t\t\t\t\t\t\n\t\t\t\t\t<\/div>\n\t\t\t\t\t\t\t\t\n<style>\n#image_1207757772 {\n  width: 100%;\n}\n<\/style>\n\t<\/div>\n\t\n\t\t<\/div>\n\t\t\t\t\t<\/div>\n\n\t\n\n\t<div id=\"col-572916979\" class=\"col medium-6 small-12 large-6\"  >\n\t\t\t\t<div class=\"col-inner\"  >\n\t\t\t\n\t\t\t\n<h2><strong>Specifiche tecniche<\/strong><\/h2>\n<p>  Compatibilit\u00e0: Tutte le centraline di allarme, Radio rel\u00e8 Tipo: Senza fili Durata del rel\u00e8: 200.000 attivazioni Protezione della tensione: min 6,5 V, max 36,5 V Corrente di carico massima: 5 A a 36 V DC, 13 A a 230 V AC Alimentazione: 7 &#8211; 24 V DC Tipo di segnale: Impulso o Bistabile Tipo di contatto: NO\/NC Durata dell&#8217;impulso: da 0,5 s a 255 s Temperatura: da 0\u00b0C a 65\u00b0C Grado di protezione: IP20 Dimensioni: 39 x 33 x 18 mm Peso: 25 g<\/p>\n\t\t<\/div>\n\t\t\t\t\t<\/div>\n\n\t\n<\/div>\n","protected":false},"excerpt":{"rendered":"<div id=\"short_description_block\">\n<div id=\"short_description_content\" class=\"rte align_justify\">Il rel\u00e8 \u00e8 un controllore di canali radio per installazioni a bassa corrente. Consente di integrare nel sistema di allarme serrature elettriche, cancelli, tapparelle, tende da sole, ecc. Il dispositivo controlla l&#8217;alimentazione tramite un rel\u00e8 che chiude e apre il contatto pulito.<\/div>\n<p>&nbsp;<\/p>\n<\/div>\n","protected":false},"featured_media":2083,"comment_status":"closed","ping_status":"closed","template":"","meta":[],"product_brand":[],"product_cat":[138],"product_tag":[],"class_list":{"0":"post-3456","1":"product","2":"type-product","3":"status-publish","4":"has-post-thumbnail","6":"product_cat-accessori","8":"first","9":"instock","10":"sale","11":"shipping-taxable","12":"purchasable","13":"product-type-simple"},"_links":{"self":[{"href":"https:\/\/ajax-alarme.ch\/it\/wp-json\/wp\/v2\/product\/3456","targetHints":{"allow":["GET"]}}],"collection":[{"href":"https:\/\/ajax-alarme.ch\/it\/wp-json\/wp\/v2\/product"}],"about":[{"href":"https:\/\/ajax-alarme.ch\/it\/wp-json\/wp\/v2\/types\/product"}],"replies":[{"embeddable":true,"href":"https:\/\/ajax-alarme.ch\/it\/wp-json\/wp\/v2\/comments?post=3456"}],"wp:featuredmedia":[{"embeddable":true,"href":"https:\/\/ajax-alarme.ch\/it\/wp-json\/wp\/v2\/media\/2083"}],"wp:attachment":[{"href":"https:\/\/ajax-alarme.ch\/it\/wp-json\/wp\/v2\/media?parent=3456"}],"wp:term":[{"taxonomy":"product_brand","embeddable":true,"href":"https:\/\/ajax-alarme.ch\/it\/wp-json\/wp\/v2\/product_brand?post=3456"},{"taxonomy":"product_cat","embeddable":true,"href":"https:\/\/ajax-alarme.ch\/it\/wp-json\/wp\/v2\/product_cat?post=3456"},{"taxonomy":"product_tag","embeddable":true,"href":"https:\/\/ajax-alarme.ch\/it\/wp-json\/wp\/v2\/product_tag?post=3456"}],"curies":[{"name":"wp","href":"https:\/\/api.w.org\/{rel}","templated":true}]}}