{"id":3445,"date":"2020-10-02T10:39:07","date_gmt":"2020-10-02T08:39:07","guid":{"rendered":"https:\/\/ajax-alarme.ch\/product\/motionprotect-semplice-rilevatore-di-movimento-a-infrarossi\/"},"modified":"2024-09-13T18:38:27","modified_gmt":"2024-09-13T16:38:27","slug":"motionprotect-semplice-rilevatore-di-movimento-a-infrarossi","status":"publish","type":"product","link":"https:\/\/ajax-alarme.ch\/it\/product\/motionprotect-semplice-rilevatore-di-movimento-a-infrarossi\/","title":{"rendered":"MotionProtect &#8211; Semplice rilevatore di movimento a infrarossi"},"content":{"rendered":"<div class=\"row\"  id=\"row-1808720583\">\n\n\t<div id=\"col-627967665\" class=\"col medium-6 small-12 large-6\"  >\n\t\t\t\t<div class=\"col-inner\"  >\n\t\t\t\n\t\t\t\n<h2><strong>MotionProtect Ajax &#8211; un rilevatore di movimento adatto agli animali domestici<\/strong><\/h2>\n<p>  MotionProtect \u00e8 stato progettato specificamente per l&#8217;uso in interni, con la possibilit\u00e0 di monitorare un&#8217;area con un raggio di 12 metri. La sua tecnologia a infrarossi gli consente di rilevare movimenti sospetti rispetto a un essere umano. La sua sensibilit\u00e0 di rilevamento \u00e8 regolabile, evitando falsi allarmi e consentendo agli animali domestici di peso inferiore a 20 kg di entrare nella zona protetta. In caso di intrusione, la reazione immediata di MotionProtect avverte la centrale di allarme, proteggendo sia gli occupanti che i beni.<\/p>\n\t\t<\/div>\n\t\t\t\t\t<\/div>\n\n\t\n\n\t<div id=\"col-2099232421\" class=\"col medium-6 small-12 large-6\"  >\n\t\t\t\t<div class=\"col-inner\"  >\n\t\t\t\n\t\t\t\n\t<div class=\"img has-hover x md-x lg-x y md-y lg-y\" id=\"image_1137259901\">\n\t\t\t\t\t\t\t\t<div class=\"img-inner dark\" >\n\t\t\t<img loading=\"lazy\" decoding=\"async\" width=\"433\" height=\"333\" src=\"https:\/\/ajax-alarme.ch\/wp-content\/uploads\/2021\/02\/AJAX-COMBI-PROTECT.jpg\" class=\"attachment-large size-large\" alt=\"\" \/>\t\t\t\t\t\t\n\t\t\t\t\t<\/div>\n\t\t\t\t\t\t\t\t\n<style>\n#image_1137259901 {\n  width: 100%;\n}\n<\/style>\n\t<\/div>\n\t\n\t\t<\/div>\n\t\t\t\t\t<\/div>\n\n\t\n<\/div>\n<div class=\"is-divider divider clearfix\" style=\"max-width:0px;height:60px;\"><\/div>\n<div class=\"row\"  id=\"row-1135507839\">\n\n\t<div id=\"col-1653046956\" class=\"col medium-6 small-12 large-6\"  >\n\t\t\t\t<div class=\"col-inner\"  >\n\t\t\t\n\t\t\t\n\t<div class=\"img has-hover x md-x lg-x y md-y lg-y\" id=\"image_1597944893\">\n\t\t\t\t\t\t\t\t<div class=\"img-inner dark\" >\n\t\t\t<img loading=\"lazy\" decoding=\"async\" width=\"433\" height=\"333\" src=\"https:\/\/ajax-alarme.ch\/wp-content\/uploads\/2021\/02\/AJAX-COMBI-PROTECT-3.jpg\" class=\"attachment-large size-large\" alt=\"\" \/>\t\t\t\t\t\t\n\t\t\t\t\t<\/div>\n\t\t\t\t\t\t\t\t\n<style>\n#image_1597944893 {\n  width: 100%;\n}\n<\/style>\n\t<\/div>\n\t\n<div class=\"is-divider divider clearfix\" style=\"max-width:0px;\"><\/div>\n\t<div class=\"img has-hover x md-x lg-x y md-y lg-y\" id=\"image_838001204\">\n\t\t\t\t\t\t\t\t<div class=\"img-inner dark\" style=\"margin:0px 0px 0px 68px;\">\n\t\t\t<img loading=\"lazy\" decoding=\"async\" width=\"655\" height=\"800\" src=\"https:\/\/ajax-alarme.ch\/wp-content\/uploads\/2021\/02\/AJAX-MotionProtect-example-03-655x800.png\" class=\"attachment-large size-large\" alt=\"\" srcset=\"https:\/\/ajax-alarme.ch\/wp-content\/uploads\/2021\/02\/AJAX-MotionProtect-example-03-655x800.png 655w, https:\/\/ajax-alarme.ch\/wp-content\/uploads\/2021\/02\/AJAX-MotionProtect-example-03-510x623.png 510w, https:\/\/ajax-alarme.ch\/wp-content\/uploads\/2021\/02\/AJAX-MotionProtect-example-03-327x400.png 327w, https:\/\/ajax-alarme.ch\/wp-content\/uploads\/2021\/02\/AJAX-MotionProtect-example-03-600x733.png 600w, https:\/\/ajax-alarme.ch\/wp-content\/uploads\/2021\/02\/AJAX-MotionProtect-example-03.png 765w\" sizes=\"auto, (max-width: 655px) 100vw, 655px\" \/>\t\t\t\t\t\t\n\t\t\t\t\t<\/div>\n\t\t\t\t\t\t\t\t\n<style>\n#image_838001204 {\n  width: 84%;\n}\n<\/style>\n\t<\/div>\n\t\n\t\t<\/div>\n\t\t\t\t\t<\/div>\n\n\t\n\n\t<div id=\"col-451160880\" class=\"col medium-6 small-12 large-6\"  >\n\t\t\t\t<div class=\"col-inner\"  >\n\t\t\t\n\t\t\t\n<h2><strong>Principio di funzionamento<\/strong><\/h2>\n<p>  Rileva la presenza umana grazie alle differenze di temperatura con la radiazione termica di fondo. Il sensore a microonde evita i falsi allarmi causati da interferenze complesse.  <\/p>\n<h2><strong>Caratteristiche<\/strong><\/h2>\n<p>  Progettato per essere utilizzato in aree con caminetti e aria condizionata. Rileva e ignora le correnti d&#8217;aria, il movimento di tende e tapparelle, cos\u00ec come lo sfarfallio, l&#8217;abbagliamento e il riflesso.  <\/p>\n<h2><strong>Installazione e configurazione<\/strong><\/h2>\n<p>  Pronto per l&#8217;uso immediato. La batteria \u00e8 gi\u00e0 installata all&#8217;interno. Non \u00e8 necessario smontare il rilevatore. Puoi appenderlo in pochi minuti utilizzando lo SmartBracket.  <\/p>\n<h2><strong>Animali domestici?<\/strong><\/h2>\n<p>  Con questo sistema di allarme di Ajax, puoi partire in tutta tranquillit\u00e0, anche se hai degli animali domestici. L&#8217;algoritmo SmartDetect del sistema impedisce i falsi allarmi di animali di peso inferiore a 20 kg e altezza di 50 cm. I falsi allarmi sono esclusi grazie all&#8217;utilizzo di un componente ottico FresnelTech. In questo modo si riduce il numero di falsi allarmi e l&#8217;utente pu\u00f2 essere informato meglio della situazione. Il raggio di rilevamento di 12 metri e il controllo regolabile della risposta del rilevatore garantiscono una copertura ottimale. I controlli possono essere effettuati ogni 12 o 300 secondi (regolabili dall&#8217;utente).<\/p>\n\t\t<\/div>\n\t\t\t\t\t<\/div>\n\n\t\n<\/div>\n<div class=\"is-divider divider clearfix\" style=\"max-width:0px;height:30px;\"><\/div>\n<div class=\"row\"  id=\"row-1292953642\">\n\n\t<div id=\"col-41244896\" class=\"col medium-6 small-12 large-6\"  >\n\t\t\t\t<div class=\"col-inner\"  >\n\t\t\t\n\t\t\t\n<h2>Specifiche tecniche<\/h2>\n<p>  Compatibilit\u00e0: Tutte le centrali di allarme, rel\u00e8 radio, ocBridge, uartbridge Sistema di rilevamento: PIR Angolo di rilevamento del movimento: Orizzontale 88,5\u00b0 \/ Verticale 80\u00b0 Distanza massima di rilevamento del movimento: 12 m Immunit\u00e0 agli animali domestici: S\u00ec, fino a 20 kg \/ fino a 50 cm Alimentazione: CR123A Temperatura: da -10\u00b0C a +40\u00b0C Dimensioni: 110 x 65 x 50 mm Peso: 86 g<\/p>\n\t\t<\/div>\n\t\t\t\t\t<\/div>\n\n\t\n\n\t<div id=\"col-1075590888\" class=\"col medium-6 small-12 large-6\"  >\n\t\t\t\t<div class=\"col-inner\"  >\n\t\t\t\n\t\t\t\n\t<div class=\"img has-hover x md-x lg-x y md-y lg-y\" id=\"image_913585383\">\n\t\t\t\t\t\t\t\t<div class=\"img-inner dark\" >\n\t\t\t<img loading=\"lazy\" decoding=\"async\" width=\"700\" height=\"466\" src=\"https:\/\/ajax-alarme.ch\/wp-content\/uploads\/2021\/02\/Ajax-8.jpg\" class=\"attachment-large size-large\" alt=\"\" srcset=\"https:\/\/ajax-alarme.ch\/wp-content\/uploads\/2021\/02\/Ajax-8.jpg 700w, https:\/\/ajax-alarme.ch\/wp-content\/uploads\/2021\/02\/Ajax-8-510x340.jpg 510w, https:\/\/ajax-alarme.ch\/wp-content\/uploads\/2021\/02\/Ajax-8-601x400.jpg 601w, https:\/\/ajax-alarme.ch\/wp-content\/uploads\/2021\/02\/Ajax-8-600x399.jpg 600w\" sizes=\"auto, (max-width: 700px) 100vw, 700px\" \/>\t\t\t\t\t\t\n\t\t\t\t\t<\/div>\n\t\t\t\t\t\t\t\t\n<style>\n#image_913585383 {\n  width: 100%;\n}\n<\/style>\n\t<\/div>\n\t\n\t\t<\/div>\n\t\t\t\t\t<\/div>\n\n\t\n<\/div>\n","protected":false},"excerpt":{"rendered":"<p id=\"product_condition\">Questo dispositivo \u00e8 un rilevatore di movimento wireless. Il dispositivo rileva la presenza di persone a livello IR mediante un sensore PIR in un&#8217;area fino a 12 metri.<\/p>\n","protected":false},"featured_media":5260,"comment_status":"closed","ping_status":"closed","template":"","meta":[],"product_brand":[],"product_cat":[145],"product_tag":[],"class_list":{"0":"post-3445","1":"product","2":"type-product","3":"status-publish","4":"has-post-thumbnail","6":"product_cat-rilevatori-di-movimento","8":"first","9":"instock","10":"sale","11":"shipping-taxable","12":"purchasable","13":"product-type-variable"},"_links":{"self":[{"href":"https:\/\/ajax-alarme.ch\/it\/wp-json\/wp\/v2\/product\/3445","targetHints":{"allow":["GET"]}}],"collection":[{"href":"https:\/\/ajax-alarme.ch\/it\/wp-json\/wp\/v2\/product"}],"about":[{"href":"https:\/\/ajax-alarme.ch\/it\/wp-json\/wp\/v2\/types\/product"}],"replies":[{"embeddable":true,"href":"https:\/\/ajax-alarme.ch\/it\/wp-json\/wp\/v2\/comments?post=3445"}],"wp:featuredmedia":[{"embeddable":true,"href":"https:\/\/ajax-alarme.ch\/it\/wp-json\/wp\/v2\/media\/5260"}],"wp:attachment":[{"href":"https:\/\/ajax-alarme.ch\/it\/wp-json\/wp\/v2\/media?parent=3445"}],"wp:term":[{"taxonomy":"product_brand","embeddable":true,"href":"https:\/\/ajax-alarme.ch\/it\/wp-json\/wp\/v2\/product_brand?post=3445"},{"taxonomy":"product_cat","embeddable":true,"href":"https:\/\/ajax-alarme.ch\/it\/wp-json\/wp\/v2\/product_cat?post=3445"},{"taxonomy":"product_tag","embeddable":true,"href":"https:\/\/ajax-alarme.ch\/it\/wp-json\/wp\/v2\/product_tag?post=3445"}],"curies":[{"name":"wp","href":"https:\/\/api.w.org\/{rel}","templated":true}]}}