{"id":3438,"date":"2020-10-02T12:46:53","date_gmt":"2020-10-02T10:46:53","guid":{"rendered":"https:\/\/ajax-alarme.ch\/product\/glassprotect-rilevatore-di-rottura-del-vetro-per-le-vostre-finestre\/"},"modified":"2024-09-13T18:36:47","modified_gmt":"2024-09-13T16:36:47","slug":"glassprotect-rilevatore-di-rottura-del-vetro-per-le-vostre-finestre","status":"publish","type":"product","link":"https:\/\/ajax-alarme.ch\/it\/product\/glassprotect-rilevatore-di-rottura-del-vetro-per-le-vostre-finestre\/","title":{"rendered":"GlassProtect &#8211; Rilevatore di rottura del vetro per le vostre finestre"},"content":{"rendered":"<div class=\"row\"  id=\"row-147708483\">\n\n\t<div id=\"col-151797175\" class=\"col medium-6 small-12 large-6\"  >\n\t\t\t\t<div class=\"col-inner\"  >\n\t\t\t\n\t\t\t\n<h2><strong>PRINCIPIO DI FUNZIONAMENTO<\/strong><\/h2>\n<p>  Il suo rilevamento a doppio fattore \u00e8 programmato per evitare falsi allarmi causati da tuoni, cani che abbaiano o uccelli che colpiscono il vetro. Il rilevatore GlassProtect \u00e8 dotato di un sensibile microfono a elettrete, regolabile su 3 livelli. \u00c8 stato progettato per registrare i suoni distintivi dell&#8217;impatto e della rottura del vetro in caso di effrazione.<\/p>\n\t\t<\/div>\n\t\t\t\t\t<\/div>\n\n\t\n\n\t<div id=\"col-1239587958\" class=\"col medium-6 small-12 large-6\"  >\n\t\t\t\t<div class=\"col-inner\"  >\n\t\t\t\n\t\t\t\n\t<div class=\"img has-hover x md-x lg-x y md-y lg-y\" id=\"image_229003459\">\n\t\t\t\t\t\t\t\t<div class=\"img-inner dark\" >\n\t\t\t<img loading=\"lazy\" decoding=\"async\" width=\"800\" height=\"508\" src=\"https:\/\/ajax-alarme.ch\/wp-content\/uploads\/2021\/02\/glassprotect.jpg\" class=\"attachment-large size-large\" alt=\"\" srcset=\"https:\/\/ajax-alarme.ch\/wp-content\/uploads\/2021\/02\/glassprotect.jpg 800w, https:\/\/ajax-alarme.ch\/wp-content\/uploads\/2021\/02\/glassprotect-510x324.jpg 510w, https:\/\/ajax-alarme.ch\/wp-content\/uploads\/2021\/02\/glassprotect-630x400.jpg 630w, https:\/\/ajax-alarme.ch\/wp-content\/uploads\/2021\/02\/glassprotect-768x488.jpg 768w, https:\/\/ajax-alarme.ch\/wp-content\/uploads\/2021\/02\/glassprotect-600x381.jpg 600w\" sizes=\"auto, (max-width: 800px) 100vw, 800px\" \/>\t\t\t\t\t\t\n\t\t\t\t\t<\/div>\n\t\t\t\t\t\t\t\t\n<style>\n#image_229003459 {\n  width: 100%;\n}\n<\/style>\n\t<\/div>\n\t\n\t\t<\/div>\n\t\t\t\t\t<\/div>\n\n\t\n<\/div>\n<h2><strong>Comment \u00e7a marche ?<\/strong><\/h2>\n<p>D\u00e9tecte le bris de verre avec un microphone \u00e9lectret qui enregistre le bruit de l&#8217;impact contre le verre ou la chute de verre.<\/p>\n<h2><strong>Fonctionnalit\u00e9s<\/strong><\/h2>\n<p>Gr\u00e2ce \u00e0 la d\u00e9tection \u00e0 deux facteurs du bris de verre, les fausses alarmes caus\u00e9es par le tonnerre, les aboiements de chiens ou le bruit des camions qui passent sont \u00e9vit\u00e9es.<\/p>\n<h2><\/h2>\n<h2><strong>Pourquoi Glassprotect?<\/strong><\/h2>\n<p>L&#8217;Ajax GlassProtect est un capteur de bris de verre compact qui fonctionne sans fil. Le capteur (blanc) fonctionne avec un microphone sensible qui d\u00e9tecte le son basse fr\u00e9quence d&#8217;un coup, puis le son haute fr\u00e9quence du verre bris\u00e9. Cette double mesure emp\u00eache la transmission d&#8217;un faux rapport au syst\u00e8me. Vous recevrez des notifications sous forme de SMS sur votre t\u00e9l\u00e9phone ou sous forme de message push via l&#8217;application Ajax Security System.<\/p>\n<h2><strong>Acheter Ajax GlassProtect capteur de bris de verre sans fil<\/strong><\/h2>\n<p>Un rapport rapide de verre bris\u00e9 peut \u00e9viter de nombreux probl\u00e8mes. En achetant un capteur de bris de verre Ajax GlassProtect sans fil, vous pouvez facilement l&#8217;emp\u00eacher. Si vous souhaitez \u00e9tendre votre syst\u00e8me d&#8217;alarme Ajax , vous pouvez connecter des capteurs de d\u00e9tection de mouvement et d&#8217; eau au hub Ajax, entre autres. De cette fa\u00e7on, en plus de la d\u00e9tection de bris de verre Ajax, vous disposez d&#8217; un syst\u00e8me d&#8217;alarme complet \/ complet, qui vous prot\u00e8ge contre diverses menaces. Avec la livraison rapide de Alarm SystemExpert, vous l&#8217;avez \u00e9galement rapidement \u00e0 la maison!<\/p>\n<div class=\"row\"  id=\"row-1091426605\">\n\n\t<div id=\"col-1730312295\" class=\"col medium-6 small-12 large-6\"  >\n\t\t\t\t<div class=\"col-inner\"  >\n\t\t\t\n\t\t\t\n<h2>Specifiche tecniche<\/h2>\n<p>  Area di rilevamento delle rotture: 9 m Sensibilit\u00e0: 3 livelli di regolazione Angolo di rilevamento: 180\u00b0 Alimentazione: CR123A Temperatura: da -10\u00b0C a +40\u00b0C Dimensioni: Diametro 20 mm, Altezza 90 mm Peso: 30 g<\/p>\n\t\t<\/div>\n\t\t\t\t\t<\/div>\n\n\t\n\n\t<div id=\"col-2058235103\" class=\"col medium-6 small-12 large-6\"  >\n\t\t\t\t<div class=\"col-inner\"  >\n\t\t\t\n\t\t\t\n\t<div class=\"img has-hover x md-x lg-x y md-y lg-y\" id=\"image_252291913\">\n\t\t\t\t\t\t\t\t<div class=\"img-inner dark\" >\n\t\t\t<img loading=\"lazy\" decoding=\"async\" width=\"433\" height=\"333\" src=\"https:\/\/ajax-alarme.ch\/wp-content\/uploads\/2021\/02\/AJAX-GLASS-PROTECT.jpg\" class=\"attachment-large size-large\" alt=\"\" \/>\t\t\t\t\t\t\n\t\t\t\t\t<\/div>\n\t\t\t\t\t\t\t\t\n<style>\n#image_252291913 {\n  width: 100%;\n}\n<\/style>\n\t<\/div>\n\t\n\t\t<\/div>\n\t\t\t\t\t<\/div>\n\n\t\n<\/div>\n","protected":false},"excerpt":{"rendered":"<div id=\"short_description_block\">\n<div id=\"short_description_content\" class=\"rte align_justify\">Questo sistema rileva i vetri rotti per mezzo di un microfono a elettrete che registra il suono dell&#8217;impatto contro il vetro e la caduta del vetro in un raggio di 9 m.<\/div>\n<\/div>\n","protected":false},"featured_media":5248,"comment_status":"closed","ping_status":"closed","template":"","meta":[],"product_brand":[],"product_cat":[155],"product_tag":[],"class_list":{"0":"post-3438","1":"product","2":"type-product","3":"status-publish","4":"has-post-thumbnail","6":"product_cat-rilevatori-di-rottura-del-vetro","8":"first","9":"instock","10":"sale","11":"shipping-taxable","12":"purchasable","13":"product-type-variable"},"_links":{"self":[{"href":"https:\/\/ajax-alarme.ch\/it\/wp-json\/wp\/v2\/product\/3438","targetHints":{"allow":["GET"]}}],"collection":[{"href":"https:\/\/ajax-alarme.ch\/it\/wp-json\/wp\/v2\/product"}],"about":[{"href":"https:\/\/ajax-alarme.ch\/it\/wp-json\/wp\/v2\/types\/product"}],"replies":[{"embeddable":true,"href":"https:\/\/ajax-alarme.ch\/it\/wp-json\/wp\/v2\/comments?post=3438"}],"wp:featuredmedia":[{"embeddable":true,"href":"https:\/\/ajax-alarme.ch\/it\/wp-json\/wp\/v2\/media\/5248"}],"wp:attachment":[{"href":"https:\/\/ajax-alarme.ch\/it\/wp-json\/wp\/v2\/media?parent=3438"}],"wp:term":[{"taxonomy":"product_brand","embeddable":true,"href":"https:\/\/ajax-alarme.ch\/it\/wp-json\/wp\/v2\/product_brand?post=3438"},{"taxonomy":"product_cat","embeddable":true,"href":"https:\/\/ajax-alarme.ch\/it\/wp-json\/wp\/v2\/product_cat?post=3438"},{"taxonomy":"product_tag","embeddable":true,"href":"https:\/\/ajax-alarme.ch\/it\/wp-json\/wp\/v2\/product_tag?post=3438"}],"curies":[{"name":"wp","href":"https:\/\/api.w.org\/{rel}","templated":true}]}}