{"id":3425,"date":"2020-10-02T12:40:27","date_gmt":"2020-10-02T10:40:27","guid":{"rendered":"https:\/\/ajax-alarme.ch\/product\/pulsante-pulsante-intelligente-allarme-on-off-e-funzione-sos\/"},"modified":"2024-09-13T18:36:47","modified_gmt":"2024-09-13T16:36:47","slug":"pulsante-pulsante-intelligente-allarme-on-off-e-funzione-sos","status":"publish","type":"product","link":"https:\/\/ajax-alarme.ch\/it\/product\/pulsante-pulsante-intelligente-allarme-on-off-e-funzione-sos\/","title":{"rendered":"Pulsante &#8211; Pulsante intelligente: allarme ON-OFF e funzione SOS"},"content":{"rendered":"<div class=\"row\"  id=\"row-1188077845\">\n\n\t<div id=\"col-172722191\" class=\"col medium-6 small-12 large-6\"  >\n\t\t\t\t<div class=\"col-inner\"  >\n\t\t\t\n\t\t\t\n\t<div class=\"img has-hover x md-x lg-x y md-y lg-y\" id=\"image_1364683198\">\n\t\t\t\t\t\t\t\t<div class=\"img-inner dark\" >\n\t\t\t<img loading=\"lazy\" decoding=\"async\" width=\"600\" height=\"375\" src=\"https:\/\/ajax-alarme.ch\/wp-content\/uploads\/2021\/02\/agression.gif\" class=\"attachment-large size-large\" alt=\"\" \/>\t\t\t\t\t\t\n\t\t\t\t\t<\/div>\n\t\t\t\t\t\t\t\t\n<style>\n#image_1364683198 {\n  width: 100%;\n}\n<\/style>\n\t<\/div>\n\t\n\t\t<\/div>\n\t\t\t\t\t<\/div>\n\n\t\n\n\t<div id=\"col-2118168860\" class=\"col medium-6 small-12 large-6\"  >\n\t\t\t\t<div class=\"col-inner\"  >\n\t\t\t\n\t\t\t\n<h2><strong>Pulsante di emergenza &#8211; Allarme collegato ad Ajax<\/strong><\/h2>\n<p>  Questo pulsante di emergenza attiva il sistema di allarme con la semplice pressione di un tasto e pu\u00f2 essere configurato per evitare falsi allarmi. Attivando il pulsante si attivano le notifiche push o un centro di sicurezza, oppure si accende la sirena dell&#8217;allarme.<\/p>\n\t\t<\/div>\n\t\t\t\t\t<\/div>\n\n\t\n<\/div>\n<div class=\"is-divider divider clearfix\" style=\"max-width:0px;\"><\/div>\n<div class=\"row\"  id=\"row-466310597\">\n\n\t<div id=\"col-1157488966\" class=\"col medium-6 small-12 large-6\"  >\n\t\t\t\t<div class=\"col-inner\"  >\n\t\t\t\n\t\t\t\n<h2><strong>Previene l&#8217;aggressivit\u00e0<\/strong><\/h2>\n<p>  Se un ladro ti chiede di mettere dei soldi in una borsa. La cassiera apre obbedientemente la cassa con un pulsante antipanico. Le sue dita premono discretamente il pulsante per attivare un allarme silenzioso. Le notifiche di allarme discrete vengono inviate immediatamente.<\/p>\n\t\t<\/div>\n\t\t\t\t\t<\/div>\n\n\t\n\n\t<div id=\"col-1896379736\" class=\"col medium-6 small-12 large-6\"  >\n\t\t\t\t<div class=\"col-inner\"  >\n\t\t\t\n\t\t\t\n\t<div class=\"img has-hover x md-x lg-x y md-y lg-y\" id=\"image_77674557\">\n\t\t\t\t\t\t\t\t<div class=\"img-inner dark\" >\n\t\t\t<img loading=\"lazy\" decoding=\"async\" width=\"600\" height=\"375\" src=\"https:\/\/ajax-alarme.ch\/wp-content\/uploads\/2021\/02\/caisse.gif\" class=\"attachment-large size-large\" alt=\"\" \/>\t\t\t\t\t\t\n\t\t\t\t\t<\/div>\n\t\t\t\t\t\t\t\t\n<style>\n#image_77674557 {\n  width: 100%;\n}\n<\/style>\n\t<\/div>\n\t\n\t\t<\/div>\n\t\t\t\t\t<\/div>\n\n\t\n<\/div>\n<div class=\"is-divider divider clearfix\" style=\"max-width:0px;\"><\/div>\n<div class=\"row\"  id=\"row-1214860709\">\n\n\t<div id=\"col-1672254034\" class=\"col medium-6 small-12 large-6\"  >\n\t\t\t\t<div class=\"col-inner\"  >\n\t\t\t\n\t\t\t\n\t<div class=\"img has-hover x md-x lg-x y md-y lg-y\" id=\"image_2048977194\">\n\t\t\t\t\t\t\t\t<div class=\"img-inner dark\" >\n\t\t\t<img loading=\"lazy\" decoding=\"async\" width=\"992\" height=\"620\" src=\"https:\/\/ajax-alarme.ch\/wp-content\/uploads\/2021\/02\/medicbutton.jpg\" class=\"attachment-large size-large\" alt=\"\" srcset=\"https:\/\/ajax-alarme.ch\/wp-content\/uploads\/2021\/02\/medicbutton.jpg 992w, https:\/\/ajax-alarme.ch\/wp-content\/uploads\/2021\/02\/medicbutton-510x319.jpg 510w, https:\/\/ajax-alarme.ch\/wp-content\/uploads\/2021\/02\/medicbutton-640x400.jpg 640w, https:\/\/ajax-alarme.ch\/wp-content\/uploads\/2021\/02\/medicbutton-768x480.jpg 768w, https:\/\/ajax-alarme.ch\/wp-content\/uploads\/2021\/02\/medicbutton-600x375.jpg 600w\" sizes=\"auto, (max-width: 992px) 100vw, 992px\" \/>\t\t\t\t\t\t\n\t\t\t\t\t<\/div>\n\t\t\t\t\t\t\t\t\n<style>\n#image_2048977194 {\n  width: 100%;\n}\n<\/style>\n\t<\/div>\n\t\n\t\t<\/div>\n\t\t\t\t\t<\/div>\n\n\t\n\n\t<div id=\"col-192502505\" class=\"col medium-6 small-12 large-6\"  >\n\t\t\t\t<div class=\"col-inner\"  >\n\t\t\t\n\t\t\t\n<h2><strong>Pulsante di allarme per gli <\/strong><b>anziani<\/b><\/h2>\n<p>  Il pulsante si indossa intorno al collo, quindi \u00e8 sempre a portata di mano e sar\u00e0 utile in caso di caduta o di altre situazioni critiche per l&#8217;anziano. Il pulsante pu\u00f2 essere utilizzato per generare avvisi rapidi e inviare notifiche ad amici e familiari o al centro di monitoraggio remoto.<\/p>\n\t\t<\/div>\n\t\t\t\t\t<\/div>\n\n\t\n<\/div>\n<div class=\"is-divider divider clearfix\" style=\"max-width:0px;\"><\/div>\n<div class=\"row\"  id=\"row-1241249988\">\n\n\t<div id=\"col-1897705208\" class=\"col medium-6 small-12 large-6\"  >\n\t\t\t\t<div class=\"col-inner\"  >\n\t\t\t\n\t\t\t\n<h2>Specifiche tecniche<\/h2>\n<p>  Compatibilit\u00e0: Tutte le centrali di allarme, rel\u00e8 radio Tipo di allarme regolabile :  <\/p>\n<ul>\n<li>Intrusione<\/li>\n<li><span style=\"color: #555555;\">Fuoco<\/span><\/li>\n<li><span style=\"color: #555555;\">Assistenza medica<\/span><\/li>\n<li><span style=\"color: #555555;\">Pulsante antipanico<\/span><\/li>\n<li><span style=\"color: #555555;\">Perdita di gas<\/span><\/li>\n<\/ul>\n<p>  Alimentazione: CR2032 Temperatura: da -10\u00b0C a +40\u00b0C Grado di protezione: IP55 Dimensioni: 47 x 35 13 mm Peso: 16 g  <\/p>\n<div id=\"short_description_block\">\n<div id=\"short_description_content\" class=\"rte align_justify\"><\/div>\n<\/div>\n\t\t<\/div>\n\t\t\t\t\t<\/div>\n\n\t\n\n\t<div id=\"col-441338452\" class=\"col medium-6 small-12 large-6\"  >\n\t\t\t\t<div class=\"col-inner\"  >\n\t\t\t\n\t\t\t\n<div class=\"is-divider divider clearfix\" style=\"max-width:0px;\"><\/div>\n\t<div class=\"img has-hover x md-x lg-x y md-y lg-y\" id=\"image_1139070273\">\n\t\t\t\t\t\t\t\t<div class=\"img-inner dark\" >\n\t\t\t<img loading=\"lazy\" decoding=\"async\" width=\"400\" height=\"400\" src=\"https:\/\/ajax-alarme.ch\/wp-content\/uploads\/2021\/02\/Button.jpg\" class=\"attachment-large size-large\" alt=\"\" srcset=\"https:\/\/ajax-alarme.ch\/wp-content\/uploads\/2021\/02\/Button.jpg 400w, https:\/\/ajax-alarme.ch\/wp-content\/uploads\/2021\/02\/Button-247x247.jpg 247w, https:\/\/ajax-alarme.ch\/wp-content\/uploads\/2021\/02\/Button-100x100.jpg 100w, https:\/\/ajax-alarme.ch\/wp-content\/uploads\/2021\/02\/Button-280x280.jpg 280w, https:\/\/ajax-alarme.ch\/wp-content\/uploads\/2021\/02\/Button-300x300.jpg 300w\" sizes=\"auto, (max-width: 400px) 100vw, 400px\" \/>\t\t\t\t\t\t\n\t\t\t\t\t<\/div>\n\t\t\t\t\t\t\t\t\n<style>\n#image_1139070273 {\n  width: 72%;\n}\n<\/style>\n\t<\/div>\n\t\n\t\t<\/div>\n\t\t\t\t\t<\/div>\n\n\t\n<\/div>\n","protected":false},"excerpt":{"rendered":"<div id=\"short_description_block\">\n<div id=\"short_description_content\" class=\"rte align_justify\">Questo pulsante intelligente consente di programmarlo per usi diversi, come il controllo dell&#8217;illuminazione, l&#8217;accensione di apparecchi elettrici, ecc. Pu\u00f2 essere utilizzato come pulsante antipanico, allarme medico, fuga di gas e allarme antincendio.<\/div>\n<\/div>\n","protected":false},"featured_media":2347,"comment_status":"closed","ping_status":"closed","template":"","meta":[],"product_brand":[],"product_cat":[138],"product_tag":[],"class_list":{"0":"post-3425","1":"product","2":"type-product","3":"status-publish","4":"has-post-thumbnail","6":"product_cat-accessori","8":"first","9":"instock","10":"sale","11":"shipping-taxable","12":"purchasable","13":"product-type-variable","14":"has-default-attributes"},"_links":{"self":[{"href":"https:\/\/ajax-alarme.ch\/it\/wp-json\/wp\/v2\/product\/3425","targetHints":{"allow":["GET"]}}],"collection":[{"href":"https:\/\/ajax-alarme.ch\/it\/wp-json\/wp\/v2\/product"}],"about":[{"href":"https:\/\/ajax-alarme.ch\/it\/wp-json\/wp\/v2\/types\/product"}],"replies":[{"embeddable":true,"href":"https:\/\/ajax-alarme.ch\/it\/wp-json\/wp\/v2\/comments?post=3425"}],"wp:featuredmedia":[{"embeddable":true,"href":"https:\/\/ajax-alarme.ch\/it\/wp-json\/wp\/v2\/media\/2347"}],"wp:attachment":[{"href":"https:\/\/ajax-alarme.ch\/it\/wp-json\/wp\/v2\/media?parent=3425"}],"wp:term":[{"taxonomy":"product_brand","embeddable":true,"href":"https:\/\/ajax-alarme.ch\/it\/wp-json\/wp\/v2\/product_brand?post=3425"},{"taxonomy":"product_cat","embeddable":true,"href":"https:\/\/ajax-alarme.ch\/it\/wp-json\/wp\/v2\/product_cat?post=3425"},{"taxonomy":"product_tag","embeddable":true,"href":"https:\/\/ajax-alarme.ch\/it\/wp-json\/wp\/v2\/product_tag?post=3425"}],"curies":[{"name":"wp","href":"https:\/\/api.w.org\/{rel}","templated":true}]}}