{"id":3415,"date":"2020-10-02T11:04:15","date_gmt":"2020-10-02T09:04:15","guid":{"rendered":"https:\/\/ajax-alarme.ch\/product\/motionprotect-curtain-rilevatore-di-movimento-a-raggio-stretto-interno\/"},"modified":"2024-09-13T18:36:00","modified_gmt":"2024-09-13T16:36:00","slug":"motionprotect-curtain-rilevatore-di-movimento-a-raggio-stretto-interno","status":"publish","type":"product","link":"https:\/\/ajax-alarme.ch\/it\/product\/motionprotect-curtain-rilevatore-di-movimento-a-raggio-stretto-interno\/","title":{"rendered":"MotionProtect Curtain &#8211; Rilevatore di movimento a raggio stretto. Interno"},"content":{"rendered":"<div class=\"row\"  id=\"row-911528845\">\n\n\t<div id=\"col-247426780\" class=\"col medium-6 small-12 large-6\"  >\n\t\t\t\t<div class=\"col-inner\"  >\n\t\t\t\n\t\t\t\n<div class=\"is-divider divider clearfix\" style=\"max-width:0px;\"><\/div>\n<h2><strong>Rilevatore di movimento wireless a tenda con angolo di visione ridotto.<\/strong><\/h2>\n<p>  Con il rilevatore di tende MotionProtect puoi proteggere il perimetro della tua casa e muoverti liberamente. Se c&#8217;\u00e8 un intruso, il sistema attiva l&#8217;allarme e chiama la societ\u00e0 di sicurezza. Nelle installazioni all&#8217;aperto, il rischio di falsi allarmi pu\u00f2 essere elevato con questo sensore.<\/p>\n\t\t<\/div>\n\t\t\t\t\t<\/div>\n\n\t\n\n\t<div id=\"col-432952839\" class=\"col medium-6 small-12 large-6\"  >\n\t\t\t\t<div class=\"col-inner\"  >\n\t\t\t\n\t\t\t\n\t<div class=\"img has-hover x md-x lg-x y md-y lg-y\" id=\"image_930663566\">\n\t\t\t\t\t\t\t\t<div class=\"img-inner dark\" >\n\t\t\t<img loading=\"lazy\" decoding=\"async\" width=\"960\" height=\"544\" src=\"https:\/\/ajax-alarme.ch\/wp-content\/uploads\/2021\/02\/curtainapp.jpg\" class=\"attachment-large size-large\" alt=\"\" srcset=\"https:\/\/ajax-alarme.ch\/wp-content\/uploads\/2021\/02\/curtainapp.jpg 960w, https:\/\/ajax-alarme.ch\/wp-content\/uploads\/2021\/02\/curtainapp-510x289.jpg 510w, https:\/\/ajax-alarme.ch\/wp-content\/uploads\/2021\/02\/curtainapp-706x400.jpg 706w, https:\/\/ajax-alarme.ch\/wp-content\/uploads\/2021\/02\/curtainapp-768x435.jpg 768w, https:\/\/ajax-alarme.ch\/wp-content\/uploads\/2021\/02\/curtainapp-600x340.jpg 600w\" sizes=\"auto, (max-width: 960px) 100vw, 960px\" \/>\t\t\t\t\t\t\n\t\t\t\t\t<\/div>\n\t\t\t\t\t\t\t\t\n<style>\n#image_930663566 {\n  width: 100%;\n}\n<\/style>\n\t<\/div>\n\t\n\t\t<\/div>\n\t\t\t\t\t<\/div>\n\n\t\n<\/div>\n<div class=\"is-divider divider clearfix\" style=\"max-width:0px;\"><\/div>\n<div class=\"row\"  id=\"row-1130138688\">\n\n\t<div id=\"col-1545558819\" class=\"col medium-6 small-12 large-6\"  >\n\t\t\t\t<div class=\"col-inner\"  >\n\t\t\t\n\t\t\t\n\t<div class=\"img has-hover x md-x lg-x y md-y lg-y\" id=\"image_1271327747\">\n\t\t\t\t\t\t\t\t<div class=\"img-inner dark\" >\n\t\t\t<img loading=\"lazy\" decoding=\"async\" width=\"960\" height=\"544\" src=\"https:\/\/ajax-alarme.ch\/wp-content\/uploads\/2021\/02\/curtaingarage.jpg\" class=\"attachment-large size-large\" alt=\"\" srcset=\"https:\/\/ajax-alarme.ch\/wp-content\/uploads\/2021\/02\/curtaingarage.jpg 960w, https:\/\/ajax-alarme.ch\/wp-content\/uploads\/2021\/02\/curtaingarage-510x289.jpg 510w, https:\/\/ajax-alarme.ch\/wp-content\/uploads\/2021\/02\/curtaingarage-706x400.jpg 706w, https:\/\/ajax-alarme.ch\/wp-content\/uploads\/2021\/02\/curtaingarage-768x435.jpg 768w, https:\/\/ajax-alarme.ch\/wp-content\/uploads\/2021\/02\/curtaingarage-600x340.jpg 600w\" sizes=\"auto, (max-width: 960px) 100vw, 960px\" \/>\t\t\t\t\t\t\n\t\t\t\t\t<\/div>\n\t\t\t\t\t\t\t\t\n<style>\n#image_1271327747 {\n  width: 100%;\n}\n<\/style>\n\t<\/div>\n\t\n\t\t<\/div>\n\t\t\t\t\t<\/div>\n\n\t\n\n\t<div id=\"col-242004613\" class=\"col medium-6 small-12 large-6\"  >\n\t\t\t\t<div class=\"col-inner\"  >\n\t\t\t\n\t\t\t\n<div class=\"is-divider divider clearfix\" style=\"max-width:0px;\"><\/div>\n<h2><strong>In un garage<\/strong><\/h2>\n<p>  I ladri non possono passare inosservati davanti alla porta del garage quando la tenda MotionProtect \u00e8 attiva. Il rivelatore continua a funzionare anche quando la temperatura scende a -10\u00b0C.<\/p>\n\t\t<\/div>\n\t\t\t\t\t<\/div>\n\n\t\n<\/div>\n<div class=\"is-divider divider clearfix\" style=\"max-width:0px;\"><\/div>\n<div class=\"row\"  id=\"row-248539982\">\n\n\t<div id=\"col-1696864362\" class=\"col medium-6 small-12 large-6\"  >\n\t\t\t\t<div class=\"col-inner\"  >\n\t\t\t\n\t\t\t\n<div class=\"is-divider divider clearfix\" style=\"max-width:0px;\"><\/div>\n<h2><strong>In un appartamento con animali<\/strong><\/h2>\n<p>  Se installata correttamente, la tenda MotionProtect protegge la tua propriet\u00e0 e ignora gli animali, anche se sono San Bernardo. In questo modo si otterr\u00e0 un eccellente rilevamento del movimento senza che l&#8217;animale domestico generi falsi allarmi.<\/p>\n\t\t<\/div>\n\t\t\t\t\t<\/div>\n\n\t\n\n\t<div id=\"col-1069402447\" class=\"col medium-6 small-12 large-6\"  >\n\t\t\t\t<div class=\"col-inner\"  >\n\t\t\t\n\t\t\t\n\t<div class=\"img has-hover x md-x lg-x y md-y lg-y\" id=\"image_2082674140\">\n\t\t\t\t\t\t\t\t<div class=\"img-inner dark\" >\n\t\t\t<img loading=\"lazy\" decoding=\"async\" width=\"960\" height=\"544\" src=\"https:\/\/ajax-alarme.ch\/wp-content\/uploads\/2021\/02\/curtainapp.jpg\" class=\"attachment-large size-large\" alt=\"\" srcset=\"https:\/\/ajax-alarme.ch\/wp-content\/uploads\/2021\/02\/curtainapp.jpg 960w, https:\/\/ajax-alarme.ch\/wp-content\/uploads\/2021\/02\/curtainapp-510x289.jpg 510w, https:\/\/ajax-alarme.ch\/wp-content\/uploads\/2021\/02\/curtainapp-706x400.jpg 706w, https:\/\/ajax-alarme.ch\/wp-content\/uploads\/2021\/02\/curtainapp-768x435.jpg 768w, https:\/\/ajax-alarme.ch\/wp-content\/uploads\/2021\/02\/curtainapp-600x340.jpg 600w\" sizes=\"auto, (max-width: 960px) 100vw, 960px\" \/>\t\t\t\t\t\t\n\t\t\t\t\t<\/div>\n\t\t\t\t\t\t\t\t\n<style>\n#image_2082674140 {\n  width: 100%;\n}\n<\/style>\n\t<\/div>\n\t\n\t\t<\/div>\n\t\t\t\t\t<\/div>\n\n\t\n<\/div>\n<div class=\"is-divider divider clearfix\" style=\"max-width:0px;\"><\/div>\n<div class=\"row\"  id=\"row-1390693001\">\n\n\t<div id=\"col-52787466\" class=\"col medium-6 small-12 large-6\"  >\n\t\t\t\t<div class=\"col-inner\"  >\n\t\t\t\n\t\t\t\n\t<div class=\"img has-hover x md-x lg-x y md-y lg-y\" id=\"image_1520775281\">\n\t\t\t\t\t\t\t\t<div class=\"img-inner dark\" >\n\t\t\t<img loading=\"lazy\" decoding=\"async\" width=\"960\" height=\"544\" src=\"https:\/\/ajax-alarme.ch\/wp-content\/uploads\/2021\/02\/chienmaison.jpg\" class=\"attachment-large size-large\" alt=\"\" srcset=\"https:\/\/ajax-alarme.ch\/wp-content\/uploads\/2021\/02\/chienmaison.jpg 960w, https:\/\/ajax-alarme.ch\/wp-content\/uploads\/2021\/02\/chienmaison-510x289.jpg 510w, https:\/\/ajax-alarme.ch\/wp-content\/uploads\/2021\/02\/chienmaison-706x400.jpg 706w, https:\/\/ajax-alarme.ch\/wp-content\/uploads\/2021\/02\/chienmaison-768x435.jpg 768w, https:\/\/ajax-alarme.ch\/wp-content\/uploads\/2021\/02\/chienmaison-600x340.jpg 600w\" sizes=\"auto, (max-width: 960px) 100vw, 960px\" \/>\t\t\t\t\t\t\n\t\t\t\t\t<\/div>\n\t\t\t\t\t\t\t\t\n<style>\n#image_1520775281 {\n  width: 100%;\n}\n<\/style>\n\t<\/div>\n\t\n\t\t<\/div>\n\t\t\t\t\t<\/div>\n\n\t\n\n\t<div id=\"col-803123962\" class=\"col medium-6 small-12 large-6\"  >\n\t\t\t\t<div class=\"col-inner\"  >\n\t\t\t\n\t\t\t\n<div class=\"is-divider divider clearfix\" style=\"max-width:0px;\"><\/div>\n<h2><strong>In un appartamento con animali<\/strong><\/h2>\n<p>  Se installata correttamente, la tenda MotionProtect protegge la tua propriet\u00e0 e ignora gli animali, anche se sono San Bernardo. In questo modo si otterr\u00e0 un eccellente rilevamento del movimento senza che l&#8217;animale domestico generi falsi allarmi.<\/p>\n\t\t<\/div>\n\t\t\t\t\t<\/div>\n\n\t\n<\/div>\n<div class=\"is-divider divider clearfix\" style=\"max-width:0px;\"><\/div>\n<div class=\"row\"  id=\"row-1007561357\">\n\n\t<div id=\"col-1377726117\" class=\"col medium-6 small-12 large-6\"  >\n\t\t\t\t<div class=\"col-inner\"  >\n\t\t\t\n\t\t\t\n<div class=\"is-divider divider clearfix\" style=\"max-width:0px;height:54px;\"><\/div>\n<h2><strong>Ignora le difficili condizioni naturali.<\/strong><\/h2>\n<p>  Neve, pioggia o vento forte non influiscono sulla precisione del rilevatore. Il corpo del rilevatore \u00e8 a tenuta di polvere e impermeabile e pu\u00f2 essere installato sia all&#8217;interno che all&#8217;esterno.  <\/p>\n<ul>\n<li>Temperature di esercizio da -10 \u00b0 \u0421 a + 40 \u00b0 \u0421<\/li>\n<li>Protezione del corpo IP54<\/li>\n<\/ul>\n\t\t<\/div>\n\t\t\t\t\t<\/div>\n\n\t\n\n\t<div id=\"col-1397582905\" class=\"col medium-6 small-12 large-6\"  >\n\t\t\t\t<div class=\"col-inner\"  >\n\t\t\t\n\t\t\t\n\t<div class=\"img has-hover x md-x lg-x y md-y lg-y\" id=\"image_1181327889\">\n\t\t\t\t\t\t\t\t<div class=\"img-inner dark\" >\n\t\t\t<img loading=\"lazy\" decoding=\"async\" width=\"390\" height=\"444\" src=\"https:\/\/ajax-alarme.ch\/wp-content\/uploads\/2021\/02\/etanchecurtain.png\" class=\"attachment-large size-large\" alt=\"\" srcset=\"https:\/\/ajax-alarme.ch\/wp-content\/uploads\/2021\/02\/etanchecurtain.png 390w, https:\/\/ajax-alarme.ch\/wp-content\/uploads\/2021\/02\/etanchecurtain-351x400.png 351w\" sizes=\"auto, (max-width: 390px) 100vw, 390px\" \/>\t\t\t\t\t\t\n\t\t\t\t\t<\/div>\n\t\t\t\t\t\t\t\t\n<style>\n#image_1181327889 {\n  width: 100%;\n}\n<\/style>\n\t<\/div>\n\t\n\t\t<\/div>\n\t\t\t\t\t<\/div>\n\n\t\n<\/div>\n<div class=\"row\"  id=\"row-2057376260\">\n\n\t<div id=\"col-642223559\" class=\"col medium-6 small-12 large-6\"  >\n\t\t\t\t<div class=\"col-inner\"  >\n\t\t\t\n\t\t\t\n\t<div class=\"img has-hover x md-x lg-x y md-y lg-y\" id=\"image_1391899156\">\n\t\t\t\t\t\t\t\t<div class=\"img-inner dark\" >\n\t\t\t<img loading=\"lazy\" decoding=\"async\" width=\"600\" height=\"480\" src=\"https:\/\/ajax-alarme.ch\/wp-content\/uploads\/2021\/02\/caracteristique.gif\" class=\"attachment-large size-large\" alt=\"\" \/>\t\t\t\t\t\t\n\t\t\t\t\t<\/div>\n\t\t\t\t\t\t\t\t\n<style>\n#image_1391899156 {\n  width: 100%;\n}\n<\/style>\n\t<\/div>\n\t\n\t\t<\/div>\n\t\t\t\t\t<\/div>\n\n\t\n\n\t<div id=\"col-60210000\" class=\"col medium-6 small-12 large-6\"  >\n\t\t\t\t<div class=\"col-inner\"  >\n\t\t\t\n\t\t\t\n<div class=\"is-divider divider clearfix\" style=\"max-width:0px;\"><\/div>\n<h2>Specifiche tecniche<\/h2>\n<p>  Compatibilit\u00e0: Tutte le centraline di allarme, rel\u00e8 radio Distanza di rilevamento: da 6 a 15 m Sistema di rilevamento: Due sensori PIR Angoli di rilevamento: Orizzontale 6\u00b0 \/ Verticale 90\u00b0 Altezza di installazione consigliata: 2,4 m Grado di protezione: IP54 Alimentazione: CR123A Grado di temperatura: da -10\u00b0C a +40\u00b0C Dimensioni: 134 x 44 x 34 mm Peso: 118 g<\/p>\n\t\t<\/div>\n\t\t\t\t\t<\/div>\n\n\t\n<\/div>\n","protected":false},"excerpt":{"rendered":"<p id=\"product_condition\">Questo rilevatore di movimento a raggio stretto protegge un punto di accesso come una finestra sotto forma di tenda. Potete proteggere il perimetro della vostra casa e muovervi liberamente all&#8217;interno.<\/p>\n","protected":false},"featured_media":2455,"comment_status":"closed","ping_status":"closed","template":"","meta":[],"product_brand":[],"product_cat":[145],"product_tag":[],"class_list":{"0":"post-3415","1":"product","2":"type-product","3":"status-publish","4":"has-post-thumbnail","6":"product_cat-rilevatori-di-movimento","8":"first","9":"instock","10":"sale","11":"shipping-taxable","12":"purchasable","13":"product-type-variable"},"_links":{"self":[{"href":"https:\/\/ajax-alarme.ch\/it\/wp-json\/wp\/v2\/product\/3415","targetHints":{"allow":["GET"]}}],"collection":[{"href":"https:\/\/ajax-alarme.ch\/it\/wp-json\/wp\/v2\/product"}],"about":[{"href":"https:\/\/ajax-alarme.ch\/it\/wp-json\/wp\/v2\/types\/product"}],"replies":[{"embeddable":true,"href":"https:\/\/ajax-alarme.ch\/it\/wp-json\/wp\/v2\/comments?post=3415"}],"wp:featuredmedia":[{"embeddable":true,"href":"https:\/\/ajax-alarme.ch\/it\/wp-json\/wp\/v2\/media\/2455"}],"wp:attachment":[{"href":"https:\/\/ajax-alarme.ch\/it\/wp-json\/wp\/v2\/media?parent=3415"}],"wp:term":[{"taxonomy":"product_brand","embeddable":true,"href":"https:\/\/ajax-alarme.ch\/it\/wp-json\/wp\/v2\/product_brand?post=3415"},{"taxonomy":"product_cat","embeddable":true,"href":"https:\/\/ajax-alarme.ch\/it\/wp-json\/wp\/v2\/product_cat?post=3415"},{"taxonomy":"product_tag","embeddable":true,"href":"https:\/\/ajax-alarme.ch\/it\/wp-json\/wp\/v2\/product_tag?post=3415"}],"curies":[{"name":"wp","href":"https:\/\/api.w.org\/{rel}","templated":true}]}}