{"id":3403,"date":"2020-10-02T15:50:16","date_gmt":"2020-10-02T13:50:16","guid":{"rendered":"https:\/\/ajax-alarme.ch\/product\/motionprotect-outdoor-rilevatore-di-movimento-impermeabile-per-esterni\/"},"modified":"2024-09-13T18:36:30","modified_gmt":"2024-09-13T16:36:30","slug":"motionprotect-outdoor-rilevatore-di-movimento-impermeabile-per-esterni","status":"publish","type":"product","link":"https:\/\/ajax-alarme.ch\/it\/product\/motionprotect-outdoor-rilevatore-di-movimento-impermeabile-per-esterni\/","title":{"rendered":"MotionProtect Outdoor &#8211; Rilevatore di movimento impermeabile per esterni."},"content":{"rendered":"<h1><strong>AJAX MotionProtect Outdoor<\/strong><\/h1>\n<p>  Il rilevamento tempestivo del movimento si ottiene utilizzando questo rilevatore di movimento AJAX MotionProtect Outdoor, specifico per l&#8217;installazione all&#8217;esterno. Con questo rilevatore \u00e8 possibile individuare visitatori indesiderati prima che abbiano forzato una finestra o una porta e siano gi\u00e0 in casa con voi. In altre parole, MotionProtect Outdoor previene i furti veri e propri perch\u00e9 la sirena suona prima che il ladro possa avvicinarsi alla tua casa.  <\/p>\n<h2><img loading=\"lazy\" decoding=\"async\" class=\"size-medium wp-image-769 alignright\" src=\"https:\/\/ajax-alarme.ch\/wp-content\/uploads\/2020\/10\/ajax-motioprotect-outdoor-313x400.jpg\" alt=\"\" width=\"313\" height=\"400\" srcset=\"https:\/\/ajax-alarme.ch\/wp-content\/uploads\/2020\/10\/ajax-motioprotect-outdoor-313x400.jpg 313w, https:\/\/ajax-alarme.ch\/wp-content\/uploads\/2020\/10\/ajax-motioprotect-outdoor-510x653.jpg 510w, https:\/\/ajax-alarme.ch\/wp-content\/uploads\/2020\/10\/ajax-motioprotect-outdoor-625x800.jpg 625w, https:\/\/ajax-alarme.ch\/wp-content\/uploads\/2020\/10\/ajax-motioprotect-outdoor-768x983.jpg 768w, https:\/\/ajax-alarme.ch\/wp-content\/uploads\/2020\/10\/ajax-motioprotect-outdoor-600x768.jpg 600w, https:\/\/ajax-alarme.ch\/wp-content\/uploads\/2020\/10\/ajax-motioprotect-outdoor.jpg 800w\" sizes=\"auto, (max-width: 313px) 100vw, 313px\" \/><\/h2>\n<h3><strong>Rileva gli intrusi che si avvicinano alla casa.<\/strong><\/h3>\n<p>  AJAX MotionProtect Outdoor \u00e8 un rilevatore di movimento wireless per esterni con protezione contro il mascheramento e la falsa attivazione. \u00c8 collegato al sistema di sicurezza AJAX tramite il protocollo di sicurezza del gioielliere e ha una portata fino a 1.700 metri in assenza di ostacoli. Il rilevatore pu\u00f2 funzionare fino a 5 anni con le batterie preinstallate o con una fonte di alimentazione esterna.  <\/p>\n<h3><strong>Dove posso installare questo rilevatore?<\/strong><\/h3>\n<p>  Installa MotionProtect Outdoor nel giardino o nel vialetto ad un&#8217;altezza compresa tra 80 e 130 centimetri, l&#8217;ideale sarebbe un metro. In questo modo, riceverai solo notifiche da visitatori reali, non da cani, gatti o piante che si muovono nel vento.  <\/p>\n<h3><strong>Metodo di rilevamento<\/strong><\/h3>\n<p>  Quando il sistema \u00e8 acceso, il rilevatore riceve continuamente segnali da due sensori PIR. Quando viene rilevato un movimento, AJAX MotionProtect Outdoor invia immediatamente il segnale all&#8217;Hub, che attiva l&#8217;allarme. Questo segnale \u00e8 indicato da un LED verde lampeggiante. Il segnale viene inviato all&#8217;Hub solo quando i due sensori termici del rilevatore rilevano segnali di movimento identici.  <\/p>\n<h3><strong>La posizione migliore per AJAX MotionProtect Outdoor<\/strong><\/h3>\n<p>  Per determinare la posizione del rilevatore, puoi eseguire un test del segnale per stabilire se il segnale inviato al concentratore \u00e8 abbastanza forte da permettergli di registrare tutto. Grazie alla tecnologia dei gioiellieri, questo non dovrebbe essere un problema per la maggior parte delle case, anche le pi\u00f9 grandi. Grazie al test della zona di rilevamento, \u00e8 possibile camminare facilmente intorno all&#8217;area da proteggere. La spia del rilevatore \u00e8 costantemente accesa durante il test di rilevamento. Non appena viene rilevato un movimento, si spegne per avvisarti che sei stato visto.  <\/p>\n<h2><strong>Animali domestici ammessi<\/strong><\/h2>\n<p>  AJAX MotionProtect Outdoor non genera un allarme se i due sensori non percepiscono la stessa cosa. Animali come uccelli, gatti e cani in giardino non possono mai far scattare l&#8217;allarme.  <img loading=\"lazy\" decoding=\"async\" class=\"size-full wp-image-770 alignright\" src=\"https:\/\/ajax-alarme.ch\/wp-content\/uploads\/2020\/10\/motionprotect-outdoor-diervriendelijk-2.png\" alt=\"\" width=\"500\" height=\"223\"><\/p>\n<h3><strong>MotionProtect Campo di rilevamento esterno<\/strong><\/h3>\n<p>  Usa questo interruttore per regolare l&#8217;angolo di irradiazione del sensore inferiore. Questo sensore determina la misura in cui il rilevatore controlla la presenza di persone. <img loading=\"lazy\" decoding=\"async\" class=\"alignnone size-full wp-image-771\" src=\"https:\/\/ajax-alarme.ch\/wp-content\/uploads\/2020\/10\/motionprotect-outdoor-detectie-afstand.jpg\" alt=\"\" width=\"500\" height=\"369\"><strong>Angolo di irradiazione<\/strong> A seconda della posizione dell&#8217;interruttore sul retro del rilevatore, il raggio di rilevamento del sensore inferiore sar\u00e0 compreso tra 3 e 15 metri. Il sensore superiore \u00e8 sempre rivolto verso l&#8217;alto. In un giardino di grandi dimensioni, \u00e8 quindi consigliabile impostare l&#8217;interruttore a 15 metri.  <img loading=\"lazy\" decoding=\"async\" class=\"size-full wp-image-772 alignright\" src=\"https:\/\/ajax-alarme.ch\/wp-content\/uploads\/2020\/10\/ajax-motionprotect-outdoor-instel-mogelijkheden.jpg\" alt=\"\" width=\"500\" height=\"281\"><\/p>\n<h3><strong>Altezza di installazione<\/strong><\/h3>\n<p>  Il rilevatore MotionProtect Outdoor deve essere montato a un&#8217;altezza compresa tra 80 cm e 130 cm. Per un rilevamento ottimale, si consiglia un&#8217;altezza di 100 cm. Installare il rilevatore in modo che il sensore superiore del rilevatore sia parallelo al terreno. In caso di terreno irregolare, l&#8217;altezza di montaggio viene misurata dal punto pi\u00f9 alto dell&#8217;area monitorata dal rilevatore. <img loading=\"lazy\" decoding=\"async\" class=\"alignnone size-medium wp-image-773\" src=\"https:\/\/ajax-alarme.ch\/wp-content\/uploads\/2020\/10\/motionprotect-outdoor-installatiehoogte-487x400.png\" alt=\"\" width=\"487\" height=\"400\" srcset=\"https:\/\/ajax-alarme.ch\/wp-content\/uploads\/2020\/10\/motionprotect-outdoor-installatiehoogte-487x400.png 487w, https:\/\/ajax-alarme.ch\/wp-content\/uploads\/2020\/10\/motionprotect-outdoor-installatiehoogte.png 500w\" sizes=\"auto, (max-width: 487px) 100vw, 487px\" \/><strong>Schema di rilevamento<\/strong> Lo schema di rilevamento si presenta come segue: un angolo di 90 gradi su una distanza massima di 15 metri. Naturalmente, \u00e8 anche possibile montare il rilevatore ad angolo.  <img loading=\"lazy\" decoding=\"async\" class=\"size-full wp-image-774 alignright\" src=\"https:\/\/ajax-alarme.ch\/wp-content\/uploads\/2020\/10\/ajax-motionprotect-outdoor-detectie-bereik.png\" alt=\"\" width=\"260\" height=\"300\"><\/p>\n<h3><strong>Algoritmo intelligente LISA per prevenire i falsi allarmi<\/strong><\/h3>\n<p>  Rileva con precisione le persone: LISA rende MotionProtect Outdoor una barriera formidabile per gli intrusi. L&#8217;algoritmo digitale identifica con precisione i movimenti di una persona, ignorando gli animali, il movimento dei rami degli alberi e delle piante, nonch\u00e9 gli uccelli e gli insetti che atterrano sul rilevatore.  <\/p>\n<h3><strong>Ignora tutti gli eventi non importanti<\/strong><\/h3>\n<p>  LISA analizza la somiglianza dei segnali di due sensori in due fasi. Se i segnali appaiono simili durante la prima fase, ma la somiglianza rilevata non \u00e8 sufficiente a far scattare un allarme, viene avviato il confronto delle componenti spettrali. Ignora gli alberi che ondeggiano nel campo visivo del rilevatore. Il rilevatore ignora gli arbusti alti fino a 80 cm e gli alberi le cui cime passano solo attraverso il fascio superiore.  <\/p>\n<h3><strong>Esempio di installazione di una casa monofamiliare<\/strong><\/h3>\n<p>  In questo modo non avrai aree non protette nel tuo giardino. L&#8217;immagine qui sotto mostra come creare una buona sicurezza con 4 pezzi di MotionProtect Outdoor e 4 pezzi di MotionProtect Curtain.  <img loading=\"lazy\" decoding=\"async\" class=\"size-full wp-image-775 alignright\" src=\"https:\/\/ajax-alarme.ch\/wp-content\/uploads\/2020\/10\/ajax-motionprotect-outdoor-tuin-montage-positie.jpg\" alt=\"\" width=\"500\" height=\"320\"><\/p>\n<h2>Specifiche tecniche<\/h2>\n<p>  Compatibilit\u00e0: Tutte le centrali di allarme, Rel\u00e8 radio Tipo: Senza fili Altezza consigliata: 0,8 &#8211; 1,3 m Raggio di rilevamento: 90\u00b0 Sistema di rilevamento: Due sensori PIR Sensibilit\u00e0: 3 livelli Immunit\u00e0 agli animali domestici: S\u00ec, animali sotto gli 80 cm Sistema antimascheramento: S\u00ec Alimentazione: 2 batterie CR123A Temperatura: da -25\u00b0C a +60\u00b0C Grado di protezione: IP55 Dimensioni: 183 x 70 x 65 mm Peso: 322 g<\/p>\n","protected":false},"excerpt":{"rendered":"<p id=\"product_condition\">Questo rilevatore di movimento da esterno rileva il movimento su un&#8217;area fino a 175 m\u00b2. Questo rilevatore di movimento intelligente rileva un intruso ma ignora gli animali grazie a un algoritmo digitale. Questo sistema vi permetter\u00e0 di essere avvisati prima dell&#8217;intrusione.<\/p>\n","protected":false},"featured_media":2884,"comment_status":"closed","ping_status":"closed","template":"","meta":[],"product_brand":[],"product_cat":[152],"product_tag":[],"class_list":{"0":"post-3403","1":"product","2":"type-product","3":"status-publish","4":"has-post-thumbnail","6":"product_cat-rivelatori-da-esterno","8":"first","9":"instock","10":"sale","11":"shipping-taxable","12":"purchasable","13":"product-type-simple"},"_links":{"self":[{"href":"https:\/\/ajax-alarme.ch\/it\/wp-json\/wp\/v2\/product\/3403","targetHints":{"allow":["GET"]}}],"collection":[{"href":"https:\/\/ajax-alarme.ch\/it\/wp-json\/wp\/v2\/product"}],"about":[{"href":"https:\/\/ajax-alarme.ch\/it\/wp-json\/wp\/v2\/types\/product"}],"replies":[{"embeddable":true,"href":"https:\/\/ajax-alarme.ch\/it\/wp-json\/wp\/v2\/comments?post=3403"}],"wp:featuredmedia":[{"embeddable":true,"href":"https:\/\/ajax-alarme.ch\/it\/wp-json\/wp\/v2\/media\/2884"}],"wp:attachment":[{"href":"https:\/\/ajax-alarme.ch\/it\/wp-json\/wp\/v2\/media?parent=3403"}],"wp:term":[{"taxonomy":"product_brand","embeddable":true,"href":"https:\/\/ajax-alarme.ch\/it\/wp-json\/wp\/v2\/product_brand?post=3403"},{"taxonomy":"product_cat","embeddable":true,"href":"https:\/\/ajax-alarme.ch\/it\/wp-json\/wp\/v2\/product_cat?post=3403"},{"taxonomy":"product_tag","embeddable":true,"href":"https:\/\/ajax-alarme.ch\/it\/wp-json\/wp\/v2\/product_tag?post=3403"}],"curies":[{"name":"wp","href":"https:\/\/api.w.org\/{rel}","templated":true}]}}