{"id":3390,"date":"2020-10-02T15:07:06","date_gmt":"2020-10-02T13:07:06","guid":{"rendered":"https:\/\/ajax-alarme.ch\/product\/wallswitch-rele-di-controllo-con-misurazione-del-consumo-energetico\/"},"modified":"2024-09-13T18:36:35","modified_gmt":"2024-09-13T16:36:35","slug":"wallswitch-rele-di-controllo-con-misurazione-del-consumo-energetico","status":"publish","type":"product","link":"https:\/\/ajax-alarme.ch\/it\/product\/wallswitch-rele-di-controllo-con-misurazione-del-consumo-energetico\/","title":{"rendered":"WallSwitch &#8211; Rel\u00e8 di controllo con misurazione del consumo energetico"},"content":{"rendered":"<div class=\"row\"  id=\"row-615551977\">\n\n\t<div id=\"col-564426085\" class=\"col medium-7 small-12 large-7\"  >\n\t\t\t\t<div class=\"col-inner\"  >\n\t\t\t\n\t\t\t\n<h2><strong>Il rel\u00e8 di controllo wireless WallSwitch controlla e protegge i vostri elettrodomestici<\/strong><\/h2>\n<p>  La funzione principale di questo rel\u00e8 di controllo wireless \u00e8 quella di controllare a distanza i vari apparecchi elettrici collegati alla rete entro il limite dei 13 A. Ajax ha progettato questo rel\u00e8 per monitorare e controllare elettrodomestici come ferri da stiro, stufe e porte di garage in casa. \u00c8 inoltre dotato di un sistema di protezione contro i picchi di tensione e il surriscaldamento e il suo carico resistivo supporta fino a 3 kW. La sua capacit\u00e0 di analisi consente di riavviare l&#8217;alimentazione in presenza di tensione normale. Come tutti i dispositivi sviluppati da Ajax, WallSwitch pu\u00f2 essere controllato tramite l&#8217;applicazione mobile con pochi clic, permettendoti di..:  <\/p>\n<ul>\n<li>Accendere o spegnere gli elettrodomestici.<\/li>\n<li>Consultare lo stato dell&#8217;impianto e della rete elettrica.<\/li>\n<li>Ottenere una valutazione del consumo energetico grazie al sensore integrato nel rel\u00e8.<\/li>\n<\/ul>\n\t\t<\/div>\n\t\t\t\t\t<\/div>\n\n\t\n\n\t<div id=\"col-1837248089\" class=\"col medium-5 small-12 large-5\"  >\n\t\t\t\t<div class=\"col-inner\"  >\n\t\t\t\n\t\t\t\n\t<div class=\"img has-hover x md-x lg-x y md-y lg-y\" id=\"image_755481874\">\n\t\t\t\t\t\t\t\t<div class=\"img-inner dark\" >\n\t\t\t<img loading=\"lazy\" decoding=\"async\" width=\"433\" height=\"333\" src=\"https:\/\/ajax-alarme.ch\/wp-content\/uploads\/2021\/02\/AJAX-WALL-SWITCH.jpg\" class=\"attachment-large size-large\" alt=\"\" \/>\t\t\t\t\t\t\n\t\t\t\t\t<\/div>\n\t\t\t\t\t\t\t\t\n<style>\n#image_755481874 {\n  width: 100%;\n}\n<\/style>\n\t<\/div>\n\t\n\t\t<\/div>\n\t\t\t\t\t<\/div>\n\n\t\n<\/div>\n<div class=\"row\"  id=\"row-1496993515\">\n\n\t<div id=\"col-676148016\" class=\"col medium-5 small-12 large-5\"  >\n\t\t\t\t<div class=\"col-inner\"  >\n\t\t\t\n\t\t\t\n\t<div class=\"img has-hover x md-x lg-x y md-y lg-y\" id=\"image_178309061\">\n\t\t\t\t\t\t\t\t<div class=\"img-inner dark\" >\n\t\t\t<img loading=\"lazy\" decoding=\"async\" width=\"433\" height=\"333\" src=\"https:\/\/ajax-alarme.ch\/wp-content\/uploads\/2021\/02\/AJAX-WALL-SWITCH-2.jpg\" class=\"attachment-large size-large\" alt=\"\" \/>\t\t\t\t\t\t\n\t\t\t\t\t<\/div>\n\t\t\t\t\t\t\t\t\n<style>\n#image_178309061 {\n  width: 100%;\n}\n<\/style>\n\t<\/div>\n\t\n\t\t<\/div>\n\t\t\t\t\t<\/div>\n\n\t\n\n\t<div id=\"col-1405179522\" class=\"col medium-7 small-12 large-7\"  >\n\t\t\t\t<div class=\"col-inner\"  >\n\t\t\t\n\t\t\t\n<h2><strong>WallSwitch Ajax, un rel\u00e8 di controllo sicuro<\/strong><\/h2>\n<p>  Questo rel\u00e8 in miniatura si installa facilmente sulla rete elettrica a 220 V, ad esempio dietro una presa a muro. Il rel\u00e8 di controllo wireless WallSwitch pu\u00f2 funzionare solo se collegato all&#8217;unit\u00e0 di controllo Hub o hub Plus, su una distanza di 1.000 metri in campo aperto. Questo sistema \u00e8 ancora pi\u00f9 affidabile perch\u00e9 utilizza una comunicazione radio bidirezionale protetta dal sistema sicuro Jeweller di Ajax. Questo protocollo chiuso impedisce qualsiasi sabotaggio del sistema o disturbo delle onde per una sicurezza ottimale dell&#8217;installazione e della casa.<\/p>\n\t\t<\/div>\n\t\t\t\t\t<\/div>\n\n\t\n<\/div>\n<h2>Specifiche tecniche<\/h2>\n<p>  Compatibilit\u00e0: tutte le centraline di allarme, rel\u00e8 radio Durata del rel\u00e8: 200.000 attivazioni Corrente di carico massima: 13 A Potenza consentita: 3kW per 230VAC Alimentazione: 110-230 V +\/- 10% Tipo di contatto: NO\/NC Temperatura: da 0\u00b0C a 65\u00b0C Protezione della custodia: IP20 Dimensioni: 39 x 33 x 18 mm Peso: 30 g<\/p>\n","protected":false},"excerpt":{"rendered":"<div id=\"short_description_block\">\n<div id=\"short_description_content\" class=\"rte align_justify\">WallSwitch \u00e8 un rel\u00e8 di potenza comandato a distanza. Il radiocomando consente di azionare gli elettrodomestici a distanza. Si usa per accendere e spegnere ferri da stiro, porte di garage, scaldabagni e pavimenti isolati. Il dispositivo controlla l&#8217;alimentazione tramite un rel\u00e8 che chiude e apre la rete di alimentazione.<\/div>\n<p>&nbsp;<\/p>\n<\/div>\n","protected":false},"featured_media":2077,"comment_status":"closed","ping_status":"closed","template":"","meta":[],"product_brand":[],"product_cat":[138],"product_tag":[],"class_list":{"0":"post-3390","1":"product","2":"type-product","3":"status-publish","4":"has-post-thumbnail","6":"product_cat-accessori","8":"first","9":"instock","10":"sale","11":"shipping-taxable","12":"purchasable","13":"product-type-simple"},"_links":{"self":[{"href":"https:\/\/ajax-alarme.ch\/it\/wp-json\/wp\/v2\/product\/3390","targetHints":{"allow":["GET"]}}],"collection":[{"href":"https:\/\/ajax-alarme.ch\/it\/wp-json\/wp\/v2\/product"}],"about":[{"href":"https:\/\/ajax-alarme.ch\/it\/wp-json\/wp\/v2\/types\/product"}],"replies":[{"embeddable":true,"href":"https:\/\/ajax-alarme.ch\/it\/wp-json\/wp\/v2\/comments?post=3390"}],"wp:featuredmedia":[{"embeddable":true,"href":"https:\/\/ajax-alarme.ch\/it\/wp-json\/wp\/v2\/media\/2077"}],"wp:attachment":[{"href":"https:\/\/ajax-alarme.ch\/it\/wp-json\/wp\/v2\/media?parent=3390"}],"wp:term":[{"taxonomy":"product_brand","embeddable":true,"href":"https:\/\/ajax-alarme.ch\/it\/wp-json\/wp\/v2\/product_brand?post=3390"},{"taxonomy":"product_cat","embeddable":true,"href":"https:\/\/ajax-alarme.ch\/it\/wp-json\/wp\/v2\/product_cat?post=3390"},{"taxonomy":"product_tag","embeddable":true,"href":"https:\/\/ajax-alarme.ch\/it\/wp-json\/wp\/v2\/product_tag?post=3390"}],"curies":[{"name":"wp","href":"https:\/\/api.w.org\/{rel}","templated":true}]}}