{"id":3385,"date":"2020-10-02T10:46:07","date_gmt":"2020-10-02T08:46:07","guid":{"rendered":"https:\/\/ajax-alarme.ch\/product\/homesiren-sirena-wireless-per-interni-fino-a-105-db\/"},"modified":"2024-09-13T18:38:26","modified_gmt":"2024-09-13T16:38:26","slug":"homesiren-sirena-wireless-per-interni-fino-a-105-db","status":"publish","type":"product","link":"https:\/\/ajax-alarme.ch\/it\/product\/homesiren-sirena-wireless-per-interni-fino-a-105-db\/","title":{"rendered":"HomeSiren &#8211; Sirena wireless per interni fino a 105 dB"},"content":{"rendered":"<div class=\"row\"  id=\"row-232234113\">\n\n\t<div id=\"col-1401884985\" class=\"col medium-6 small-12 large-6\"  >\n\t\t\t\t<div class=\"col-inner\"  >\n\t\t\t\n\t\t\t\n<h2><strong>AJAX HomeSiren, Sirena da interno senza fili<\/strong><\/h2>\n<p>  Piccola sirena wireless per interni che emette un forte segnale di allarme quando il rilevatore viene attivato. Viene installato in ambienti interni per segnalare un pericolo o per scoraggiare gli intrusi.  <\/p>\n<ul>\n<li>Autenticazione contro le frodi<\/li>\n<li><span style=\"color: #555555;\">Rilevamento del disturbo di comunicazione<\/span><\/li>\n<li><span style=\"color: #555555;\">Allarme antisabotaggio<\/span><\/li>\n<li><span style=\"color: #555555;\">Livello di sicurezza<\/span><\/li>\n<li><span style=\"color: #555555;\">Indica lo stato armato\/disarmato mediante un LED.<\/span><\/li>\n<li><span style=\"color: #555555;\">Livello sonoro e durata dell&#8217;allarme personalizzabili<\/span><\/li>\n<\/ul>\n\t\t<\/div>\n\t\t\t\t\t<\/div>\n\n\t\n\n\t<div id=\"col-124105337\" class=\"col medium-6 small-12 large-6\"  >\n\t\t\t\t<div class=\"col-inner\"  >\n\t\t\t\n\t\t\t\n<div class=\"is-divider divider clearfix\" style=\"max-width:0px;height:4px;\"><\/div>\n\t<div class=\"img has-hover x md-x lg-x y md-y lg-y\" id=\"image_287586190\">\n\t\t\t\t\t\t\t\t<div class=\"img-inner dark\" >\n\t\t\t<img loading=\"lazy\" decoding=\"async\" width=\"993\" height=\"544\" src=\"https:\/\/ajax-alarme.ch\/wp-content\/uploads\/2021\/02\/hs-1x-1.jpg\" class=\"attachment-large size-large\" alt=\"\" srcset=\"https:\/\/ajax-alarme.ch\/wp-content\/uploads\/2021\/02\/hs-1x-1.jpg 993w, https:\/\/ajax-alarme.ch\/wp-content\/uploads\/2021\/02\/hs-1x-1-510x279.jpg 510w, https:\/\/ajax-alarme.ch\/wp-content\/uploads\/2021\/02\/hs-1x-1-730x400.jpg 730w, https:\/\/ajax-alarme.ch\/wp-content\/uploads\/2021\/02\/hs-1x-1-768x421.jpg 768w, https:\/\/ajax-alarme.ch\/wp-content\/uploads\/2021\/02\/hs-1x-1-600x329.jpg 600w\" sizes=\"auto, (max-width: 993px) 100vw, 993px\" \/>\t\t\t\t\t\t\n\t\t\t\t\t<\/div>\n\t\t\t\t\t\t\t\t\n<style>\n#image_287586190 {\n  width: 100%;\n}\n<\/style>\n\t<\/div>\n\t\n\t\t<\/div>\n\t\t\t\t\t<\/div>\n\n\t\n<\/div>\n<div class=\"is-divider divider clearfix\" style=\"max-width:0px;height:4px;\"><\/div>\n<div class=\"row\"  id=\"row-1223105031\">\n\n\t<div id=\"col-53366627\" class=\"col medium-4 small-12 large-4\"  >\n\t\t\t\t<div class=\"col-inner\"  >\n\t\t\t\n\t\t\t\n\t<div class=\"img has-hover x md-x lg-x y md-y lg-y\" id=\"image_287533023\">\n\t\t\t\t\t\t\t\t<div class=\"img-inner dark\" >\n\t\t\t<img loading=\"lazy\" decoding=\"async\" width=\"354\" height=\"500\" src=\"https:\/\/ajax-alarme.ch\/wp-content\/uploads\/2021\/02\/homesireneprofil.png\" class=\"attachment-large size-large\" alt=\"\" srcset=\"https:\/\/ajax-alarme.ch\/wp-content\/uploads\/2021\/02\/homesireneprofil.png 354w, https:\/\/ajax-alarme.ch\/wp-content\/uploads\/2021\/02\/homesireneprofil-283x400.png 283w\" sizes=\"auto, (max-width: 354px) 100vw, 354px\" \/>\t\t\t\t\t\t\n\t\t\t\t\t<\/div>\n\t\t\t\t\t\t\t\t\n<style>\n#image_287533023 {\n  width: 100%;\n}\n<\/style>\n\t<\/div>\n\t\n\t\t<\/div>\n\t\t\t\t\t<\/div>\n\n\t\n\n\t<div id=\"col-1781489366\" class=\"col medium-8 small-12 large-8\"  >\n\t\t\t\t<div class=\"col-inner\"  >\n\t\t\t\n\t\t\t\n<div class=\"is-divider divider clearfix\" style=\"max-width:0px;height:4px;\"><\/div>\n<p><strong>Come funziona<\/strong> Il dispositivo segnala l&#8217;attivazione del rilevatore con un allarme sonoro.<br \/>\nIl livello sonoro e la durata dell&#8217;allarme vengono impostati nell&#8217;applicazione mobile. <strong>Funzioni<\/strong> \u00c8 disponibile un connettore per un LED esterno.<br \/>\nPu\u00f2 essere installato all&#8217;esterno della casa o dell&#8217;ufficio per monitorare lo stato del sistema di sicurezza. <strong>Installazione e messa in funzione<\/strong> Pronta a funzionare subito: la batteria \u00e8 gi\u00e0 installata, quindi non \u00e8 necessario smontare la sirena.   Con un semplice clic, pu\u00f2 essere collegato all&#8217;hub dell&#8217;applicazione mobile. Pu\u00f2 essere montato sullo SmartBracket in pochi minuti.<\/p>\n\t\t<\/div>\n\t\t\t\t\t<\/div>\n\n\t\n<\/div>\n<div class=\"row\"  id=\"row-979802010\">\n\n\t<div id=\"col-2059873194\" class=\"col medium-8 small-12 large-8\"  >\n\t\t\t\t<div class=\"col-inner\"  >\n\t\t\t\n\t\t\t\n<div class=\"is-divider divider clearfix\" style=\"max-width:0px;height:4px;\"><\/div>\n<div class=\"is-divider divider clearfix\" style=\"max-width:0px;height:4px;\"><\/div>\n<h2>Specifiche tecniche<\/h2>\n<p>  Compatibilit\u00e0: tutte le centraline di allarme, rel\u00e8 radio Grado di protezione della custodia: IP50 Volume: da 81 a 105 dB Durata dell&#8217;allarme: da 3 a 180 secondi Alimentazione: 4 batterie CR123A, 3V Intervallo di temperatura: da -10\u00b0C a +40\u00b0C Dimensioni: 75 x 76 x 27 mm Peso: 97 g<\/p>\n\t<div class=\"img has-hover x md-x lg-x y md-y lg-y\" id=\"image_54804781\">\n\t\t\t\t\t\t\t\t<div class=\"img-inner dark\" >\n\t\t\t<img loading=\"lazy\" decoding=\"async\" width=\"1020\" height=\"552\" src=\"https:\/\/ajax-alarme.ch\/wp-content\/uploads\/2021\/02\/image-2.jpg\" class=\"attachment-large size-large\" alt=\"\" srcset=\"https:\/\/ajax-alarme.ch\/wp-content\/uploads\/2021\/02\/image-2.jpg 1024w, https:\/\/ajax-alarme.ch\/wp-content\/uploads\/2021\/02\/image-2-510x276.jpg 510w, https:\/\/ajax-alarme.ch\/wp-content\/uploads\/2021\/02\/image-2-739x400.jpg 739w, https:\/\/ajax-alarme.ch\/wp-content\/uploads\/2021\/02\/image-2-768x416.jpg 768w, https:\/\/ajax-alarme.ch\/wp-content\/uploads\/2021\/02\/image-2-600x325.jpg 600w\" sizes=\"auto, (max-width: 1020px) 100vw, 1020px\" \/>\t\t\t\t\t\t\n\t\t\t\t\t<\/div>\n\t\t\t\t\t\t\t\t\n<style>\n#image_54804781 {\n  width: 88%;\n}\n<\/style>\n\t<\/div>\n\t\n\t\t<\/div>\n\t\t\t\t\t<\/div>\n\n\t\n\n\t<div id=\"col-232043807\" class=\"col medium-4 small-12 large-4\"  >\n\t\t\t\t<div class=\"col-inner\"  >\n\t\t\t\n\t\t\t\n<div class=\"is-divider divider clearfix\" style=\"max-width:0px;height:4px;\"><\/div>\n\t<div class=\"img has-hover x md-x lg-x y md-y lg-y\" id=\"image_1691130806\">\n\t\t\t\t\t\t\t\t<div class=\"img-inner dark\" >\n\t\t\t<img loading=\"lazy\" decoding=\"async\" width=\"443\" height=\"800\" src=\"https:\/\/ajax-alarme.ch\/wp-content\/uploads\/2021\/02\/Setuphome-sirene-443x800.jpg\" class=\"attachment-large size-large\" alt=\"\" srcset=\"https:\/\/ajax-alarme.ch\/wp-content\/uploads\/2021\/02\/Setuphome-sirene-443x800.jpg 443w, https:\/\/ajax-alarme.ch\/wp-content\/uploads\/2021\/02\/Setuphome-sirene-510x920.jpg 510w, https:\/\/ajax-alarme.ch\/wp-content\/uploads\/2021\/02\/Setuphome-sirene-222x400.jpg 222w, https:\/\/ajax-alarme.ch\/wp-content\/uploads\/2021\/02\/Setuphome-sirene-768x1385.jpg 768w, https:\/\/ajax-alarme.ch\/wp-content\/uploads\/2021\/02\/Setuphome-sirene-851x1536.jpg 851w, https:\/\/ajax-alarme.ch\/wp-content\/uploads\/2021\/02\/Setuphome-sirene-600x1082.jpg 600w, https:\/\/ajax-alarme.ch\/wp-content\/uploads\/2021\/02\/Setuphome-sirene.jpg 1102w\" sizes=\"auto, (max-width: 443px) 100vw, 443px\" \/>\t\t\t\t\t\t\n\t\t\t\t\t<\/div>\n\t\t\t\t\t\t\t\t\n<style>\n#image_1691130806 {\n  width: 100%;\n}\n<\/style>\n\t<\/div>\n\t\n\t\t<\/div>\n\t\t\t\t\t<\/div>\n\n\t\n<\/div>\n","protected":false},"excerpt":{"rendered":"<div id=\"short_description_block\">\n<div id=\"short_description_content\" class=\"rte align_justify\">Una sirena di allarme fino a 105dB vi avvisa in caso di effrazione. Il dispositivo suona non appena uno dei rilevatori del sistema viene attivato dalla presenza di un ladro.<\/div>\n<\/div>\n","protected":false},"featured_media":5264,"comment_status":"closed","ping_status":"closed","template":"","meta":[],"product_brand":[],"product_cat":[148],"product_tag":[],"class_list":{"0":"post-3385","1":"product","2":"type-product","3":"status-publish","4":"has-post-thumbnail","6":"product_cat-sirene-e-sistemi-di-allarme","8":"first","9":"instock","10":"sale","11":"shipping-taxable","12":"purchasable","13":"product-type-variable"},"_links":{"self":[{"href":"https:\/\/ajax-alarme.ch\/it\/wp-json\/wp\/v2\/product\/3385","targetHints":{"allow":["GET"]}}],"collection":[{"href":"https:\/\/ajax-alarme.ch\/it\/wp-json\/wp\/v2\/product"}],"about":[{"href":"https:\/\/ajax-alarme.ch\/it\/wp-json\/wp\/v2\/types\/product"}],"replies":[{"embeddable":true,"href":"https:\/\/ajax-alarme.ch\/it\/wp-json\/wp\/v2\/comments?post=3385"}],"wp:featuredmedia":[{"embeddable":true,"href":"https:\/\/ajax-alarme.ch\/it\/wp-json\/wp\/v2\/media\/5264"}],"wp:attachment":[{"href":"https:\/\/ajax-alarme.ch\/it\/wp-json\/wp\/v2\/media?parent=3385"}],"wp:term":[{"taxonomy":"product_brand","embeddable":true,"href":"https:\/\/ajax-alarme.ch\/it\/wp-json\/wp\/v2\/product_brand?post=3385"},{"taxonomy":"product_cat","embeddable":true,"href":"https:\/\/ajax-alarme.ch\/it\/wp-json\/wp\/v2\/product_cat?post=3385"},{"taxonomy":"product_tag","embeddable":true,"href":"https:\/\/ajax-alarme.ch\/it\/wp-json\/wp\/v2\/product_tag?post=3385"}],"curies":[{"name":"wp","href":"https:\/\/api.w.org\/{rel}","templated":true}]}}