{"id":3364,"date":"2020-10-02T12:44:06","date_gmt":"2020-10-02T10:44:06","guid":{"rendered":"https:\/\/ajax-alarme.ch\/product\/presa-presa-intelligente-automatizzate-la-vostra-illuminazione-in-modo-molto-semplice\/"},"modified":"2024-09-13T18:36:47","modified_gmt":"2024-09-13T16:36:47","slug":"presa-presa-intelligente-automatizzate-la-vostra-illuminazione-in-modo-molto-semplice","status":"publish","type":"product","link":"https:\/\/ajax-alarme.ch\/it\/product\/presa-presa-intelligente-automatizzate-la-vostra-illuminazione-in-modo-molto-semplice\/","title":{"rendered":"Presa &#8211; Presa intelligente. Automatizzate la vostra illuminazione, in modo molto semplice."},"content":{"rendered":"<div class=\"row\"  id=\"row-1357426812\">\n\n\t<div id=\"col-390471733\" class=\"col medium-6 small-12 large-6\"  >\n\t\t\t\t<div class=\"col-inner\"  >\n\t\t\t\n\t\t\t\n<h2><strong>Presa intelligente wireless con monitor energetico<\/strong><\/h2>\n<h4>1. Accensione e spegnimento dei dispositivi tramite l&#8217;applicazione 2. Monitoraggio del consumo di energia elettrica 3. Protegge gli apparecchi da sovraccarichi e cortocircuiti.<\/h4>\n<p>  L&#8217;anello LED sulla spina si illumina quando la spina viene inserita in una presa. Pratico ed economico, questo indicatore a LED mostra la quantit\u00e0 di energia consumata dal dispositivo elettrico collegato. Pi\u00f9 il colore \u00e8 rosso, pi\u00f9 il consumo energetico \u00e8 elevato.<\/p>\n\t\t<\/div>\n\t\t\t\t\t<\/div>\n\n\t\n\n\t<div id=\"col-1868676626\" class=\"col medium-6 small-12 large-6\"  >\n\t\t\t\t<div class=\"col-inner\"  >\n\t\t\t\n\t\t\t\n\t<div class=\"img has-hover x md-x lg-x y md-y lg-y\" id=\"image_1619466668\">\n\t\t\t\t\t\t\t\t<div class=\"img-inner dark\" >\n\t\t\t<img loading=\"lazy\" decoding=\"async\" width=\"433\" height=\"333\" src=\"https:\/\/ajax-alarme.ch\/wp-content\/uploads\/2021\/02\/AJAX-SOCKET.jpg\" class=\"attachment-large size-large\" alt=\"\" \/>\t\t\t\t\t\t\n\t\t\t\t\t<\/div>\n\t\t\t\t\t\t\t\t\n<style>\n#image_1619466668 {\n  width: 100%;\n}\n<\/style>\n\t<\/div>\n\t\n\t\t<\/div>\n\t\t\t\t\t<\/div>\n\n\t\n<\/div>\n<div class=\"is-divider divider clearfix\" style=\"max-width:0px;\"><\/div>\n<div class=\"row\"  id=\"row-2059777676\">\n\n\t<div id=\"col-2119844722\" class=\"col medium-6 small-12 large-6\"  >\n\t\t\t\t<div class=\"col-inner\"  >\n\t\t\t\n\t\t\t\n\t<div class=\"img has-hover x md-x lg-x y md-y lg-y\" id=\"image_2019477096\">\n\t\t\t\t\t\t\t\t<div class=\"img-inner dark\" >\n\t\t\t<img loading=\"lazy\" decoding=\"async\" width=\"433\" height=\"333\" src=\"https:\/\/ajax-alarme.ch\/wp-content\/uploads\/2021\/02\/AJAX-SOCKET-2.jpg\" class=\"attachment-large size-large\" alt=\"\" \/>\t\t\t\t\t\t\n\t\t\t\t\t<\/div>\n\t\t\t\t\t\t\t\t\n<style>\n#image_2019477096 {\n  width: 100%;\n}\n<\/style>\n\t<\/div>\n\t\n\t\t<\/div>\n\t\t\t\t\t<\/div>\n\n\t\n\n\t<div id=\"col-1693260055\" class=\"col medium-6 small-12 large-6\"  >\n\t\t\t\t<div class=\"col-inner\"  >\n\t\t\t\n\t\t\t\n<h2><strong>La presa intelligente senza fili protegge la vostra casa<\/strong><\/h2>\n<p>  Non c&#8217;\u00e8 da preoccuparsi. Non appena si esce, il sistema intelligente della presa dovrebbe attivarsi, spegnendo gli apparecchi che consumano energia e sono pericolosi. Una casa sicura al 100%. In caso di sovraccarico elettrico o di interruzione della corrente, la presa intelligente senza fili interrompe automaticamente l&#8217;alimentazione degli apparecchi. Il sistema segnala quindi la minima interruzione. L&#8217;attivit\u00e0 normale riprende una volta che la dieta \u00e8 tornata alla normalit\u00e0. Se la temperatura supera gli 85\u00b0, la spina wireless si spegne sistematicamente, garantendo una protezione extra.<\/p>\n\t\t<\/div>\n\t\t\t\t\t<\/div>\n\n\t\n<\/div>\n<div class=\"is-divider divider clearfix\" style=\"max-width:0px;\"><\/div>\n<div class=\"row\"  id=\"row-1335848666\">\n\n\t<div id=\"col-1044023895\" class=\"col medium-6 small-12 large-6\"  >\n\t\t\t\t<div class=\"col-inner\"  >\n\t\t\t\n\t\t\t\n<h2><strong>Una spina intelligente compatta e resistente<\/strong><\/h2>\n<p>  Questa presa \u00e8 stata progettata appositamente per essere installata facilmente su una presa multipla. Di forma compatta, non blocca le prese adiacenti. Questa spina wireless \u00e8 compatibile con le spine e le prolunghe dell&#8217;UE. Affidabile e di alta qualit\u00e0, \u00e8 stato testato per quanto riguarda la scelta dei materiali e la sua durata per soddisfare tutti gli standard di sicurezza elettrica.<\/p>\n\t\t<\/div>\n\t\t\t\t\t<\/div>\n\n\t\n\n\t<div id=\"col-754193340\" class=\"col medium-6 small-12 large-6\"  >\n\t\t\t\t<div class=\"col-inner\"  >\n\t\t\t\n\t\t\t\n\t<div class=\"img has-hover x md-x lg-x y md-y lg-y\" id=\"image_483808\">\n\t\t\t\t\t\t\t\t<div class=\"img-inner dark\" >\n\t\t\t<img loading=\"lazy\" decoding=\"async\" width=\"600\" height=\"342\" src=\"https:\/\/ajax-alarme.ch\/wp-content\/uploads\/2021\/02\/blow.gif\" class=\"attachment-large size-large\" alt=\"\" \/>\t\t\t\t\t\t\n\t\t\t\t\t<\/div>\n\t\t\t\t\t\t\t\t\n<style>\n#image_483808 {\n  width: 100%;\n}\n<\/style>\n\t<\/div>\n\t\n\t\t<\/div>\n\t\t\t\t\t<\/div>\n\n\t\n<\/div>\n<div class=\"is-divider divider clearfix\" style=\"max-width:0px;\"><\/div>\n<div class=\"row\"  id=\"row-1029297241\">\n\n\t<div id=\"col-1305370465\" class=\"col medium-6 small-12 large-6\"  >\n\t\t\t\t<div class=\"col-inner\"  >\n\t\t\t\n\t\t\t\n\t<div class=\"img has-hover x md-x lg-x y md-y lg-y\" id=\"image_1872748231\">\n\t\t\t\t\t\t\t\t<div class=\"img-inner dark\" >\n\t\t\t<img loading=\"lazy\" decoding=\"async\" width=\"433\" height=\"333\" src=\"https:\/\/ajax-alarme.ch\/wp-content\/uploads\/2021\/02\/AJAX-SOCKET-3-1.jpg\" class=\"attachment-large size-large\" alt=\"\" \/>\t\t\t\t\t\t\n\t\t\t\t\t<\/div>\n\t\t\t\t\t\t\t\t\n<style>\n#image_1872748231 {\n  width: 100%;\n}\n<\/style>\n\t<\/div>\n\t\n\t\t<\/div>\n\t\t\t\t\t<\/div>\n\n\t\n\n\t<div id=\"col-1252735510\" class=\"col medium-6 small-12 large-6\"  >\n\t\t\t\t<div class=\"col-inner\"  >\n\t\t\t\n\t\t\t\n<h2 id=\"product_condition\">Specifiche tecniche<\/h2>\n<p>  Compatibilit\u00e0: Tutte le unit\u00e0 di controllo, Rel\u00e8 radio Tipo: Senza fili Durata del rel\u00e8: 200.000 attivazioni Tensione di alimentazione esterna: 110 &#8211; 230 V Protezione della tensione per la rete 230: S\u00ec, 184 &#8211; 253 V Corrente di carico massima: 11 A Protezione della corrente: S\u00ec, 11 A Protezione termica massima: S\u00ec, +85\u00b0C Monitoraggio del consumo di energia: Corrente, tensione, consumo di energia Potenza massima in uscita: 2,5 kW Temperatura: da 0\u00b0C a +40\u00b0C Grado di protezione: IP20 Dimensioni: 65,5 x 45 x 45 mm Peso: 58 g Info: Richiede adattatore CH &#8211; EU (non incluso)<\/p>\n\t\t<\/div>\n\t\t\t\t\t<\/div>\n\n\t\n<\/div>\n","protected":false},"excerpt":{"rendered":"<div id=\"short_description_block\">\n<div id=\"short_description_content\" class=\"rte align_justify\">La smart plug \u00e8 una spina UE con la quale \u00e8 possibile controllare i dispositivi collegati, sia tramite un telefono cellulare APP che tramite un PC. Grazie alla spina intelligente, \u00e8 possibile anche monitorare e controllare il consumo energetico. Questa spina \u00e8 dotata di protezione termica, di corrente e di tensione. Richiede un adattatore EU &#8211; CH (non fornito).<\/div>\n<\/div>\n","protected":false},"featured_media":2221,"comment_status":"closed","ping_status":"closed","template":"","meta":[],"product_brand":[],"product_cat":[138],"product_tag":[],"class_list":{"0":"post-3364","1":"product","2":"type-product","3":"status-publish","4":"has-post-thumbnail","6":"product_cat-accessori","8":"first","9":"instock","10":"sale","11":"shipping-taxable","12":"purchasable","13":"product-type-variable","14":"has-default-attributes"},"_links":{"self":[{"href":"https:\/\/ajax-alarme.ch\/it\/wp-json\/wp\/v2\/product\/3364","targetHints":{"allow":["GET"]}}],"collection":[{"href":"https:\/\/ajax-alarme.ch\/it\/wp-json\/wp\/v2\/product"}],"about":[{"href":"https:\/\/ajax-alarme.ch\/it\/wp-json\/wp\/v2\/types\/product"}],"replies":[{"embeddable":true,"href":"https:\/\/ajax-alarme.ch\/it\/wp-json\/wp\/v2\/comments?post=3364"}],"wp:featuredmedia":[{"embeddable":true,"href":"https:\/\/ajax-alarme.ch\/it\/wp-json\/wp\/v2\/media\/2221"}],"wp:attachment":[{"href":"https:\/\/ajax-alarme.ch\/it\/wp-json\/wp\/v2\/media?parent=3364"}],"wp:term":[{"taxonomy":"product_brand","embeddable":true,"href":"https:\/\/ajax-alarme.ch\/it\/wp-json\/wp\/v2\/product_brand?post=3364"},{"taxonomy":"product_cat","embeddable":true,"href":"https:\/\/ajax-alarme.ch\/it\/wp-json\/wp\/v2\/product_cat?post=3364"},{"taxonomy":"product_tag","embeddable":true,"href":"https:\/\/ajax-alarme.ch\/it\/wp-json\/wp\/v2\/product_tag?post=3364"}],"curies":[{"name":"wp","href":"https:\/\/api.w.org\/{rel}","templated":true}]}}