{"id":3342,"date":"2020-10-02T10:21:13","date_gmt":"2020-10-02T08:21:13","guid":{"rendered":"https:\/\/ajax-alarme.ch\/product\/doorprotect-rilevatore-di-apertura-per-porte-e-finestre\/"},"modified":"2025-10-01T18:34:34","modified_gmt":"2025-10-01T16:34:34","slug":"doorprotect-rilevatore-di-apertura-per-porte-e-finestre","status":"publish","type":"product","link":"https:\/\/ajax-alarme.ch\/it\/product\/doorprotect-rilevatore-di-apertura-per-porte-e-finestre\/","title":{"rendered":"DoorProtect &#8211; Rilevatore di apertura per porte e finestre"},"content":{"rendered":"<div class=\"row\"  id=\"row-1547390078\">\n\n\t<div id=\"col-1589309512\" class=\"col medium-6 small-12 large-6\"  >\n\t\t\t\t<div class=\"col-inner\"  >\n\t\t\t\n\t\t\t\n<p><strong>Come funziona<\/strong> Il dispositivo rileva l&#8217;apertura di una porta o di una finestra utilizzando un rel\u00e8 Reed di alta gamma, prodotto nel Regno Unito.<br \/>\nPu\u00f2 anche funzionare in modalit\u00e0 trasmittente, inviando un segnale dal sensore cablato all&#8217;hub. <strong>Caratteristiche<\/strong> Il dispositivo \u00e8 composto da due moduli: un sensore e un magnete.<br \/>\nIl set contiene due magneti: il magnete pi\u00f9 grande va installato a una distanza massima di 2 cm, il pi\u00f9 piccolo a una distanza massima di 1 cm. <strong>Installazione e configurazione<\/strong> Pronto all&#8217;uso: la batteria \u00e8 gi\u00e0 installata, quindi non \u00e8 necessario smontare il rilevatore.   Collegato all&#8217;hub nell&#8217;applicazione mobile con un solo clic. Pu\u00f2 essere montato sullo SmartBracket in pochi minuti.<\/p>\n\t\t<\/div>\n\t\t\t\t\t<\/div>\n\n\t\n\n\t<div id=\"col-2065313108\" class=\"col medium-6 small-12 large-6\"  >\n\t\t\t\t<div class=\"col-inner\"  >\n\t\t\t\n\t\t\t\n<div class=\"is-divider divider clearfix\" style=\"max-width:0px;height:65px;\"><\/div>\n\t<div class=\"img has-hover x md-x lg-x y md-y lg-y\" id=\"image_1993264511\">\n\t\t\t\t\t\t\t\t<div class=\"img-inner dark\" >\n\t\t\t<img loading=\"lazy\" decoding=\"async\" width=\"993\" height=\"544\" src=\"https:\/\/ajax-alarme.ch\/wp-content\/uploads\/2021\/02\/doorprotect.jpg\" class=\"attachment-large size-large\" alt=\"\" srcset=\"https:\/\/ajax-alarme.ch\/wp-content\/uploads\/2021\/02\/doorprotect.jpg 993w, https:\/\/ajax-alarme.ch\/wp-content\/uploads\/2021\/02\/doorprotect-510x279.jpg 510w, https:\/\/ajax-alarme.ch\/wp-content\/uploads\/2021\/02\/doorprotect-730x400.jpg 730w, https:\/\/ajax-alarme.ch\/wp-content\/uploads\/2021\/02\/doorprotect-768x421.jpg 768w, https:\/\/ajax-alarme.ch\/wp-content\/uploads\/2021\/02\/doorprotect-600x329.jpg 600w\" sizes=\"auto, (max-width: 993px) 100vw, 993px\" \/>\t\t\t\t\t\t\n\t\t\t\t\t<\/div>\n\t\t\t\t\t\t\t\t\n<style>\n#image_1993264511 {\n  width: 100%;\n}\n<\/style>\n\t<\/div>\n\t\n\t\t<\/div>\n\t\t\t\t\t<\/div>\n\n\t\n<\/div>\n<div class=\"row\"  id=\"row-547737523\">\n\n\t<div id=\"col-979264098\" class=\"col medium-7 small-12 large-7\"  >\n\t\t\t\t<div class=\"col-inner\"  >\n\t\t\t\n\t\t\t\n\t<div class=\"img has-hover x md-x lg-x y md-y lg-y\" id=\"image_1631776610\">\n\t\t\t\t\t\t\t\t<div class=\"img-inner dark\" >\n\t\t\t<img loading=\"lazy\" decoding=\"async\" width=\"655\" height=\"800\" src=\"https:\/\/ajax-alarme.ch\/wp-content\/uploads\/2021\/02\/AJAX-DoorProtect-example-04-655x800.png\" class=\"attachment-large size-large\" alt=\"\" srcset=\"https:\/\/ajax-alarme.ch\/wp-content\/uploads\/2021\/02\/AJAX-DoorProtect-example-04-655x800.png 655w, https:\/\/ajax-alarme.ch\/wp-content\/uploads\/2021\/02\/AJAX-DoorProtect-example-04-510x623.png 510w, https:\/\/ajax-alarme.ch\/wp-content\/uploads\/2021\/02\/AJAX-DoorProtect-example-04-327x400.png 327w, https:\/\/ajax-alarme.ch\/wp-content\/uploads\/2021\/02\/AJAX-DoorProtect-example-04-600x733.png 600w, https:\/\/ajax-alarme.ch\/wp-content\/uploads\/2021\/02\/AJAX-DoorProtect-example-04.png 765w\" sizes=\"auto, (max-width: 655px) 100vw, 655px\" \/>\t\t\t\t\t\t\n\t\t\t\t\t<\/div>\n\t\t\t\t\t\t\t\t\n<style>\n#image_1631776610 {\n  width: 100%;\n}\n<\/style>\n\t<\/div>\n\t\n\t\t<\/div>\n\t\t\t\t\t<\/div>\n\n\t\n\n\t<div id=\"col-163574771\" class=\"col medium-5 small-12 large-5\"  >\n\t\t\t\t<div class=\"col-inner\"  >\n\t\t\t\n\t\t\t\n<div class=\"is-divider divider clearfix\" style=\"max-width:0px;height:65px;\"><\/div>  Rilevatore di apertura wireless che segnala i primi segni di intrusione nella stanza tramite l&#8217;effrazione di una porta o di una finestra. Pu\u00f2 essere montato su qualsiasi tipo di porta, anche in metallo. Autenticazione antifrode Rilevamento del disturbo e crittografia dei canali di comunicazione Allarme antisabotaggio Livello di sicurezza Il dispositivo pu\u00f2 funzionare per 7 anni senza sostituire la batteria. \u00c8 disponibile un contatto esterno per il collegamento di rilevatori di terze parti. Include magneti di diverse dimensioni per l&#8217;installazione su telai stretti e telai di porte.<\/p>\n\t\t<\/div>\n\t\t\t\t\t<\/div>\n\n\t\n<\/div>\n<div class=\"is-divider divider clearfix\" style=\"max-width:0px;height:42px;\"><\/div>\n  <div class=\"banner-grid-wrapper\">\n  <div id=\"banner-grid-273483102\" class=\"banner-grid row row-grid row-small\" data-packery-options=\"\">\n                      \n<div class=\"col grid-col large-6 grid-col-1\" ><div class=\"col-inner\">\n\t<div class=\"img has-hover x md-x lg-x y md-y lg-y\" id=\"image_1046140045\">\n\t\t\t\t\t\t\t\t<div class=\"img-inner dark\" >\n\t\t\t<img loading=\"lazy\" decoding=\"async\" width=\"1020\" height=\"574\" src=\"https:\/\/ajax-alarme.ch\/wp-content\/uploads\/2021\/02\/DoorProtect_Plus_.jpg\" class=\"attachment-large size-large\" alt=\"\" srcset=\"https:\/\/ajax-alarme.ch\/wp-content\/uploads\/2021\/02\/DoorProtect_Plus_.jpg 1200w, https:\/\/ajax-alarme.ch\/wp-content\/uploads\/2021\/02\/DoorProtect_Plus_-510x287.jpg 510w, https:\/\/ajax-alarme.ch\/wp-content\/uploads\/2021\/02\/DoorProtect_Plus_-711x400.jpg 711w, https:\/\/ajax-alarme.ch\/wp-content\/uploads\/2021\/02\/DoorProtect_Plus_-768x432.jpg 768w, https:\/\/ajax-alarme.ch\/wp-content\/uploads\/2021\/02\/DoorProtect_Plus_-600x338.jpg 600w\" sizes=\"auto, (max-width: 1020px) 100vw, 1020px\" \/>\t\t\t\t\t\t\n\t\t\t\t\t<\/div>\n\t\t\t\t\t\t\t\t\n<style>\n#image_1046140045 {\n  width: 100%;\n}\n<\/style>\n\t<\/div>\n\t\n<\/div><\/div>\n<div class=\"col grid-col large-3 grid-col-1\" ><div class=\"col-inner\">\n\t<div class=\"img has-hover x md-x lg-x y md-y lg-y\" id=\"image_2040801303\">\n\t\t\t\t\t\t\t\t<div class=\"img-inner dark\" >\n\t\t\t<img loading=\"lazy\" decoding=\"async\" width=\"500\" height=\"500\" src=\"https:\/\/ajax-alarme.ch\/wp-content\/uploads\/2021\/02\/batterie.png\" class=\"attachment-large size-large\" alt=\"\" srcset=\"https:\/\/ajax-alarme.ch\/wp-content\/uploads\/2021\/02\/batterie.png 500w, https:\/\/ajax-alarme.ch\/wp-content\/uploads\/2021\/02\/batterie-247x247.png 247w, https:\/\/ajax-alarme.ch\/wp-content\/uploads\/2021\/02\/batterie-100x100.png 100w, https:\/\/ajax-alarme.ch\/wp-content\/uploads\/2021\/02\/batterie-400x400.png 400w, https:\/\/ajax-alarme.ch\/wp-content\/uploads\/2021\/02\/batterie-280x280.png 280w, https:\/\/ajax-alarme.ch\/wp-content\/uploads\/2021\/02\/batterie-300x300.png 300w\" sizes=\"auto, (max-width: 500px) 100vw, 500px\" \/>\t\t\t\t\t\t\n\t\t\t\t\t<\/div>\n\t\t\t\t\t\t\t\t\n<style>\n#image_2040801303 {\n  width: 100%;\n}\n<\/style>\n\t<\/div>\n\t\n<\/div><\/div>\n<div class=\"col grid-col large-3 grid-col-1-2\" ><div class=\"col-inner\">\n\t<div class=\"img has-hover x md-x lg-x y md-y lg-y\" id=\"image_95358507\">\n\t\t\t\t\t\t\t\t<div class=\"img-inner dark\" >\n\t\t\t<img loading=\"lazy\" decoding=\"async\" width=\"450\" height=\"800\" src=\"https:\/\/ajax-alarme.ch\/wp-content\/uploads\/2021\/02\/app-450x800.jpg\" class=\"attachment-large size-large\" alt=\"\" srcset=\"https:\/\/ajax-alarme.ch\/wp-content\/uploads\/2021\/02\/app-450x800.jpg 450w, https:\/\/ajax-alarme.ch\/wp-content\/uploads\/2021\/02\/app-225x400.jpg 225w, https:\/\/ajax-alarme.ch\/wp-content\/uploads\/2021\/02\/app.jpg 500w\" sizes=\"auto, (max-width: 450px) 100vw, 450px\" \/>\t\t\t\t\t\t\n\t\t\t\t\t<\/div>\n\t\t\t\t\t\t\t\t\n<style>\n#image_95358507 {\n  width: 100%;\n}\n<\/style>\n\t<\/div>\n\t\n<\/div><\/div>\n<div class=\"col grid-col large-3 grid-col-1-2\" ><div class=\"col-inner\">\n\t<div class=\"img has-hover x md-x lg-x y md-y lg-y\" id=\"image_493069193\">\n\t\t\t\t\t\t\t\t<div class=\"img-inner dark\" >\n\t\t\t<img loading=\"lazy\" decoding=\"async\" width=\"433\" height=\"333\" src=\"https:\/\/ajax-alarme.ch\/wp-content\/uploads\/2021\/02\/AJAX-RELAIS-WIRELESS.jpg\" class=\"attachment-large size-large\" alt=\"\" \/>\t\t\t\t\t\t\n\t\t\t\t\t<\/div>\n\t\t\t\t\t\t\t\t\n<style>\n#image_493069193 {\n  width: 100%;\n}\n<\/style>\n\t<\/div>\n\t\n<\/div><\/div>\n            <\/div>\n    <style>\n    #banner-grid-273483102 .grid-col-1{height: 600px}\n    #banner-grid-273483102 .grid-col-1-2{height: 300px}\n    #banner-grid-273483102 .grid-col-1-3{height:200px}\n    #banner-grid-273483102 .grid-col-2-3{height: 400px}\n    #banner-grid-273483102 .grid-col-1-4{height: 150px}\n    #banner-grid-273483102 .grid-col-3-4{height: 450px}\n\n\n    \n    \n\n  <\/style>\n    <\/div>\n  \n","protected":false},"excerpt":{"rendered":"<p id=\"product_condition\">Rilevatore di apertura senza fili che segnala i primi segni di intrusione nella stanza tramite l&#8217;effrazione di una porta o di una finestra. Pu\u00f2 essere montato su qualsiasi tipo di porta, anche in metallo.<\/p>\n","protected":false},"featured_media":5479,"comment_status":"closed","ping_status":"closed","template":"","meta":[],"product_brand":[],"product_cat":[137],"product_tag":[],"class_list":{"0":"post-3342","1":"product","2":"type-product","3":"status-publish","4":"has-post-thumbnail","6":"product_cat-rilevatori-di-apertura","8":"first","9":"instock","10":"sale","11":"shipping-taxable","12":"purchasable","13":"product-type-variable"},"_links":{"self":[{"href":"https:\/\/ajax-alarme.ch\/it\/wp-json\/wp\/v2\/product\/3342","targetHints":{"allow":["GET"]}}],"collection":[{"href":"https:\/\/ajax-alarme.ch\/it\/wp-json\/wp\/v2\/product"}],"about":[{"href":"https:\/\/ajax-alarme.ch\/it\/wp-json\/wp\/v2\/types\/product"}],"replies":[{"embeddable":true,"href":"https:\/\/ajax-alarme.ch\/it\/wp-json\/wp\/v2\/comments?post=3342"}],"wp:featuredmedia":[{"embeddable":true,"href":"https:\/\/ajax-alarme.ch\/it\/wp-json\/wp\/v2\/media\/5479"}],"wp:attachment":[{"href":"https:\/\/ajax-alarme.ch\/it\/wp-json\/wp\/v2\/media?parent=3342"}],"wp:term":[{"taxonomy":"product_brand","embeddable":true,"href":"https:\/\/ajax-alarme.ch\/it\/wp-json\/wp\/v2\/product_brand?post=3342"},{"taxonomy":"product_cat","embeddable":true,"href":"https:\/\/ajax-alarme.ch\/it\/wp-json\/wp\/v2\/product_cat?post=3342"},{"taxonomy":"product_tag","embeddable":true,"href":"https:\/\/ajax-alarme.ch\/it\/wp-json\/wp\/v2\/product_tag?post=3342"}],"curies":[{"name":"wp","href":"https:\/\/api.w.org\/{rel}","templated":true}]}}