{"id":3334,"date":"2020-11-26T22:34:20","date_gmt":"2020-11-26T21:34:20","guid":{"rendered":"https:\/\/ajax-alarme.ch\/termini-e-condizioni-generali\/"},"modified":"2024-01-25T17:27:31","modified_gmt":"2024-01-25T16:27:31","slug":"termini-e-condizioni-generali","status":"publish","type":"page","link":"https:\/\/ajax-alarme.ch\/it\/termini-e-condizioni-generali\/","title":{"rendered":"Termini e condizioni generali"},"content":{"rendered":"\n<p><b>Premessa<br\/><\/b>I presenti termini e condizioni si applicano a tutti i prodotti venduti da VisioTech SA.<\/p>\n<p>VISIOTECH SA \u00e8 specializzata nella vendita e nell&#8217;installazione di sistemi di sicurezza.<\/p>\n<p>Le condizioni di vendita applicabili sono quelle in vigore al momento dell&#8217;acquisto. Le presenti &#8220;Condizioni generali di vendita&#8221; si applicano alle transazioni commerciali e legali relative ai prodotti commercializzati da VISIOTECH SA.<\/p>\n<p><b>Scopo<br\/><\/b>Le presenti Condizioni Generali di Vendita hanno lo scopo di definire i termini e le condizioni in base ai quali VISIOTECH SA offre e vende i propri prodotti ai clienti. Le presenti condizioni generali di vendita prevalgono su tutti gli altri termini e condizioni indicati in qualsiasi altro documento, salvo espressa rinuncia scritta. Le presenti condizioni generali contengono importanti disposizioni riguardanti, in particolare, la garanzia e i servizi offerti da VISIOTECH SA. I clienti sono pregati di leggere attentamente le presenti condizioni.<\/p>\n<p><b>Prezzi<\/b><br\/>I prezzi sono espressi in franchi svizzeri. Le offerte del venditore sono revocabili (con un rimborso del 100% dell&#8217;ordine annullato dal venditore).<\/p>\n<p><b>Disponibilit\u00e0<\/b> <br\/>Il nostro impegno di consegna \u00e8 nullo in caso di mancato rispetto dei termini di fornitura da parte dei nostri fornitori. Se un prodotto non \u00e8 disponibile, vi informeremo il prima possibile e il rimborso per l&#8217;articolo non disponibile sar\u00e0 comunque possibile.<\/p>\n<p><b>Termini e condizioni di pagamento.<\/b><br\/>Modalit\u00e0 di pagamento: pagamento con carta di credito.<\/p>\n<p><b>Consegna e trasporto<\/b><br\/>Gli articoli disponibili vengono spediti per posta entro 5-14 giorni circa.<\/p>\n<p><b>Restituzione o scambio di merci<\/b><br\/>Gli articoli possono essere restituiti solo previo accordo con VisioTech. La richiesta di restituzione deve essere effettuata esclusivamente via e-mail. Gli articoli devono essere restituiti integri e completi (compresi l&#8217;imballaggio, le istruzioni per l&#8217;uso, le viti e i bulloni, le attrezzature, ecc. Accompagnato dalla bolla di consegna originale e da una copia dell&#8217;e-mail di autorizzazione al reso. Non \u00e8 previsto un rimborso diretto, ma verr\u00e0 emessa una nota di credito per acquisti futuri.<\/p>\n<p>Il diritto di recesso \u00e8 valido solo entro un massimo di sette giorni dal ricevimento del materiale ordinato. Le spese di spedizione per la restituzione sono a carico del cliente.<\/p>\n<p>In caso di restituzione di apparecchiature che non soddisfano i requisiti di cui sopra, ci riserviamo il diritto di ridurre il valore della nota di credito dal 50 al 100%. (vedere la pagina informativa sulla politica dei resi).<\/p>\n<p><b>Garanzia legale<\/b><br\/>I diritti di garanzia esistono solo nella misura indicata di seguito. Si esclude espressamente qualsiasi responsabilit\u00e0 per le richieste di risarcimento che vadano oltre quanto stabilito nelle seguenti disposizioni, in particolare per le richieste di risarcimento di danni causati direttamente o indirettamente dalla merce o dal suo utilizzo.<br\/>Il venditore si riserva il diritto di discostarsi dalle rappresentazioni, dai pesi e dalle tabelle di misurazione o da qualsiasi altra indicazione di questo tipo fatta al momento dell&#8217;offerta, nella misura in cui tale scostamento si riveli opportuno durante l&#8217;esecuzione dell&#8217;ordine e nella misura in cui l&#8217;uso degli oggetti consegnati dal cliente non ne risenta.<br\/>L&#8217;applicazione della garanzia di cui sotto per la merce consegnata \u00e8 subordinata all&#8217;osservanza da parte dell&#8217;acquirente di tutte le istruzioni per l&#8217;uso e l&#8217;installazione e all&#8217;adempimento dei suoi obblighi di pagamento.<br\/>Il venditore sar\u00e0 responsabile per qualsiasi difetto che si verifichi durante il periodo di garanzia, a condizione che si possa dimostrare che il difetto \u00e8 dovuto a materiali difettosi o a difetti di fabbricazione. Il periodo di garanzia \u00e8 di 24 mesi. Il termine decorre dal giorno in cui la merce viene consegnata all&#8217;acquirente. L&#8217;acquirente deve controllare l&#8217;oggetto consegnato entro otto giorni lavorativi dal ricevimento e, in caso di difetti, deve informare immediatamente il venditore per iscritto, indicandone i motivi. Se tali difetti vengono scoperti in un secondo momento, l&#8217;acquirente deve informare immediatamente il venditore per iscritto, indicandone i motivi, altrimenti l&#8217;oggetto consegnato si considera accettato.<br\/>L&#8217;obbligo di garanzia \u00e8 escluso in caso di modifiche o riparazioni eseguite senza il consenso scritto del venditore, nonch\u00e9 in caso di mancata osservanza delle istruzioni d&#8217;uso del venditore, a meno che non si tratti di misure derivanti dall&#8217;obbligo dell&#8217;acquirente di ridurre il pi\u00f9 possibile il danno.<\/p>\n<p><b>Servizio di installazione e messa in servizio in loco.<br\/><\/b>Se si opta per l&#8217;installazione in loco: La data di installazione sar\u00e0 stabilita in base alle nostre possibilit\u00e0. Le apparecchiature saranno installate in conformit\u00e0 alle raccomandazioni del produttore. Tutti i seguenti dispositivi saranno fissati con viti o nastro autoadesivo (come richiesto), tranne: Hub, Rex, Sirena. Le spese di trasporto del tecnico sono incluse fino a un raggio di 30 km da Etoy\/VD. Eventuali chilometri necessari saranno fatturati in aggiunta a CHF 1,20 per chilometro percorso.  <\/p>\n<p>Qualsiasi intervento tecnico in loco o di manutenzione a distanza, oltre ai servizi di installazione iniziale, \u00e8 dichiarato come servizio aggiuntivo. I servizi richiesti dal cliente durante il periodo di garanzia dell&#8217;apparecchiatura o in caso di guasto dell&#8217;apparecchiatura sono anch&#8217;essi riconosciuti come servizi aggiuntivi.<\/p>\n<p><strong>Assistenza tecnica:<br\/><\/strong>Non offriamo un&#8217;assistenza tecnica diretta per i prodotti AJAX. Tuttavia, l&#8217;assistenza tecnica \u00e8 disponibile direttamente presso AJAX al seguente indirizzo: https:\/\/ajax.systems\/fr\/support-request\/.<\/p>\n<p><strong>Tariffe per servizi aggiuntivi:<br\/><\/strong>a) La tariffa oraria per i servizi non in garanzia \u00e8 di CHF 140 all&#8217;ora, IVA esclusa. (Calcolato in incrementi di 15 minuti).<\/p>\n<p>b) A ogni intervento che richiede un intervento in loco viene aggiunto un contributo una tantum per l&#8217;apertura della pratica e per le spese di trasporto. Questo importo forfettario viene fatturato a CHF 120,00 pi\u00f9 IVA.<\/p>\n<p>c) Il tempo necessario per recarsi presso la sede del cliente sar\u00e0 fatturato a 140 franchi svizzeri all&#8217;ora, IVA esclusa.<\/p>\n<p>d) Le spese di viaggio da e per la sede del cliente sono fatturate a 1,20 franchi svizzeri IVA esclusa per ogni chilometro percorso.<\/p>\n<p><b>Protezione dei dati<\/b><br\/>Tutti i dati personali saranno trattati in modo riservato. Le informazioni necessarie per la gestione dell&#8217;ordine saranno elaborate elettronicamente e potranno essere comunicate a societ\u00e0 collegate ai fini della gestione dell&#8217;ordine.<\/p>\n<p><b>Legge applicabile e foro competente<\/b><br\/>Il diritto applicabile \u00e8 quello svizzero e qualsiasi controversia sar\u00e0 trattata dal Tribunale dell&#8217;arrondissement MORGES.<\/p>\n\n","protected":false},"excerpt":{"rendered":"<p>PremessaI presenti termini e condizioni si applicano a tutti i prodotti venduti da VisioTech SA. VISIOTECH SA \u00e8 specializzata nella vendita e nell&#8217;installazione di sistemi di sicurezza. Le condizioni di vendita applicabili sono quelle in vigore al momento dell&#8217;acquisto. Le presenti &#8220;Condizioni generali di vendita&#8221; si applicano alle transazioni commerciali e legali relative ai prodotti [&#8230;]\n","protected":false},"author":3,"featured_media":0,"parent":0,"menu_order":0,"comment_status":"closed","ping_status":"closed","template":"","meta":{"footnotes":""},"class_list":["post-3334","page","type-page","status-publish","hentry"],"_links":{"self":[{"href":"https:\/\/ajax-alarme.ch\/it\/wp-json\/wp\/v2\/pages\/3334","targetHints":{"allow":["GET"]}}],"collection":[{"href":"https:\/\/ajax-alarme.ch\/it\/wp-json\/wp\/v2\/pages"}],"about":[{"href":"https:\/\/ajax-alarme.ch\/it\/wp-json\/wp\/v2\/types\/page"}],"author":[{"embeddable":true,"href":"https:\/\/ajax-alarme.ch\/it\/wp-json\/wp\/v2\/users\/3"}],"replies":[{"embeddable":true,"href":"https:\/\/ajax-alarme.ch\/it\/wp-json\/wp\/v2\/comments?post=3334"}],"version-history":[{"count":1,"href":"https:\/\/ajax-alarme.ch\/it\/wp-json\/wp\/v2\/pages\/3334\/revisions"}],"predecessor-version":[{"id":3343,"href":"https:\/\/ajax-alarme.ch\/it\/wp-json\/wp\/v2\/pages\/3334\/revisions\/3343"}],"wp:attachment":[{"href":"https:\/\/ajax-alarme.ch\/it\/wp-json\/wp\/v2\/media?parent=3334"}],"curies":[{"name":"wp","href":"https:\/\/api.w.org\/{rel}","templated":true}]}}