{"id":3243,"date":"2021-03-06T10:11:57","date_gmt":"2021-03-06T09:11:57","guid":{"rendered":"https:\/\/ajax-alarme.ch\/servizio-di-installazione\/"},"modified":"2024-01-25T17:27:36","modified_gmt":"2024-01-25T16:27:36","slug":"servizio-di-installazione","status":"publish","type":"page","link":"https:\/\/ajax-alarme.ch\/it\/servizio-di-installazione\/","title":{"rendered":"Servizio di installazione"},"content":{"rendered":"\n<div class=\"row\"  id=\"row-2101777917\">\n\n\n\t<div id=\"col-563830965\" class=\"col small-12 large-12\"  >\n\t\t\t\t<div class=\"col-inner\"  >\n\t\t\t\n\t\t\t\n\n<h1 style=\"text-align: center;\">SERVIZIO DI INSTALLAZIONE IN LOCO<\/h1>\n\n\t\t<\/div>\n\t\t\t\t\t<\/div>\n\n\t\n\n<\/div>\n<div class=\"is-divider divider clearfix\" style=\"max-width:0px;height:40px;\"><\/div>\n\n<div class=\"row\"  id=\"row-1176563392\">\n\n\n\t<div id=\"col-2054402123\" class=\"col medium-7 small-12 large-7\"  >\n\t\t\t\t<div class=\"col-inner\"  >\n\t\t\t\n\t\t\t\n\n<h2><strong>Installiamo l&#8217;allarme a casa vostra.<\/strong><\/h2>\n<p>Il nostro tecnico specializzato installer\u00e0 e programmer\u00e0 il vostro sistema di sicurezza direttamente in loco.<\/p>\n<p><strong>Servizio incluso:<\/strong><\/p>\n<ul>\n<li>Preparazione dell&#8217;attrezzatura nel nostro laboratorio<\/li>\n<li>Aggiornare tutti i dispositivi<\/li>\n<li>Installazione dell&#8217;HUB<\/li>\n<li>Installazione del rilevatore<\/li>\n<li>Programmazione del sistema<\/li>\n<li>Messa in servizio e collaudo<\/li>\n<li>Formazione degli utenti<\/li>\n<\/ul>\n<p><span style=\"font-size: 75%;\">Al tecnico e alla sua attrezzatura verr\u00e0 addebitato 1 CHF per ogni chilometro da Etoy\/VD. Verr\u00e0 fatturato solo il viaggio di andata. Pagamento richiesto in contanti, su fattura, all&#8217;arrivo del tecnico. Per pi\u00f9 di 10 apparecchi, verr\u00e0 addebitato un costo di CHF 21.&#8211; (IVA inclusa) per ogni apparecchio aggiuntivo installato. I nostri tecnici sono collaboratori di lunga data, fidati e con una reputazione impeccabile.<\/span><\/p>\n<p>Garanzia sulle apparecchiature: 24 mesi (esclusi i servizi)<\/p>\n\n\t\t<\/div>\n\t\t\t\t\t<\/div>\n\n\t\n\n\t<div id=\"col-1589355241\" class=\"col medium-5 small-12 large-5\"  >\n\t\t\t\t<div class=\"col-inner\"  >\n\t\t\t\n\t\t\t\n\n\t<div class=\"img has-hover x md-x lg-x y md-y lg-y\" id=\"image_1600303005\">\n\t\t\t\t\t\t\t\t<div class=\"img-inner dark\" >\n\t\t\t<img loading=\"lazy\" decoding=\"async\" width=\"533\" height=\"800\" src=\"https:\/\/ajax-alarme.ch\/wp-content\/uploads\/2021\/02\/setupajax.jpg\" class=\"attachment-large size-large\" alt=\"\" srcset=\"https:\/\/ajax-alarme.ch\/wp-content\/uploads\/2021\/02\/setupajax.jpg 533w, https:\/\/ajax-alarme.ch\/wp-content\/uploads\/2021\/02\/setupajax-510x765.jpg 510w, https:\/\/ajax-alarme.ch\/wp-content\/uploads\/2021\/02\/setupajax-267x400.jpg 267w\" sizes=\"auto, (max-width: 533px) 100vw, 533px\" \/>\t\t\t\t\t\t\n\t\t\t\t\t<\/div>\n\t\t\t\t\t\t\t\t\n<style>\n#image_1600303005 {\n  width: 100%;\n}\n<\/style>\n\t<\/div>\n\t\n\n\n\t\t<\/div>\n\t\t\t\t\t<\/div>\n\n\t\n\n<\/div>\n<div class=\"is-divider divider clearfix\" style=\"max-width:0px;height:19px;\"><\/div>\n\n<div class=\"row\"  id=\"row-1591774940\">\n\n\n\t<div id=\"col-267626180\" class=\"col medium-6 small-12 large-6\"  >\n\t\t\t\t<div class=\"col-inner\"  >\n\t\t\t\n\t\t\t\n\n\t<div class=\"img has-hover x md-x lg-x y md-y lg-y\" id=\"image_722788594\">\n\t\t\t\t\t\t\t\t<div class=\"img-inner dark\" >\n\t\t\t<img loading=\"lazy\" decoding=\"async\" width=\"800\" height=\"534\" src=\"https:\/\/ajax-alarme.ch\/wp-content\/uploads\/2021\/02\/dreamstime_s_188188713.jpg\" class=\"attachment-large size-large\" alt=\"\" srcset=\"https:\/\/ajax-alarme.ch\/wp-content\/uploads\/2021\/02\/dreamstime_s_188188713.jpg 800w, https:\/\/ajax-alarme.ch\/wp-content\/uploads\/2021\/02\/dreamstime_s_188188713-510x340.jpg 510w, https:\/\/ajax-alarme.ch\/wp-content\/uploads\/2021\/02\/dreamstime_s_188188713-599x400.jpg 599w, https:\/\/ajax-alarme.ch\/wp-content\/uploads\/2021\/02\/dreamstime_s_188188713-768x513.jpg 768w, https:\/\/ajax-alarme.ch\/wp-content\/uploads\/2021\/02\/dreamstime_s_188188713-600x401.jpg 600w\" sizes=\"auto, (max-width: 800px) 100vw, 800px\" \/>\t\t\t\t\t\t\n\t\t\t\t\t<\/div>\n\t\t\t\t\t\t\t\t\n<style>\n#image_722788594 {\n  width: 100%;\n}\n<\/style>\n\t<\/div>\n\t\n\n\n\t\t<\/div>\n\t\t\t\t\t<\/div>\n\n\t\n\n\t<div id=\"col-1350649992\" class=\"col medium-6 small-12 large-6\"  >\n\t\t\t\t<div class=\"col-inner\"  >\n\t\t\t\n\t\t\t\n\n<div class=\"is-divider divider clearfix\" style=\"max-width:0px;height:19px;\"><\/div>\n\n<p>Rispettiamo le raccomandazioni sanitarie.<\/p>\n<ul>\n<li>Maschera protettiva monouso<\/li>\n<li>Occhiali di protezione<\/li>\n<li>Guanti protettivi monouso<\/li>\n<li>Disinfezione delle mani<\/li>\n<li>Disinfezione degli strumenti<\/li>\n<\/ul>\n\n\t\t<\/div>\n\t\t\t\t\t<\/div>\n\n\t\n\n<\/div>\n<div class=\"is-divider divider clearfix\" style=\"max-width:0px;height:19px;\"><\/div>\n\n<a data-animate=\"bounceInUp\" href=\"https:\/\/ajax-alarme.ch\/shop\/\" class=\"button primary is-outline is-xxlarge expand\"  style=\"border-radius:25px;\">\n\t<i class=\"icon-shopping-basket\" aria-hidden=\"true\" ><\/i>\t<span>IL NEGOZIO<\/span>\n\t<\/a>\n\n\n<div class=\"is-divider divider clearfix\" style=\"max-width:0px;height:19px;\"><\/div>\n\n\t<div class=\"img has-hover x md-x lg-x y md-y lg-y\" id=\"image_116115848\">\n\t\t\t\t\t\t\t\t<div class=\"img-inner dark\" >\n\t\t\t<img loading=\"lazy\" decoding=\"async\" width=\"800\" height=\"533\" src=\"https:\/\/ajax-alarme.ch\/wp-content\/uploads\/2021\/02\/dreamstime_s_149400356.jpg\" class=\"attachment-large size-large\" alt=\"\" srcset=\"https:\/\/ajax-alarme.ch\/wp-content\/uploads\/2021\/02\/dreamstime_s_149400356.jpg 800w, https:\/\/ajax-alarme.ch\/wp-content\/uploads\/2021\/02\/dreamstime_s_149400356-510x340.jpg 510w, https:\/\/ajax-alarme.ch\/wp-content\/uploads\/2021\/02\/dreamstime_s_149400356-600x400.jpg 600w, https:\/\/ajax-alarme.ch\/wp-content\/uploads\/2021\/02\/dreamstime_s_149400356-768x512.jpg 768w\" sizes=\"auto, (max-width: 800px) 100vw, 800px\" \/>\t\t\t\t\t\t\n\t\t\t\t\t<\/div>\n\t\t\t\t\t\t\t\t\n<style>\n#image_116115848 {\n  width: 100%;\n}\n<\/style>\n\t<\/div>\n\t\n\n<div class=\"is-divider divider clearfix\" style=\"max-width:0px;height:19px;\"><\/div>\n\n<div class=\"row\"  id=\"row-143871972\">\n\n\n\t<div id=\"col-1885554052\" class=\"col small-12 large-12\"  >\n\t\t\t\t<div class=\"col-inner\"  >\n\t\t\t\n\t\t\t\n\n<a data-animate=\"bounceInUp\" href=\"https:\/\/ajax-alarme.ch\/shop\/\" class=\"button primary is-outline is-xxlarge expand\"  style=\"border-radius:25px;\">\n\t<i class=\"icon-shopping-basket\" aria-hidden=\"true\" ><\/i>\t<span>IL NEGOZIO<\/span>\n\t<\/a>\n\n\n\n\t\t<\/div>\n\t\t\t\t\t<\/div>\n\n\t\n\n<\/div>\n<div class=\"row\"  id=\"row-1981591602\">\n\n\n\t<div id=\"col-602299358\" class=\"col small-12 large-12\"  >\n\t\t\t\t<div class=\"col-inner\"  >\n\t\t\t\n\t\t\t\n\n\n\t\t<\/div>\n\t\t\t\t\t<\/div>\n\n\t\n\n<\/div>\n\n","protected":false},"excerpt":{"rendered":"","protected":false},"author":3,"featured_media":0,"parent":0,"menu_order":0,"comment_status":"closed","ping_status":"closed","template":"","meta":{"footnotes":""},"class_list":["post-3243","page","type-page","status-publish","hentry"],"_links":{"self":[{"href":"https:\/\/ajax-alarme.ch\/it\/wp-json\/wp\/v2\/pages\/3243","targetHints":{"allow":["GET"]}}],"collection":[{"href":"https:\/\/ajax-alarme.ch\/it\/wp-json\/wp\/v2\/pages"}],"about":[{"href":"https:\/\/ajax-alarme.ch\/it\/wp-json\/wp\/v2\/types\/page"}],"author":[{"embeddable":true,"href":"https:\/\/ajax-alarme.ch\/it\/wp-json\/wp\/v2\/users\/3"}],"replies":[{"embeddable":true,"href":"https:\/\/ajax-alarme.ch\/it\/wp-json\/wp\/v2\/comments?post=3243"}],"version-history":[{"count":5,"href":"https:\/\/ajax-alarme.ch\/it\/wp-json\/wp\/v2\/pages\/3243\/revisions"}],"predecessor-version":[{"id":3839,"href":"https:\/\/ajax-alarme.ch\/it\/wp-json\/wp\/v2\/pages\/3243\/revisions\/3839"}],"wp:attachment":[{"href":"https:\/\/ajax-alarme.ch\/it\/wp-json\/wp\/v2\/media?parent=3243"}],"curies":[{"name":"wp","href":"https:\/\/api.w.org\/{rel}","templated":true}]}}