{"id":3651,"date":"2023-08-02T16:15:06","date_gmt":"2023-08-02T14:15:06","guid":{"rendered":"https:\/\/ajax-alarme.ch\/product\/fireprotect-2-rb-smoke-and-abnormally-high-temperature-detector\/"},"modified":"2025-08-05T19:45:48","modified_gmt":"2025-08-05T17:45:48","slug":"fireprotect-2-rb-smoke-and-abnormally-high-temperature-detector","status":"publish","type":"product","link":"https:\/\/ajax-alarme.ch\/en\/product\/fireprotect-2-rb-smoke-and-abnormally-high-temperature-detector\/","title":{"rendered":"FireProtect 2 RB &#8211; Smoke and abnormally high temperature detector"},"content":{"rendered":"<div class=\"row\"  id=\"row-236031001\">\n\n\t<div id=\"col-438344723\" class=\"col medium-6 small-12 large-6\"  >\n\t\t\t\t<div class=\"col-inner\"  >\n\t\t\t\n\t\t\t\n<h1 style=\"text-align: left;\">THE DETECTOR THAT COULD SAVE YOUR LIFE &#8211; FOR GOOD.<\/h1>\n<p>  The Ajax FireProtect RB wireless smoke detector is designed to protect you from the dangers of fire and smoke. The sensor emits an alarm if smoke is detected or if the temperature exceeds 64\u00b0C or rises rapidly over a short period of time. The batteries in this detector are replaceable.<\/p>\n\t\t<\/div>\n\t\t\t\t\t<\/div>\n\n\t\n\n\t<div id=\"col-2044331333\" class=\"col medium-6 small-12 large-6\"  >\n\t\t\t\t<div class=\"col-inner\"  >\n\t\t\t\n\t\t\t\n\t<div class=\"img has-hover x md-x lg-x y md-y lg-y\" id=\"image_1499062506\">\n\t\t\t\t\t\t\t\t<div class=\"img-inner dark\" >\n\t\t\t<img loading=\"lazy\" decoding=\"async\" width=\"1020\" height=\"574\" src=\"https:\/\/ajax-alarme.ch\/wp-content\/uploads\/2023\/08\/FireProtect2.jpg\" class=\"attachment-large size-large\" alt=\"\" srcset=\"https:\/\/ajax-alarme.ch\/wp-content\/uploads\/2023\/08\/FireProtect2.jpg 1070w, https:\/\/ajax-alarme.ch\/wp-content\/uploads\/2023\/08\/FireProtect2-510x287.jpg 510w, https:\/\/ajax-alarme.ch\/wp-content\/uploads\/2023\/08\/FireProtect2-711x400.jpg 711w, https:\/\/ajax-alarme.ch\/wp-content\/uploads\/2023\/08\/FireProtect2-768x432.jpg 768w\" sizes=\"auto, (max-width: 1020px) 100vw, 1020px\" \/>\t\t\t\t\t\t\n\t\t\t\t\t<\/div>\n\t\t\t\t\t\t\t\t\n<style>\n#image_1499062506 {\n  width: 100%;\n}\n<\/style>\n\t<\/div>\n\t\n\t\t<\/div>\n\t\t\t\t\t<\/div>\n\n\t\n<\/div>\n<h1><strong>Fonctionnalit\u00e9s<\/strong><\/h1>\n<p>Il peut fonctionner ind\u00e9pendamment du hub et signale une alarme incendie avec une sir\u00e8ne int\u00e9gr\u00e9e. Plusieurs d\u00e9tecteurs indiquent une alarme en m\u00eame temps.<\/p>\n<h2><strong><br \/>\nInstallation et configuration<\/strong><\/h2>\n<p>Pr\u00eat \u00e0 l&#8217;emploi pr\u00eat \u00e0 l&#8217;emploi: la batterie est d\u00e9j\u00e0 install\u00e9e, il n&#8217;est donc pas n\u00e9cessaire de d\u00e9monter le d\u00e9tecteur. Connect\u00e9 au hub dans l&#8217;application mobile en un seul clic. Il peut \u00eatre mont\u00e9 sur le SmartBracket en quelques minutes seulement.<\/p>\n<h2><strong><br \/>\nPourquoi Fireprotect RB ?<\/strong><\/h2>\n<p>Le d\u00e9tecteur de fum\u00e9e sans fil Ajax FireProtect (blanc) est con\u00e7u pour vous prot\u00e9ger contre les dangers du feu et de la fum\u00e9e. Le capteur \u00e9met une alarme si de la fum\u00e9e est d\u00e9tect\u00e9e ou si la temp\u00e9rature d\u00e9passe 60 \u00b0 C ou augmente rapidement en peu de temps. L&#8217;Ajax FireProtect peut fonctionner comme un appareil autonome, mais peut \u00e9galement \u00eatre combin\u00e9 avec Ajax Hub et l&#8217;application Ajax Security Systems. De cette fa\u00e7on, vous recevrez \u00e9galement des notifications sur votre t\u00e9l\u00e9phone!<\/p>\n<h2><strong><br \/>\nAvantages d&#8217;Ajax FireProtect RB<\/strong><\/h2>\n<ul>\n<li>Trois options de d\u00e9tection diff\u00e9rentes: fum\u00e9e, temp\u00e9rature \u00e9lev\u00e9e et \u00e9l\u00e9vation rapide<\/li>\n<li><span style=\"color: #555555;\">Autonomie de la batterie jusqu&#8217;\u00e0 6 ans<\/span><\/li>\n<li><span style=\"color: #555555;\">Fonctionne jusqu&#8217;\u00e0 1300 m\u00e8tres du hub Ajax<\/span><\/li>\n<li><span style=\"color: #555555;\">Lien simple vers l&#8217;application avec code QR<\/span><\/li>\n<li><span style=\"color: #555555;\">Rapport possible en cas de d\u00e9sactivation non autoris\u00e9e<\/span><\/li>\n<li><span style=\"color: #555555;\">Fournit un avertissement en cas d&#8217;accumulation de poussi\u00e8re<\/span><\/li>\n<\/ul>\n<div class=\"text-center\"><div class=\"is-divider divider clearfix\" style=\"max-width:0px;\"><\/div><\/div>\n<div class=\"row\"  id=\"row-772160253\">\n\n\t<div id=\"col-204544079\" class=\"col medium-6 small-12 large-6\"  >\n\t\t\t\t<div class=\"col-inner\"  >\n\t\t\t\n\t\t\t\n\t<div class=\"img has-hover x md-x lg-x y md-y lg-y\" id=\"image_866853529\">\n\t\t\t\t\t\t\t\t<div class=\"img-inner dark\" >\n\t\t\t<img loading=\"lazy\" decoding=\"async\" width=\"1020\" height=\"535\" src=\"https:\/\/ajax-alarme.ch\/wp-content\/uploads\/2023\/08\/FireProtect-2-6-EN-768x403-1.jpg\" class=\"attachment-large size-large\" alt=\"\" srcset=\"https:\/\/ajax-alarme.ch\/wp-content\/uploads\/2023\/08\/FireProtect-2-6-EN-768x403-1.jpg 1067w, https:\/\/ajax-alarme.ch\/wp-content\/uploads\/2023\/08\/FireProtect-2-6-EN-768x403-1-510x268.jpg 510w, https:\/\/ajax-alarme.ch\/wp-content\/uploads\/2023\/08\/FireProtect-2-6-EN-768x403-1-762x400.jpg 762w, https:\/\/ajax-alarme.ch\/wp-content\/uploads\/2023\/08\/FireProtect-2-6-EN-768x403-1-768x403.jpg 768w\" sizes=\"auto, (max-width: 1020px) 100vw, 1020px\" \/>\t\t\t\t\t\t\n\t\t\t\t\t<\/div>\n\t\t\t\t\t\t\t\t\n<style>\n#image_866853529 {\n  width: 100%;\n}\n<\/style>\n\t<\/div>\n\t\n\t\t<\/div>\n\t\t\t\t\t<\/div>\n\n\t\n\n\t<div id=\"col-42515812\" class=\"col medium-6 small-12 large-6\"  >\n\t\t\t\t<div class=\"col-inner\"  >\n\t\t\t\n\t\t\t\n<h2><strong>Protect your lives!<\/strong><\/h2>\n<p>  This detector features a built-in 85 dB siren combined with a central indicator light, immediately alerting any occupants present. The siren is switched off by touching the device logo or via the mobile application, connected to the secure Ajax system.<\/p>\n\t\t<\/div>\n\t\t\t\t\t<\/div>\n\n\t\n<\/div>\n<div class=\"text-center\"><div class=\"is-divider divider clearfix\" style=\"max-width:0px;\"><\/div><\/div>\n<div class=\"row\"  id=\"row-1040766855\">\n\n\t<div id=\"col-2132360609\" class=\"col medium-6 small-12 large-6\"  >\n\t\t\t\t<div class=\"col-inner\"  >\n\t\t\t\n\t\t\t\n<div class=\"text-center\"><div class=\"is-divider divider clearfix\" style=\"max-width:0px;\"><\/div><\/div>\n<h2>Technical specifications<\/h2>\n<p>  Compatibility: All HUBs Sensor element: Photoelectric\/temperature sensors Temperature activation threshold: 59\u00b0C Integrated siren volume: 85 dB Power supply: 2 x CR2 Temperature: 0\u00b0C to 65\u00b0C Dimensions: 132 x 132 x 31 mm Certification: EN 14604 Weight: 220 g<\/p>\n\t\t<\/div>\n\t\t\t\t\t<\/div>\n\n\t\n\n\t<div id=\"col-1602978952\" class=\"col medium-6 small-12 large-6\"  >\n\t\t\t\t<div class=\"col-inner\"  >\n\t\t\t\n\t\t\t\n\t<div class=\"img has-hover x md-x lg-x y md-y lg-y\" id=\"image_927972662\">\n\t\t\t\t\t\t\t\t<div class=\"img-inner dark\" >\n\t\t\t<img loading=\"lazy\" decoding=\"async\" width=\"264\" height=\"341\" src=\"https:\/\/ajax-alarme.ch\/wp-content\/uploads\/2023\/08\/chaleur-fumee.jpg\" class=\"attachment-original size-original\" alt=\"\" \/>\t\t\t\t\t\t\n\t\t\t\t\t<\/div>\n\t\t\t\t\t\t\t\t\n<style>\n#image_927972662 {\n  width: 54%;\n}\n<\/style>\n\t<\/div>\n\t\n\t\t<\/div>\n\t\t\t\t\t<\/div>\n\n\t\n<\/div>\n","protected":false},"excerpt":{"rendered":"<p id=\"product_condition\">This detector is both a smoke detector and a temperature detector. The device can be used independently of the alarm system, and can trigger a fire alarm via a built-in siren. The batteries in this detector are replaceable.<\/p>\n","protected":false},"featured_media":5210,"comment_status":"closed","ping_status":"closed","template":"","meta":[],"product_brand":[],"product_cat":[139],"product_tag":[],"class_list":{"0":"post-3651","1":"product","2":"type-product","3":"status-publish","4":"has-post-thumbnail","6":"product_cat-domestic-risks","8":"first","9":"instock","10":"sale","11":"shipping-taxable","12":"purchasable","13":"product-type-variable"},"_links":{"self":[{"href":"https:\/\/ajax-alarme.ch\/en\/wp-json\/wp\/v2\/product\/3651","targetHints":{"allow":["GET"]}}],"collection":[{"href":"https:\/\/ajax-alarme.ch\/en\/wp-json\/wp\/v2\/product"}],"about":[{"href":"https:\/\/ajax-alarme.ch\/en\/wp-json\/wp\/v2\/types\/product"}],"replies":[{"embeddable":true,"href":"https:\/\/ajax-alarme.ch\/en\/wp-json\/wp\/v2\/comments?post=3651"}],"wp:featuredmedia":[{"embeddable":true,"href":"https:\/\/ajax-alarme.ch\/en\/wp-json\/wp\/v2\/media\/5210"}],"wp:attachment":[{"href":"https:\/\/ajax-alarme.ch\/en\/wp-json\/wp\/v2\/media?parent=3651"}],"wp:term":[{"taxonomy":"product_brand","embeddable":true,"href":"https:\/\/ajax-alarme.ch\/en\/wp-json\/wp\/v2\/product_brand?post=3651"},{"taxonomy":"product_cat","embeddable":true,"href":"https:\/\/ajax-alarme.ch\/en\/wp-json\/wp\/v2\/product_cat?post=3651"},{"taxonomy":"product_tag","embeddable":true,"href":"https:\/\/ajax-alarme.ch\/en\/wp-json\/wp\/v2\/product_tag?post=3651"}],"curies":[{"name":"wp","href":"https:\/\/api.w.org\/{rel}","templated":true}]}}