{"id":3598,"date":"2023-06-06T11:47:10","date_gmt":"2023-06-06T09:47:10","guid":{"rendered":"https:\/\/ajax-alarme.ch\/product\/lifequality-temperature-humidity-co2-sensor\/"},"modified":"2025-08-05T19:45:54","modified_gmt":"2025-08-05T17:45:54","slug":"lifequality-temperature-humidity-co2-sensor","status":"publish","type":"product","link":"https:\/\/ajax-alarme.ch\/en\/product\/lifequality-temperature-humidity-co2-sensor\/","title":{"rendered":"LifeQuality &#8211; Temperature + Humidity + Co2 sensor"},"content":{"rendered":"<div class=\"row\"  id=\"row-1021566698\">\n\n\t<div id=\"col-1311501893\" class=\"col medium-6 small-12 large-6\"  >\n\t\t\t\t<div class=\"col-inner\"  >\n\t\t\t\n\t\t\t\n<div class=\"is-divider divider clearfix\" style=\"max-width:0px;\"><\/div>\n<h2><strong>Surveillez la qualit\u00e9 de l&#8217;air int\u00e9rieure<\/strong><\/h2>\n<p>Une mauvaise qualit\u00e9 de l&#8217;air nuit \u00e0 la sant\u00e9 et r\u00e9duit la productivit\u00e9. Il a \u00e9t\u00e9 d\u00e9montr\u00e9 que des niveaux de dioxyde de carbone (CO<sub>2<\/sub>) trop importants pouvaient provoquer une apathie, une fatigue et avoir des effets n\u00e9fastes sur la prise de d\u00e9cision.<\/p>\n<p>LifeQuality est un moniteur de qualit\u00e9 de l&#8217;air intelligent dot\u00e9 de capteurs de temp\u00e9rature, d&#8217;humidit\u00e9 et de CO<sub>2<\/sub> qui vous permet d&#8217;\u00e9valuer la dynamique de la qualit\u00e9 de l&#8217;air dans votre maison, votre bureau, votre lieu de travail ou toute autre pi\u00e8ce. Les utilisateurs b\u00e9n\u00e9ficient d&#8217;une pr\u00e9cision de mesure de qualit\u00e9 m\u00e9dicale, d&#8217;informations compl\u00e8tes dans l&#8217;application et de sc\u00e9narios d&#8217;automatisation. Un syst\u00e8me de s\u00e9curit\u00e9 Ajax dot\u00e9 d&#8217;un appareil LifeQuality et de dispositifs d&#8217;automatisation sera capable d&#8217;activer un ventilateur ou humidificateur si les indicateurs de qualit\u00e9 de l&#8217;air ne sont pas confortables.<\/p>\n\t<div class=\"img has-hover x md-x lg-x y md-y lg-y\" id=\"image_1948740342\">\n\t\t\t\t\t\t\t\t<div class=\"img-inner dark\" >\n\t\t\t<img loading=\"lazy\" decoding=\"async\" width=\"702\" height=\"390\" src=\"https:\/\/ajax-alarme.ch\/wp-content\/uploads\/2023\/06\/capteurs.jpg\" class=\"attachment-large size-large\" alt=\"\" srcset=\"https:\/\/ajax-alarme.ch\/wp-content\/uploads\/2023\/06\/capteurs.jpg 702w, https:\/\/ajax-alarme.ch\/wp-content\/uploads\/2023\/06\/capteurs-510x283.jpg 510w\" sizes=\"auto, (max-width: 702px) 100vw, 702px\" \/>\t\t\t\t\t\t\n\t\t\t\t\t<\/div>\n\t\t\t\t\t\t\t\t\n<style>\n#image_1948740342 {\n  width: 100%;\n}\n<\/style>\n\t<\/div>\n\t\n\t\t<\/div>\n\t\t\t\t\t<\/div>\n\n\t\n\n\t<div id=\"col-424866294\" class=\"col medium-6 small-12 large-6\"  >\n\t\t\t\t<div class=\"col-inner\"  >\n\t\t\t\n\t\t\t\n\t<div class=\"img has-hover x md-x lg-x y md-y lg-y\" id=\"image_224480534\">\n\t\t\t\t\t\t\t\t<div class=\"img-inner dark\" style=\"margin:50px 0px 0px 50px;\">\n\t\t\t<img loading=\"lazy\" decoding=\"async\" width=\"440\" height=\"800\" src=\"https:\/\/ajax-alarme.ch\/wp-content\/uploads\/2023\/06\/LifeQuality-440x800.jpg\" class=\"attachment-large size-large\" alt=\"\" srcset=\"https:\/\/ajax-alarme.ch\/wp-content\/uploads\/2023\/06\/LifeQuality-440x800.jpg 440w, https:\/\/ajax-alarme.ch\/wp-content\/uploads\/2023\/06\/LifeQuality-510x927.jpg 510w, https:\/\/ajax-alarme.ch\/wp-content\/uploads\/2023\/06\/LifeQuality-220x400.jpg 220w, https:\/\/ajax-alarme.ch\/wp-content\/uploads\/2023\/06\/LifeQuality.jpg 716w\" sizes=\"auto, (max-width: 440px) 100vw, 440px\" \/>\t\t\t\t\t\t\n\t\t\t\t\t<\/div>\n\t\t\t\t\t\t\t\t\n<style>\n#image_224480534 {\n  width: 89%;\n}\n<\/style>\n\t<\/div>\n\t\n\t\t<\/div>\n\t\t\t\t\t<\/div>\n\n\t\n<\/div>\n<div class=\"is-divider divider clearfix\" style=\"max-width:0px;\"><\/div>\n<div class=\"row\"  id=\"row-715130016\">\n\n\t<div id=\"col-1233226215\" class=\"col medium-6 small-12 large-6\"  >\n\t\t\t\t<div class=\"col-inner\"  >\n\t\t\t\n\t\t\t\n\t<div class=\"img has-hover x md-x lg-x y md-y lg-y\" id=\"image_1187740993\">\n\t\t\t\t\t\t\t\t<div class=\"img-inner dark\" >\n\t\t\t\t\t\t\t\t\t\n\t\t\t\t\t<\/div>\n\t\t\t\t\t\t\t\t\n<style>\n#image_1187740993 {\n  width: 100%;\n}\n<\/style>\n\t<\/div>\n\t\n\t<div class=\"img has-hover x md-x lg-x y md-y lg-y\" id=\"image_1150035409\">\n\t\t\t\t\t\t\t\t<div class=\"img-inner dark\" >\n\t\t\t<img loading=\"lazy\" decoding=\"async\" width=\"1112\" height=\"1112\" src=\"https:\/\/ajax-alarme.ch\/wp-content\/uploads\/2023\/06\/ledquality.jpg\" class=\"attachment-original size-original\" alt=\"\" srcset=\"https:\/\/ajax-alarme.ch\/wp-content\/uploads\/2023\/06\/ledquality.jpg 1112w, https:\/\/ajax-alarme.ch\/wp-content\/uploads\/2023\/06\/ledquality-247x247.jpg 247w, https:\/\/ajax-alarme.ch\/wp-content\/uploads\/2023\/06\/ledquality-100x100.jpg 100w, https:\/\/ajax-alarme.ch\/wp-content\/uploads\/2023\/06\/ledquality-510x510.jpg 510w, https:\/\/ajax-alarme.ch\/wp-content\/uploads\/2023\/06\/ledquality-400x400.jpg 400w, https:\/\/ajax-alarme.ch\/wp-content\/uploads\/2023\/06\/ledquality-800x800.jpg 800w, https:\/\/ajax-alarme.ch\/wp-content\/uploads\/2023\/06\/ledquality-280x280.jpg 280w, https:\/\/ajax-alarme.ch\/wp-content\/uploads\/2023\/06\/ledquality-768x768.jpg 768w, https:\/\/ajax-alarme.ch\/wp-content\/uploads\/2023\/06\/ledquality-50x50.jpg 50w\" sizes=\"auto, (max-width: 1112px) 100vw, 1112px\" \/>\t\t\t\t\t\t\n\t\t\t\t\t<\/div>\n\t\t\t\t\t\t\t\t\n<style>\n#image_1150035409 {\n  width: 100%;\n}\n<\/style>\n\t<\/div>\n\t\n\t<div class=\"img has-hover x md-x lg-x y md-y lg-y\" id=\"image_1015312841\">\n\t\t\t\t\t\t\t\t<div class=\"img-inner dark\" style=\"margin:0px 0px 0px 0px;\">\n\t\t\t\t\t\t\t\t\t\n\t\t\t\t\t<\/div>\n\t\t\t\t\t\t\t\t\n<style>\n#image_1015312841 {\n  width: 84%;\n}\n<\/style>\n\t<\/div>\n\t\n\t\t<\/div>\n\t\t\t\t\t<\/div>\n\n\t\n\n\t<div id=\"col-721323649\" class=\"col medium-6 small-12 large-6\"  >\n\t\t\t\t<div class=\"col-inner\"  >\n\t\t\t\n\t\t\t\n<div class=\"is-divider divider clearfix\" style=\"max-width:0px;\"><\/div>\n<h2><strong>Multi-color LED indicator<\/strong><\/h2>\n<p>  There&#8217;s no need to open Ajax applications to determine the state of air quality in a room. The LED lights up green, yellow, red or violet depending on the<sub>CO2<\/sub> level. Just touch the logo on the detector once. Senseair&#8217;s Sunrise sensor is an optical NDIR sensor designed by Swedish developers. This technology directly measures the level of carbon dioxide in the air, without the need for mathematical models. With an average power consumption of 45 \u03bcA, the sensor is energy-efficient and guarantees a minimum of 15 years of measurements with an accuracy of \u00b1(30 + 3%) ppm.<\/p>\n\t\t<\/div>\n\t\t\t\t\t<\/div>\n\n\t\n<\/div>\n<div class=\"is-divider divider clearfix\" style=\"max-width:0px;\"><\/div>\n<div class=\"row\"  id=\"row-566191898\">\n\n\t<div id=\"col-1178887768\" class=\"col medium-6 small-12 large-6\"  >\n\t\t\t\t<div class=\"col-inner\"  >\n\t\t\t\n\t\t\t\n<h2>Technical specifications<\/h2>\n<p>  Compatibility: HUB2+, HUB2, REX, REX2 Sensors: Temperature, Humidity, Carbon Dioxide CO<br \/>\n<g id=\"gid_0\">2 <\/g>Temperature sensor sensitivity: \u00b10.2\u00b0C (0\u00b0C to +50\u00b0C) Humidity sensor sensitivity: \u00b11.8% (0-100%) CO<br \/>\n<g id=\"gid_1\">2<\/g> sensor sensitivity: \u00b130 ppm or \u00b13% (400-5000ppm) Green LED indication: normal air Yellow LED indication: slightly polluted air Red LED indication: polluted air Violet LED indication: highly polluted air Power supply: 2 x CR123A Dimensions: 77 \u00d7 77 \u00d7 34.5 mm Weight: 127 g  <\/p>\n<div id=\"short_description_block\">\n<div id=\"short_description_content\" class=\"rte align_justify\"><\/div>\n<\/div>\n\t\t<\/div>\n\t\t\t\t\t<\/div>\n\n\t\n\n\t<div id=\"col-317317442\" class=\"col medium-6 small-12 large-6\"  >\n\t\t\t\t<div class=\"col-inner\"  >\n\t\t\t\n\t\t\t\n\t<div class=\"img has-hover x md-x lg-x y md-y lg-y\" id=\"image_1750285956\">\n\t\t\t\t\t\t\t\t<div class=\"img-inner dark\" >\n\t\t\t<img loading=\"lazy\" decoding=\"async\" width=\"750\" height=\"467\" src=\"https:\/\/ajax-alarme.ch\/wp-content\/uploads\/2023\/06\/qualitylevel.jpg\" class=\"attachment-large size-large\" alt=\"\" srcset=\"https:\/\/ajax-alarme.ch\/wp-content\/uploads\/2023\/06\/qualitylevel.jpg 750w, https:\/\/ajax-alarme.ch\/wp-content\/uploads\/2023\/06\/qualitylevel-510x318.jpg 510w, https:\/\/ajax-alarme.ch\/wp-content\/uploads\/2023\/06\/qualitylevel-642x400.jpg 642w\" sizes=\"auto, (max-width: 750px) 100vw, 750px\" \/>\t\t\t\t\t\t\n\t\t\t\t\t<\/div>\n\t\t\t\t\t\t\t\t\n<style>\n#image_1750285956 {\n  width: 100%;\n}\n<\/style>\n\t<\/div>\n\t\n\t\t<\/div>\n\t\t\t\t\t<\/div>\n\n\t\n<\/div>\n<p>The Ajax LifeQuality is an intelligent wireless air quality monitor and CO2 sensor with integrated humidity and temperature sensors for assessing air quality dynamics in the home, office, workplace or any other space. Users benefit from medical-grade measurement accuracy, comprehensive in-application information and automation scenarios. Sensirion&#8217;s SHT40 Swiss sensor guarantees the accuracy of LifeQuality&#8217;s temperature and humidity readings. Senseair&#8217;s Swedish Sunrise sensor measures CO2 concentration. These reliable detectors are even used in medical equipment. The combined humidity and temperature sensor is installed in an isolated area of the board, so that sensor readings are not affected by heating of other components. To measure CO2, an NDIR detector is used instead of VOC sensors, which mathematically calculate carbon concentration. LifeQuality does not give false readings that may occur due to substance vapors, aerosols or perfumes.  <div class=\"is-divider divider clearfix\" style=\"max-width:0px;\"><\/div>\n","protected":false},"excerpt":{"rendered":"<p id=\"product_manufacturer\">Life Quality Sensor is an intelligent air quality detector with temperature, humidity and<sub>CO2<\/sub> sensors that lets you assess the air quality dynamics in your home, office, workplace or any other room.<\/p>\n","protected":false},"featured_media":5218,"comment_status":"closed","ping_status":"closed","template":"","meta":[],"product_brand":[],"product_cat":[139],"product_tag":[],"class_list":{"0":"post-3598","1":"product","2":"type-product","3":"status-publish","4":"has-post-thumbnail","6":"product_cat-domestic-risks","8":"first","9":"instock","10":"sale","11":"shipping-taxable","12":"purchasable","13":"product-type-variable"},"_links":{"self":[{"href":"https:\/\/ajax-alarme.ch\/en\/wp-json\/wp\/v2\/product\/3598","targetHints":{"allow":["GET"]}}],"collection":[{"href":"https:\/\/ajax-alarme.ch\/en\/wp-json\/wp\/v2\/product"}],"about":[{"href":"https:\/\/ajax-alarme.ch\/en\/wp-json\/wp\/v2\/types\/product"}],"replies":[{"embeddable":true,"href":"https:\/\/ajax-alarme.ch\/en\/wp-json\/wp\/v2\/comments?post=3598"}],"wp:featuredmedia":[{"embeddable":true,"href":"https:\/\/ajax-alarme.ch\/en\/wp-json\/wp\/v2\/media\/5218"}],"wp:attachment":[{"href":"https:\/\/ajax-alarme.ch\/en\/wp-json\/wp\/v2\/media?parent=3598"}],"wp:term":[{"taxonomy":"product_brand","embeddable":true,"href":"https:\/\/ajax-alarme.ch\/en\/wp-json\/wp\/v2\/product_brand?post=3598"},{"taxonomy":"product_cat","embeddable":true,"href":"https:\/\/ajax-alarme.ch\/en\/wp-json\/wp\/v2\/product_cat?post=3598"},{"taxonomy":"product_tag","embeddable":true,"href":"https:\/\/ajax-alarme.ch\/en\/wp-json\/wp\/v2\/product_tag?post=3598"}],"curies":[{"name":"wp","href":"https:\/\/api.w.org\/{rel}","templated":true}]}}