{"id":3519,"date":"2020-10-02T16:15:30","date_gmt":"2020-10-02T14:15:30","guid":{"rendered":"https:\/\/ajax-alarme.ch\/product\/12v-power-supply-kit-for-hub2-boat-caravan-other\/"},"modified":"2024-09-13T18:37:57","modified_gmt":"2024-09-13T16:37:57","slug":"12v-power-supply-kit-for-hub2-boat-caravan-other","status":"publish","type":"product","link":"https:\/\/ajax-alarme.ch\/en\/product\/12v-power-supply-kit-for-hub2-boat-caravan-other\/","title":{"rendered":"12V power supply kit for HUB2+ (boat, caravan, other)"},"content":{"rendered":"<div class=\"container\">\n<div class=\"row\">\n<div class=\"col-12\">\n<h2><b>Power supply kit for 12V battery. Hub2+ compatible<\/b><\/h2>\n<p>  Power supply kit for HUB2+ with 12V stabilized power management module.  <\/p>\n<h1><b>In a warehouse<\/b><\/h1>\n<p>  Use the security system with visual alarm verification in buildings without mains voltage or with an unstable power supply. With a 12 V power supply, you can connect low-voltage signal concentrators and amplifiers, or use a portable battery.  <\/p>\n<h1><b>In a trailer<\/b><\/h1>\n<p>  Ajax protects at home, also on wheels. Connect the hub to a car or portable battery and let the security system accompany you.  <\/p>\n<h1><b>On a boat\/yacht<\/b><\/h1>\n<p>  Insert a SIM card, connect the hub to the network or the on-board battery, and Ajax will make sure your boat is safely on the dock.  <\/p>\n<h1><b>Compatibility<\/b><\/h1>\n<p>  The power supply panel is compatible with the Hub2+. It features a standard socket for connecting the power plug and an additional adapter socket (TA).  <\/p>\n<h1><b>Installation<\/b><\/h1>\n<p>  The 12 V power supply unit (PSU) is installed inside the unit housing and replaces the pre-installed 110\/230 V power supply unit.  <\/p><\/div>\n<\/div>\n<\/div>\n<div class=\"row\"  id=\"row-1173892150\">\n\n\t<div id=\"col-1303771305\" class=\"col medium-6 small-12 large-6\"  >\n\t\t\t\t<div class=\"col-inner\"  >\n\t\t\t\n\t\t\t\n<h1><b>Technical specifications<\/b><\/h1>\n<p>  Compatibility: HUB2+ Input voltage: 6-28 V DC Output voltage: 12 V \u00b1 3% Switch-on voltage: 12 V \u00b1 2.5% Input current :  &lt;1 \u0410 Output current: 1.5 \u0410 Connection : Socket: 6.5 \u00d7 2 mm Socket: 5.5 \u00d7 2.1 mm (power supply socket) Dimensions: 138 \u00d7 64 \u00d7 13 mm Mounting: : Requires terminal mounting not included. Weight: 30 g<\/p>\n\t\t<\/div>\n\t\t\t\t\t<\/div>\n\n\t\n\n\t<div id=\"col-771353507\" class=\"col medium-6 small-12 large-6\"  >\n\t\t\t\t<div class=\"col-inner\"  >\n\t\t\t\n\t\t\t\n\t<div class=\"img has-hover x md-x lg-x y md-y lg-y\" id=\"image_1913446746\">\n\t\t\t\t\t\t\t\t<div class=\"img-inner dark\" >\n\t\t\t<img loading=\"lazy\" decoding=\"async\" width=\"1000\" height=\"531\" src=\"https:\/\/ajax-alarme.ch\/wp-content\/uploads\/2020\/10\/12V.jpg\" class=\"attachment-large size-large\" alt=\"\" srcset=\"https:\/\/ajax-alarme.ch\/wp-content\/uploads\/2020\/10\/12V.jpg 1000w, https:\/\/ajax-alarme.ch\/wp-content\/uploads\/2020\/10\/12V-510x271.jpg 510w, https:\/\/ajax-alarme.ch\/wp-content\/uploads\/2020\/10\/12V-753x400.jpg 753w, https:\/\/ajax-alarme.ch\/wp-content\/uploads\/2020\/10\/12V-768x408.jpg 768w, https:\/\/ajax-alarme.ch\/wp-content\/uploads\/2020\/10\/12V-600x319.jpg 600w\" sizes=\"auto, (max-width: 1000px) 100vw, 1000px\" \/>\t\t\t\t\t\t\n\t\t\t\t\t<\/div>\n\t\t\t\t\t\t\t\t\n<style>\n#image_1913446746 {\n  width: 100%;\n}\n<\/style>\n\t<\/div>\n\t\n\t\t<\/div>\n\t\t\t\t\t<\/div>\n\n\t\n<\/div>\n","protected":false},"excerpt":{"rendered":"<p id=\"product_condition\">The 12V power supply is compatible with HUB2+ and uses an included 12V stabilization module. The 12V module is installed in the device housing and replaces the 230V power supply. The PSU can be used in a variety of locations, such as a warehouse, a mobile home or on a yacht.<\/p>\n","protected":false},"featured_media":2861,"comment_status":"closed","ping_status":"closed","template":"","meta":[],"product_brand":[],"product_cat":[143],"product_tag":[],"class_list":{"0":"post-3519","1":"product","2":"type-product","3":"status-publish","4":"has-post-thumbnail","6":"product_cat-accessories","8":"first","9":"instock","10":"sale","11":"shipping-taxable","12":"purchasable","13":"product-type-simple"},"_links":{"self":[{"href":"https:\/\/ajax-alarme.ch\/en\/wp-json\/wp\/v2\/product\/3519","targetHints":{"allow":["GET"]}}],"collection":[{"href":"https:\/\/ajax-alarme.ch\/en\/wp-json\/wp\/v2\/product"}],"about":[{"href":"https:\/\/ajax-alarme.ch\/en\/wp-json\/wp\/v2\/types\/product"}],"replies":[{"embeddable":true,"href":"https:\/\/ajax-alarme.ch\/en\/wp-json\/wp\/v2\/comments?post=3519"}],"wp:featuredmedia":[{"embeddable":true,"href":"https:\/\/ajax-alarme.ch\/en\/wp-json\/wp\/v2\/media\/2861"}],"wp:attachment":[{"href":"https:\/\/ajax-alarme.ch\/en\/wp-json\/wp\/v2\/media?parent=3519"}],"wp:term":[{"taxonomy":"product_brand","embeddable":true,"href":"https:\/\/ajax-alarme.ch\/en\/wp-json\/wp\/v2\/product_brand?post=3519"},{"taxonomy":"product_cat","embeddable":true,"href":"https:\/\/ajax-alarme.ch\/en\/wp-json\/wp\/v2\/product_cat?post=3519"},{"taxonomy":"product_tag","embeddable":true,"href":"https:\/\/ajax-alarme.ch\/en\/wp-json\/wp\/v2\/product_tag?post=3519"}],"curies":[{"name":"wp","href":"https:\/\/api.w.org\/{rel}","templated":true}]}}