{"id":3490,"date":"2021-02-27T15:23:59","date_gmt":"2021-02-27T14:23:59","guid":{"rendered":"https:\/\/ajax-alarme.ch\/product\/hub-plus-ajax-alarm-control-unit-3g-ethernet-wifi-camera\/"},"modified":"2024-09-13T18:37:46","modified_gmt":"2024-09-13T16:37:46","slug":"hub-plus-ajax-alarm-control-unit-3g-ethernet-wifi-camera","status":"publish","type":"product","link":"https:\/\/ajax-alarme.ch\/en\/product\/hub-plus-ajax-alarm-control-unit-3g-ethernet-wifi-camera\/","title":{"rendered":"HUB Plus &#8211; AJAX alarm control unit (3G, Ethernet, Wifi, Camera)"},"content":{"rendered":"<div class=\"row\"  id=\"row-574102008\">\n\n\t<div id=\"col-2135471503\" class=\"col medium-6 small-12 large-6\"  >\n\t\t\t\t<div class=\"col-inner\"  >\n\t\t\t\n\t\t\t\n<div class=\"is-divider divider clearfix\" style=\"max-width:0px;\"><\/div>\n<h2><strong>HUB+ AJAX<\/strong><\/h2>\n<p>  The device collects information on detector operation in encrypted format, analyzes the data, and in the event of an alarm, alerts the system owner. The Hub&#8217;s intelligent control panel is an important part of the Ajax security system. Using GSM 3G or Ethernet (connected to your Internet access router), this HUB sends you alarms and notifications, and manages the entire system. It&#8217;s the brains behind your safety. In the event of a power failure, it operates for up to 15 hours on the built-in back-up battery. It checks detector functionality at least every 12 seconds.<\/p>\n\t\t<\/div>\n\t\t\t\t\t<\/div>\n\n\t\n\n\t<div id=\"col-338337967\" class=\"col medium-6 small-12 large-6\"  >\n\t\t\t\t<div class=\"col-inner\"  >\n\t\t\t\n\t\t\t\n\t<div class=\"img has-hover x md-x lg-x y md-y lg-y\" id=\"image_335267372\">\n\t\t\t\t\t\t\t\t<div class=\"img-inner dark\" >\n\t\t\t<img loading=\"lazy\" decoding=\"async\" width=\"800\" height=\"800\" src=\"https:\/\/ajax-alarme.ch\/wp-content\/uploads\/2021\/02\/hub-ouvert.jpg\" class=\"attachment-large size-large\" alt=\"\" srcset=\"https:\/\/ajax-alarme.ch\/wp-content\/uploads\/2021\/02\/hub-ouvert.jpg 800w, https:\/\/ajax-alarme.ch\/wp-content\/uploads\/2021\/02\/hub-ouvert-247x247.jpg 247w, https:\/\/ajax-alarme.ch\/wp-content\/uploads\/2021\/02\/hub-ouvert-100x100.jpg 100w, https:\/\/ajax-alarme.ch\/wp-content\/uploads\/2021\/02\/hub-ouvert-510x510.jpg 510w, https:\/\/ajax-alarme.ch\/wp-content\/uploads\/2021\/02\/hub-ouvert-400x400.jpg 400w, https:\/\/ajax-alarme.ch\/wp-content\/uploads\/2021\/02\/hub-ouvert-280x280.jpg 280w, https:\/\/ajax-alarme.ch\/wp-content\/uploads\/2021\/02\/hub-ouvert-768x768.jpg 768w, https:\/\/ajax-alarme.ch\/wp-content\/uploads\/2021\/02\/hub-ouvert-300x300.jpg 300w, https:\/\/ajax-alarme.ch\/wp-content\/uploads\/2021\/02\/hub-ouvert-600x600.jpg 600w\" sizes=\"auto, (max-width: 800px) 100vw, 800px\" \/>\t\t\t\t\t\t\n\t\t\t\t\t<\/div>\n\t\t\t\t\t\t\t\t\n<style>\n#image_335267372 {\n  width: 100%;\n}\n<\/style>\n\t<\/div>\n\t\n\t\t<\/div>\n\t\t\t\t\t<\/div>\n\n\t\n<\/div>\n<div class=\"is-divider divider clearfix\" style=\"max-width:0px;\"><\/div>\n<div class=\"row\"  id=\"row-1698903799\">\n\n\t<div id=\"col-1247441458\" class=\"col medium-6 small-12 large-6\"  >\n\t\t\t\t<div class=\"col-inner\"  >\n\t\t\t\n\t\t\t\n<div class=\"video video-fit mb\" style=\"padding-top:56.25%;\"><p><iframe loading=\"lazy\" title=\"Sc\u00e9narios (b\u00eata) : Comment configurer la r\u00e9ponse \u00e0 l&#039;armement\/d\u00e9sarmement d&#039;un appareil automatis\u00e9\" width=\"1020\" height=\"574\" src=\"https:\/\/www.youtube.com\/embed\/cEHZQWFuXBo?feature=oembed\" frameborder=\"0\" allow=\"accelerometer; autoplay; clipboard-write; encrypted-media; gyroscope; picture-in-picture; web-share\" referrerpolicy=\"strict-origin-when-cross-origin\" allowfullscreen><\/iframe><\/p>\n<\/div>\n\t<div class=\"img has-hover x md-x lg-x y md-y lg-y\" id=\"image_1705707963\">\n\t\t\t\t\t\t\t\t<div class=\"img-inner dark\" >\n\t\t\t<img loading=\"lazy\" decoding=\"async\" width=\"800\" height=\"420\" src=\"https:\/\/ajax-alarme.ch\/wp-content\/uploads\/2021\/02\/hubsenario.jpg\" class=\"attachment-large size-large\" alt=\"\" srcset=\"https:\/\/ajax-alarme.ch\/wp-content\/uploads\/2021\/02\/hubsenario.jpg 800w, https:\/\/ajax-alarme.ch\/wp-content\/uploads\/2021\/02\/hubsenario-510x268.jpg 510w, https:\/\/ajax-alarme.ch\/wp-content\/uploads\/2021\/02\/hubsenario-762x400.jpg 762w, https:\/\/ajax-alarme.ch\/wp-content\/uploads\/2021\/02\/hubsenario-768x403.jpg 768w, https:\/\/ajax-alarme.ch\/wp-content\/uploads\/2021\/02\/hubsenario-600x315.jpg 600w\" sizes=\"auto, (max-width: 800px) 100vw, 800px\" \/>\t\t\t\t\t\t\n\t\t\t\t\t<\/div>\n\t\t\t\t\t\t\t\t\n<style>\n#image_1705707963 {\n  width: 100%;\n}\n<\/style>\n\t<\/div>\n\t\n\t\t<\/div>\n\t\t\t\t\t<\/div>\n\n\t\n\n\t<div id=\"col-904681284\" class=\"col medium-6 small-12 large-6\"  >\n\t\t\t\t<div class=\"col-inner\"  >\n\t\t\t\n\t\t\t\n<div class=\"is-divider divider clearfix\" style=\"max-width:0px;\"><\/div>\n<h2><strong>BENEFITS &amp; SCENARIOS<\/strong><\/h2>\n<p>  The device collects information on the detector&#8217;s operation in encrypted format, analyzes the data and alerts the system owner and alarm control centre to an alarm within milliseconds. Ready for immediate use. It&#8217;s set up using the mobile app, and detectors are connected with a single click. You can hang it up in minutes with the SmartBracket. Use Ajax scenarios not only to teach the security system to report threats, but also to actively resist them. Adjust the night mode to suit the schedule, switch off office lighting when it&#8217;s on, program floodlights to come on if external motion detectors detect an unauthorized presence, or implement an automatic flood prevention system. The system continues to run scenarios even if the connection to Ajax Cloud is lost.<\/p>\n\t\t<\/div>\n\t\t\t\t\t<\/div>\n\n\t\n<\/div>\n<div class=\"is-divider divider clearfix\" style=\"max-width:0px;\"><\/div>\n<div class=\"row\"  id=\"row-2074236906\">\n\n\t<div id=\"col-991342711\" class=\"col small-12 large-12\"  >\n\t\t\t\t<div class=\"col-inner\"  >\n\t\t\t\n\t\t\t\n\t<div class=\"img has-hover x md-x lg-x y md-y lg-y\" id=\"image_492845122\">\n\t\t\t\t\t\t\t\t<div class=\"img-inner dark\" >\n\t\t\t<img loading=\"lazy\" decoding=\"async\" width=\"1020\" height=\"570\" src=\"https:\/\/ajax-alarme.ch\/wp-content\/uploads\/2021\/02\/Comparatif-HUB-1400x783.jpg\" class=\"attachment-large size-large\" alt=\"\" srcset=\"https:\/\/ajax-alarme.ch\/wp-content\/uploads\/2021\/02\/Comparatif-HUB-1400x783.jpg 1400w, https:\/\/ajax-alarme.ch\/wp-content\/uploads\/2021\/02\/Comparatif-HUB-510x285.jpg 510w, https:\/\/ajax-alarme.ch\/wp-content\/uploads\/2021\/02\/Comparatif-HUB-715x400.jpg 715w, https:\/\/ajax-alarme.ch\/wp-content\/uploads\/2021\/02\/Comparatif-HUB-768x430.jpg 768w, https:\/\/ajax-alarme.ch\/wp-content\/uploads\/2021\/02\/Comparatif-HUB-1536x859.jpg 1536w, https:\/\/ajax-alarme.ch\/wp-content\/uploads\/2021\/02\/Comparatif-HUB-600x336.jpg 600w, https:\/\/ajax-alarme.ch\/wp-content\/uploads\/2021\/02\/Comparatif-HUB.jpg 1612w\" sizes=\"auto, (max-width: 1020px) 100vw, 1020px\" \/>\t\t\t\t\t\t\n\t\t\t\t\t<\/div>\n\t\t\t\t\t\t\t\t\n<style>\n#image_492845122 {\n  width: 100%;\n}\n<\/style>\n\t<\/div>\n\t\n\t\t<\/div>\n\t\t\t\t\t<\/div>\n\n\t\n<\/div>\n","protected":false},"excerpt":{"rendered":"<div id=\"short_description_block\">\n<div id=\"short_description_content\" class=\"rte align_justify\">The 3G\/LAN\/Wifi central alarm unit lets you connect up to 100 devices and control your alarm from your smartphone. The size and design of this control unit means that the heart of the system is completely unobtrusive.<\/div>\n<\/div>\n","protected":false},"featured_media":2732,"comment_status":"closed","ping_status":"closed","template":"","meta":[],"product_brand":[],"product_cat":[160],"product_tag":[],"class_list":{"0":"post-3490","1":"product","2":"type-product","3":"status-publish","4":"has-post-thumbnail","6":"product_cat-central-hub-ajax","8":"first","9":"instock","10":"sale","11":"shipping-taxable","12":"purchasable","13":"product-type-variable"},"_links":{"self":[{"href":"https:\/\/ajax-alarme.ch\/en\/wp-json\/wp\/v2\/product\/3490","targetHints":{"allow":["GET"]}}],"collection":[{"href":"https:\/\/ajax-alarme.ch\/en\/wp-json\/wp\/v2\/product"}],"about":[{"href":"https:\/\/ajax-alarme.ch\/en\/wp-json\/wp\/v2\/types\/product"}],"replies":[{"embeddable":true,"href":"https:\/\/ajax-alarme.ch\/en\/wp-json\/wp\/v2\/comments?post=3490"}],"wp:featuredmedia":[{"embeddable":true,"href":"https:\/\/ajax-alarme.ch\/en\/wp-json\/wp\/v2\/media\/2732"}],"wp:attachment":[{"href":"https:\/\/ajax-alarme.ch\/en\/wp-json\/wp\/v2\/media?parent=3490"}],"wp:term":[{"taxonomy":"product_brand","embeddable":true,"href":"https:\/\/ajax-alarme.ch\/en\/wp-json\/wp\/v2\/product_brand?post=3490"},{"taxonomy":"product_cat","embeddable":true,"href":"https:\/\/ajax-alarme.ch\/en\/wp-json\/wp\/v2\/product_cat?post=3490"},{"taxonomy":"product_tag","embeddable":true,"href":"https:\/\/ajax-alarme.ch\/en\/wp-json\/wp\/v2\/product_tag?post=3490"}],"curies":[{"name":"wp","href":"https:\/\/api.w.org\/{rel}","templated":true}]}}