{"id":3436,"date":"2020-10-02T15:21:06","date_gmt":"2020-10-02T13:21:06","guid":{"rendered":"https:\/\/ajax-alarme.ch\/product\/relay-control-relays-for-gates-garages-etc\/"},"modified":"2024-09-13T18:36:35","modified_gmt":"2024-09-13T16:36:35","slug":"relay-control-relays-for-gates-garages-etc","status":"publish","type":"product","link":"https:\/\/ajax-alarme.ch\/en\/product\/relay-control-relays-for-gates-garages-etc\/","title":{"rendered":"Relay &#8211; Control relays for gates, garages, etc."},"content":{"rendered":"<div class=\"row\"  id=\"row-728402801\">\n\n\t<div id=\"col-1733342309\" class=\"col medium-7 small-12 large-7\"  >\n\t\t\t\t<div class=\"col-inner\"  >\n\t\t\t\n\t\t\t\n<h2><strong>The low-voltage control relay: communication via radio waves<\/strong><\/h2>\n<p>  The operation of this low-voltage control relay is based on its connection to the Hub or Hub Plus central unit and the Ajax security system. Relay and its settings are activated from the Ajax mobile app. Monitoring of the control relay and the system in general can be viewed on the application. Activation and deactivation of devices connected remotely to the relay can also be carried out via this application in just a few clicks. Thanks to the AES algorithm, data transmission is protected against hacking and interference.<\/p>\n\t\t<\/div>\n\t\t\t\t\t<\/div>\n\n\t\n\n\t<div id=\"col-100227650\" class=\"col medium-5 small-12 large-5\"  >\n\t\t\t\t<div class=\"col-inner\"  >\n\t\t\t\n\t\t\t\n\t<div class=\"img has-hover x md-x lg-x y md-y lg-y\" id=\"image_2019601629\">\n\t\t\t\t\t\t\t\t<div class=\"img-inner dark\" >\n\t\t\t<img loading=\"lazy\" decoding=\"async\" width=\"433\" height=\"333\" src=\"https:\/\/ajax-alarme.ch\/wp-content\/uploads\/2021\/02\/AJAX-RELAIS-WIRELESS-2.jpg\" class=\"attachment-large size-large\" alt=\"\" \/>\t\t\t\t\t\t\n\t\t\t\t\t<\/div>\n\t\t\t\t\t\t\t\t\n<style>\n#image_2019601629 {\n  width: 100%;\n}\n<\/style>\n\t<\/div>\n\t\n\t\t<\/div>\n\t\t\t\t\t<\/div>\n\n\t\n<\/div>\n<div class=\"is-divider divider clearfix\" ><\/div>\n<h2><strong>Relais de contr\u00f4le basse tension sans fil &#8211; Relay Ajax<\/strong><\/h2>\n<p>Ce relais de contr\u00f4le sert \u00e0 activer et d\u00e9sactiver l&#8217;alimentation des \u00e9quipements \u00e9lectriques basse tension de 7 \u00e0 24 V DC. Serrures \u00e9lectriques, portes, stores, modems sont donc commandables \u00e0 distance via un smartphone.<\/p>\n<p>La particularit\u00e9 de ce relais est de ne pas \u00eatre en contact sec avec les appareils. De forme compacte, il vient s&#8217;installer dans un tableau \u00e9lectrique ou une bo\u00eete de jonction, sa fonction d&#8217;impulsion lui permet aussi de jouer le r\u00f4le d&#8217;un bouton.<\/p>\n<p>Pour une s\u00e9curisation compl\u00e8te du dispositif, Relay est \u00e9quip\u00e9 d&#8217;un syst\u00e8me de protection qui en cas de surchauffe ou de surtension s&#8217;\u00e9teint automatiquement.<\/p>\n<div class=\"is-divider divider clearfix\" ><\/div>\n<div class=\"row\"  id=\"row-20951921\">\n\n\t<div id=\"col-1512509441\" class=\"col medium-6 small-12 large-6\"  >\n\t\t\t\t<div class=\"col-inner\"  >\n\t\t\t\n\t\t\t\n\t<div class=\"img has-hover x md-x lg-x y md-y lg-y\" id=\"image_1031225091\">\n\t\t\t\t\t\t\t\t<div class=\"img-inner dark\" >\n\t\t\t<img loading=\"lazy\" decoding=\"async\" width=\"433\" height=\"333\" src=\"https:\/\/ajax-alarme.ch\/wp-content\/uploads\/2021\/02\/AJAX-RELAIS-WIRELESS.jpg\" class=\"attachment-large size-large\" alt=\"\" \/>\t\t\t\t\t\t\n\t\t\t\t\t<\/div>\n\t\t\t\t\t\t\t\t\n<style>\n#image_1031225091 {\n  width: 100%;\n}\n<\/style>\n\t<\/div>\n\t\n\t\t<\/div>\n\t\t\t\t\t<\/div>\n\n\t\n\n\t<div id=\"col-684444281\" class=\"col medium-6 small-12 large-6\"  >\n\t\t\t\t<div class=\"col-inner\"  >\n\t\t\t\n\t\t\t\n<h2><strong>Technical specifications<\/strong><\/h2>\n<p>  Compatibility: All control units, Radio relay Type: Wireless Relay life: 200,000 activations Voltage protection: min 6.5 V, max 36.5 V Max load current: 5 A at 36 V DC, 13 A at 230 V AC Power supply: 7 &#8211; 24 V DC Signal type: Pulse or Bistable Contact type: NO\/NC Pulse duration: 0.5 s to 255 s Temperature: 0\u00b0C to 65\u00b0C Protection rating: IP20 Dimensions: 39 x 33 x 18 mm Weight: 25 g<\/p>\n\t\t<\/div>\n\t\t\t\t\t<\/div>\n\n\t\n<\/div>\n","protected":false},"excerpt":{"rendered":"<div id=\"short_description_block\">\n<div id=\"short_description_content\" class=\"rte align_justify\">The relay is a radio channel controller for low-current installations. It allows you to integrate electric locks, gates, roller shutters, awnings, etc. into your alarm system. The device controls the power supply via a relay that closes and opens the dry contact.<\/div>\n<p>&nbsp;<\/p>\n<\/div>\n","protected":false},"featured_media":2081,"comment_status":"closed","ping_status":"closed","template":"","meta":[],"product_brand":[],"product_cat":[143],"product_tag":[],"class_list":{"0":"post-3436","1":"product","2":"type-product","3":"status-publish","4":"has-post-thumbnail","6":"product_cat-accessories","8":"first","9":"instock","10":"sale","11":"shipping-taxable","12":"purchasable","13":"product-type-simple"},"_links":{"self":[{"href":"https:\/\/ajax-alarme.ch\/en\/wp-json\/wp\/v2\/product\/3436","targetHints":{"allow":["GET"]}}],"collection":[{"href":"https:\/\/ajax-alarme.ch\/en\/wp-json\/wp\/v2\/product"}],"about":[{"href":"https:\/\/ajax-alarme.ch\/en\/wp-json\/wp\/v2\/types\/product"}],"replies":[{"embeddable":true,"href":"https:\/\/ajax-alarme.ch\/en\/wp-json\/wp\/v2\/comments?post=3436"}],"wp:featuredmedia":[{"embeddable":true,"href":"https:\/\/ajax-alarme.ch\/en\/wp-json\/wp\/v2\/media\/2081"}],"wp:attachment":[{"href":"https:\/\/ajax-alarme.ch\/en\/wp-json\/wp\/v2\/media?parent=3436"}],"wp:term":[{"taxonomy":"product_brand","embeddable":true,"href":"https:\/\/ajax-alarme.ch\/en\/wp-json\/wp\/v2\/product_brand?post=3436"},{"taxonomy":"product_cat","embeddable":true,"href":"https:\/\/ajax-alarme.ch\/en\/wp-json\/wp\/v2\/product_cat?post=3436"},{"taxonomy":"product_tag","embeddable":true,"href":"https:\/\/ajax-alarme.ch\/en\/wp-json\/wp\/v2\/product_tag?post=3436"}],"curies":[{"name":"wp","href":"https:\/\/api.w.org\/{rel}","templated":true}]}}