{"id":3416,"date":"2020-10-02T12:46:53","date_gmt":"2020-10-02T10:46:53","guid":{"rendered":"https:\/\/ajax-alarme.ch\/product\/glassprotect-glass-breakage-detector-for-your-windows\/"},"modified":"2024-09-13T18:36:47","modified_gmt":"2024-09-13T16:36:47","slug":"glassprotect-glass-breakage-detector-for-your-windows","status":"publish","type":"product","link":"https:\/\/ajax-alarme.ch\/en\/product\/glassprotect-glass-breakage-detector-for-your-windows\/","title":{"rendered":"GlassProtect &#8211; Glass breakage detector for your windows"},"content":{"rendered":"<div class=\"row\"  id=\"row-1142652710\">\n\n\t<div id=\"col-1538540819\" class=\"col medium-6 small-12 large-6\"  >\n\t\t\t\t<div class=\"col-inner\"  >\n\t\t\t\n\t\t\t\n<h2><strong>OPERATING PRINCIPLE<\/strong><\/h2>\n<p>  Its dual-factor detection is programmed to avoid false alarms caused by thunder, dog barking or a bird hitting glass. The GlassProtect detector features a sensitive electret microphone, adjustable to 3 levels. It is designed to record the distinctive sounds of impact and glass breakage related to a break-in.<\/p>\n\t\t<\/div>\n\t\t\t\t\t<\/div>\n\n\t\n\n\t<div id=\"col-665627207\" class=\"col medium-6 small-12 large-6\"  >\n\t\t\t\t<div class=\"col-inner\"  >\n\t\t\t\n\t\t\t\n\t<div class=\"img has-hover x md-x lg-x y md-y lg-y\" id=\"image_987219444\">\n\t\t\t\t\t\t\t\t<div class=\"img-inner dark\" >\n\t\t\t<img loading=\"lazy\" decoding=\"async\" width=\"800\" height=\"508\" src=\"https:\/\/ajax-alarme.ch\/wp-content\/uploads\/2021\/02\/glassprotect.jpg\" class=\"attachment-large size-large\" alt=\"\" srcset=\"https:\/\/ajax-alarme.ch\/wp-content\/uploads\/2021\/02\/glassprotect.jpg 800w, https:\/\/ajax-alarme.ch\/wp-content\/uploads\/2021\/02\/glassprotect-510x324.jpg 510w, https:\/\/ajax-alarme.ch\/wp-content\/uploads\/2021\/02\/glassprotect-630x400.jpg 630w, https:\/\/ajax-alarme.ch\/wp-content\/uploads\/2021\/02\/glassprotect-768x488.jpg 768w, https:\/\/ajax-alarme.ch\/wp-content\/uploads\/2021\/02\/glassprotect-600x381.jpg 600w\" sizes=\"auto, (max-width: 800px) 100vw, 800px\" \/>\t\t\t\t\t\t\n\t\t\t\t\t<\/div>\n\t\t\t\t\t\t\t\t\n<style>\n#image_987219444 {\n  width: 100%;\n}\n<\/style>\n\t<\/div>\n\t\n\t\t<\/div>\n\t\t\t\t\t<\/div>\n\n\t\n<\/div>\n<h2><strong>Comment \u00e7a marche ?<\/strong><\/h2>\n<p>D\u00e9tecte le bris de verre avec un microphone \u00e9lectret qui enregistre le bruit de l&#8217;impact contre le verre ou la chute de verre.<\/p>\n<h2><strong>Fonctionnalit\u00e9s<\/strong><\/h2>\n<p>Gr\u00e2ce \u00e0 la d\u00e9tection \u00e0 deux facteurs du bris de verre, les fausses alarmes caus\u00e9es par le tonnerre, les aboiements de chiens ou le bruit des camions qui passent sont \u00e9vit\u00e9es.<\/p>\n<h2><\/h2>\n<h2><strong>Pourquoi Glassprotect?<\/strong><\/h2>\n<p>L&#8217;Ajax GlassProtect est un capteur de bris de verre compact qui fonctionne sans fil. Le capteur (blanc) fonctionne avec un microphone sensible qui d\u00e9tecte le son basse fr\u00e9quence d&#8217;un coup, puis le son haute fr\u00e9quence du verre bris\u00e9. Cette double mesure emp\u00eache la transmission d&#8217;un faux rapport au syst\u00e8me. Vous recevrez des notifications sous forme de SMS sur votre t\u00e9l\u00e9phone ou sous forme de message push via l&#8217;application Ajax Security System.<\/p>\n<h2><strong>Acheter Ajax GlassProtect capteur de bris de verre sans fil<\/strong><\/h2>\n<p>Un rapport rapide de verre bris\u00e9 peut \u00e9viter de nombreux probl\u00e8mes. En achetant un capteur de bris de verre Ajax GlassProtect sans fil, vous pouvez facilement l&#8217;emp\u00eacher. Si vous souhaitez \u00e9tendre votre syst\u00e8me d&#8217;alarme Ajax , vous pouvez connecter des capteurs de d\u00e9tection de mouvement et d&#8217; eau au hub Ajax, entre autres. De cette fa\u00e7on, en plus de la d\u00e9tection de bris de verre Ajax, vous disposez d&#8217; un syst\u00e8me d&#8217;alarme complet \/ complet, qui vous prot\u00e8ge contre diverses menaces. Avec la livraison rapide de Alarm SystemExpert, vous l&#8217;avez \u00e9galement rapidement \u00e0 la maison!<\/p>\n<div class=\"row\"  id=\"row-2036348106\">\n\n\t<div id=\"col-879911931\" class=\"col medium-6 small-12 large-6\"  >\n\t\t\t\t<div class=\"col-inner\"  >\n\t\t\t\n\t\t\t\n<h2>Technical specifications<\/h2>\n<p>  Break detection zone: 9 m Sensitivity: 3 levels of adjustment Detection angle: 180\u00b0 Power supply: CR123A Temperature: -10\u00b0C to +40\u00b0C Dimensions: Diameter 20 mm, Height 90 mm Weight: 30 g<\/p>\n\t\t<\/div>\n\t\t\t\t\t<\/div>\n\n\t\n\n\t<div id=\"col-1067946737\" class=\"col medium-6 small-12 large-6\"  >\n\t\t\t\t<div class=\"col-inner\"  >\n\t\t\t\n\t\t\t\n\t<div class=\"img has-hover x md-x lg-x y md-y lg-y\" id=\"image_618368599\">\n\t\t\t\t\t\t\t\t<div class=\"img-inner dark\" >\n\t\t\t<img loading=\"lazy\" decoding=\"async\" width=\"433\" height=\"333\" src=\"https:\/\/ajax-alarme.ch\/wp-content\/uploads\/2021\/02\/AJAX-GLASS-PROTECT.jpg\" class=\"attachment-large size-large\" alt=\"\" \/>\t\t\t\t\t\t\n\t\t\t\t\t<\/div>\n\t\t\t\t\t\t\t\t\n<style>\n#image_618368599 {\n  width: 100%;\n}\n<\/style>\n\t<\/div>\n\t\n\t\t<\/div>\n\t\t\t\t\t<\/div>\n\n\t\n<\/div>\n","protected":false},"excerpt":{"rendered":"<div id=\"short_description_block\">\n<div id=\"short_description_content\" class=\"rte align_justify\">This system detects glass breakage by means of an electret microphone that records the sound of impact against glass and falling glass within a 9 m radius.<\/div>\n<\/div>\n","protected":false},"featured_media":5246,"comment_status":"closed","ping_status":"closed","template":"","meta":[],"product_brand":[],"product_cat":[153],"product_tag":[],"class_list":{"0":"post-3416","1":"product","2":"type-product","3":"status-publish","4":"has-post-thumbnail","6":"product_cat-glass-breakage-detectors","8":"first","9":"instock","10":"sale","11":"shipping-taxable","12":"purchasable","13":"product-type-variable"},"_links":{"self":[{"href":"https:\/\/ajax-alarme.ch\/en\/wp-json\/wp\/v2\/product\/3416","targetHints":{"allow":["GET"]}}],"collection":[{"href":"https:\/\/ajax-alarme.ch\/en\/wp-json\/wp\/v2\/product"}],"about":[{"href":"https:\/\/ajax-alarme.ch\/en\/wp-json\/wp\/v2\/types\/product"}],"replies":[{"embeddable":true,"href":"https:\/\/ajax-alarme.ch\/en\/wp-json\/wp\/v2\/comments?post=3416"}],"wp:featuredmedia":[{"embeddable":true,"href":"https:\/\/ajax-alarme.ch\/en\/wp-json\/wp\/v2\/media\/5246"}],"wp:attachment":[{"href":"https:\/\/ajax-alarme.ch\/en\/wp-json\/wp\/v2\/media?parent=3416"}],"wp:term":[{"taxonomy":"product_brand","embeddable":true,"href":"https:\/\/ajax-alarme.ch\/en\/wp-json\/wp\/v2\/product_brand?post=3416"},{"taxonomy":"product_cat","embeddable":true,"href":"https:\/\/ajax-alarme.ch\/en\/wp-json\/wp\/v2\/product_cat?post=3416"},{"taxonomy":"product_tag","embeddable":true,"href":"https:\/\/ajax-alarme.ch\/en\/wp-json\/wp\/v2\/product_tag?post=3416"}],"curies":[{"name":"wp","href":"https:\/\/api.w.org\/{rel}","templated":true}]}}