{"id":6367,"date":"2025-08-04T16:29:24","date_gmt":"2025-08-04T14:29:24","guid":{"rendered":"https:\/\/ajax-alarme.ch\/?post_type=product&#038;p=6367"},"modified":"2026-02-20T21:26:59","modified_gmt":"2026-02-20T20:26:59","slug":"domecam-mini-ajax-uberwachungskamera-mit-kabel-nicht-wifi-copie","status":"publish","type":"product","link":"https:\/\/ajax-alarme.ch\/de\/product\/domecam-mini-ajax-uberwachungskamera-mit-kabel-nicht-wifi-copie\/","title":{"rendered":"IndoorCam &#8211; WIFI \u00dcberwachungskamera"},"content":{"rendered":"<div class=\"text-center\"><div class=\"is-divider divider clearfix\" style=\"max-width:700px;background-color:rgb(255, 255, 255);\"><\/div><\/div>\n<div class=\"row\"  id=\"row-864058197\">\n\n\t<div id=\"col-435909320\" class=\"col medium-3 small-12 large-3\"  >\n\t\t\t\t<div class=\"col-inner\"  >\n\t\t\t\n\t\t\t\n\n  <div class=\"banner has-hover has-video\" id=\"banner-1232438933\">\n          <div class=\"banner-inner fill\">\n        <div class=\"banner-bg fill\" >\n                        \t<div class=\"video-overlay no-click fill visible\"><\/div>\n\t<video class=\"video-bg fill visible\" preload playsinline autoplay muted loop>\n\t\t<source src=\"https:\/\/ajax-alarme.ch\/wp-content\/uploads\/2025\/08\/Push.mp4\" type=\"video\/mp4\">\t<\/video>\n                        \n                    <\/div>\n\t\t\n        <div class=\"banner-layers container\">\n            <div class=\"fill banner-link\"><\/div>            \n   <div id=\"text-box-1101231608\" class=\"text-box banner-layer x50 md-x50 lg-x50 y50 md-y50 lg-y50 res-text\">\n                                <div class=\"text-box-content text dark\">\n              \n              <div class=\"text-inner text-center\">\n                  \n              <\/div>\n           <\/div>\n                            \n<style>\n#text-box-1101231608 {\n  width: 60%;\n}\n#text-box-1101231608 .text-box-content {\n  font-size: 100%;\n}\n<\/style>\n    <\/div>\n \n        <\/div>\n      <\/div>\n\n            \n<style>\n#banner-1232438933 {\n  padding-top: 218%;\n}\n<\/style>\n  <\/div>\n\n\n\t\t<\/div>\n\t\t\t\t\t<\/div>\n\n\t\n\n\t<div id=\"col-1483682053\" class=\"col medium-9 small-12 large-9\"  >\n\t\t\t\t<div class=\"col-inner\"  >\n\t\t\t\n\t\t\t\n<h3><span style=\"font-size: 120%;\">Die IndoorCam Wi-Fi: Eine Kamera der Spitzenklasse.<\/span><\/h3>\n<p>Sein Backup-Kommunikationsnetzwerk mit einer Ajax-Zentrale garantiert, dass der Standort nie aus dem Blickfeld ger\u00e4t, selbst wenn das Wi-Fi verloren geht. Ausgestattet mit einem PIR-Sensor und integrierter k\u00fcnstlicher Intelligenz, erfasst das Ger\u00e4t pr\u00e4zise Bewegungen und erkennt Menschen, Tiere und Fahrzeuge. Dank der HDR-Weitwinkelkamera der IndoorCam haben die Nutzer immer einen klaren Blick auf die Aktivit\u00e4ten in Innenr\u00e4umen in hervorragender Qualit\u00e4t.<\/p>\n\t<div class=\"img has-hover x md-x lg-x y md-y lg-y\" id=\"image_2055656616\">\n\t\t\t\t\t\t\t\t<div class=\"img-inner dark\" style=\"margin:0px 0px 0px 0px;\">\n\t\t\t<img loading=\"lazy\" decoding=\"async\" width=\"200\" height=\"194\" src=\"https:\/\/ajax-alarme.ch\/wp-content\/uploads\/2024\/01\/NDAA.jpg\" class=\"attachment-original size-original\" alt=\"\" srcset=\"https:\/\/ajax-alarme.ch\/wp-content\/uploads\/2024\/01\/NDAA.jpg 200w, https:\/\/ajax-alarme.ch\/wp-content\/uploads\/2024\/01\/NDAA-50x50.jpg 50w\" sizes=\"auto, (max-width: 200px) 100vw, 200px\" \/>\t\t\t\t\t\t\n\t\t\t\t\t<\/div>\n\t\t\t\t\t\t\t\t\n<style>\n#image_2055656616 {\n  width: 16%;\n}\n<\/style>\n\t<\/div>\n\t\n<h3><span style=\"font-size: 120%;\">Schauen Sie von \u00fcberall auf Ihre Kameras.<\/span><\/h3>\n<p>Bleiben Sie mit Ihrem Eigentum verbunden und kontrollieren Sie es von jedem Ort aus, Tag und Nacht. Dank HD-Video\u00fcbertragung und bidirektionaler Audio\u00fcbertragung k\u00f6nnen Sie von Ihrem Smartphone aus jede Situation sehen, h\u00f6ren und sofort darauf reagieren. Ob es darum geht, unerw\u00fcnschte Besucher abzuschrecken oder Ihren Bereich zu kontrollieren, die IndoorCam kombiniert professionelle \u00dcberwachung mit optimaler Benutzerfreundlichkeit.<\/p>\n\t\t<\/div>\n\t\t\t\t\n<style>\n#col-1483682053 > .col-inner {\n  padding: 0px 0px 0px 0px;\n}\n<\/style>\n\t<\/div>\n\n\t\n<\/div>\n<div class=\"row\"  id=\"row-906456188\">\n\n\t<div id=\"col-429186834\" class=\"col medium-9 small-12 large-9\"  >\n\t\t\t\t<div class=\"col-inner\"  >\n\t\t\t\n\t\t\t\n<div class=\"text-center\"><div class=\"is-divider divider clearfix\" style=\"max-width:175px;height:34px;background-color:rgb(255, 255, 255);\"><\/div><\/div>\n<h2>KI-gest\u00fctzte Kamera mit IndoorCam<\/h2>\n<p class=\"fs-3 mb-32\">IndoorCam verf\u00fcgt \u00fcber eine KI-Objekterkennung, die die Standard-Video\u00fcberwachung in ein intelligentes \u00dcberwachungsinstrument verwandelt. Die KI erkennt nur kritische Ereignisse, wie z.B. ein Fahrzeug, das auf einen Parkplatz f\u00e4hrt, eine Person, die einen eingeschr\u00e4nkten Bereich betritt, Kunden, die sich den Kassen n\u00e4hern, usw. Die Verarbeitung durch k\u00fcnstliche Intelligenz erfolgt direkt in der Kamera, so dass keine zus\u00e4tzliche Ausr\u00fcstung oder Abonnements erforderlich sind. Benutzer und Sicherheitspersonal k\u00f6nnen die Bereiche einfach \u00fcber ein Smartphone \u00fcberwachen und erhalten sofortige Benachrichtigungen, wenn Bewegungen erkannt werden.   <\/p>\n\t<div class=\"img has-hover x md-x lg-x y md-y lg-y\" id=\"image_1323983684\">\n\t\t\t\t\t\t\t\t<div class=\"img-inner dark\" >\n\t\t\t<img loading=\"lazy\" decoding=\"async\" width=\"638\" height=\"92\" src=\"https:\/\/ajax-alarme.ch\/wp-content\/uploads\/2025\/07\/typeIA.avif\" class=\"attachment-original size-original\" alt=\"\" srcset=\"https:\/\/ajax-alarme.ch\/wp-content\/uploads\/2025\/07\/typeIA.avif 638w, https:\/\/ajax-alarme.ch\/wp-content\/uploads\/2025\/07\/typeIA-510x74.avif 510w\" sizes=\"auto, (max-width: 638px) 100vw, 638px\" \/>\t\t\t\t\t\t\n\t\t\t\t\t<\/div>\n\t\t\t\t\t\t\t\t\n<style>\n#image_1323983684 {\n  width: 39%;\n}\n<\/style>\n\t<\/div>\n\t\n\t\t<\/div>\n\t\t\t\t\t<\/div>\n\n\t\n\n\t<div id=\"col-1684247925\" class=\"col medium-3 small-12 large-3\"  >\n\t\t\t\t<div class=\"col-inner\"  >\n\t\t\t\n\t\t\t\n\n  <div class=\"banner has-hover has-video\" id=\"banner-235708966\">\n          <div class=\"banner-inner fill\">\n        <div class=\"banner-bg fill\" >\n                        \t<div class=\"video-overlay no-click fill visible\"><\/div>\n\t<video class=\"video-bg fill visible\" preload playsinline autoplay muted loop>\n\t\t<source src=\"https:\/\/ajax-alarme.ch\/wp-content\/uploads\/2025\/08\/archive.mp4\" type=\"video\/mp4\">\t<\/video>\n                        \n                    <\/div>\n\t\t\n        <div class=\"banner-layers container\">\n            <div class=\"fill banner-link\"><\/div>            \n   <div id=\"text-box-670931872\" class=\"text-box banner-layer x50 md-x50 lg-x50 y50 md-y50 lg-y50 res-text\">\n                                <div class=\"text-box-content text dark\">\n              \n              <div class=\"text-inner text-center\">\n                  \n              <\/div>\n           <\/div>\n                            \n<style>\n#text-box-670931872 {\n  width: 60%;\n}\n#text-box-670931872 .text-box-content {\n  font-size: 100%;\n}\n<\/style>\n    <\/div>\n \n        <\/div>\n      <\/div>\n\n            \n<style>\n#banner-235708966 {\n  padding-top: 500px;\n}\n<\/style>\n  <\/div>\n\n\n\t\t<\/div>\n\t\t\t\t\t<\/div>\n\n\t\n<\/div>\n<div class=\"row\"  id=\"row-353842754\">\n\n\t<div id=\"col-2029741934\" class=\"col medium-7 small-12 large-7\"  >\n\t\t\t\t<div class=\"col-inner\"  >\n\t\t\t\n\t\t\t\n\n  <div class=\"banner has-hover has-video\" id=\"banner-354644692\">\n          <div class=\"banner-inner fill\">\n        <div class=\"banner-bg fill\" >\n                        \t<div class=\"video-overlay no-click fill visible\"><\/div>\n\t<video class=\"video-bg fill visible\" preload playsinline autoplay muted loop>\n\t\t<source src=\"https:\/\/ajax-alarme.ch\/wp-content\/uploads\/2025\/08\/privacy.mp4\" type=\"video\/mp4\">\t<\/video>\n                        \n                    <\/div>\n\t\t\n        <div class=\"banner-layers container\">\n            <div class=\"fill banner-link\"><\/div>            \n   <div id=\"text-box-1383353193\" class=\"text-box banner-layer x50 md-x50 lg-x50 y50 md-y50 lg-y50 res-text\">\n                                <div class=\"text-box-content text dark\">\n              \n              <div class=\"text-inner text-center\">\n                  \n              <\/div>\n           <\/div>\n                            \n<style>\n#text-box-1383353193 {\n  width: 60%;\n}\n#text-box-1383353193 .text-box-content {\n  font-size: 100%;\n}\n<\/style>\n    <\/div>\n \n        <\/div>\n      <\/div>\n\n            \n<style>\n#banner-354644692 {\n  padding-top: 500px;\n}\n<\/style>\n  <\/div>\n\n\n\t\t<\/div>\n\t\t\t\t\t<\/div>\n\n\t\n\n\t<div id=\"col-1832313208\" class=\"col medium-5 small-12 large-5\"  >\n\t\t\t\t<div class=\"col-inner\"  >\n\t\t\t\n\t\t\t\n<div class=\"text-center\"><div class=\"is-divider divider clearfix\" style=\"max-width:168px;background-color:rgb(255, 255, 255);\"><\/div><\/div>\n<h3>Schutz sensibler Gebiete durch private Zonen<\/h3>\n<p class=\"fs-3 mb-small\">Verbessern Sie die Privatsph\u00e4re, indem Sie private Zonen einrichten, um bestimmte Teile des Bildes selektiv zu verbergen. Beispielsweise kann ein Tresor im Sichtfeld der Kamera von der Aufzeichnung ausgeschlossen werden, w\u00e4hrend die Aktivit\u00e4ten in der Umgebung sichtbar bleiben. Diese Funktion stellt sicher, dass sensible und vertrauliche Informationen streng privat bleiben, was besonders f\u00fcr Umgebungen mit hohem Risiko geeignet ist.  <\/p>\n\t\t<\/div>\n\t\t\t\t\t<\/div>\n\n\t\n<\/div>\n<div class=\"row\"  id=\"row-1075652960\">\n\n\t<div id=\"col-150809536\" class=\"col medium-7 small-12 large-7\"  >\n\t\t\t\t<div class=\"col-inner\"  >\n\t\t\t\n\t\t\t\n<div class=\"text-center\"><div class=\"is-divider divider clearfix\" style=\"max-width:168px;background-color:rgb(255, 255, 255);\"><\/div><\/div>\n<h3 data-start=\"145\" data-end=\"197\">Intelligente Innenkamera mit integrierter KI<\/h3>\n<p data-start=\"199\" data-end=\"616\">IndoorCam wurde f\u00fcr die \u00dcberwachung von Innenr\u00e4umen entwickelt und verf\u00fcgt \u00fcber eine k\u00fcnstliche Intelligenz, die es ihr erm\u00f6glicht, wirklich wichtige Ereignisse zu erkennen. Mithilfe der KI-Objekterkennung erkennt sie nur kritische Situationen, wie z.B. eine Person, die einen sensiblen Raum betritt, eine ungew\u00f6hnliche Bewegung in einem B\u00fcro au\u00dferhalb der \u00d6ffnungszeiten oder eine l\u00e4ngere Aktivit\u00e4t in einem begrenzten Bereich. <\/p>\n<p data-start=\"618\" data-end=\"1076\">Die gesamte Verarbeitung erfolgt direkt in der Kamera, ohne dass externe Server, zus\u00e4tzliche Hardware oder ein Abonnement erforderlich sind. Benachrichtigungen werden in Echtzeit an das Smartphone gesendet, so dass die Nutzer oder das Sicherheitspersonal sofort reagieren k\u00f6nnen, ohne dass eine spezielle Schulung erforderlich ist. IndoorCam verwandelt die einfache Video\u00fcberwachung in Innenr\u00e4umen in ein intelligentes, diskretes und autonomes Sicherheitstool.  <\/p>\n\t\t<\/div>\n\t\t\t\t\t<\/div>\n\n\t\n\n\t<div id=\"col-80296846\" class=\"col medium-5 small-12 large-5\"  >\n\t\t\t\t<div class=\"col-inner\"  >\n\t\t\t\n\t\t\t\n\n  <div class=\"banner has-hover has-video\" id=\"banner-1270229471\">\n          <div class=\"banner-inner fill\">\n        <div class=\"banner-bg fill\" >\n                        \t<div class=\"video-overlay no-click fill visible\"><\/div>\n\t<video class=\"video-bg fill visible\" preload playsinline autoplay muted loop>\n\t\t<source src=\"https:\/\/ajax-alarme.ch\/wp-content\/uploads\/2025\/08\/indoor-1.mp4\" type=\"video\/mp4\">\t<\/video>\n                        \n                    <\/div>\n\t\t\n        <div class=\"banner-layers container\">\n            <div class=\"fill banner-link\"><\/div>            \n   <div id=\"text-box-54912815\" class=\"text-box banner-layer x50 md-x50 lg-x50 y50 md-y50 lg-y50 res-text\">\n                                <div class=\"text-box-content text dark\">\n              \n              <div class=\"text-inner text-center\">\n                  \n              <\/div>\n           <\/div>\n                            \n<style>\n#text-box-54912815 {\n  width: 60%;\n}\n#text-box-54912815 .text-box-content {\n  font-size: 100%;\n}\n<\/style>\n    <\/div>\n \n        <\/div>\n      <\/div>\n\n            \n<style>\n#banner-1270229471 {\n  padding-top: 500px;\n}\n<\/style>\n  <\/div>\n\n\n\t\t<\/div>\n\t\t\t\t\t<\/div>\n\n\t\n<\/div>\n<div class=\"row\"  id=\"row-771772451\">\n\n\t<div id=\"col-88124067\" class=\"col medium-4 small-12 large-4\"  >\n\t\t\t\t<div class=\"col-inner\"  >\n\t\t\t\n\t\t\t\n\t<div class=\"img has-hover x md-x lg-x y md-y lg-y\" id=\"image_556363009\">\n\t\t\t\t\t\t\t\t<div class=\"img-inner dark\" >\n\t\t\t<img loading=\"lazy\" decoding=\"async\" width=\"696\" height=\"520\" src=\"https:\/\/ajax-alarme.ch\/wp-content\/uploads\/2025\/08\/indoor1.webp\" class=\"attachment-large size-large\" alt=\"\" srcset=\"https:\/\/ajax-alarme.ch\/wp-content\/uploads\/2025\/08\/indoor1.webp 696w, https:\/\/ajax-alarme.ch\/wp-content\/uploads\/2025\/08\/indoor1-535x400.webp 535w, https:\/\/ajax-alarme.ch\/wp-content\/uploads\/2025\/08\/indoor1-510x381.webp 510w\" sizes=\"auto, (max-width: 696px) 100vw, 696px\" \/>\t\t\t\t\t\t\n\t\t\t\t\t<\/div>\n\t\t\t\t\t\t\t\t\n<style>\n#image_556363009 {\n  width: 100%;\n}\n<\/style>\n\t<\/div>\n\t\n\t\t<\/div>\n\t\t\t\t\t<\/div>\n\n\t\n\n\t<div id=\"col-676847909\" class=\"col medium-4 small-12 large-4\"  >\n\t\t\t\t<div class=\"col-inner\"  >\n\t\t\t\n\t\t\t\n\t<div class=\"img has-hover x md-x lg-x y md-y lg-y\" id=\"image_269365994\">\n\t\t\t\t\t\t\t\t<div class=\"img-inner dark\" >\n\t\t\t<img loading=\"lazy\" decoding=\"async\" width=\"696\" height=\"520\" src=\"https:\/\/ajax-alarme.ch\/wp-content\/uploads\/2025\/08\/indoow2.webp\" class=\"attachment-large size-large\" alt=\"\" srcset=\"https:\/\/ajax-alarme.ch\/wp-content\/uploads\/2025\/08\/indoow2.webp 696w, https:\/\/ajax-alarme.ch\/wp-content\/uploads\/2025\/08\/indoow2-535x400.webp 535w, https:\/\/ajax-alarme.ch\/wp-content\/uploads\/2025\/08\/indoow2-510x381.webp 510w\" sizes=\"auto, (max-width: 696px) 100vw, 696px\" \/>\t\t\t\t\t\t\n\t\t\t\t\t<\/div>\n\t\t\t\t\t\t\t\t\n<style>\n#image_269365994 {\n  width: 100%;\n}\n<\/style>\n\t<\/div>\n\t\n\t\t<\/div>\n\t\t\t\t\t<\/div>\n\n\t\n\n\t<div id=\"col-355587321\" class=\"col medium-4 small-12 large-4\"  >\n\t\t\t\t<div class=\"col-inner\"  >\n\t\t\t\n\t\t\t\n\t<div class=\"img has-hover x md-x lg-x y md-y lg-y\" id=\"image_534065504\">\n\t\t\t\t\t\t\t\t<div class=\"img-inner dark\" >\n\t\t\t<img loading=\"lazy\" decoding=\"async\" width=\"696\" height=\"520\" src=\"https:\/\/ajax-alarme.ch\/wp-content\/uploads\/2025\/08\/Indoor3.webp\" class=\"attachment-large size-large\" alt=\"\" srcset=\"https:\/\/ajax-alarme.ch\/wp-content\/uploads\/2025\/08\/Indoor3.webp 696w, https:\/\/ajax-alarme.ch\/wp-content\/uploads\/2025\/08\/Indoor3-535x400.webp 535w, https:\/\/ajax-alarme.ch\/wp-content\/uploads\/2025\/08\/Indoor3-510x381.webp 510w\" sizes=\"auto, (max-width: 696px) 100vw, 696px\" \/>\t\t\t\t\t\t\n\t\t\t\t\t<\/div>\n\t\t\t\t\t\t\t\t\n<style>\n#image_534065504 {\n  width: 100%;\n}\n<\/style>\n\t<\/div>\n\t\n\t\t<\/div>\n\t\t\t\t\t<\/div>\n\n\t\n<\/div>\n<div class=\"text-center\"><div class=\"is-divider divider clearfix\" style=\"max-width:500px;background-color:rgb(255, 255, 255);\"><\/div><\/div>\n<div class=\"row\"  id=\"row-1437536563\">\n\n\t<div id=\"col-1600997592\" class=\"col small-12 large-12\"  >\n\t\t\t\t<div class=\"col-inner\"  >\n\t\t\t\n\t\t\t\n\t<div id=\"text-506853045\" class=\"text\">\n\t\t\n<h3>Zuverl\u00e4ssige Verbindung \u00fcber Wi-Fi hinaus<\/h3>\n<p class=\"fs-3 mb-32 mb-md-40 mb-lg-48\">Die Verbindung der IndoorCam mit einer Ajax-Zentrale bietet ein zuverl\u00e4ssiges Backup-Kommunikationsnetzwerk. Wenn die Wi-Fi-Verbindung unterbrochen wird, \u00fcbertr\u00e4gt die Kamera weiterhin Ereignisse, Alarme und Fotos mit Hilfe der sicheren Funkprotokolle Jeweller und Wings von Ajax. Mit einer Kommunikationsreichweite von bis zu 1700 Metern mit einer robusten Ajax-Zentrale und Sabotageschutzma\u00dfnahmen bleibt die IndoorCam ein aktiver Bestandteil des Einbruchsschutzsystems und garantiert, dass die Benutzer informiert sind und die Kontrolle behalten.  <\/p>\n\t\t\n<style>\n#text-506853045 {\n  text-align: left;\n}\n<\/style>\n\t<\/div>\n\t\n\t<div class=\"img has-hover x md-x lg-x y md-y lg-y\" id=\"image_1010957927\">\n\t\t\t\t\t\t\t\t<div class=\"img-inner dark\" >\n\t\t\t<img loading=\"lazy\" decoding=\"async\" width=\"1020\" height=\"265\" src=\"https:\/\/ajax-alarme.ch\/wp-content\/uploads\/2024\/04\/IA.jpg\" class=\"attachment-large size-large\" alt=\"\" srcset=\"https:\/\/ajax-alarme.ch\/wp-content\/uploads\/2024\/04\/IA.jpg 1130w, https:\/\/ajax-alarme.ch\/wp-content\/uploads\/2024\/04\/IA-800x208.jpg 800w, https:\/\/ajax-alarme.ch\/wp-content\/uploads\/2024\/04\/IA-768x200.jpg 768w, https:\/\/ajax-alarme.ch\/wp-content\/uploads\/2024\/04\/IA-510x133.jpg 510w\" sizes=\"auto, (max-width: 1020px) 100vw, 1020px\" \/>\t\t\t\t\t\t\n\t\t\t\t\t<\/div>\n\t\t\t\t\t\t\t\t\n<style>\n#image_1010957927 {\n  width: 100%;\n}\n<\/style>\n\t<\/div>\n\t\n\t\t<\/div>\n\t\t\t\t\t<\/div>\n\n\t\n<\/div>\n\t<div class=\"img has-hover x md-x lg-x y md-y lg-y\" id=\"image_434834534\">\n\t\t\t\t\t\t\t\t<div class=\"img-inner dark\" >\n\t\t\t\t\t\t\t\t\t\n\t\t\t\t\t<\/div>\n\t\t\t\t\t\t\t\t\n<style>\n#image_434834534 {\n  width: 100%;\n}\n<\/style>\n\t<\/div>\n\t\n<div class=\"text-center\"><div class=\"is-divider divider clearfix\" style=\"max-width:500px;background-color:rgb(255, 255, 255);\"><\/div><\/div>\n\n  <div class=\"banner has-hover has-video\" id=\"banner-1262383519\">\n          <div class=\"banner-inner fill\">\n        <div class=\"banner-bg fill\" >\n                        \t<div class=\"video-overlay no-click fill visible\"><\/div>\n\t<video class=\"video-bg fill visible\" preload playsinline autoplay muted loop>\n\t\t<source src=\"https:\/\/ajax-alarme.ch\/wp-content\/uploads\/2025\/08\/indoorcamconnexion.mp4\" type=\"video\/mp4\">\t<\/video>\n                        \n                    <\/div>\n\t\t\n        <div class=\"banner-layers container\">\n            <div class=\"fill banner-link\"><\/div>            \n   <div id=\"text-box-154093242\" class=\"text-box banner-layer x50 md-x50 lg-x50 y50 md-y50 lg-y50 res-text\">\n                                <div class=\"text-box-content text dark\">\n              \n              <div class=\"text-inner text-center\">\n                  \n              <\/div>\n           <\/div>\n                            \n<style>\n#text-box-154093242 {\n  width: 60%;\n}\n#text-box-154093242 .text-box-content {\n  font-size: 100%;\n}\n<\/style>\n    <\/div>\n \n        <\/div>\n      <\/div>\n\n            \n<style>\n#banner-1262383519 {\n  padding-top: 500px;\n}\n<\/style>\n  <\/div>\n\n\n<div class=\"row\"  id=\"row-984302235\">\n\n\t<div id=\"col-764812007\" class=\"col medium-8 small-12 large-8\"  >\n\t\t\t\t<div class=\"col-inner\"  >\n\t\t\t\n\t\t\t\n\n  <div class=\"banner has-hover has-video\" id=\"banner-1574591261\">\n          <div class=\"banner-inner fill\">\n        <div class=\"banner-bg fill\" >\n                        \t<div class=\"video-overlay no-click fill visible\"><\/div>\n\t<video class=\"video-bg fill visible\" preload playsinline autoplay muted loop>\n\t\t<source src=\"https:\/\/ajax-alarme.ch\/wp-content\/uploads\/2025\/08\/affichage.mp4\" type=\"video\/mp4\">\t<\/video>\n                        \n                    <\/div>\n\t\t\n        <div class=\"banner-layers container\">\n            <div class=\"fill banner-link\"><\/div>            \n   <div id=\"text-box-1886245312\" class=\"text-box banner-layer x50 md-x50 lg-x50 y50 md-y50 lg-y50 res-text\">\n                                <div class=\"text-box-content text dark\">\n              \n              <div class=\"text-inner text-center\">\n                  \n              <\/div>\n           <\/div>\n                            \n<style>\n#text-box-1886245312 {\n  width: 60%;\n}\n#text-box-1886245312 .text-box-content {\n  font-size: 100%;\n}\n<\/style>\n    <\/div>\n \n        <\/div>\n      <\/div>\n\n            \n<style>\n#banner-1574591261 {\n  padding-top: 500px;\n}\n<\/style>\n  <\/div>\n\n\n\t\t<\/div>\n\t\t\t\t\t<\/div>\n\n\t\n\n\t<div id=\"col-1526162396\" class=\"col medium-4 small-12 large-4\"  >\n\t\t\t\t<div class=\"col-inner\"  >\n\t\t\t\n\t\t\t\n<h3 class=\"h4 mt-24 mb-16\">Eine Einrichtung ohne versteckte Absichten<\/h3>\n<p class=\"fs-4 mb-16 text-secondary\">Alle Daten des Systems werden sicher innerhalb der Europ\u00e4ischen Union gespeichert und entsprechen in vollem Umfang den europ\u00e4ischen Datenschutzstandards.<\/p>\n<p>Ajax IndoorCam ist NDAA-konform, jede Komponente stammt von anerkannten Herstellern, die von der US-Regierung zugelassen wurden. Dar\u00fcber hinaus hat die IndoorCam unabh\u00e4ngige Tests zur Cybersicherheit bestanden, was die Sicherheit und Zuverl\u00e4ssigkeit des Ger\u00e4ts belegt.<\/p>\n\t\t<\/div>\n\t\t\t\t\t<\/div>\n\n\t\n<\/div>\n","protected":false},"excerpt":{"rendered":"<p>\u00dcberwachungskamera, die sich zu 100% in das AJAX-Alarmsystem integrieren l\u00e4sst. Zu 100 % in die AJAX-Anwendung integrierbar. Ein echter Sicherheitsvorteil. Wifi-Kamera und 12-Volt-Stromversorgung (aus der Steckdose).<\/p>\n","protected":false},"featured_media":6449,"comment_status":"closed","ping_status":"closed","template":"","meta":[],"product_brand":[],"product_cat":[161],"product_tag":[],"class_list":{"0":"post-6367","1":"product","2":"type-product","3":"status-publish","4":"has-post-thumbnail","6":"product_cat-videouberwachung","8":"first","9":"instock","10":"sale","11":"shipping-taxable","12":"purchasable","13":"product-type-variable"},"_links":{"self":[{"href":"https:\/\/ajax-alarme.ch\/de\/wp-json\/wp\/v2\/product\/6367","targetHints":{"allow":["GET"]}}],"collection":[{"href":"https:\/\/ajax-alarme.ch\/de\/wp-json\/wp\/v2\/product"}],"about":[{"href":"https:\/\/ajax-alarme.ch\/de\/wp-json\/wp\/v2\/types\/product"}],"replies":[{"embeddable":true,"href":"https:\/\/ajax-alarme.ch\/de\/wp-json\/wp\/v2\/comments?post=6367"}],"wp:featuredmedia":[{"embeddable":true,"href":"https:\/\/ajax-alarme.ch\/de\/wp-json\/wp\/v2\/media\/6449"}],"wp:attachment":[{"href":"https:\/\/ajax-alarme.ch\/de\/wp-json\/wp\/v2\/media?parent=6367"}],"wp:term":[{"taxonomy":"product_brand","embeddable":true,"href":"https:\/\/ajax-alarme.ch\/de\/wp-json\/wp\/v2\/product_brand?post=6367"},{"taxonomy":"product_cat","embeddable":true,"href":"https:\/\/ajax-alarme.ch\/de\/wp-json\/wp\/v2\/product_cat?post=6367"},{"taxonomy":"product_tag","embeddable":true,"href":"https:\/\/ajax-alarme.ch\/de\/wp-json\/wp\/v2\/product_tag?post=6367"}],"curies":[{"name":"wp","href":"https:\/\/api.w.org\/{rel}","templated":true}]}}