{"id":6216,"date":"2025-07-31T17:58:27","date_gmt":"2025-07-31T15:58:27","guid":{"rendered":"https:\/\/ajax-alarme.ch\/?post_type=product&#038;p=6216"},"modified":"2025-08-30T09:15:03","modified_gmt":"2025-08-30T07:15:03","slug":"bulletcam-ajax-uberwachungskamera-mit-kabel-nicht-wifi-copie-2","status":"publish","type":"product","link":"https:\/\/ajax-alarme.ch\/de\/product\/bulletcam-ajax-uberwachungskamera-mit-kabel-nicht-wifi-copie-2\/","title":{"rendered":"DoorBell &#8211; T\u00fcrsprechanlage mit AJAX-Anschluss"},"content":{"rendered":"<div class=\"text-center\"><div class=\"is-divider divider clearfix\" style=\"max-width:700px;background-color:rgb(255, 255, 255);\"><\/div><\/div>\n<div class=\"row\"  id=\"row-300258734\">\n\n\t<div id=\"col-608918852\" class=\"col medium-7 small-12 large-7\"  >\n\t\t\t\t<div class=\"col-inner\"  >\n\t\t\t\n\t\t\t\n\t<div class=\"img has-hover x md-x lg-x y md-y lg-y\" id=\"image_1003327816\">\n\t\t\t\t\t\t\t\t<div class=\"img-inner dark\" >\n\t\t\t\t\t\t\t\t\t\n\t\t\t\t\t<\/div>\n\t\t\t\t\t\t\t\t\n<style>\n#image_1003327816 {\n  width: 100%;\n}\n<\/style>\n\t<\/div>\n\t\n\n  <div class=\"banner has-hover has-video\" id=\"banner-1761947026\">\n          <div class=\"banner-inner fill\">\n        <div class=\"banner-bg fill\" >\n                        \t<div class=\"video-overlay no-click fill visible\"><\/div>\n\t<video class=\"video-bg fill visible\" preload playsinline autoplay muted loop>\n\t\t<source src=\"https:\/\/ajax-alarme.ch\/wp-content\/uploads\/2025\/07\/doorbellvideo.mp4\" type=\"video\/mp4\">\t<\/video>\n                        \n                    <\/div>\n\t\t\n        <div class=\"banner-layers container\">\n            <div class=\"fill banner-link\"><\/div>            \n   <div id=\"text-box-1271324038\" class=\"text-box banner-layer x50 md-x50 lg-x50 y50 md-y50 lg-y50 res-text\">\n                                <div class=\"text-box-content text dark\">\n              \n              <div class=\"text-inner text-center\">\n                  \n              <\/div>\n           <\/div>\n                            \n<style>\n#text-box-1271324038 {\n  width: 60%;\n}\n#text-box-1271324038 .text-box-content {\n  font-size: 100%;\n}\n<\/style>\n    <\/div>\n \n        <\/div>\n      <\/div>\n\n            \n<style>\n#banner-1761947026 {\n  padding-top: 99.99%;\n}\n<\/style>\n  <\/div>\n\n\n\t\t<\/div>\n\t\t\t\t\t<\/div>\n\n\t\n\n\t<div id=\"col-765971733\" class=\"col medium-5 small-12 large-5\"  >\n\t\t\t\t<div class=\"col-inner\"  >\n\t\t\t\n\t\t\t\n<p><strong><span style=\"font-size: 120%;\">Sofortiger Zugriff auf den Videostream in Ajax-Anwendungen<\/span><\/strong><\/p>\n<p class=\"mb-nano fs-3\">Die Nutzer m\u00fcssen ihre G\u00e4ste nie an der T\u00fcr warten lassen. Unsere propriet\u00e4re JetSparrow-Technologie sorgt f\u00fcr einen schnellen Videostream, so dass die Nutzer ihre Besucher in einer Ajax-Anwendung sehen k\u00f6nnen, sobald sie an der T\u00fcr klingeln. Dank der hervorragenden Bild- und Tonqualit\u00e4t von DoorBell ist das \u00d6ffnen der T\u00fcr einem Telefonanruf so nahe wie nie zuvor.  <\/p>\n\t<div class=\"img has-hover x md-x lg-x y md-y lg-y\" id=\"image_396879310\">\n\t\t\t\t\t\t\t\t<div class=\"img-inner dark\" style=\"margin:0px 0px 0px 0px;\">\n\t\t\t<img loading=\"lazy\" decoding=\"async\" width=\"200\" height=\"194\" src=\"https:\/\/ajax-alarme.ch\/wp-content\/uploads\/2024\/01\/NDAA.jpg\" class=\"attachment-original size-original\" alt=\"\" srcset=\"https:\/\/ajax-alarme.ch\/wp-content\/uploads\/2024\/01\/NDAA.jpg 200w, https:\/\/ajax-alarme.ch\/wp-content\/uploads\/2024\/01\/NDAA-50x50.jpg 50w\" sizes=\"auto, (max-width: 200px) 100vw, 200px\" \/>\t\t\t\t\t\t\n\t\t\t\t\t<\/div>\n\t\t\t\t\t\t\t\t\n<style>\n#image_396879310 {\n  width: 16%;\n}\n<\/style>\n\t<\/div>\n\t\n<p><span style=\"font-size: 120%;\"><strong>Sofortige Benachrichtigung auf dem Smartphone<\/strong><\/span><br data-start=\"236\" data-end=\"239\">Mit der Doorbell AJAX werden Sie sofort informiert, wenn ein Besucher vor Ihrer T\u00fcr steht. Egal, ob Sie zu Hause oder am anderen Ende der Welt sind, Sie erhalten eine Echtzeit-Benachrichtigung \u00fcber die AJAX-App. So k\u00f6nnen Sie Ihre Besucher sehen, h\u00f6ren und ihnen antworten, was Ihre Fernkontrolle und Ihren Seelenfrieden st\u00e4rkt.<\/p>\n\t\t<\/div>\n\t\t\t\t\n<style>\n#col-765971733 > .col-inner {\n  padding: 0px 0px 0px 0px;\n}\n<\/style>\n\t<\/div>\n\n\t\n<\/div>\n<div class=\"row\"  id=\"row-999029927\">\n\n\t<div id=\"col-9337992\" class=\"col medium-6 small-12 large-6\"  >\n\t\t\t\t<div class=\"col-inner\"  >\n\t\t\t\n\t\t\t\n<div class=\"text-center\"><div class=\"is-divider divider clearfix\" style=\"max-width:175px;height:34px;background-color:rgb(255, 255, 255);\"><\/div><\/div>\n<p><span style=\"font-size: 120%;\"><strong>Synergie von KI und Sicherheit f\u00fcr eine pr\u00e4zise Objekterkennung<\/strong><\/span><\/p>\n<p class=\"mb-32 mb-md-40 mb-xl-48 fs-3\">Die KI-gesteuerte Kamera des DoorBell erkennt Personen, Fahrzeuge und Tiere, w\u00e4hrend ein eingebauter PIR-Sensor die Erkennungsgenauigkeit verbessert und falsche Positivmeldungen reduziert. Durch die Einrichtung von Erkennungszonen erhalten die Nutzer nur dann Benachrichtigungen, wenn es wirklich wichtig ist. F\u00fcr die Besucher bietet das Ger\u00e4t ein ber\u00fchrungsloses Erlebnis. Ein Kurier mit vollen H\u00e4nden muss nicht auf den Klingelknopf dr\u00fccken: Die Nutzer werden sofort \u00fcber ihre Ankunft informiert und k\u00f6nnen sofort in das Gespr\u00e4ch eingreifen.   <\/p>\n\t<div class=\"img has-hover x md-x lg-x y md-y lg-y\" id=\"image_1048072562\">\n\t\t\t\t\t\t\t\t<div class=\"img-inner dark\" >\n\t\t\t<img loading=\"lazy\" decoding=\"async\" width=\"638\" height=\"92\" src=\"https:\/\/ajax-alarme.ch\/wp-content\/uploads\/2025\/07\/typeIA.avif\" class=\"attachment-large size-large\" alt=\"\" srcset=\"https:\/\/ajax-alarme.ch\/wp-content\/uploads\/2025\/07\/typeIA.avif 638w, https:\/\/ajax-alarme.ch\/wp-content\/uploads\/2025\/07\/typeIA-510x74.avif 510w\" sizes=\"auto, (max-width: 638px) 100vw, 638px\" \/>\t\t\t\t\t\t\n\t\t\t\t\t<\/div>\n\t\t\t\t\t\t\t\t\n<style>\n#image_1048072562 {\n  width: 60%;\n}\n<\/style>\n\t<\/div>\n\t\n\t\t<\/div>\n\t\t\t\t\t<\/div>\n\n\t\n\n\t<div id=\"col-674684723\" class=\"col medium-6 small-12 large-6\"  >\n\t\t\t\t<div class=\"col-inner\"  >\n\t\t\t\n\t\t\t\n\n  <div class=\"banner has-hover has-video\" id=\"banner-1378157908\">\n          <div class=\"banner-inner fill\">\n        <div class=\"banner-bg fill\" >\n                        \t<div class=\"video-overlay no-click fill visible\"><\/div>\n\t<video class=\"video-bg fill visible\" preload playsinline autoplay muted loop>\n\t\t<source src=\"https:\/\/ajax-alarme.ch\/wp-content\/uploads\/2025\/07\/integrationdoolbell.mp4\" type=\"video\/mp4\">\t<\/video>\n                        \n                    <\/div>\n\t\t\n        <div class=\"banner-layers container\">\n            <div class=\"fill banner-link\"><\/div>            \n   <div id=\"text-box-1654553403\" class=\"text-box banner-layer x50 md-x50 lg-x50 y50 md-y50 lg-y50 res-text\">\n                                <div class=\"text-box-content text dark\">\n              \n              <div class=\"text-inner text-center\">\n                  \n              <\/div>\n           <\/div>\n                            \n<style>\n#text-box-1654553403 {\n  width: 60%;\n}\n#text-box-1654553403 .text-box-content {\n  font-size: 100%;\n}\n<\/style>\n    <\/div>\n \n        <\/div>\n      <\/div>\n\n            \n<style>\n#banner-1378157908 {\n  padding-top: 450px;\n}\n<\/style>\n  <\/div>\n\n\n\t\t<\/div>\n\t\t\t\t\t<\/div>\n\n\t\n<\/div>\n<div class=\"row\"  id=\"row-1814764920\">\n\n\t<div id=\"col-254888934\" class=\"col medium-7 small-12 large-7\"  >\n\t\t\t\t<div class=\"col-inner\"  >\n\t\t\t\n\t\t\t\n\n  <div class=\"banner has-hover has-video\" id=\"banner-1925900118\">\n          <div class=\"banner-inner fill\">\n        <div class=\"banner-bg fill\" >\n                        \t<div class=\"video-overlay no-click fill visible\"><\/div>\n\t<video class=\"video-bg fill visible\" preload playsinline autoplay muted loop>\n\t\t<source src=\"https:\/\/ajax-alarme.ch\/wp-content\/uploads\/2025\/07\/conectivitydoorbell.mp4\" type=\"video\/mp4\">\t<\/video>\n                        \n                    <\/div>\n\t\t\n        <div class=\"banner-layers container\">\n            <div class=\"fill banner-link\"><\/div>            \n   <div id=\"text-box-457365723\" class=\"text-box banner-layer x50 md-x50 lg-x50 y50 md-y50 lg-y50 res-text\">\n                                <div class=\"text-box-content text dark\">\n              \n              <div class=\"text-inner text-center\">\n                  \n              <\/div>\n           <\/div>\n                            \n<style>\n#text-box-457365723 {\n  width: 60%;\n}\n#text-box-457365723 .text-box-content {\n  font-size: 100%;\n}\n<\/style>\n    <\/div>\n \n        <\/div>\n      <\/div>\n\n            \n<style>\n#banner-1925900118 {\n  padding-top: 500px;\n}\n<\/style>\n  <\/div>\n\n\n\t\t<\/div>\n\t\t\t\t\t<\/div>\n\n\t\n\n\t<div id=\"col-1556967809\" class=\"col medium-5 small-12 large-5\"  >\n\t\t\t\t<div class=\"col-inner\"  >\n\t\t\t\n\t\t\t\n<div class=\"text-center\"><div class=\"is-divider divider clearfix\" style=\"max-width:168px;background-color:rgb(255, 255, 255);\"><\/div><\/div>\n<p><span style=\"font-size: 120%;\"><strong>St\u00e4ndige Wache<\/strong><\/span><\/p>\n<p class=\"mb-nano fs-3\">DoorBell wird nie zu einer leeren H\u00fclle, selbst wenn die Wi-Fi-Verbindung verloren geht. Wenn es zu einer Ajax-Zentrale hinzugef\u00fcgt wird, verf\u00fcgt DoorBell \u00fcber einen Backup-Kommunikationskanal. Das Ger\u00e4t funktioniert als integraler Bestandteil eines Ajax-Sicherheitssystems und informiert die Nutzer und die Zentrale \u00fcber die Ereignisse auf dem Gel\u00e4nde. DoorBell nutzt die sichere Kommunikationstechnologie von Jeweller, um Benachrichtigungen \u00fcber Ereignisse und Alarme zu senden, w\u00e4hrend das Wings-Protokoll eine zuverl\u00e4ssige \u00dcbertragung von Fotos gew\u00e4hrleistet.   <\/p>\n\t\t<\/div>\n\t\t\t\t\t<\/div>\n\n\t\n<\/div>\n\t<div class=\"img has-hover x md-x lg-x y md-y lg-y\" id=\"image_1945912431\">\n\t\t\t\t\t\t\t\t<div class=\"img-inner dark\" >\n\t\t\t\t\t\t\t\t\t\n\t\t\t\t\t<\/div>\n\t\t\t\t\t\t\t\t\n<style>\n#image_1945912431 {\n  width: 100%;\n}\n<\/style>\n\t<\/div>\n\t\n<div class=\"text-center\"><div class=\"is-divider divider clearfix\" style=\"max-width:168px;background-color:rgb(255, 255, 255);\"><\/div><\/div>\n<div class=\"row\"  id=\"row-116744697\">\n\n\t<div id=\"col-655867133\" class=\"col small-12 large-12\"  >\n\t\t\t\t<div class=\"col-inner\"  >\n\t\t\t\n\t\t\t\n<p style=\"text-align: center;\"><strong><span style=\"font-size: 120%;\">Die Doorbell AJAX ist die <\/span><span style=\"font-size: 17.280001px;\">T\u00fcrklingel<\/span><span style=\"font-size: 120%;\"> T\u00fcrklingel <\/span><\/strong><span style=\"font-size: 17.280001px;\"><b>ideal \ud83d\ude42<\/b><\/span><\/p>\n<p style=\"text-align: center;\" data-start=\"677\" data-end=\"911\">Die Bildfrequenz betr\u00e4gt bis zu 25 Bilder pro Sekunde, was eine hervorragende fl\u00fcssige Videowiedergabe gew\u00e4hrleistet. Die Kompressionsformate H.264 und H.265 erm\u00f6glichen eine effiziente Aufzeichnung bei gleichzeitiger Optimierung der Bandbreite und des Speicherplatzes. <\/p>\n<p style=\"text-align: center;\" data-start=\"913\" data-end=\"1233\">Dank der leistungsstarken Infrarotbeleuchtung ist eine Nachtsicht bis zu 35 Meter m\u00f6glich, so dass eine effektive \u00dcberwachung auch bei v\u00f6lliger Dunkelheit m\u00f6glich ist. Der Doorbell AJAX unterst\u00fctzt lokale Speicherung \u00fcber MicroSD-Karte (bis zu 256 GB) und kann auch an einen NVR f\u00fcr kontinuierliche Aufzeichnung angeschlossen werden. <\/p>\n<p style=\"text-align: center;\" data-start=\"1235\" data-end=\"1447\">Die T\u00fcrklingel ist mit fortschrittlicher k\u00fcnstlicher Intelligenz ausgestattet und kann zwischen Menschen, Tieren und Fahrzeugen unterscheiden, wodurch Fehlalarme reduziert und die Relevanz der Benachrichtigungen optimiert werden.<\/p>\n<p style=\"text-align: center;\" data-start=\"1703\" data-end=\"1957\"><strong>!! 12VDC Netzteil nicht im Lieferumfang enthalten!<\/strong><\/p>\n\t\t<\/div>\n\t\t\t\t\t<\/div>\n\n\t\n<\/div>\n\t<div class=\"img has-hover x md-x lg-x y md-y lg-y\" id=\"image_148702940\">\n\t\t\t\t\t\t\t\t<div class=\"img-inner dark\" >\n\t\t\t<img loading=\"lazy\" decoding=\"async\" width=\"4407\" height=\"6236\" src=\"https:\/\/ajax-alarme.ch\/wp-content\/uploads\/2025\/07\/doorbellpdf-pdf.jpg\" class=\"attachment-original size-original\" alt=\"\" \/>\t\t\t\t\t\t\n\t\t\t\t\t<\/div>\n\t\t\t\t\t\t\t\t\n<style>\n#image_148702940 {\n  width: 100%;\n}\n<\/style>\n\t<\/div>\n\t\n\t<div class=\"img has-hover x md-x lg-x y md-y lg-y\" id=\"image_991663462\">\n\t\t\t\t\t\t\t\t<div class=\"img-inner dark\" >\n\t\t\t<img loading=\"lazy\" decoding=\"async\" width=\"4407\" height=\"6236\" src=\"https:\/\/ajax-alarme.ch\/wp-content\/uploads\/2025\/07\/doorbell2pdf-pdf.jpg\" class=\"attachment-original size-original\" alt=\"\" \/>\t\t\t\t\t\t\n\t\t\t\t\t<\/div>\n\t\t\t\t\t\t\t\t\n<style>\n#image_991663462 {\n  width: 100%;\n}\n<\/style>\n\t<\/div>\n\t\n","protected":false},"excerpt":{"rendered":"<p>DoorBell AJAX ist eine intelligente, vernetzte T\u00fcrklingel, die entwickelt wurde, um Sicherheit und Komfort in Ihr Zuhause zu bringen. Dank der AJAX-Technologie verf\u00fcgt sie \u00fcber ein fortschrittliches Erkennungssystem, das Echtzeit-Benachrichtigungen an Ihr Smartphone sendet, sobald ein Besucher die T\u00fcrklingel bet\u00e4tigt oder in der N\u00e4he erkannt wird. <\/p>\n","protected":false},"featured_media":6306,"comment_status":"closed","ping_status":"closed","template":"","meta":[],"product_brand":[],"product_cat":[161],"product_tag":[],"class_list":{"0":"post-6216","1":"product","2":"type-product","3":"status-publish","4":"has-post-thumbnail","6":"product_cat-videouberwachung","8":"first","9":"instock","10":"sale","11":"shipping-taxable","12":"purchasable","13":"product-type-variable"},"_links":{"self":[{"href":"https:\/\/ajax-alarme.ch\/de\/wp-json\/wp\/v2\/product\/6216","targetHints":{"allow":["GET"]}}],"collection":[{"href":"https:\/\/ajax-alarme.ch\/de\/wp-json\/wp\/v2\/product"}],"about":[{"href":"https:\/\/ajax-alarme.ch\/de\/wp-json\/wp\/v2\/types\/product"}],"replies":[{"embeddable":true,"href":"https:\/\/ajax-alarme.ch\/de\/wp-json\/wp\/v2\/comments?post=6216"}],"wp:featuredmedia":[{"embeddable":true,"href":"https:\/\/ajax-alarme.ch\/de\/wp-json\/wp\/v2\/media\/6306"}],"wp:attachment":[{"href":"https:\/\/ajax-alarme.ch\/de\/wp-json\/wp\/v2\/media?parent=6216"}],"wp:term":[{"taxonomy":"product_brand","embeddable":true,"href":"https:\/\/ajax-alarme.ch\/de\/wp-json\/wp\/v2\/product_brand?post=6216"},{"taxonomy":"product_cat","embeddable":true,"href":"https:\/\/ajax-alarme.ch\/de\/wp-json\/wp\/v2\/product_cat?post=6216"},{"taxonomy":"product_tag","embeddable":true,"href":"https:\/\/ajax-alarme.ch\/de\/wp-json\/wp\/v2\/product_tag?post=6216"}],"curies":[{"name":"wp","href":"https:\/\/api.w.org\/{rel}","templated":true}]}}