{"id":5971,"date":"2024-06-22T16:31:00","date_gmt":"2024-06-22T14:31:00","guid":{"rendered":"https:\/\/ajax-alarme.ch\/?post_type=product&#038;p=5971"},"modified":"2024-07-26T16:25:52","modified_gmt":"2024-07-26T14:25:52","slug":"keypad-touchscreen-codetastatur-mit-touchscreen-badge-bluetooth-copie-copie","status":"publish","type":"product","link":"https:\/\/ajax-alarme.ch\/de\/product\/keypad-touchscreen-codetastatur-mit-touchscreen-badge-bluetooth-copie-copie\/","title":{"rendered":"Fl\u00fcssigkeitsbeutel f\u00fcr URFOG-Nebelgenerator"},"content":{"rendered":"\n\t<section class=\"section\" id=\"section_1509057234\">\n\t\t<div class=\"section-bg fill\" >\n\t\t\t\t\t\t\t\t\t\n\t\t\t\n\t<div class=\"is-border\"\n\t\tstyle=\"border-width:0px 0px 0px 0px;\">\n\t<\/div>\n\n\t\t<\/div>\n\n\t\t\n\n\t\t<div class=\"section-content relative\">\n\t\t\t\n<div class=\"is-divider divider clearfix\" style=\"max-width:0px;height:41px;\"><\/div>\n<div class=\"row\"  id=\"row-36400312\">\n\n\t<div id=\"col-6372576\" class=\"col medium-4 small-12 large-4\"  >\n\t\t\t\t<div class=\"col-inner\"  >\n\t\t\t\n\t\t\t\n\t\t<\/div>\n\t\t\t\t\t<\/div>\n\n\t\n\n\t<div id=\"col-340988490\" class=\"col medium-4 small-12 large-4\"  >\n\t\t\t\t<div class=\"col-inner\"  >\n\t\t\t\n\t\t\t\n\t<div class=\"img has-hover x md-x lg-x y md-y lg-y\" id=\"image_1743304618\">\n\t\t\t\t\t\t\t\t<div class=\"img-inner dark\" >\n\t\t\t<img loading=\"lazy\" decoding=\"async\" width=\"800\" height=\"800\" src=\"https:\/\/ajax-alarme.ch\/wp-content\/uploads\/2024\/06\/fluide-800x800.png\" class=\"attachment-large size-large\" alt=\"\" srcset=\"https:\/\/ajax-alarme.ch\/wp-content\/uploads\/2024\/06\/fluide-800x800.png 800w, https:\/\/ajax-alarme.ch\/wp-content\/uploads\/2024\/06\/fluide-400x400.png 400w, https:\/\/ajax-alarme.ch\/wp-content\/uploads\/2024\/06\/fluide-280x280.png 280w, https:\/\/ajax-alarme.ch\/wp-content\/uploads\/2024\/06\/fluide-768x768.png 768w, https:\/\/ajax-alarme.ch\/wp-content\/uploads\/2024\/06\/fluide-247x247.png 247w, https:\/\/ajax-alarme.ch\/wp-content\/uploads\/2024\/06\/fluide-510x510.png 510w, https:\/\/ajax-alarme.ch\/wp-content\/uploads\/2024\/06\/fluide-100x100.png 100w, https:\/\/ajax-alarme.ch\/wp-content\/uploads\/2024\/06\/fluide-50x50.png 50w, https:\/\/ajax-alarme.ch\/wp-content\/uploads\/2024\/06\/fluide.png 1024w\" sizes=\"auto, (max-width: 800px) 100vw, 800px\" \/>\t\t\t\t\t\t\n\t\t\t\t\t<\/div>\n\t\t\t\t\t\t\t\t\n<style>\n#image_1743304618 {\n  width: 100%;\n}\n<\/style>\n\t<\/div>\n\t\n<h3 style=\"text-align: center;\">NACHF\u00dcLLFL\u00dcSSIGKEIT<\/h3>\n<p style=\"text-align: center;\">Beutel mit Fl\u00fcssigkeit zum Aufladen von URFOG-Ger\u00e4ten. Zertifizierte Qualit\u00e4t <strong><span style=\"color: #008000;\">Qualit\u00e4t<\/span><span style=\"color: #008000;\"> Lebensmittel<\/span> <\/strong>und einfach zu handeln.<\/p>\n\t\t<\/div>\n\t\t\t\t\t<\/div>\n\n\t\n\n\t<div id=\"col-289354352\" class=\"col medium-4 small-12 large-4\"  >\n\t\t\t\t<div class=\"col-inner\"  >\n\t\t\t\n\t\t\t\n\t\t<\/div>\n\t\t\t\t\t<\/div>\n\n\t\n<\/div>\n\t\t<\/div>\n\n\t\t\n<style>\n#section_1509057234 {\n  padding-top: 30px;\n  padding-bottom: 30px;\n}\n<\/style>\n\t<\/section>\n\t\n<h3 style=\"text-align: center;\">F\u00fcr maximalen Schutz und un\u00fcbertroffenen Seelenfrieden entscheiden Sie sich f\u00fcr unsere Verdunkelungsnebelmaschine.<\/h3>\n<div class=\"row\"  id=\"row-170695931\">\n\n\t<div id=\"col-1999484301\" class=\"col medium-6 small-12 large-6\"  >\n\t\t\t\t<div class=\"col-inner\"  >\n\t\t\t\n\t\t\t\n<div class=\"is-divider divider clearfix\" style=\"max-width:0px;height:41px;\"><\/div>\n<h2><span style=\"color: #000000;\">Hauptvorteile :<\/span><\/h2>\n<p><span style=\"color: #000000;\"><strong>Sofortige Reaktion und Abschreckung:<\/strong><\/span><br \/>\nDer Nebel entfaltet sich innerhalb von Sekunden, schreckt Eindringlinge ab und verringert ihre Chancen auf Diebstahl oder Schaden.<br \/>\n<span style=\"color: #000000;\"><strong>Schutz von Eigentum und Personen:<\/strong><\/span><br \/>\nIdeal f\u00fcr Orte, an denen wertvolle G\u00fcter gelagert werden und die Sicherheit der Bewohner gew\u00e4hrleistet ist.<br \/>\n<span style=\"color: #000000;\"><strong>Einfache Integration:<\/strong><\/span><br \/>\nEr ist mit Ihren aktuellen Alarmsystemen kompatibel und wird automatisch aktiviert.<br \/>\n<span style=\"color: #000000;\"><strong>Nicht t\u00f6dlich und nicht zerst\u00f6rerisch:<\/strong><\/span><br \/>\nDer Nebel ist ungiftig und sch\u00e4digt weder Eigentum noch Personen.<\/p>\n\t\t<\/div>\n\t\t\t\t\t<\/div>\n\n\t\n\n\t<div id=\"col-811198872\" class=\"col medium-6 small-12 large-6\"  >\n\t\t\t\t<div class=\"col-inner\"  >\n\t\t\t\n\t\t\t\n\t<div class=\"img has-hover x md-x lg-x y md-y lg-y\" id=\"image_2131646598\">\n\t\t\t\t\t\t\t\t<div class=\"img-inner dark\" >\n\t\t\t\t\t\t\t\t\t\n\t\t\t\t\t<\/div>\n\t\t\t\t\t\t\t\t\n<style>\n#image_2131646598 {\n  width: 100%;\n}\n<\/style>\n\t<\/div>\n\t\n<div class=\"is-divider divider clearfix\" style=\"max-width:0px;height:75px;\"><\/div>\n<div class=\"video video-fit mb\" style=\"padding-top:56.25%;\"><p><iframe loading=\"lazy\" title=\"Ajax Ready, test of the solution\" width=\"1020\" height=\"574\" src=\"https:\/\/www.youtube.com\/embed\/i-Q-2vSFXwc?feature=oembed\" frameborder=\"0\" allow=\"accelerometer; autoplay; clipboard-write; encrypted-media; gyroscope; picture-in-picture; web-share\" referrerpolicy=\"strict-origin-when-cross-origin\" allowfullscreen><\/iframe><\/p>\n<\/div>\n\t\t<\/div>\n\t\t\t\t\t<\/div>\n\n\t\n<\/div>\n<div class=\"is-divider divider clearfix\" style=\"max-width:0px;height:41px;\"><\/div>\n<h1 style=\"text-align: center;\">AUSL\u00d6SER: AUTOMATISCH ODER MANUELL<\/h1>\n<div class=\"is-divider divider clearfix\" style=\"max-width:0px;height:1px;\"><\/div>\n<div class=\"row\"  id=\"row-1575553884\">\n\n\t<div id=\"col-1859746701\" class=\"col medium-4 small-12 large-4\"  >\n\t\t\t\t<div class=\"col-inner\"  >\n\t\t\t\n\t\t\t\n<p style=\"text-align: center;\"><strong>ALARM-SENSOREN<br \/>\n<\/strong>Durch Bewegungserkennung oder T\u00fcr- und Fenster\u00f6ffnungssensoren wird der Nebelaussto\u00df automatisch <strong>aktiviert<\/strong>. <strong><br \/>\n  <span style=\"color: #d83131;\">Der Nebel wird automatisch aktiviert.<\/span><br \/>\n<\/strong><\/p>\n\t<div class=\"img has-hover x md-x lg-x y md-y lg-y\" id=\"image_657973944\">\n\t\t\t\t\t\t\t\t<div class=\"img-inner dark\" >\n\t\t\t<img loading=\"lazy\" decoding=\"async\" width=\"350\" height=\"250\" src=\"https:\/\/ajax-alarme.ch\/wp-content\/uploads\/2024\/06\/MotionProtect-DoorProtect-Ajax.jpg.png\" class=\"attachment-large size-large\" alt=\"\" \/>\t\t\t\t\t\t\n\t\t\t\t\t<\/div>\n\t\t\t\t\t\t\t\t\n<style>\n#image_657973944 {\n  width: 100%;\n}\n<\/style>\n\t<\/div>\n\t\n\t\t<\/div>\n\t\t\t\t\t<\/div>\n\n\t\n\n\t<div id=\"col-503454999\" class=\"col medium-4 small-12 large-4\"  >\n\t\t\t\t<div class=\"col-inner\"  >\n\t\t\t\n\t\t\t\n<p style=\"text-align: center;\"><strong>FOTO\u00dcBERPR\u00dcFUNG<\/strong><br \/>\nDie MotionCam sendet ein Bild des Ereignisses, im Bedarfsfall kann der Nebelaussto\u00df \u00fcber die Fernbedienung aktiviert werden. <strong><br \/>\n  <span style=\"color: #d83131;\">aus der Ferne aktiviert werden.<\/span><br \/>\n<\/strong>.<\/p>\n\t<div class=\"img has-hover x md-x lg-x y md-y lg-y\" id=\"image_1470361138\">\n\t\t\t\t\t\t\t\t<div class=\"img-inner dark\" >\n\t\t\t<img loading=\"lazy\" decoding=\"async\" width=\"350\" height=\"250\" src=\"https:\/\/ajax-alarme.ch\/wp-content\/uploads\/2024\/06\/MotionCam-ajax.jpg.png\" class=\"attachment-large size-large\" alt=\"\" \/>\t\t\t\t\t\t\n\t\t\t\t\t<\/div>\n\t\t\t\t\t\t\t\t\n<style>\n#image_1470361138 {\n  width: 100%;\n}\n<\/style>\n\t<\/div>\n\t\n\t\t<\/div>\n\t\t\t\t\t<\/div>\n\n\t\n\n\t<div id=\"col-1440462545\" class=\"col medium-4 small-12 large-4\"  >\n\t\t\t\t<div class=\"col-inner\"  >\n\t\t\t\n\t\t\t\n<p style=\"text-align: center;\"><strong>ANTIPANIK \/ ANTIDIEBSTAHL<\/strong><\/p>\n<p style=\"text-align: center;\">Sie k\u00f6nnen URFOG manuell und \u00fcber die Paniktaste aktivieren, auch wenn das System nicht aktiviert ist. <strong><br \/>\n  <span style=\"color: #d83131;\">wenn das System nicht scharfgeschaltet ist.<\/span><br \/>\n<\/strong><\/p>\n\t<div class=\"img has-hover x md-x lg-x y md-y lg-y\" id=\"image_124287400\">\n\t\t\t\t\t\t\t\t<div class=\"img-inner dark\" >\n\t\t\t<img loading=\"lazy\" decoding=\"async\" width=\"350\" height=\"250\" src=\"https:\/\/ajax-alarme.ch\/wp-content\/uploads\/2024\/06\/SpaceControl-DoubleButton-Ajax.jpg.png\" class=\"attachment-large size-large\" alt=\"\" \/>\t\t\t\t\t\t\n\t\t\t\t\t<\/div>\n\t\t\t\t\t\t\t\t\n<style>\n#image_124287400 {\n  width: 100%;\n}\n<\/style>\n\t<\/div>\n\t\n\t\t<\/div>\n\t\t\t\t\t<\/div>\n\n\t\n<\/div>\n<div class=\"is-divider divider clearfix\" style=\"max-width:0px;height:41px;\"><\/div>\n<div class=\"row\"  id=\"row-822510381\">\n\n\t<div id=\"col-1056489304\" class=\"col medium-7 small-12 large-7\"  >\n\t\t\t\t<div class=\"col-inner\"  >\n\t\t\t\n\t\t\t\n<h2>Technische Spezifikationen<\/h2>\n<ul class=\"article_list\">\n<li>Sch\u00fctzt: 200 bis 800 m3 bei Nullsicht auf 1 Meter (je nach Modell)<\/li>\n<li>2 Ajax-Relais (f\u00fcr Waffen und Schie\u00dfen) in das Ger\u00e4t integriert<\/li>\n<li>Visuelle LED-Signalisierung<\/li>\n<li>12VDC 300mA-Ausgang f\u00fcr externe Ger\u00e4te<\/li>\n<li>Optionale Notstromversorgung durch Batterie (12VDC 2.0Ah)<\/li>\n<li>Green Power Technologie f\u00fcr einen niedrigen Verbrauch<\/li>\n<li>Kompatibel mit allen AJAX HUBs<\/li>\n<\/ul>\n<div id=\"short_description_block\">\n<div id=\"short_description_content\" class=\"rte align_justify\"><\/div>\n<\/div>\n\t\t<\/div>\n\t\t\t\t\t<\/div>\n\n\t\n\n\t<div id=\"col-1119304622\" class=\"col medium-4 small-12 large-4\"  >\n\t\t\t\t<div class=\"col-inner\"  >\n\t\t\t\n\t\t\t\n\t<div class=\"img has-hover x md-x lg-x y md-y lg-y\" id=\"image_1558312437\">\n\t\t\t\t\t\t\t\t<div class=\"img-inner dark\" >\n\t\t\t<img loading=\"lazy\" decoding=\"async\" width=\"800\" height=\"800\" src=\"https:\/\/ajax-alarme.ch\/wp-content\/uploads\/2024\/06\/fpu03esm200a-800x800.png\" class=\"attachment-large size-large\" alt=\"\" srcset=\"https:\/\/ajax-alarme.ch\/wp-content\/uploads\/2024\/06\/fpu03esm200a-800x800.png 800w, https:\/\/ajax-alarme.ch\/wp-content\/uploads\/2024\/06\/fpu03esm200a-400x400.png 400w, https:\/\/ajax-alarme.ch\/wp-content\/uploads\/2024\/06\/fpu03esm200a-280x280.png 280w, https:\/\/ajax-alarme.ch\/wp-content\/uploads\/2024\/06\/fpu03esm200a-768x768.png 768w, https:\/\/ajax-alarme.ch\/wp-content\/uploads\/2024\/06\/fpu03esm200a-247x247.png 247w, https:\/\/ajax-alarme.ch\/wp-content\/uploads\/2024\/06\/fpu03esm200a-510x510.png 510w, https:\/\/ajax-alarme.ch\/wp-content\/uploads\/2024\/06\/fpu03esm200a-100x100.png 100w, https:\/\/ajax-alarme.ch\/wp-content\/uploads\/2024\/06\/fpu03esm200a-50x50.png 50w, https:\/\/ajax-alarme.ch\/wp-content\/uploads\/2024\/06\/fpu03esm200a.png 1000w\" sizes=\"auto, (max-width: 800px) 100vw, 800px\" \/>\t\t\t\t\t\t\n\t\t\t\t\t<\/div>\n\t\t\t\t\t\t\t\t\n<style>\n#image_1558312437 {\n  width: 100%;\n}\n<\/style>\n\t<\/div>\n\t\n\t\t<\/div>\n\t\t\t\t\t<\/div>\n\n\t\n<\/div>\n<div class=\"video video-fit mb\" style=\"padding-top:56.25%;\"><p><iframe loading=\"lazy\" title=\"Ajax ready solution - integration of UR Fog and Ajax alarm system, Engish version\" width=\"1020\" height=\"574\" src=\"https:\/\/www.youtube.com\/embed\/JehXcdcLwmI?feature=oembed\" frameborder=\"0\" allow=\"accelerometer; autoplay; clipboard-write; encrypted-media; gyroscope; picture-in-picture; web-share\" referrerpolicy=\"strict-origin-when-cross-origin\" allowfullscreen><\/iframe><\/p>\n<\/div>\n\t<div class=\"img has-hover x md-x lg-x y md-y lg-y\" id=\"image_1914388507\">\n\t\t\t\t\t\t\t\t<div class=\"img-inner dark\" >\n\t\t\t<img loading=\"lazy\" decoding=\"async\" width=\"1020\" height=\"721\" src=\"https:\/\/ajax-alarme.ch\/wp-content\/uploads\/2024\/06\/Ajax-ready-anti-intrusion-fogging-systems-UR-FOG-2024_page-0001-1131x800.jpg\" class=\"attachment-large size-large\" alt=\"\" srcset=\"https:\/\/ajax-alarme.ch\/wp-content\/uploads\/2024\/06\/Ajax-ready-anti-intrusion-fogging-systems-UR-FOG-2024_page-0001-1131x800.jpg 1131w, https:\/\/ajax-alarme.ch\/wp-content\/uploads\/2024\/06\/Ajax-ready-anti-intrusion-fogging-systems-UR-FOG-2024_page-0001-565x400.jpg 565w, https:\/\/ajax-alarme.ch\/wp-content\/uploads\/2024\/06\/Ajax-ready-anti-intrusion-fogging-systems-UR-FOG-2024_page-0001-768x543.jpg 768w, https:\/\/ajax-alarme.ch\/wp-content\/uploads\/2024\/06\/Ajax-ready-anti-intrusion-fogging-systems-UR-FOG-2024_page-0001-1536x1087.jpg 1536w, https:\/\/ajax-alarme.ch\/wp-content\/uploads\/2024\/06\/Ajax-ready-anti-intrusion-fogging-systems-UR-FOG-2024_page-0001-510x361.jpg 510w, https:\/\/ajax-alarme.ch\/wp-content\/uploads\/2024\/06\/Ajax-ready-anti-intrusion-fogging-systems-UR-FOG-2024_page-0001.jpg 1754w\" sizes=\"auto, (max-width: 1020px) 100vw, 1020px\" \/>\t\t\t\t\t\t\n\t\t\t\t\t<\/div>\n\t\t\t\t\t\t\t\t\n<style>\n#image_1914388507 {\n  width: 100%;\n}\n<\/style>\n\t<\/div>\n\t\n\t<div class=\"img has-hover x md-x lg-x y md-y lg-y\" id=\"image_34859485\">\n\t\t\t\t\t\t\t\t<div class=\"img-inner dark\" >\n\t\t\t<img loading=\"lazy\" decoding=\"async\" width=\"1020\" height=\"721\" src=\"https:\/\/ajax-alarme.ch\/wp-content\/uploads\/2024\/06\/Ajax-ready-anti-intrusion-fogging-systems-UR-FOG-2024_page-0002-1131x800.jpg\" class=\"attachment-large size-large\" alt=\"\" srcset=\"https:\/\/ajax-alarme.ch\/wp-content\/uploads\/2024\/06\/Ajax-ready-anti-intrusion-fogging-systems-UR-FOG-2024_page-0002-1131x800.jpg 1131w, https:\/\/ajax-alarme.ch\/wp-content\/uploads\/2024\/06\/Ajax-ready-anti-intrusion-fogging-systems-UR-FOG-2024_page-0002-565x400.jpg 565w, https:\/\/ajax-alarme.ch\/wp-content\/uploads\/2024\/06\/Ajax-ready-anti-intrusion-fogging-systems-UR-FOG-2024_page-0002-768x543.jpg 768w, https:\/\/ajax-alarme.ch\/wp-content\/uploads\/2024\/06\/Ajax-ready-anti-intrusion-fogging-systems-UR-FOG-2024_page-0002-1536x1087.jpg 1536w, https:\/\/ajax-alarme.ch\/wp-content\/uploads\/2024\/06\/Ajax-ready-anti-intrusion-fogging-systems-UR-FOG-2024_page-0002-510x361.jpg 510w, https:\/\/ajax-alarme.ch\/wp-content\/uploads\/2024\/06\/Ajax-ready-anti-intrusion-fogging-systems-UR-FOG-2024_page-0002.jpg 1754w\" sizes=\"auto, (max-width: 1020px) 100vw, 1020px\" \/>\t\t\t\t\t\t\n\t\t\t\t\t<\/div>\n\t\t\t\t\t\t\t\t\n<style>\n#image_34859485 {\n  width: 100%;\n}\n<\/style>\n\t<\/div>\n\t\n\t<div class=\"img has-hover x md-x lg-x y md-y lg-y\" id=\"image_530470197\">\n\t\t\t\t\t\t\t\t<div class=\"img-inner dark\" >\n\t\t\t<img loading=\"lazy\" decoding=\"async\" width=\"1020\" height=\"721\" src=\"https:\/\/ajax-alarme.ch\/wp-content\/uploads\/2024\/06\/Ajax-ready-anti-intrusion-fogging-systems-UR-FOG-2024_page-0003-1131x800.jpg\" class=\"attachment-large size-large\" alt=\"\" srcset=\"https:\/\/ajax-alarme.ch\/wp-content\/uploads\/2024\/06\/Ajax-ready-anti-intrusion-fogging-systems-UR-FOG-2024_page-0003-1131x800.jpg 1131w, https:\/\/ajax-alarme.ch\/wp-content\/uploads\/2024\/06\/Ajax-ready-anti-intrusion-fogging-systems-UR-FOG-2024_page-0003-565x400.jpg 565w, https:\/\/ajax-alarme.ch\/wp-content\/uploads\/2024\/06\/Ajax-ready-anti-intrusion-fogging-systems-UR-FOG-2024_page-0003-768x543.jpg 768w, https:\/\/ajax-alarme.ch\/wp-content\/uploads\/2024\/06\/Ajax-ready-anti-intrusion-fogging-systems-UR-FOG-2024_page-0003-1536x1087.jpg 1536w, https:\/\/ajax-alarme.ch\/wp-content\/uploads\/2024\/06\/Ajax-ready-anti-intrusion-fogging-systems-UR-FOG-2024_page-0003-510x361.jpg 510w, https:\/\/ajax-alarme.ch\/wp-content\/uploads\/2024\/06\/Ajax-ready-anti-intrusion-fogging-systems-UR-FOG-2024_page-0003.jpg 1754w\" sizes=\"auto, (max-width: 1020px) 100vw, 1020px\" \/>\t\t\t\t\t\t\n\t\t\t\t\t<\/div>\n\t\t\t\t\t\t\t\t\n<style>\n#image_530470197 {\n  width: 100%;\n}\n<\/style>\n\t<\/div>\n\t\n\t<div class=\"img has-hover x md-x lg-x y md-y lg-y\" id=\"image_261727797\">\n\t\t\t\t\t\t\t\t<div class=\"img-inner dark\" >\n\t\t\t<img loading=\"lazy\" decoding=\"async\" width=\"1020\" height=\"721\" src=\"https:\/\/ajax-alarme.ch\/wp-content\/uploads\/2024\/06\/Ajax-ready-anti-intrusion-fogging-systems-UR-FOG-2024_page-0004-1131x800.jpg\" class=\"attachment-large size-large\" alt=\"\" srcset=\"https:\/\/ajax-alarme.ch\/wp-content\/uploads\/2024\/06\/Ajax-ready-anti-intrusion-fogging-systems-UR-FOG-2024_page-0004-1131x800.jpg 1131w, https:\/\/ajax-alarme.ch\/wp-content\/uploads\/2024\/06\/Ajax-ready-anti-intrusion-fogging-systems-UR-FOG-2024_page-0004-565x400.jpg 565w, https:\/\/ajax-alarme.ch\/wp-content\/uploads\/2024\/06\/Ajax-ready-anti-intrusion-fogging-systems-UR-FOG-2024_page-0004-768x543.jpg 768w, https:\/\/ajax-alarme.ch\/wp-content\/uploads\/2024\/06\/Ajax-ready-anti-intrusion-fogging-systems-UR-FOG-2024_page-0004-1536x1087.jpg 1536w, https:\/\/ajax-alarme.ch\/wp-content\/uploads\/2024\/06\/Ajax-ready-anti-intrusion-fogging-systems-UR-FOG-2024_page-0004-510x361.jpg 510w, https:\/\/ajax-alarme.ch\/wp-content\/uploads\/2024\/06\/Ajax-ready-anti-intrusion-fogging-systems-UR-FOG-2024_page-0004.jpg 1754w\" sizes=\"auto, (max-width: 1020px) 100vw, 1020px\" \/>\t\t\t\t\t\t\n\t\t\t\t\t<\/div>\n\t\t\t\t\t\t\t\t\n<style>\n#image_261727797 {\n  width: 100%;\n}\n<\/style>\n\t<\/div>\n\t\n\t<div class=\"img has-hover x md-x lg-x y md-y lg-y\" id=\"image_1010674771\">\n\t\t\t\t\t\t\t\t<div class=\"img-inner dark\" >\n\t\t\t<img loading=\"lazy\" decoding=\"async\" width=\"1020\" height=\"721\" src=\"https:\/\/ajax-alarme.ch\/wp-content\/uploads\/2024\/06\/Ajax-ready-anti-intrusion-fogging-systems-UR-FOG-2024_page-0005-1131x800.jpg\" class=\"attachment-large size-large\" alt=\"\" srcset=\"https:\/\/ajax-alarme.ch\/wp-content\/uploads\/2024\/06\/Ajax-ready-anti-intrusion-fogging-systems-UR-FOG-2024_page-0005-1131x800.jpg 1131w, https:\/\/ajax-alarme.ch\/wp-content\/uploads\/2024\/06\/Ajax-ready-anti-intrusion-fogging-systems-UR-FOG-2024_page-0005-565x400.jpg 565w, https:\/\/ajax-alarme.ch\/wp-content\/uploads\/2024\/06\/Ajax-ready-anti-intrusion-fogging-systems-UR-FOG-2024_page-0005-768x543.jpg 768w, https:\/\/ajax-alarme.ch\/wp-content\/uploads\/2024\/06\/Ajax-ready-anti-intrusion-fogging-systems-UR-FOG-2024_page-0005-1536x1087.jpg 1536w, https:\/\/ajax-alarme.ch\/wp-content\/uploads\/2024\/06\/Ajax-ready-anti-intrusion-fogging-systems-UR-FOG-2024_page-0005-510x361.jpg 510w, https:\/\/ajax-alarme.ch\/wp-content\/uploads\/2024\/06\/Ajax-ready-anti-intrusion-fogging-systems-UR-FOG-2024_page-0005.jpg 1754w\" sizes=\"auto, (max-width: 1020px) 100vw, 1020px\" \/>\t\t\t\t\t\t\n\t\t\t\t\t<\/div>\n\t\t\t\t\t\t\t\t\n<style>\n#image_1010674771 {\n  width: 100%;\n}\n<\/style>\n\t<\/div>\n\t\n\t<div class=\"img has-hover x md-x lg-x y md-y lg-y\" id=\"image_1557849879\">\n\t\t\t\t\t\t\t\t<div class=\"img-inner dark\" >\n\t\t\t<img loading=\"lazy\" decoding=\"async\" width=\"1020\" height=\"721\" src=\"https:\/\/ajax-alarme.ch\/wp-content\/uploads\/2024\/06\/Ajax-ready-anti-intrusion-fogging-systems-UR-FOG-2024_page-0006-1131x800.jpg\" class=\"attachment-large size-large\" alt=\"\" srcset=\"https:\/\/ajax-alarme.ch\/wp-content\/uploads\/2024\/06\/Ajax-ready-anti-intrusion-fogging-systems-UR-FOG-2024_page-0006-1131x800.jpg 1131w, https:\/\/ajax-alarme.ch\/wp-content\/uploads\/2024\/06\/Ajax-ready-anti-intrusion-fogging-systems-UR-FOG-2024_page-0006-565x400.jpg 565w, https:\/\/ajax-alarme.ch\/wp-content\/uploads\/2024\/06\/Ajax-ready-anti-intrusion-fogging-systems-UR-FOG-2024_page-0006-768x543.jpg 768w, https:\/\/ajax-alarme.ch\/wp-content\/uploads\/2024\/06\/Ajax-ready-anti-intrusion-fogging-systems-UR-FOG-2024_page-0006-1536x1087.jpg 1536w, https:\/\/ajax-alarme.ch\/wp-content\/uploads\/2024\/06\/Ajax-ready-anti-intrusion-fogging-systems-UR-FOG-2024_page-0006-510x361.jpg 510w, https:\/\/ajax-alarme.ch\/wp-content\/uploads\/2024\/06\/Ajax-ready-anti-intrusion-fogging-systems-UR-FOG-2024_page-0006.jpg 1754w\" sizes=\"auto, (max-width: 1020px) 100vw, 1020px\" \/>\t\t\t\t\t\t\n\t\t\t\t\t<\/div>\n\t\t\t\t\t\t\t\t\n<style>\n#image_1557849879 {\n  width: 100%;\n}\n<\/style>\n\t<\/div>\n\t\n","protected":false},"excerpt":{"rendered":"<p id=\"product_manufacturer\">Der Nachf\u00fcllbeutel mit Fl\u00fcssigkeit f\u00fcr Nebelmaschinen ist ein unverzichtbares Produkt, um die Leistung Ihrer Nebelmaschine aufrechtzuerhalten. Wenn Sie die Anweisungen zur Verwendung und Lagerung befolgen, k\u00f6nnen Sie eine qualitativ hochwertige Nebelproduktion sicherstellen und gleichzeitig die Sicherheit und Haltbarkeit Ihrer Ger\u00e4te gew\u00e4hrleisten.<\/p>\n","protected":false},"featured_media":5962,"comment_status":"closed","ping_status":"closed","template":"","meta":[],"product_brand":[],"product_cat":[327],"product_tag":[],"class_list":{"0":"post-5971","1":"product","2":"type-product","3":"status-publish","4":"has-post-thumbnail","6":"product_cat-verdunkelnder-nebel","7":"pa_capacite-doccultation-600m3-de","8":"pa_capacite-doccultation-900m3-de","9":"pa_capacite-doccultation-1200m3-de","10":"pa_capacite-doccultation-1500m3-de","11":"pa_capacite-doccultation-2400m3-de","13":"first","14":"instock","15":"shipping-taxable","16":"purchasable","17":"product-type-simple"},"_links":{"self":[{"href":"https:\/\/ajax-alarme.ch\/de\/wp-json\/wp\/v2\/product\/5971","targetHints":{"allow":["GET"]}}],"collection":[{"href":"https:\/\/ajax-alarme.ch\/de\/wp-json\/wp\/v2\/product"}],"about":[{"href":"https:\/\/ajax-alarme.ch\/de\/wp-json\/wp\/v2\/types\/product"}],"replies":[{"embeddable":true,"href":"https:\/\/ajax-alarme.ch\/de\/wp-json\/wp\/v2\/comments?post=5971"}],"wp:featuredmedia":[{"embeddable":true,"href":"https:\/\/ajax-alarme.ch\/de\/wp-json\/wp\/v2\/media\/5962"}],"wp:attachment":[{"href":"https:\/\/ajax-alarme.ch\/de\/wp-json\/wp\/v2\/media?parent=5971"}],"wp:term":[{"taxonomy":"product_brand","embeddable":true,"href":"https:\/\/ajax-alarme.ch\/de\/wp-json\/wp\/v2\/product_brand?post=5971"},{"taxonomy":"product_cat","embeddable":true,"href":"https:\/\/ajax-alarme.ch\/de\/wp-json\/wp\/v2\/product_cat?post=5971"},{"taxonomy":"product_tag","embeddable":true,"href":"https:\/\/ajax-alarme.ch\/de\/wp-json\/wp\/v2\/product_tag?post=5971"}],"curies":[{"name":"wp","href":"https:\/\/api.w.org\/{rel}","templated":true}]}}