{"id":5722,"date":"2024-06-10T15:51:15","date_gmt":"2024-06-10T13:51:15","guid":{"rendered":"https:\/\/ajax-alarme.ch\/?post_type=product&#038;p=5722"},"modified":"2024-07-26T16:25:52","modified_gmt":"2024-07-26T14:25:52","slug":"service-installation-zu-hause-und-programmierung-des-ajax-systems-copie","status":"publish","type":"product","link":"https:\/\/ajax-alarme.ch\/de\/product\/service-installation-zu-hause-und-programmierung-des-ajax-systems-copie\/","title":{"rendered":"Service &#8211; Fehlerbehebung im AJAX-System zu Hause."},"content":{"rendered":"<div class=\"is-divider divider clearfix\" style=\"max-width:0px;height:40px;\"><\/div>\n<div class=\"row\"  id=\"row-483528000\">\n\n\t<div id=\"col-437489954\" class=\"col medium-7 small-12 large-7\"  >\n\t\t\t\t<div class=\"col-inner\"  >\n\t\t\t\n\t\t\t\n<h2><strong>Wir reparieren Ihre Alarmanlage bei Ihnen zu Hause.<\/strong><\/h2>\n<p>Unser spezialisierter Techniker wird die Reparatur Ihres Sicherheitssystems direkt am Ort der Installation durchf\u00fchren.<\/p>\n<p><strong>Der Pannendienst umfasst die folgenden Leistungen:<\/strong><\/p>\n<ul>\n<li>Suche nach dem Fehler<\/li>\n<li>Behebung des Defekts, sofern m\u00f6glich<\/li>\n<li>Aktualisierung aller Ger\u00e4te<\/li>\n<li>\u00dcberpr\u00fcfung der Systemprogrammierung<\/li>\n<li>Inbetriebnahme und Tests<\/li>\n<\/ul>\n<p><strong>WIR BERECHNEN PRO ARBEITSSTUNDE CHF 154.&#8211;.  <\/strong><br \/>\n<strong>Die erste Stunde ist unteilbar und wird von diesem Produkt bezahlt, \u00dcberstunden und Reisen werden am Ende des Einsatzes per Karte abgerechnet.<\/strong><\/p>\n<p><strong>Die Anreise des Technikers wird zus\u00e4tzlich berechnet und muss am Tag der Installation gem\u00e4\u00df den unten aufgef\u00fchrten Tarifen bezahlt werden.<\/strong><\/p>\n<p><span style=\"font-size: 75%;\">Die Reise des Technikers und seines Werkzeugs wird mit CHF 1.&#8211; pro Kilometer ab Morges\/VD verrechnet. Es wird nur die Hinfahrt berechnet. Die Bezahlung erfolgt in bar auf Rechnung bei Ankunft des Technikers. Jede Installation und Konfiguration eines zus\u00e4tzlichen Ger\u00e4ts wird mit CHF 40.&#8211; (inkl. MwSt.) pro Ger\u00e4t berechnet. Unsere Techniker sind langj\u00e4hrige, vertrauensw\u00fcrdige Mitarbeiter mit einem tadellosen Ruf.<\/span><\/p>\n<p>Garantie auf das Material: Keine<\/p>\n\t\t<\/div>\n\t\t\t\t\t<\/div>\n\n\t\n\n\t<div id=\"col-1349052314\" class=\"col medium-5 small-12 large-5\"  >\n\t\t\t\t<div class=\"col-inner\"  >\n\t\t\t\n\t\t\t\n\t<div class=\"img has-hover x md-x lg-x y md-y lg-y\" id=\"image_14444853\">\n\t\t\t\t\t\t\t\t<div class=\"img-inner dark\" >\n\t\t\t<img loading=\"lazy\" decoding=\"async\" width=\"533\" height=\"800\" src=\"https:\/\/ajax-alarme.ch\/wp-content\/uploads\/2021\/02\/setupajax.jpg\" class=\"attachment-large size-large\" alt=\"\" srcset=\"https:\/\/ajax-alarme.ch\/wp-content\/uploads\/2021\/02\/setupajax.jpg 533w, https:\/\/ajax-alarme.ch\/wp-content\/uploads\/2021\/02\/setupajax-510x765.jpg 510w, https:\/\/ajax-alarme.ch\/wp-content\/uploads\/2021\/02\/setupajax-267x400.jpg 267w\" sizes=\"auto, (max-width: 533px) 100vw, 533px\" \/>\t\t\t\t\t\t\n\t\t\t\t\t<\/div>\n\t\t\t\t\t\t\t\t\n<style>\n#image_14444853 {\n  width: 100%;\n}\n<\/style>\n\t<\/div>\n\t\n\t\t<\/div>\n\t\t\t\t\t<\/div>\n\n\t\n<\/div>\n<div class=\"is-divider divider clearfix\" style=\"max-width:0px;height:19px;\"><\/div>\n<div class=\"is-divider divider clearfix\" style=\"max-width:0px;height:19px;\"><\/div>\n\t<div class=\"img has-hover x md-x lg-x y md-y lg-y\" id=\"image_1249346448\">\n\t\t\t\t\t\t\t\t<div class=\"img-inner dark\" >\n\t\t\t<img loading=\"lazy\" decoding=\"async\" width=\"800\" height=\"533\" src=\"https:\/\/ajax-alarme.ch\/wp-content\/uploads\/2021\/02\/dreamstime_s_149400356.jpg\" class=\"attachment-large size-large\" alt=\"\" srcset=\"https:\/\/ajax-alarme.ch\/wp-content\/uploads\/2021\/02\/dreamstime_s_149400356.jpg 800w, https:\/\/ajax-alarme.ch\/wp-content\/uploads\/2021\/02\/dreamstime_s_149400356-510x340.jpg 510w, https:\/\/ajax-alarme.ch\/wp-content\/uploads\/2021\/02\/dreamstime_s_149400356-600x400.jpg 600w, https:\/\/ajax-alarme.ch\/wp-content\/uploads\/2021\/02\/dreamstime_s_149400356-768x512.jpg 768w\" sizes=\"auto, (max-width: 800px) 100vw, 800px\" \/>\t\t\t\t\t\t\n\t\t\t\t\t<\/div>\n\t\t\t\t\t\t\t\t\n<style>\n#image_1249346448 {\n  width: 100%;\n}\n<\/style>\n\t<\/div>\n\t\n<div class=\"row\"  id=\"row-1918272879\">\n\n\t<div id=\"col-440323283\" class=\"col small-12 large-12\"  >\n\t\t\t\t<div class=\"col-inner\"  >\n\t\t\t\n\t\t\t\n\t<div class=\"img has-hover x md-x lg-x y md-y lg-y\" id=\"image_744059197\">\n\t\t\t\t\t\t\t\t<div class=\"img-inner dark\" >\n\t\t\t<img loading=\"lazy\" decoding=\"async\" width=\"1020\" height=\"570\" src=\"https:\/\/ajax-alarme.ch\/wp-content\/uploads\/2021\/02\/Comparatif-HUB-1400x783.jpg\" class=\"attachment-large size-large\" alt=\"\" srcset=\"https:\/\/ajax-alarme.ch\/wp-content\/uploads\/2021\/02\/Comparatif-HUB-1400x783.jpg 1400w, https:\/\/ajax-alarme.ch\/wp-content\/uploads\/2021\/02\/Comparatif-HUB-510x285.jpg 510w, https:\/\/ajax-alarme.ch\/wp-content\/uploads\/2021\/02\/Comparatif-HUB-715x400.jpg 715w, https:\/\/ajax-alarme.ch\/wp-content\/uploads\/2021\/02\/Comparatif-HUB-768x430.jpg 768w, https:\/\/ajax-alarme.ch\/wp-content\/uploads\/2021\/02\/Comparatif-HUB-1536x859.jpg 1536w, https:\/\/ajax-alarme.ch\/wp-content\/uploads\/2021\/02\/Comparatif-HUB-600x336.jpg 600w, https:\/\/ajax-alarme.ch\/wp-content\/uploads\/2021\/02\/Comparatif-HUB.jpg 1612w\" sizes=\"auto, (max-width: 1020px) 100vw, 1020px\" \/>\t\t\t\t\t\t\n\t\t\t\t\t<\/div>\n\t\t\t\t\t\t\t\t\n<style>\n#image_744059197 {\n  width: 100%;\n}\n<\/style>\n\t<\/div>\n\t\n\t\t<\/div>\n\t\t\t\t\t<\/div>\n\n\t\n<\/div>\n","protected":false},"excerpt":{"rendered":"<p>Vor-Ort-Pannenhilfe. Zuz\u00fcglich Reisekosten (siehe Details).<\/p>\n","protected":false},"featured_media":5821,"comment_status":"closed","ping_status":"closed","template":"","meta":[],"product_brand":[],"product_cat":[170],"product_tag":[],"class_list":{"0":"post-5722","1":"product","2":"type-product","3":"status-publish","4":"has-post-thumbnail","6":"product_cat-unsere-dienstleistungen","8":"first","9":"instock","10":"shipping-taxable","11":"purchasable","12":"product-type-simple"},"_links":{"self":[{"href":"https:\/\/ajax-alarme.ch\/de\/wp-json\/wp\/v2\/product\/5722","targetHints":{"allow":["GET"]}}],"collection":[{"href":"https:\/\/ajax-alarme.ch\/de\/wp-json\/wp\/v2\/product"}],"about":[{"href":"https:\/\/ajax-alarme.ch\/de\/wp-json\/wp\/v2\/types\/product"}],"replies":[{"embeddable":true,"href":"https:\/\/ajax-alarme.ch\/de\/wp-json\/wp\/v2\/comments?post=5722"}],"wp:featuredmedia":[{"embeddable":true,"href":"https:\/\/ajax-alarme.ch\/de\/wp-json\/wp\/v2\/media\/5821"}],"wp:attachment":[{"href":"https:\/\/ajax-alarme.ch\/de\/wp-json\/wp\/v2\/media?parent=5722"}],"wp:term":[{"taxonomy":"product_brand","embeddable":true,"href":"https:\/\/ajax-alarme.ch\/de\/wp-json\/wp\/v2\/product_brand?post=5722"},{"taxonomy":"product_cat","embeddable":true,"href":"https:\/\/ajax-alarme.ch\/de\/wp-json\/wp\/v2\/product_cat?post=5722"},{"taxonomy":"product_tag","embeddable":true,"href":"https:\/\/ajax-alarme.ch\/de\/wp-json\/wp\/v2\/product_tag?post=5722"}],"curies":[{"name":"wp","href":"https:\/\/api.w.org\/{rel}","templated":true}]}}