{"id":5291,"date":"2024-05-10T09:04:01","date_gmt":"2024-05-10T07:04:01","guid":{"rendered":"https:\/\/ajax-alarme.ch\/?post_type=product&#038;p=5291"},"modified":"2025-08-05T19:46:07","modified_gmt":"2025-08-05T17:46:07","slug":"bulletcam-ajax-uberwachungskamera-mit-kabel-nicht-wifi-copie","status":"publish","type":"product","link":"https:\/\/ajax-alarme.ch\/de\/product\/bulletcam-ajax-uberwachungskamera-mit-kabel-nicht-wifi-copie\/","title":{"rendered":"AJAX Kamerahalterung und -anschluss &#8211; AJAX JonctionBox"},"content":{"rendered":"<div>\n<h2>\u00dcbersicht \u00fcber die Produkte<\/h2>\n<\/div>\n<div><span style=\"font-size: 14.4px;\">JunctionBox ist eine wasserdichte Aluminium-Montagebox f\u00fcr das Kabelmanagement von Ajax IP-Kameras. Es erm\u00f6glicht die bequeme Installation von Ajax-Kameras an W\u00e4nden, Decken oder Betons\u00e4ulen im Au\u00dfen- und Innenbereich.  <\/span><span style=\"font-size: 14.4px;\">Jedes Detail ist bis ins kleinste Detail durchdacht, so dass die Installation zuverl\u00e4ssig, \u00e4sthetisch und professionell durchgef\u00fchrt werden kann <\/span><span style=\"font-size: 14.4px;\">.<\/span><\/div>\n<div><\/div>\n<div>\n<h2>Hauptmerkmale<\/h2>\n<div>\n<ul>\n<li>Wasserdichte Stopfbuchse<\/li>\n<li>Zwei-Kabel-Dichtungsring<\/li>\n<li>Erdungsplatte<\/li>\n<li>Installationsmodell, das perfekt zu den L\u00f6chern passt<\/li>\n<li>Wiederverwendbar auch nach der Demontage<\/li>\n<li>Zwei Optionen f\u00fcr die Installation des gro\u00dfen Kabels, oben oder an der Seite<\/li>\n<\/ul>\n<\/div>\n<\/div>\n<div class=\"text-center\"><div class=\"is-divider divider clearfix\" style=\"max-width:700px;background-color:rgb(255, 255, 255);\"><\/div><\/div>\n\n  <div class=\"banner has-hover\" id=\"banner-1856530294\">\n          <div class=\"banner-inner fill\">\n        <div class=\"banner-bg fill\" >\n            <img loading=\"lazy\" decoding=\"async\" width=\"1020\" height=\"573\" src=\"https:\/\/ajax-alarme.ch\/wp-content\/uploads\/2024\/05\/bullet-blanche-1400x787.jpg\" class=\"bg attachment-large size-large\" alt=\"\" \/>                                    \n                    <\/div>\n\t\t\n        <div class=\"banner-layers container\">\n            <div class=\"fill banner-link\"><\/div>            \n        <\/div>\n      <\/div>\n\n            \n<style>\n#banner-1856530294 {\n  padding-top: 500px;\n}\n<\/style>\n  <\/div>\n\n\n<div class=\"text-center\"><div class=\"is-divider divider clearfix\" style=\"max-width:500px;background-color:rgb(255, 255, 255);\"><\/div><\/div>\n\n  <div class=\"banner has-hover\" id=\"banner-1394524078\">\n          <div class=\"banner-inner fill\">\n        <div class=\"banner-bg fill\" >\n            <img loading=\"lazy\" decoding=\"async\" width=\"1020\" height=\"573\" src=\"https:\/\/ajax-alarme.ch\/wp-content\/uploads\/2024\/05\/domenoir-1400x787.jpg\" class=\"bg attachment-large size-large\" alt=\"\" \/>                                    \n                    <\/div>\n\t\t\n        <div class=\"banner-layers container\">\n            <div class=\"fill banner-link\"><\/div>            \n        <\/div>\n      <\/div>\n\n            \n<style>\n#banner-1394524078 {\n  padding-top: 500px;\n}\n<\/style>\n  <\/div>\n\n\n<div class=\"text-center\"><div class=\"is-divider divider clearfix\" style=\"max-width:500px;background-color:rgb(255, 255, 255);\"><\/div><\/div>\n\n  <div class=\"banner has-hover\" id=\"banner-624055722\">\n          <div class=\"banner-inner fill\">\n        <div class=\"banner-bg fill\" >\n            <img loading=\"lazy\" decoding=\"async\" width=\"1020\" height=\"573\" src=\"https:\/\/ajax-alarme.ch\/wp-content\/uploads\/2024\/05\/domeblanche-1400x787.jpg\" class=\"bg attachment-large size-large\" alt=\"\" \/>                                    \n                    <\/div>\n\t\t\n        <div class=\"banner-layers container\">\n            <div class=\"fill banner-link\"><\/div>            \n        <\/div>\n      <\/div>\n\n            \n<style>\n#banner-624055722 {\n  padding-top: 500px;\n}\n<\/style>\n  <\/div>\n\n\n<div class=\"text-center\"><div class=\"is-divider divider clearfix\" style=\"max-width:500px;background-color:rgb(255, 255, 255);\"><\/div><\/div>\n\n  <div class=\"banner has-hover\" id=\"banner-1871170069\">\n          <div class=\"banner-inner fill\">\n        <div class=\"banner-bg fill\" >\n            <img loading=\"lazy\" decoding=\"async\" width=\"1020\" height=\"573\" src=\"https:\/\/ajax-alarme.ch\/wp-content\/uploads\/2024\/05\/domeboir-1400x787.jpg\" class=\"bg attachment-large size-large\" alt=\"\" \/>                                    \n                    <\/div>\n\t\t\n        <div class=\"banner-layers container\">\n            <div class=\"fill banner-link\"><\/div>            \n        <\/div>\n      <\/div>\n\n            \n<style>\n#banner-1871170069 {\n  padding-top: 500px;\n}\n<\/style>\n  <\/div>\n\n\n<div class=\"row\"  id=\"row-1901355298\">\n\n\t<div id=\"col-2054172380\" class=\"col small-12 large-12\"  >\n\t\t\t\t<div class=\"col-inner\"  >\n\t\t\t\n\t\t\t\n\t\t<\/div>\n\t\t\t\t\t<\/div>\n\n\t\n<\/div>\n","protected":false},"excerpt":{"rendered":"<p>JunctionBox ist eine wasserdichte Aluminium-Montagebox f\u00fcr das Kabelmanagement von Ajax IP-Kameras. Er erm\u00f6glicht eine bequeme Installation von Ajax-Kameras.<\/p>\n","protected":false},"featured_media":5311,"comment_status":"closed","ping_status":"closed","template":"","meta":[],"product_brand":[],"product_cat":[161],"product_tag":[],"class_list":{"0":"post-5291","1":"product","2":"type-product","3":"status-publish","4":"has-post-thumbnail","6":"product_cat-videouberwachung","8":"first","9":"instock","10":"sale","11":"shipping-taxable","12":"purchasable","13":"product-type-variable"},"_links":{"self":[{"href":"https:\/\/ajax-alarme.ch\/de\/wp-json\/wp\/v2\/product\/5291","targetHints":{"allow":["GET"]}}],"collection":[{"href":"https:\/\/ajax-alarme.ch\/de\/wp-json\/wp\/v2\/product"}],"about":[{"href":"https:\/\/ajax-alarme.ch\/de\/wp-json\/wp\/v2\/types\/product"}],"replies":[{"embeddable":true,"href":"https:\/\/ajax-alarme.ch\/de\/wp-json\/wp\/v2\/comments?post=5291"}],"wp:featuredmedia":[{"embeddable":true,"href":"https:\/\/ajax-alarme.ch\/de\/wp-json\/wp\/v2\/media\/5311"}],"wp:attachment":[{"href":"https:\/\/ajax-alarme.ch\/de\/wp-json\/wp\/v2\/media?parent=5291"}],"wp:term":[{"taxonomy":"product_brand","embeddable":true,"href":"https:\/\/ajax-alarme.ch\/de\/wp-json\/wp\/v2\/product_brand?post=5291"},{"taxonomy":"product_cat","embeddable":true,"href":"https:\/\/ajax-alarme.ch\/de\/wp-json\/wp\/v2\/product_cat?post=5291"},{"taxonomy":"product_tag","embeddable":true,"href":"https:\/\/ajax-alarme.ch\/de\/wp-json\/wp\/v2\/product_tag?post=5291"}],"curies":[{"name":"wp","href":"https:\/\/api.w.org\/{rel}","templated":true}]}}