{"id":4825,"date":"2024-05-06T16:55:45","date_gmt":"2024-05-06T14:55:45","guid":{"rendered":"https:\/\/ajax-alarme.ch\/?post_type=product&#038;p=4825"},"modified":"2024-06-15T17:16:38","modified_gmt":"2024-06-15T15:16:38","slug":"dualcurtain-outdoor-ausensensor-fur-fassaden-doppelstrahl-copie","status":"publish","type":"product","link":"https:\/\/ajax-alarme.ch\/de\/product\/dualcurtain-outdoor-ausensensor-fur-fassaden-doppelstrahl-copie\/","title":{"rendered":"LightSwitch &#8211; Intelligenter AJAX-Schalter"},"content":{"rendered":"<div class=\"row\"  id=\"row-702851639\">\n\n\t<div id=\"col-1918324347\" class=\"col small-12 large-12\"  >\n\t\t\t\t<div class=\"col-inner\"  >\n\t\t\t\n\t\t\t\n<div class=\"text-center\"><div class=\"is-divider divider clearfix\" style=\"margin-top:20px;margin-bottom:20px;max-width:300px;height:2px;\"><\/div><\/div>\n<h3 style=\"text-align: center;\">Der Schalter besteht aus zwei Teilen:<\/h3>\n<p style=\"text-align: center;\">Der elektronische Teil, der als &#8222;light switch&#8220; bezeichnet wird (f\u00fcr 1 oder 2 Lampen)<br \/>\nDas Touchpanel (1-2 Lampen und Farbauswahl)<\/p>\n\t\t<\/div>\n\t\t\t\t\t<\/div>\n\n\t\n\n\t<div id=\"col-2075557158\" class=\"col medium-6 small-12 large-6\"  >\n\t\t\t\t<div class=\"col-inner\"  >\n\t\t\t\n\t\t\t\n\t<div class=\"img has-hover x md-x lg-x y md-y lg-y\" id=\"image_271330928\">\n\t\t\t\t\t\t\t\t<div class=\"img-inner dark\" style=\"margin:0px 0px 0px 0px;\">\n\t\t\t<img loading=\"lazy\" decoding=\"async\" width=\"1020\" height=\"511\" src=\"https:\/\/ajax-alarme.ch\/wp-content\/uploads\/2024\/05\/unelampe-1400x701.jpg\" class=\"attachment-large size-large\" alt=\"\" srcset=\"https:\/\/ajax-alarme.ch\/wp-content\/uploads\/2024\/05\/unelampe-1400x701.jpg 1400w, https:\/\/ajax-alarme.ch\/wp-content\/uploads\/2024\/05\/unelampe-800x400.jpg 800w, https:\/\/ajax-alarme.ch\/wp-content\/uploads\/2024\/05\/unelampe-768x384.jpg 768w, https:\/\/ajax-alarme.ch\/wp-content\/uploads\/2024\/05\/unelampe-1536x769.jpg 1536w, https:\/\/ajax-alarme.ch\/wp-content\/uploads\/2024\/05\/unelampe-2048x1025.jpg 2048w, https:\/\/ajax-alarme.ch\/wp-content\/uploads\/2024\/05\/unelampe-510x255.jpg 510w\" sizes=\"auto, (max-width: 1020px) 100vw, 1020px\" \/>\t\t\t\t\t\t\n\t\t\t\t\t<\/div>\n\t\t\t\t\t\t\t\t\n<style>\n#image_271330928 {\n  width: 100%;\n}\n<\/style>\n\t<\/div>\n\t\n<div class=\"is-divider divider clearfix\" style=\"max-width:0px;height:20px;\"><\/div>\n\t<div class=\"img has-hover x md-x lg-x y md-y lg-y\" id=\"image_1951517473\">\n\t\t\t\t\t\t\t\t<div class=\"img-inner dark\" style=\"margin:0px 0px 0px 0px;\">\n\t\t\t<img loading=\"lazy\" decoding=\"async\" width=\"1020\" height=\"511\" src=\"https:\/\/ajax-alarme.ch\/wp-content\/uploads\/2024\/05\/2lampes-1400x701.jpg\" class=\"attachment-large size-large\" alt=\"\" srcset=\"https:\/\/ajax-alarme.ch\/wp-content\/uploads\/2024\/05\/2lampes-1400x701.jpg 1400w, https:\/\/ajax-alarme.ch\/wp-content\/uploads\/2024\/05\/2lampes-800x400.jpg 800w, https:\/\/ajax-alarme.ch\/wp-content\/uploads\/2024\/05\/2lampes-768x384.jpg 768w, https:\/\/ajax-alarme.ch\/wp-content\/uploads\/2024\/05\/2lampes-1536x769.jpg 1536w, https:\/\/ajax-alarme.ch\/wp-content\/uploads\/2024\/05\/2lampes-2048x1025.jpg 2048w, https:\/\/ajax-alarme.ch\/wp-content\/uploads\/2024\/05\/2lampes-510x255.jpg 510w\" sizes=\"auto, (max-width: 1020px) 100vw, 1020px\" \/>\t\t\t\t\t\t\n\t\t\t\t\t<\/div>\n\t\t\t\t\t\t\t\t\n<style>\n#image_1951517473 {\n  width: 100%;\n}\n<\/style>\n\t<\/div>\n\t\n\t\t<\/div>\n\t\t\t\t\t<\/div>\n\n\t\n\n\t<div id=\"col-414864953\" class=\"col medium-6 small-12 large-6\"  >\n\t\t\t\t<div class=\"col-inner\"  >\n\t\t\t\n\t\t\t\n<div class=\"text-center\"><div class=\"is-divider divider clearfix\" style=\"max-width:0px;height:14px;\"><\/div><\/div>\n<p><strong>Zum Beispiel f\u00fcr 1 Lampe :<\/strong><\/p>\n<p>&#8211; Ein Lightswitch Modul 1 Lampe<br \/>\n&#8211; Ein Touchpanel 1 Lampe<\/p>\n<div class=\"text-center\"><div class=\"is-divider divider clearfix\" style=\"max-width:0px;height:131px;\"><\/div><\/div>\n<p><strong>Zum Beispiel f\u00fcr 2 Lampen :<\/strong><\/p>\n<p>&#8211; Ein Lichtschalter f\u00fcr 2 Lampen<br \/>\n&#8211; Ein Touchpanel f\u00fcr 2 Lampen<\/p>\n\t\t<\/div>\n\t\t\t\t\t<\/div>\n\n\t\n<\/div>\n<div class=\"row\"  id=\"row-1525291574\">\n\n\t<div id=\"col-689845869\" class=\"col small-12 large-12\"  >\n\t\t\t\t<div class=\"col-inner\"  >\n\t\t\t\n\t\t\t\n<div class=\"text-center\"><div class=\"is-divider divider clearfix\" style=\"margin-top:20px;margin-bottom:20px;max-width:300px;height:2px;\"><\/div><\/div>\n\t\t<\/div>\n\t\t\t\t\t<\/div>\n\n\t\n\n\t<div id=\"col-296645335\" class=\"col medium-7 small-12 large-7\"  >\n\t\t\t\t<div class=\"col-inner\"  >\n\t\t\t\n\t\t\t\n<h3>Ber\u00fchrungsloser Lichtschalter<\/h3>\n<p>Der Ajax LightSwitch kombiniert die Zuverl\u00e4ssigkeit professioneller Sicherheitssysteme mit einer durchdachten Benutzererfahrung. Der intelligente Schalter von Ajax verf\u00fcgt \u00fcber ein gro\u00dfes Touchpanel, das sowohl durch Druck als auch ber\u00fchrungslos aktiviert werden kann. Halten Sie einfach Ihre Hand innerhalb von 15 mm an den Schalter und er wird aktiviert. Eine sanfte Hintergrundbeleuchtung hilft dabei, dies auch im Dunkeln zu tun.<\/p>\n\t\t<\/div>\n\t\t\t\t\t<\/div>\n\n\t\n\n\t<div id=\"col-414866834\" class=\"col medium-5 small-12 large-5\"  >\n\t\t\t\t<div class=\"col-inner\"  >\n\t\t\t\n\t\t\t\n\t<div class=\"img has-hover x md-x lg-x y md-y lg-y\" id=\"image_1807921450\">\n\t\t\t\t\t\t\t\t<div class=\"img-inner dark\" style=\"margin:0px 0px 0px 0px;\">\n\t\t\t<img loading=\"lazy\" decoding=\"async\" width=\"1020\" height=\"512\" src=\"https:\/\/ajax-alarme.ch\/wp-content\/uploads\/2024\/05\/sanscontact.jpg\" class=\"attachment-large size-large\" alt=\"\" srcset=\"https:\/\/ajax-alarme.ch\/wp-content\/uploads\/2024\/05\/sanscontact.jpg 1192w, https:\/\/ajax-alarme.ch\/wp-content\/uploads\/2024\/05\/sanscontact-797x400.jpg 797w, https:\/\/ajax-alarme.ch\/wp-content\/uploads\/2024\/05\/sanscontact-768x385.jpg 768w, https:\/\/ajax-alarme.ch\/wp-content\/uploads\/2024\/05\/sanscontact-510x256.jpg 510w\" sizes=\"auto, (max-width: 1020px) 100vw, 1020px\" \/>\t\t\t\t\t\t\n\t\t\t\t\t<\/div>\n\t\t\t\t\t\t\t\t\n<style>\n#image_1807921450 {\n  width: 100%;\n}\n<\/style>\n\t<\/div>\n\t\n\t\t<\/div>\n\t\t\t\t\t<\/div>\n\n\t\n<\/div>\n<div class=\"text-center\"><div class=\"is-divider divider clearfix\" style=\"margin-top:20px;margin-bottom:20px;max-width:300px;height:2px;\"><\/div><\/div>\n<div class=\"row\"  id=\"row-1849847234\">\n\n\t<div id=\"col-1105184366\" class=\"col medium-4 small-12 large-4\"  >\n\t\t\t\t<div class=\"col-inner\"  >\n\t\t\t\n\t\t\t\n\t<div class=\"img has-hover x md-x lg-x y md-y lg-y\" id=\"image_193364705\">\n\t\t\t\t\t\t\t\t<div class=\"img-inner dark\" >\n\t\t\t<img loading=\"lazy\" decoding=\"async\" width=\"772\" height=\"700\" src=\"https:\/\/ajax-alarme.ch\/wp-content\/uploads\/2024\/05\/cdn-img.avif\" class=\"attachment-large size-large\" alt=\"\" \/>\t\t\t\t\t\t\n\t\t\t\t\t<\/div>\n\t\t\t\t\t\t\t\t\n<style>\n#image_193364705 {\n  width: 100%;\n}\n<\/style>\n\t<\/div>\n\t\n\t\t<\/div>\n\t\t\t\t\t<\/div>\n\n\t\n\n\t<div id=\"col-700453323\" class=\"col medium-8 small-12 large-8\"  >\n\t\t\t\t<div class=\"col-inner\"  >\n\t\t\t\n\t\t\t\n<h3 class=\"mb-0 h2\">Passt sich jedem Interieur an<\/h3>\n<div class=\"text-block_text__Hb3I6 mt-24 fs-3\">\n<p>LightSwitch besticht durch sein lakonisches Design und sein hochwertiges Material. Das Ger\u00e4t passt sowohl in eine gem\u00fctliche Umgebung als auch in einen High-Tech-Raum. Heben Sie den Schalter an der Wand hervor oder machen Sie ihn unsichtbar. Dank seines universellen Designs kann der LightSwitch \u00fcberall installiert werden: zu Hause, im B\u00fcro, in Produktionsst\u00e4tten oder wo auch immer.<\/p>\n<\/div>\n\t\t<\/div>\n\t\t\t\t\t<\/div>\n\n\t\n\n\t<div id=\"col-609329046\" class=\"col small-12 large-12\"  >\n\t\t\t\t<div class=\"col-inner\"  >\n\t\t\t\n\t\t\t\n<div class=\"text-center\"><div class=\"is-divider divider clearfix\" style=\"margin-top:20px;margin-bottom:20px;max-width:300px;height:2px;\"><\/div><\/div>\n\t\t<\/div>\n\t\t\t\t\t<\/div>\n\n\t\n\n\t<div id=\"col-1634750377\" class=\"col medium-8 small-12 large-8\"  >\n\t\t\t\t<div class=\"col-inner\"  >\n\t\t\t\n\t\t\t\n<h3 class=\"mb-0 h2\">Angenehme Lichtsteuerung<\/h3>\n<div class=\"text-block_text__Hb3I6 mt-24 fs-3\">\n<p>Um das Licht auszuschalten, bedarf es nur eines geringen Aufwands. Die gesamte Oberfl\u00e4che des Panels ist taktil und reagiert selbst dann, wenn man sich mit der Hand, dem Ellbogen, dem Knie oder einem anderen K\u00f6rperteil aus einer Entfernung von bis zu 15 mm n\u00e4hert. Diese Funktion ist notwendig, wenn Sie das Ger\u00e4t nicht ber\u00fchren m\u00f6chten oder wenn Sie sich an einem \u00f6ffentlichen Ort befinden. Gleichzeitig reagiert das Touchpanel nur, wenn es n\u00f6tig ist.<\/p>\n<\/div>\n\t\t<\/div>\n\t\t\t\t\t<\/div>\n\n\t\n\n\t<div id=\"col-455202086\" class=\"col medium-4 small-12 large-4\"  >\n\t\t\t\t<div class=\"col-inner\"  >\n\t\t\t\n\t\t\t\n\t<div class=\"img has-hover x md-x lg-x y md-y lg-y\" id=\"image_1575685834\">\n\t\t\t\t\t\t\t\t<div class=\"img-inner dark\" >\n\t\t\t<img loading=\"lazy\" decoding=\"async\" width=\"830\" height=\"758\" src=\"https:\/\/ajax-alarme.ch\/wp-content\/uploads\/2024\/05\/sansdanger.jpg\" class=\"attachment-large size-large\" alt=\"\" srcset=\"https:\/\/ajax-alarme.ch\/wp-content\/uploads\/2024\/05\/sansdanger.jpg 830w, https:\/\/ajax-alarme.ch\/wp-content\/uploads\/2024\/05\/sansdanger-438x400.jpg 438w, https:\/\/ajax-alarme.ch\/wp-content\/uploads\/2024\/05\/sansdanger-768x701.jpg 768w, https:\/\/ajax-alarme.ch\/wp-content\/uploads\/2024\/05\/sansdanger-510x466.jpg 510w\" sizes=\"auto, (max-width: 830px) 100vw, 830px\" \/>\t\t\t\t\t\t\n\t\t\t\t\t<\/div>\n\t\t\t\t\t\t\t\t\n<style>\n#image_1575685834 {\n  width: 100%;\n}\n<\/style>\n\t<\/div>\n\t\n\t\t<\/div>\n\t\t\t\t\t<\/div>\n\n\t\n<\/div>\n<div class=\"row\"  id=\"row-1615306619\">\n\n\t<div id=\"col-1629476980\" class=\"col small-12 large-12\"  >\n\t\t\t\t<div class=\"col-inner\"  >\n\t\t\t\n\t\t\t\n<div class=\"text-center\"><div class=\"is-divider divider clearfix\" style=\"margin-top:20px;margin-bottom:20px;max-width:300px;height:2px;\"><\/div><\/div>\n\t\t<\/div>\n\t\t\t\t\t<\/div>\n\n\t\n<\/div>\n<div class=\"row\"  id=\"row-898201567\">\n\n\t<div id=\"col-109794724\" class=\"col small-12 large-12\"  >\n\t\t\t\t<div class=\"col-inner\"  >\n\t\t\t\n\t\t\t\n<div class=\"row\"  id=\"row-1584794582\">\n\n\t<div id=\"col-1216235317\" class=\"col medium-8 small-12 large-8\"  >\n\t\t\t\t<div class=\"col-inner\"  >\n\t\t\t\n\t\t\t\n<div>\n<p>1. Schalten Sie das Stromkabel aus, an das das LightCore Relais angeschlossen wird.<br \/>\n2. Bereiten Sie die Montagek\u00e4sten vor und entfernen Sie ggf. die vorinstallierten Schalter.<br \/>\n3. Verbinden Sie die Kabel mit dem LightCore-Relais gem\u00e4\u00df dem obigen Schema:<\/p>\n<p>Schlie\u00dfen Sie die Phase der Stromversorgung an den L-Anschluss des Mechanismus an.<br \/>\nVerbinden Sie die erste Klemme des Fernschalters mit der Klemme L1 des Mechanismus.<br \/>\nVerbinden Sie die zweite Klemme des Fernschalters mit der Klemme L2 des Mechanismus.<br \/>\nFalls erforderlich, schlie\u00dfen Sie den mitgelieferten Kondensator parallel zur Beleuchtung an.<\/p>\n<\/div>\n<p>4. Installieren Sie den Mechanismus in den Topf.<br \/>\n5. Befestigen Sie den Mechanismus mit den mitgelieferten Klammern<br \/>\n6. Installieren Sie die anderen Mechanismen, falls erforderlich<br \/>\n7. Stellen Sie den Rahmen mit der entsprechenden Anzahl an Pl\u00e4tzen auf.<br \/>\n8. Installieren Sie die erforderlichen taktilen Panels<br \/>\n9. Schalten Sie die Stromversorgung ein<br \/>\n10. F\u00fcgen Sie die Mechanismen mit Hilfe der AJAX-Anwendung hinzu.<\/p>\n\t\t<\/div>\n\t\t\t\t\t<\/div>\n\n\t\n\n\t<div id=\"col-2060785809\" class=\"col medium-4 small-12 large-4\"  >\n\t\t\t\t<div class=\"col-inner\"  >\n\t\t\t\n\t\t\t\n\t<div class=\"img has-hover x md-x lg-x y md-y lg-y\" id=\"image_1989105916\">\n\t\t\t\t\t\t\t\t<div class=\"img-inner dark\" >\n\t\t\t<img loading=\"lazy\" decoding=\"async\" width=\"983\" height=\"532\" src=\"https:\/\/ajax-alarme.ch\/wp-content\/uploads\/2024\/05\/cablage1lampe.png\" class=\"attachment-large size-large\" alt=\"\" srcset=\"https:\/\/ajax-alarme.ch\/wp-content\/uploads\/2024\/05\/cablage1lampe.png 983w, https:\/\/ajax-alarme.ch\/wp-content\/uploads\/2024\/05\/cablage1lampe-739x400.png 739w, https:\/\/ajax-alarme.ch\/wp-content\/uploads\/2024\/05\/cablage1lampe-768x416.png 768w, https:\/\/ajax-alarme.ch\/wp-content\/uploads\/2024\/05\/cablage1lampe-510x276.png 510w\" sizes=\"auto, (max-width: 983px) 100vw, 983px\" \/>\t\t\t\t\t\t\n\t\t\t\t\t<\/div>\n\t\t\t\t\t\t\t\t\n<style>\n#image_1989105916 {\n  width: 100%;\n}\n<\/style>\n\t<\/div>\n\t\n\t<div class=\"img has-hover x md-x lg-x y md-y lg-y\" id=\"image_1224306410\">\n\t\t\t\t\t\t\t\t<div class=\"img-inner dark\" >\n\t\t\t<img loading=\"lazy\" decoding=\"async\" width=\"1020\" height=\"571\" src=\"https:\/\/ajax-alarme.ch\/wp-content\/uploads\/2024\/05\/mceclip1.png\" class=\"attachment-large size-large\" alt=\"\" srcset=\"https:\/\/ajax-alarme.ch\/wp-content\/uploads\/2024\/05\/mceclip1.png 1374w, https:\/\/ajax-alarme.ch\/wp-content\/uploads\/2024\/05\/mceclip1-715x400.png 715w, https:\/\/ajax-alarme.ch\/wp-content\/uploads\/2024\/05\/mceclip1-768x430.png 768w, https:\/\/ajax-alarme.ch\/wp-content\/uploads\/2024\/05\/mceclip1-510x285.png 510w\" sizes=\"auto, (max-width: 1020px) 100vw, 1020px\" \/>\t\t\t\t\t\t\n\t\t\t\t\t<\/div>\n\t\t\t\t\t\t\t\t\n<style>\n#image_1224306410 {\n  width: 100%;\n}\n<\/style>\n\t<\/div>\n\t\n\t\t<\/div>\n\t\t\t\t\t<\/div>\n\n\t\n<\/div>\n\t\t<\/div>\n\t\t\t\t\t<\/div>\n\n\t\n<\/div>\n<div class=\"row\"  id=\"row-883752882\">\n\n\t<div id=\"col-184014116\" class=\"col small-12 large-12\"  >\n\t\t\t\t<div class=\"col-inner\"  >\n\t\t\t\n\t\t\t\n<div class=\"text-center\"><div class=\"is-divider divider clearfix\" style=\"margin-top:20px;margin-bottom:20px;max-width:300px;height:2px;\"><\/div><\/div>\n\t\t<\/div>\n\t\t\t\t\t<\/div>\n\n\t\n\n\t<div id=\"col-1596374646\" class=\"col small-12 large-12\"  >\n\t\t\t\t<div class=\"col-inner\"  >\n\t\t\t\n\t\t\t\n<h3>Technische Spezifikationen<\/h3>\n<ul>\n<li>Drahtloses Protokoll: RF 868,0 bis 868,6 MHz.<\/li>\n<li>Bidirektionales AJAX-Protokoll Jeweller<\/li>\n<li>Maximale Sendeleistung: 20mW max.<\/li>\n<li>Kommunikationsverschl\u00fcsselung: AJAX-spezifisch, basierend auf dem AES-Algorithmus<\/li>\n<li>St\u00f6rungserkennung: JA<\/li>\n<li>\u00dcbertragungsgeschwindigkeit: &lt; 0,15s<\/li>\n<li>Maximale \u00dcbertragungsreichweite: \u2264 1100 m (im offenen Raum)<\/li>\n<li>Stromversorgung: 230V, 50Hz ohne Neutralleiter<\/li>\n<li>Unterst\u00fctzte Leistung: von 5W bis 600W<\/li>\n<li>Betriebstemperatur : -10\u00baC ~ 40\u00baC<\/li>\n<li>Maximale Luftfeuchtigkeit: 75% ohne Kondensation<\/li>\n<li>Nur zur Verwendung in Innenr\u00e4umen geeignet<\/li>\n<li>Abmessungen: 76,3 (L\u00e4nge) x 72,3 (Breite) x 29,2 (Dicke) mm<\/li>\n<li>Gewicht: 48,34g<\/li>\n<li>Zertifizierung: CE 1922, EN14604<\/li>\n<li>Die Installation muss von einem zugelassenen Elektriker durchgef\u00fchrt werden.<\/li>\n<\/ul>\n\t\t<\/div>\n\t\t\t\t\t<\/div>\n\n\t\n<\/div>\n<div class=\"ux-logo has-hover align-middle ux_logo inline-block\" style=\"max-width: 100%!important; width: 80px!important\"><a class=\"ux-logo-link block image-\" title=\"\" target=\"_blank\" rel=\"noopener\" href=\"https:\/\/support.ajax.systems\/fr\/manuals\/lightswitch\/?_ga=2.240111559.51643429.1715007450-622829205.1713189199\" style=\"padding: 15px;\"><img decoding=\"async\" src=\"https:\/\/ajax-alarme.ch\/wp-content\/uploads\/2024\/05\/5194529.png\" title=\"\" alt=\"\" class=\"ux-logo-image block\" style=\"height:50px;\" \/><\/a><\/div>\n","protected":false},"excerpt":{"rendered":"<p>Der intelligente Schalter von Ajax verf\u00fcgt \u00fcber ein gro\u00dfes Touchpanel, das sowohl durch Druck als auch ber\u00fchrungslos aktiviert werden kann.<\/p>\n","protected":false},"featured_media":5199,"comment_status":"closed","ping_status":"closed","template":"","meta":[],"product_brand":[],"product_cat":[274],"product_tag":[],"class_list":{"0":"post-4825","1":"product","2":"type-product","3":"status-publish","4":"has-post-thumbnail","6":"product_cat-beleuchtung","8":"first","9":"instock","10":"sale","11":"shipping-taxable","12":"purchasable","13":"product-type-variable"},"_links":{"self":[{"href":"https:\/\/ajax-alarme.ch\/de\/wp-json\/wp\/v2\/product\/4825","targetHints":{"allow":["GET"]}}],"collection":[{"href":"https:\/\/ajax-alarme.ch\/de\/wp-json\/wp\/v2\/product"}],"about":[{"href":"https:\/\/ajax-alarme.ch\/de\/wp-json\/wp\/v2\/types\/product"}],"replies":[{"embeddable":true,"href":"https:\/\/ajax-alarme.ch\/de\/wp-json\/wp\/v2\/comments?post=4825"}],"wp:featuredmedia":[{"embeddable":true,"href":"https:\/\/ajax-alarme.ch\/de\/wp-json\/wp\/v2\/media\/5199"}],"wp:attachment":[{"href":"https:\/\/ajax-alarme.ch\/de\/wp-json\/wp\/v2\/media?parent=4825"}],"wp:term":[{"taxonomy":"product_brand","embeddable":true,"href":"https:\/\/ajax-alarme.ch\/de\/wp-json\/wp\/v2\/product_brand?post=4825"},{"taxonomy":"product_cat","embeddable":true,"href":"https:\/\/ajax-alarme.ch\/de\/wp-json\/wp\/v2\/product_cat?post=4825"},{"taxonomy":"product_tag","embeddable":true,"href":"https:\/\/ajax-alarme.ch\/de\/wp-json\/wp\/v2\/product_tag?post=4825"}],"curies":[{"name":"wp","href":"https:\/\/api.w.org\/{rel}","templated":true}]}}