{"id":4260,"date":"2024-04-09T13:14:26","date_gmt":"2024-04-09T11:14:26","guid":{"rendered":"https:\/\/ajax-alarme.ch\/product\/auto-draft\/"},"modified":"2025-08-05T19:53:40","modified_gmt":"2025-08-05T17:53:40","slug":"auto-draft","status":"publish","type":"product","link":"https:\/\/ajax-alarme.ch\/de\/product\/auto-draft\/","title":{"rendered":"BulletCam &#8211; AJAX \u00dcberwachungskamera mit Kabel (nicht WiFi)"},"content":{"rendered":"<div class=\"text-center\"><div class=\"is-divider divider clearfix\" style=\"max-width:700px;background-color:rgb(255, 255, 255);\"><\/div><\/div>\n\n  <div class=\"banner has-hover\" id=\"banner-1616401212\">\n          <div class=\"banner-inner fill\">\n        <div class=\"banner-bg fill\" >\n            <img loading=\"lazy\" decoding=\"async\" width=\"1020\" height=\"452\" src=\"https:\/\/ajax-alarme.ch\/wp-content\/uploads\/2024\/04\/personlisation.jpg\" class=\"bg attachment-large size-large\" alt=\"\" \/>                                    \n                    <\/div>\n\t\t\n        <div class=\"banner-layers container\">\n            <div class=\"fill banner-link\"><\/div>            \n        <\/div>\n      <\/div>\n\n            \n<style>\n#banner-1616401212 {\n  padding-top: 500px;\n}\n<\/style>\n  <\/div>\n\n\n<div class=\"row\"  id=\"row-1032522405\">\n\n\t<div id=\"col-921990502\" class=\"col medium-3 small-12 large-3\"  >\n\t\t\t\t<div class=\"col-inner\"  >\n\t\t\t\n\t\t\t\n\t<div class=\"img has-hover x md-x lg-x y md-y lg-y\" id=\"image_269171819\">\n\t\t\t\t\t\t\t\t<div class=\"img-inner dark\" >\n\t\t\t<img loading=\"lazy\" decoding=\"async\" width=\"317\" height=\"670\" src=\"https:\/\/ajax-alarme.ch\/wp-content\/uploads\/2024\/04\/ios.png\" class=\"attachment-large size-large\" alt=\"\" srcset=\"https:\/\/ajax-alarme.ch\/wp-content\/uploads\/2024\/04\/ios.png 317w, https:\/\/ajax-alarme.ch\/wp-content\/uploads\/2024\/04\/ios-189x400.png 189w\" sizes=\"auto, (max-width: 317px) 100vw, 317px\" \/>\t\t\t\t\t\t\n\t\t\t\t\t<\/div>\n\t\t\t\t\t\t\t\t\n<style>\n#image_269171819 {\n  width: 100%;\n}\n<\/style>\n\t<\/div>\n\t\n\t\t<\/div>\n\t\t\t\t\t<\/div>\n\n\t\n\n\t<div id=\"col-1604056681\" class=\"col medium-9 small-12 large-9\"  >\n\t\t\t\t<div class=\"col-inner\"  >\n\t\t\t\n\t\t\t\n<p><strong><span style=\"font-size: 120%;\">Speichern Sie Ihre Bilder zu Hause! Und nicht auf einer Cloud &#8230;  <\/span><\/strong>Alle Daten werden sicher in der Europ\u00e4ischen Union gespeichert und entsprechen in vollem Umfang den europ\u00e4ischen Datenschutzstandards. Ajax NVR ist NDAA-konform, jede Komponente stammt von anerkannten Herstellern, die von der US-Regierung zugelassen wurden. Es ist vielseitig einsetzbar und kann an jedem Standort installiert werden. Dar\u00fcber hinaus hat der Ajax NVR unabh\u00e4ngige Cybersicherheitstests bestanden, was seine Sicherheit und Zuverl\u00e4ssigkeit garantiert. Vertrauen Sie auf AJAX BulletCam.<\/p>\n\t<div class=\"img has-hover x md-x lg-x y md-y lg-y\" id=\"image_828125396\">\n\t\t\t\t\t\t\t\t<div class=\"img-inner dark\" style=\"margin:0px 0px 0px 0px;\">\n\t\t\t<img loading=\"lazy\" decoding=\"async\" width=\"200\" height=\"194\" src=\"https:\/\/ajax-alarme.ch\/wp-content\/uploads\/2024\/01\/NDAA.jpg\" class=\"attachment-original size-original\" alt=\"\" srcset=\"https:\/\/ajax-alarme.ch\/wp-content\/uploads\/2024\/01\/NDAA.jpg 200w, https:\/\/ajax-alarme.ch\/wp-content\/uploads\/2024\/01\/NDAA-50x50.jpg 50w\" sizes=\"auto, (max-width: 200px) 100vw, 200px\" \/>\t\t\t\t\t\t\n\t\t\t\t\t<\/div>\n\t\t\t\t\t\t\t\t\n<style>\n#image_828125396 {\n  width: 16%;\n}\n<\/style>\n\t<\/div>\n\t\n<p><span style=\"font-size: 120%;\"><strong>Schauen Sie von \u00fcberall auf Ihre Kameras.<\/strong><\/span><br \/>\nIntegrieren Sie alle Ihre visuellen Daten mithilfe einer durchdachten Schnittstelle. Die Registerkarte Videowand kombiniert die neuesten Clips der Bulletcam AJAX-Kameras und der Detektoren der MotionCam-Familie und bietet so einen umfassenden \u00dcberblick \u00fcber Ihren Raum. Passen Sie die Platzierung der Elemente an Ihre Vorlieben an. Die Videowand ist sowohl f\u00fcr mobile als auch f\u00fcr PC-Anwendungen verf\u00fcgbar.<\/p>\n\t\t<\/div>\n\t\t\t\t\n<style>\n#col-1604056681 > .col-inner {\n  padding: 0px 0px 0px 0px;\n}\n<\/style>\n\t<\/div>\n\n\t\n<\/div>\n<div class=\"row\"  id=\"row-1506890864\">\n\n\t<div id=\"col-1842039482\" class=\"col medium-6 small-12 large-6\"  >\n\t\t\t\t<div class=\"col-inner\"  >\n\t\t\t\n\t\t\t\n<div class=\"text-center\"><div class=\"is-divider divider clearfix\" style=\"max-width:175px;height:34px;background-color:rgb(255, 255, 255);\"><\/div><\/div>\n<p><span style=\"font-size: 120%;\"><strong>Zeigt die richtige Kamera zur richtigen Zeit.<\/strong><\/span><br \/>\nErstellen Sie ein Szenario, in dem die Ajax-Detektoren bestimmte Kameras aktivieren und die Videoaufzeichnung starten. Konfigurieren Sie die Videoeinstellungen, um sofort visuelle Best\u00e4tigungen von Alarmen in hoher Aufl\u00f6sung zu erhalten.<\/p>\n\t\t<\/div>\n\t\t\t\t\t<\/div>\n\n\t\n\n\t<div id=\"col-1991909628\" class=\"col medium-6 small-12 large-6\"  >\n\t\t\t\t<div class=\"col-inner\"  >\n\t\t\t\n\t\t\t\n\t<div class=\"img has-hover x md-x lg-x y md-y lg-y\" id=\"image_511508221\">\n\t\t\t\t\t\t\t\t<div class=\"img-inner dark\" >\n\t\t\t<img loading=\"lazy\" decoding=\"async\" width=\"710\" height=\"378\" src=\"https:\/\/ajax-alarme.ch\/wp-content\/uploads\/2024\/01\/Viewing.gif\" class=\"attachment-large size-large\" alt=\"\" \/>\t\t\t\t\t\t\n\t\t\t\t\t<\/div>\n\t\t\t\t\t\t\t\t\n<style>\n#image_511508221 {\n  width: 100%;\n}\n<\/style>\n\t<\/div>\n\t\n\t\t<\/div>\n\t\t\t\t\t<\/div>\n\n\t\n<\/div>\n<div class=\"row\"  id=\"row-1586753833\">\n\n\t<div id=\"col-708408856\" class=\"col medium-7 small-12 large-7\"  >\n\t\t\t\t<div class=\"col-inner\"  >\n\t\t\t\n\t\t\t\n\t<div class=\"img has-hover x md-x lg-x y md-y lg-y\" id=\"image_1568253713\">\n\t\t\t\t\t\t\t\t<div class=\"img-inner dark\" >\n\t\t\t<img loading=\"lazy\" decoding=\"async\" width=\"722\" height=\"372\" src=\"https:\/\/ajax-alarme.ch\/wp-content\/uploads\/2024\/01\/MotionNVR.gif\" class=\"attachment-large size-large\" alt=\"\" \/>\t\t\t\t\t\t\n\t\t\t\t\t<\/div>\n\t\t\t\t\t\t\t\t\n<style>\n#image_1568253713 {\n  width: 100%;\n}\n<\/style>\n\t<\/div>\n\t\n\t\t<\/div>\n\t\t\t\t\t<\/div>\n\n\t\n\n\t<div id=\"col-1359469491\" class=\"col medium-5 small-12 large-5\"  >\n\t\t\t\t<div class=\"col-inner\"  >\n\t\t\t\n\t\t\t\n<div class=\"text-center\"><div class=\"is-divider divider clearfix\" style=\"max-width:168px;background-color:rgb(255, 255, 255);\"><\/div><\/div>\n<p><span style=\"font-size: 120%;\"><br \/>\n  <strong>Erkennung von Bewegungen<br \/>\n<\/strong><br \/>\n<\/span>Legen Sie bestimmte Bereiche fest, um sicherzustellen, dass die Aufnahme nur dann ausgel\u00f6st wird, wenn in dem ausgew\u00e4hlten Bereich eine Bewegung stattfindet. Das spart Speicherplatz auf der Festplatte und vereinfacht die Navigation in den Archiven. Diese Funktion erm\u00f6glicht die Erkennung nur wichtiger Sequenzen.<\/p>\n\t\t<\/div>\n\t\t\t\t\t<\/div>\n\n\t\n<\/div>\n<div class=\"row\"  id=\"row-1180357594\">\n\n\t<div id=\"col-1732988736\" class=\"col medium-7 small-12 large-7\"  >\n\t\t\t\t<div class=\"col-inner\"  >\n\t\t\t\n\t\t\t\n<div class=\"text-center\"><div class=\"is-divider divider clearfix\" style=\"max-width:168px;background-color:rgb(255, 255, 255);\"><\/div><\/div>\n<div class=\"text-center\"><div class=\"is-divider divider clearfix\" style=\"max-width:168px;background-color:rgb(255, 255, 255);\"><\/div><\/div>\n<p><span style=\"font-size: 120%;\"><strong>Vereinfachtes Kameranavigationssystem.<\/strong><\/span><br \/>\nMithilfe der Systembenachrichtigungen in der App k\u00f6nnen Sie ganz einfach zu der betreffenden Kamera navigieren und sich den Vorfall ansehen. Das macht die Anwendung zu einer Komplettl\u00f6sung f\u00fcr Sicherheit und Video\u00fcberwachung.<\/p>\n\t\t<\/div>\n\t\t\t\t\t<\/div>\n\n\t\n\n\t<div id=\"col-2114472775\" class=\"col medium-5 small-12 large-5\"  >\n\t\t\t\t<div class=\"col-inner\"  >\n\t\t\t\n\t\t\t\n\t<div class=\"img has-hover x md-x lg-x y md-y lg-y\" id=\"image_491743835\">\n\t\t\t\t\t\t\t\t<div class=\"img-inner dark\" >\n\t\t\t<img loading=\"lazy\" decoding=\"async\" width=\"500\" height=\"477\" src=\"https:\/\/ajax-alarme.ch\/wp-content\/uploads\/2024\/01\/nvr_alarm_verific_ee9e85d3b3-fi35690000x418.gif\" class=\"attachment-large size-large\" alt=\"\" \/>\t\t\t\t\t\t\n\t\t\t\t\t<\/div>\n\t\t\t\t\t\t\t\t\n<style>\n#image_491743835 {\n  width: 100%;\n}\n<\/style>\n\t<\/div>\n\t\n\t\t<\/div>\n\t\t\t\t\t<\/div>\n\n\t\n<\/div>\n\n  <div class=\"banner has-hover has-video\" id=\"banner-1450939977\">\n          <div class=\"banner-inner fill\">\n        <div class=\"banner-bg fill\" >\n                        \t<div class=\"video-overlay no-click fill visible\"><\/div>\n\t<video class=\"video-bg fill visible\" preload playsinline autoplay muted loop>\n\t\t<source src=\"https:\/\/ajax-alarme.ch\/wp-content\/uploads\/2024\/04\/angle_camera.mp4\" type=\"video\/mp4\">\t<\/video>\n                        \n                    <\/div>\n\t\t\n        <div class=\"banner-layers container\">\n            <div class=\"fill banner-link\"><\/div>            \n        <\/div>\n      <\/div>\n\n            \n<style>\n#banner-1450939977 {\n  padding-top: 500px;\n}\n<\/style>\n  <\/div>\n\n\n<div class=\"text-center\"><div class=\"is-divider divider clearfix\" style=\"max-width:500px;background-color:rgb(255, 255, 255);\"><\/div><\/div>\n<div class=\"row\"  id=\"row-1386267433\">\n\n\t<div id=\"col-1361394246\" class=\"col small-12 large-12\"  >\n\t\t\t\t<div class=\"col-inner\"  >\n\t\t\t\n\t\t\t\n\t<div id=\"text-311998646\" class=\"text\">\n\t\t\n<p><span style=\"font-size: 120%;\"><strong>Zwei verschiedene Bildaufl\u00f6sungen 5MP und 8MP<\/strong><\/span><\/p>\n<p>Der Hauptunterschied zwischen einer Kamera mit 5 Megapixeln (MP) und einer Kamera mit 8 MP liegt in der Aufl\u00f6sung und der Bildqualit\u00e4t, die sie erzeugen k\u00f6nnen.<\/p>\n<p>&#8211; Die BulletCam AJAX mit 5 MP erfasst Bilder mit einer Aufl\u00f6sung von 5 Millionen Pixeln. Das bedeutet, dass sie Bilder mit einer begrenzten Menge an Details und Klarheit produzieren kann, die sich f\u00fcr Verwendungszwecke wie soziale Netzwerke oder kleine Abz\u00fcge eignen.<\/p>\n<p>&#8211; Die BulletCam AJAX mit 8 MP hingegen erfasst Bilder mit einer h\u00f6heren Aufl\u00f6sung von 8 Millionen Pixeln. Das bedeutet, dass sie mehr Details erfassen und qualitativ hochwertigere Bilder liefern kann, die sich f\u00fcr gr\u00f6\u00dfere Vergr\u00f6\u00dferungen oder bessere Ausdrucke eignen.<\/p>\n<p>Zusammenfassend l\u00e4sst sich sagen, dass die 8-MP-Kamera bessere Bilder mit mehr Details als die 5-MP-Kamera liefern wird, wodurch sie sich besser f\u00fcr Verwendungszwecke eignet, bei denen die Bildqualit\u00e4t im Vordergrund steht.<br \/>\n\t\t\n<style>\n#text-311998646 {\n  text-align: left;\n}\n<\/style>\n\t<\/div>\n\t\n\t<div class=\"img has-hover x md-x lg-x y md-y lg-y\" id=\"image_1207266458\">\n\t\t\t\t\t\t\t\t<div class=\"img-inner dark\" >\n\t\t\t<img loading=\"lazy\" decoding=\"async\" width=\"1020\" height=\"265\" src=\"https:\/\/ajax-alarme.ch\/wp-content\/uploads\/2024\/04\/IA.jpg\" class=\"attachment-large size-large\" alt=\"\" srcset=\"https:\/\/ajax-alarme.ch\/wp-content\/uploads\/2024\/04\/IA.jpg 1130w, https:\/\/ajax-alarme.ch\/wp-content\/uploads\/2024\/04\/IA-800x208.jpg 800w, https:\/\/ajax-alarme.ch\/wp-content\/uploads\/2024\/04\/IA-768x200.jpg 768w, https:\/\/ajax-alarme.ch\/wp-content\/uploads\/2024\/04\/IA-510x133.jpg 510w\" sizes=\"auto, (max-width: 1020px) 100vw, 1020px\" \/>\t\t\t\t\t\t\n\t\t\t\t\t<\/div>\n\t\t\t\t\t\t\t\t\n<style>\n#image_1207266458 {\n  width: 100%;\n}\n<\/style>\n\t<\/div>\n\t\n\t\t<\/div>\n\t\t\t\t\t<\/div>\n\n\t\n<\/div>\n\t<div class=\"img has-hover x md-x lg-x y md-y lg-y\" id=\"image_1027966358\">\n\t\t\t\t\t\t\t\t<div class=\"img-inner dark\" >\n\t\t\t\t\t\t\t\t\t\n\t\t\t\t\t<\/div>\n\t\t\t\t\t\t\t\t\n<style>\n#image_1027966358 {\n  width: 100%;\n}\n<\/style>\n\t<\/div>\n\t\n<div class=\"text-center\"><div class=\"is-divider divider clearfix\" style=\"max-width:500px;background-color:rgb(255, 255, 255);\"><\/div><\/div>\n<div class=\"row\"  id=\"row-1375336413\">\n\n\t<div id=\"col-176581200\" class=\"col medium-5 small-12 large-5\"  >\n\t\t\t\t<div class=\"col-inner\"  >\n\t\t\t\n\t\t\t\n\n  <div class=\"banner has-hover has-video\" id=\"banner-257852860\">\n          <div class=\"banner-inner fill\">\n        <div class=\"banner-bg fill\" >\n                        \t<div class=\"video-overlay no-click fill visible\"><\/div>\n\t<video class=\"video-bg fill visible\" preload playsinline autoplay muted loop>\n\t\t<source src=\"https:\/\/ajax-alarme.ch\/wp-content\/uploads\/2024\/04\/bullet-video-3.mp4\" type=\"video\/mp4\">\t<\/video>\n                        \n                    <\/div>\n\t\t\n        <div class=\"banner-layers container\">\n            <div class=\"fill banner-link\"><\/div>            \n        <\/div>\n      <\/div>\n\n            \n<style>\n#banner-257852860 {\n  padding-top: 500px;\n}\n<\/style>\n  <\/div>\n\n\n\t\t<\/div>\n\t\t\t\t\t<\/div>\n\n\t\n\n\t<div id=\"col-1244084938\" class=\"col medium-7 small-12 large-7\"  >\n\t\t\t\t<div class=\"col-inner\"  >\n\t\t\t\n\t\t\t\n<h2>Technische Spezifikationen<\/h2>\n<p>Kompatibilit\u00e4t: Alle Modelle von AJAX-Zentralen und NVRs<br \/>\nAufl\u00f6sung: 5MP (2880 \u00d7 1620 px); 8MP (3840 \u00d7 2160 px)<br \/>\nBetrachtungswinkel: 2,8mm (100\u00b0 bis 110\u00b0); 4mm (75\u00b0 bis 85\u00b0)<br \/>\nBildfrequenz: 25 FPS<br \/>\nCodec: H264; H265<br \/>\nInfrarotbeleuchtung: Bis zu 35 m<br \/>\nSpeicher: NVR, MicroSD bis zu 256 GB<br \/>\nK\u00fcnstliche Intelligenz: Erkennung von Tieren, Menschen und Fahrzeugen<br \/>\nVerbindung: Ethernet-Buchse<br \/>\nSchutzklasse: IP65<br \/>\nStromversorgung: 12 V\u2393 \u00b1 20%, 1 \u0410 oder Standard IEEE 802.3at und PoE<br \/>\nTemperatur: -25\u00b0C a +40\u00b0C<br \/>\nAbmessungen: 198 \u00d7 76 \u00d7 76 mm<br \/>\nGewicht: 550 g<\/p>\n\t\t<\/div>\n\t\t\t\t\t<\/div>\n\n\t\n<\/div>\n","protected":false},"excerpt":{"rendered":"<p>\u00dcberwachungskamera, die sich zu 100% in das AJAX-Alarmsystem integrieren l\u00e4sst. Zu 100 % in die AJAX-Anwendung integrierbar. Ein echter Sicherheitsvorteil. Kabelgebundene Kamera, erfordert ein Netzwerkkabel, um RJ45 anzuschlie\u00dfen.<\/p>\n","protected":false},"featured_media":5110,"comment_status":"closed","ping_status":"closed","template":"","meta":[],"product_brand":[],"product_cat":[161],"product_tag":[],"class_list":{"0":"post-4260","1":"product","2":"type-product","3":"status-publish","4":"has-post-thumbnail","6":"product_cat-videouberwachung","8":"first","9":"instock","10":"sale","11":"shipping-taxable","12":"purchasable","13":"product-type-variable"},"_links":{"self":[{"href":"https:\/\/ajax-alarme.ch\/de\/wp-json\/wp\/v2\/product\/4260","targetHints":{"allow":["GET"]}}],"collection":[{"href":"https:\/\/ajax-alarme.ch\/de\/wp-json\/wp\/v2\/product"}],"about":[{"href":"https:\/\/ajax-alarme.ch\/de\/wp-json\/wp\/v2\/types\/product"}],"replies":[{"embeddable":true,"href":"https:\/\/ajax-alarme.ch\/de\/wp-json\/wp\/v2\/comments?post=4260"}],"wp:featuredmedia":[{"embeddable":true,"href":"https:\/\/ajax-alarme.ch\/de\/wp-json\/wp\/v2\/media\/5110"}],"wp:attachment":[{"href":"https:\/\/ajax-alarme.ch\/de\/wp-json\/wp\/v2\/media?parent=4260"}],"wp:term":[{"taxonomy":"product_brand","embeddable":true,"href":"https:\/\/ajax-alarme.ch\/de\/wp-json\/wp\/v2\/product_brand?post=4260"},{"taxonomy":"product_cat","embeddable":true,"href":"https:\/\/ajax-alarme.ch\/de\/wp-json\/wp\/v2\/product_cat?post=4260"},{"taxonomy":"product_tag","embeddable":true,"href":"https:\/\/ajax-alarme.ch\/de\/wp-json\/wp\/v2\/product_tag?post=4260"}],"curies":[{"name":"wp","href":"https:\/\/api.w.org\/{rel}","templated":true}]}}