{"id":3706,"date":"2024-01-20T17:12:54","date_gmt":"2024-01-20T16:12:54","guid":{"rendered":"https:\/\/ajax-alarme.ch\/product\/nvr-ajax-8-kameras-onvif-rtsp\/"},"modified":"2024-09-17T12:29:54","modified_gmt":"2024-09-17T10:29:54","slug":"nvr-ajax-8-kameras-onvif-rtsp","status":"publish","type":"product","link":"https:\/\/ajax-alarme.ch\/de\/product\/nvr-ajax-8-kameras-onvif-rtsp\/","title":{"rendered":"AJAX NVR-RECORDER f\u00fcr AJAX oder kompatible Kameras (ONVIF oder RTSP)"},"content":{"rendered":"<div class=\"slider-wrapper relative\" id=\"slider-1926052045\" >\n    <div class=\"slider slider-nav-circle slider-nav-large slider-nav-light slider-style-normal\"\n        data-flickity-options='{\n            \"cellAlign\": \"center\",\n            \"imagesLoaded\": true,\n            \"lazyLoad\": 1,\n            \"freeScroll\": false,\n            \"wrapAround\": true,\n            \"autoPlay\": 6000,\n            \"pauseAutoPlayOnHover\" : true,\n            \"prevNextButtons\": true,\n            \"contain\" : true,\n            \"adaptiveHeight\" : true,\n            \"dragThreshold\" : 10,\n            \"percentPosition\": true,\n            \"pageDots\": true,\n            \"rightToLeft\": false,\n            \"draggable\": true,\n            \"selectedAttraction\": 0.1,\n            \"parallax\" : 0,\n            \"friction\": 0.6        }'\n        >\n        \n\n  <div class=\"banner has-hover\" id=\"banner-1055135450\">\n          <div class=\"banner-inner fill\">\n        <div class=\"banner-bg fill\" >\n            <img loading=\"lazy\" decoding=\"async\" width=\"1020\" height=\"425\" src=\"https:\/\/ajax-alarme.ch\/wp-content\/uploads\/2024\/01\/backgroungnvrb-1400x583.jpeg\" class=\"bg attachment-large size-large\" alt=\"\" \/>                        <div class=\"overlay\"><\/div>            \n                    <\/div>\n\t\t\n        <div class=\"banner-layers container\">\n            <div class=\"fill banner-link\"><\/div>            \n   <div id=\"text-box-593619797\" class=\"text-box banner-layer x10 md-x10 lg-x10 y50 md-y50 lg-y50 res-text\">\n                                <div class=\"text-box-content text dark\">\n              \n              <div class=\"text-inner text-center\">\n                  \n<p class=\"uppercase\"><span style=\"font-size: 150%;\"><strong>EINFACHE KONFIGURATION<\/strong><\/span><\/p>\n<p>  Die Einrichtung des AJAX NVR ist einfach und problemlos. Befolgen Sie die einfachen Anweisungen von AJAX, damit Ihr System einsatzbereit ist. Der AJAX NVR ist eine intelligente, effiziente und zuverl\u00e4ssige Sicherheitsl\u00f6sung f\u00fcr Ihr Zuhause. Mit seinen erweiterten Funktionen und der einfachen Installation bietet er Ihnen ein hohes Ma\u00df an Sicherheit und ein beruhigendes Gef\u00fchl. Investieren Sie noch heute in den AJAX NVR und entdecken Sie die Zukunft der Heimsicherheit.<\/p>\n              <\/div>\n           <\/div>\n                            \n<style>\n#text-box-593619797 {\n  width: 60%;\n}\n#text-box-593619797 .text-box-content {\n  font-size: 100%;\n}\n@media (min-width:550px) {\n  #text-box-593619797 {\n    width: 45%;\n  }\n}\n<\/style>\n    <\/div>\n \n        <\/div>\n      <\/div>\n\n            \n<style>\n#banner-1055135450 {\n  padding-top: 500px;\n}\n#banner-1055135450 .overlay {\n  background-color: rgba(0, 0, 0, 0.31);\n}\n<\/style>\n  <\/div>\n\n\n     <\/div>\n\n     <div class=\"loading-spin dark large centered\"><\/div>\n\n\t<\/div>\n\n\n<div class=\"is-divider divider clearfix\" style=\"max-width:0px;height:15px;\"><\/div>\n<div class=\"row\"  id=\"row-476647499\">\n\n\t<div id=\"col-911278124\" class=\"col medium-3 small-12 large-3\"  >\n\t\t\t\t<div class=\"col-inner\"  >\n\t\t\t\n\t\t\t\n\t<div class=\"img has-hover x md-x lg-x y md-y lg-y\" id=\"image_753791282\">\n\t\t\t\t\t\t\t\t<div class=\"img-inner dark\" >\n\t\t\t<img loading=\"lazy\" decoding=\"async\" width=\"200\" height=\"194\" src=\"https:\/\/ajax-alarme.ch\/wp-content\/uploads\/2024\/01\/NDAA.jpg\" class=\"attachment-thumbnail size-thumbnail\" alt=\"\" srcset=\"https:\/\/ajax-alarme.ch\/wp-content\/uploads\/2024\/01\/NDAA.jpg 200w, https:\/\/ajax-alarme.ch\/wp-content\/uploads\/2024\/01\/NDAA-50x50.jpg 50w\" sizes=\"auto, (max-width: 200px) 100vw, 200px\" \/>\t\t\t\t\t\t\n\t\t\t\t\t<\/div>\n\t\t\t\t\t\t\t\t\n<style>\n#image_753791282 {\n  width: 100%;\n}\n<\/style>\n\t<\/div>\n\t\n\t\t<\/div>\n\t\t\t\t\t<\/div>\n\n\t\n\n\t<div id=\"col-1685168672\" class=\"col medium-9 small-12 large-9\"  >\n\t\t\t\t<div class=\"col-inner\"  >\n\t\t\t\n\t\t\t\n<div class=\"is-divider divider clearfix\" style=\"max-width:0px;height:0px;\"><\/div>\n\t<div id=\"text-188726990\" class=\"text\">\n\t\t\n<p><strong><span style=\"font-size: 120%;\">Speichern Sie Ihre Bilder zu Hause! Und nicht auf einer Cloud &#8230;  <\/span><\/strong>Alle Daten werden sicher in der Europ\u00e4ischen Union gespeichert und entsprechen in vollem Umfang den europ\u00e4ischen Datenschutzstandards. Ajax NVR ist NDAA-konform, jede Komponente stammt von anerkannten Herstellern, die von der US-Regierung zugelassen wurden. Es ist vielseitig einsetzbar und kann an jedem Standort installiert werden. Dar\u00fcber hinaus hat der Ajax NVR unabh\u00e4ngige Cybersicherheitstests bestanden, was seine Sicherheit und Zuverl\u00e4ssigkeit garantiert.<br \/>\n\t\t\n<style>\n#text-188726990 {\n  font-size: 1rem;\n  line-height: 1.9;\n  text-align: left;\n}\n<\/style>\n\t<\/div>\n\t\n\t\t<\/div>\n\t\t\t\t\t<\/div>\n\n\t\n<\/div>\n\t<div class=\"img has-hover x md-x lg-x y md-y lg-y\" id=\"image_238412860\">\n\t\t\t\t\t\t\t\t<div class=\"img-inner dark\" >\n\t\t\t<img loading=\"lazy\" decoding=\"async\" width=\"1020\" height=\"527\" src=\"https:\/\/ajax-alarme.ch\/wp-content\/uploads\/2024\/01\/ONVIFCAM-1400x723.jpg\" class=\"attachment-large size-large\" alt=\"\" srcset=\"https:\/\/ajax-alarme.ch\/wp-content\/uploads\/2024\/01\/ONVIFCAM-1400x723.jpg 1400w, https:\/\/ajax-alarme.ch\/wp-content\/uploads\/2024\/01\/ONVIFCAM-774x400.jpg 774w, https:\/\/ajax-alarme.ch\/wp-content\/uploads\/2024\/01\/ONVIFCAM-768x397.jpg 768w, https:\/\/ajax-alarme.ch\/wp-content\/uploads\/2024\/01\/ONVIFCAM-1536x794.jpg 1536w, https:\/\/ajax-alarme.ch\/wp-content\/uploads\/2024\/01\/ONVIFCAM-2048x1058.jpg 2048w, https:\/\/ajax-alarme.ch\/wp-content\/uploads\/2024\/01\/ONVIFCAM-510x263.jpg 510w\" sizes=\"auto, (max-width: 1020px) 100vw, 1020px\" \/>\t\t\t\t\t\t\n\t\t\t\t\t<\/div>\n\t\t\t\t\t\t\t\t\n<style>\n#image_238412860 {\n  width: 100%;\n}\n<\/style>\n\t<\/div>\n\t\n<div class=\"is-divider divider clearfix\" style=\"max-width:0px;height:65px;\"><\/div>\n<div class=\"row\"  id=\"row-2052599304\">\n\n\t<div id=\"col-893864383\" class=\"col medium-5 small-12 large-5\"  >\n\t\t\t\t<div class=\"col-inner\"  >\n\t\t\t\n\t\t\t\n<div class=\"is-divider divider clearfix\" style=\"max-width:0px;\"><\/div>\n<p><span style=\"font-size: 120%;\"><strong>Schauen Sie von \u00fcberall auf Ihre Kameras.<\/strong><\/span>  Integrieren Sie alle Ihre visuellen Daten mit Hilfe einer gut durchdachten Schnittstelle. Die Registerkarte Videowand kombiniert die neuesten Clips von IP-Kameras und Meldern der MotionCam-Familie und bietet so einen umfassenden \u00dcberblick \u00fcber Ihren Raum. Passen Sie die Platzierung der Elemente an Ihre Vorlieben an. Die Videowand ist sowohl f\u00fcr mobile als auch f\u00fcr PC-Anwendungen verf\u00fcgbar.<\/p>\n\t\t<\/div>\n\t\t\t\t\t<\/div>\n\n\t\n\n\t<div id=\"col-30065437\" class=\"col medium-7 small-12 large-7\"  >\n\t\t\t\t<div class=\"col-inner\"  >\n\t\t\t\n\t\t\t\n\t<div class=\"img has-hover x md-x lg-x y md-y lg-y\" id=\"image_1439523673\">\n\t\t\t\t\t\t\t\t<div class=\"img-inner dark\" >\n\t\t\t<img loading=\"lazy\" decoding=\"async\" width=\"710\" height=\"378\" src=\"https:\/\/ajax-alarme.ch\/wp-content\/uploads\/2024\/01\/Viewing.gif\" class=\"attachment-large size-large\" alt=\"\" \/>\t\t\t\t\t\t\n\t\t\t\t\t<\/div>\n\t\t\t\t\t\t\t\t\n<style>\n#image_1439523673 {\n  width: 100%;\n}\n<\/style>\n\t<\/div>\n\t\n\t\t<\/div>\n\t\t\t\t\t<\/div>\n\n\t\n<\/div>\n<div class=\"is-divider divider clearfix\" style=\"max-width:0px;height:65px;\"><\/div>\n<div class=\"row\"  id=\"row-331240447\">\n\n\t<div id=\"col-762720613\" class=\"col medium-7 small-12 large-7\"  >\n\t\t\t\t<div class=\"col-inner\"  >\n\t\t\t\n\t\t\t\n\t<div class=\"img has-hover x md-x lg-x y md-y lg-y\" id=\"image_1931032150\">\n\t\t\t\t\t\t\t\t<div class=\"img-inner dark\" >\n\t\t\t<img loading=\"lazy\" decoding=\"async\" width=\"722\" height=\"372\" src=\"https:\/\/ajax-alarme.ch\/wp-content\/uploads\/2024\/01\/MotionNVR.gif\" class=\"attachment-large size-large\" alt=\"\" \/>\t\t\t\t\t\t\n\t\t\t\t\t<\/div>\n\t\t\t\t\t\t\t\t\n<style>\n#image_1931032150 {\n  width: 100%;\n}\n<\/style>\n\t<\/div>\n\t\n\t\t<\/div>\n\t\t\t\t\t<\/div>\n\n\t\n\n\t<div id=\"col-1281978014\" class=\"col medium-5 small-12 large-5\"  >\n\t\t\t\t<div class=\"col-inner\"  >\n\t\t\t\n\t\t\t\n<p><span style=\"font-size: 120%;\"><strong>Bewegungserkennung <\/strong><\/span>Definieren Sie bestimmte Bereiche, um sicherzustellen, dass die Aufnahme nur dann ausgel\u00f6st wird, wenn eine Bewegung in dem ausgew\u00e4hlten Bereich stattfindet. Das spart Speicherplatz auf der Festplatte und vereinfacht die Navigation in den Archiven. Diese Funktion erm\u00f6glicht die Erkennung nur wichtiger Sequenzen.<\/p>\n\t\t<\/div>\n\t\t\t\t\t<\/div>\n\n\t\n<\/div>\n<div class=\"is-divider divider clearfix\" style=\"max-width:0px;height:65px;\"><\/div>\n<div class=\"row\"  id=\"row-306980004\">\n\n\t<div id=\"col-211392705\" class=\"col medium-6 small-12 large-6\"  >\n\t\t\t\t<div class=\"col-inner\"  >\n\t\t\t\n\t\t\t\n<div class=\"is-divider divider clearfix\" style=\"max-width:0px;height:10px;\"><\/div>\n<p><span style=\"font-size: 120%;\"><strong>Zeigt die richtige Kamera zur richtigen Zeit.<\/strong><\/span>  Erstellen Sie ein Szenario, in dem die Ajax-Detektoren bestimmte Kameras aktivieren und die Videoaufzeichnung starten. Konfigurieren Sie die Videoeinstellungen, um sofort visuelle Best\u00e4tigungen von Alarmen in hoher Aufl\u00f6sung zu erhalten.  <div class=\"is-divider divider clearfix\" style=\"max-width:0px;height:65px;\"><\/div>\n<p><span style=\"font-size: 120%;\"><strong>Vereinfachtes Kameranavigationssystem.<\/strong><\/span>  Mit Hilfe der Systembenachrichtigungen in der Anwendung k\u00f6nnen Sie einfach zu der betreffenden Kamera navigieren und sich den Vorfall ansehen. Das macht die Anwendung zu einer Komplettl\u00f6sung f\u00fcr Sicherheit und Video\u00fcberwachung.<\/p>\n\t\t<\/div>\n\t\t\t\t\t<\/div>\n\n\t\n\n\t<div id=\"col-1737735722\" class=\"col medium-6 small-12 large-6\"  >\n\t\t\t\t<div class=\"col-inner\"  >\n\t\t\t\n\t\t\t\n\t<div class=\"img has-hover x md-x lg-x y md-y lg-y\" id=\"image_538864537\">\n\t\t\t\t\t\t\t\t<div class=\"img-inner dark\" >\n\t\t\t<img loading=\"lazy\" decoding=\"async\" width=\"500\" height=\"477\" src=\"https:\/\/ajax-alarme.ch\/wp-content\/uploads\/2024\/01\/nvr_alarm_verific_ee9e85d3b3-fi35690000x418.gif\" class=\"attachment-large size-large\" alt=\"\" \/>\t\t\t\t\t\t\n\t\t\t\t\t<\/div>\n\t\t\t\t\t\t\t\t\n<style>\n#image_538864537 {\n  width: 100%;\n}\n<\/style>\n\t<\/div>\n\t\n\t\t<\/div>\n\t\t\t\t\t<\/div>\n\n\t\n<\/div>\n<div class=\"is-divider divider clearfix\" style=\"max-width:0px;height:42px;\"><\/div>\n<div class=\"row\"  id=\"row-914502288\">\n\n\t<div id=\"col-1892271699\" class=\"col medium-5 small-12 large-5\"  >\n\t\t\t\t<div class=\"col-inner\"  >\n\t\t\t\n\t\t\t\n<div class=\"slider-wrapper relative\" id=\"slider-1292671197\" >\n    <div class=\"slider slider-nav-circle slider-nav-large slider-nav-light slider-style-normal\"\n        data-flickity-options='{\n            \"cellAlign\": \"center\",\n            \"imagesLoaded\": true,\n            \"lazyLoad\": 1,\n            \"freeScroll\": false,\n            \"wrapAround\": true,\n            \"autoPlay\": 6000,\n            \"pauseAutoPlayOnHover\" : true,\n            \"prevNextButtons\": true,\n            \"contain\" : true,\n            \"adaptiveHeight\" : true,\n            \"dragThreshold\" : 10,\n            \"percentPosition\": true,\n            \"pageDots\": true,\n            \"rightToLeft\": false,\n            \"draggable\": true,\n            \"selectedAttraction\": 0.1,\n            \"parallax\" : 0,\n            \"friction\": 0.6        }'\n        >\n        \n\n  <div class=\"banner has-hover\" id=\"banner-2014814077\">\n          <div class=\"banner-inner fill\">\n        <div class=\"banner-bg fill\" >\n                                    <div class=\"overlay\"><\/div>            \n                    <\/div>\n\t\t\n        <div class=\"banner-layers container\">\n            <div class=\"fill banner-link\"><\/div>            \n   <div id=\"text-box-1156429581\" class=\"text-box banner-layer x50 md-x50 lg-x50 y50 md-y50 lg-y50 res-text\">\n                                <div class=\"text-box-content text dark\">\n              \n              <div class=\"text-inner text-center\">\n                  \n<h1>Wie Sie \u00fcberpr\u00fcfen k\u00f6nnen, ob Ihre Kameras kompatibel sind.<\/h1>\n<p>  Ajax unterst\u00fctzt RTSP, ein Standardprotokoll f\u00fcr Echtzeit-Streaming auf dem Markt f\u00fcr Video\u00fcberwachung. Nehmen Sie sich die Zeit, dies zu \u00fcberpr\u00fcfen. Wir geben keine Garantie f\u00fcr die Kompatibilit\u00e4t von Kameras von Drittanbietern.<\/p>\n<a href=\"https:\/\/support.ajax.systems\/fr\/ip-camera-integration\/?_gl=1*znjuma*_gcl_au*MjA4ODg2MTcxLjE3MDU1MTI5NTU.*_ga*NjA0Mzk5NTY5LjE3MDU1MTI5NTU.*_ga_1C2WYPSDCY*MTcwNTg0Njk1OC4zLjEuMTcwNTg0NzgyOC42MC4wLjA.&#038;_ga=2.103798088.911273833.1705770141-604399569.1705512955\" target=\"_blank\" class=\"button white is-outline\" rel=\"noopener\"  >\n\t\t<span>Hier \u00fcberpr\u00fcfen<\/span>\n\t<\/a>\n\n              <\/div>\n           <\/div>\n                            \n<style>\n#text-box-1156429581 {\n  width: 60%;\n}\n#text-box-1156429581 .text-box-content {\n  font-size: 100%;\n}\n<\/style>\n    <\/div>\n \n        <\/div>\n      <\/div>\n\n            \n<style>\n#banner-2014814077 {\n  padding-top: 500px;\n}\n#banner-2014814077 .overlay {\n  background-color: rgba(0, 0, 0, 0.17);\n}\n<\/style>\n  <\/div>\n\n\n     <\/div>\n\n     <div class=\"loading-spin dark large centered\"><\/div>\n\n\t<\/div>\n\n\n\t\t<\/div>\n\t\t\t\t\t<\/div>\n\n\t\n\n\t<div id=\"col-1884940995\" class=\"col medium-7 small-12 large-7\"  >\n\t\t\t\t<div class=\"col-inner\"  >\n\t\t\t\n\t\t\t\n<div class=\"is-divider divider clearfix\" style=\"max-width:0px;height:10px;\"><\/div>\n\t<div class=\"img has-hover x md-x lg-x y md-y lg-y\" id=\"image_2135699924\">\n\t\t\t\t\t\t\t\t<div class=\"img-inner dark\" >\n\t\t\t<img loading=\"lazy\" decoding=\"async\" width=\"1020\" height=\"665\" src=\"https:\/\/ajax-alarme.ch\/wp-content\/uploads\/2024\/01\/cameras@2x-1227x800.jpg\" class=\"attachment-large size-large\" alt=\"\" srcset=\"https:\/\/ajax-alarme.ch\/wp-content\/uploads\/2024\/01\/cameras@2x-1227x800.jpg 1227w, https:\/\/ajax-alarme.ch\/wp-content\/uploads\/2024\/01\/cameras@2x-613x400.jpg 613w, https:\/\/ajax-alarme.ch\/wp-content\/uploads\/2024\/01\/cameras@2x-768x501.jpg 768w, https:\/\/ajax-alarme.ch\/wp-content\/uploads\/2024\/01\/cameras@2x-510x333.jpg 510w, https:\/\/ajax-alarme.ch\/wp-content\/uploads\/2024\/01\/cameras@2x.jpg 1472w\" sizes=\"auto, (max-width: 1020px) 100vw, 1020px\" \/>\t\t\t\t\t\t\n\t\t\t\t\t<\/div>\n\t\t\t\t\t\t\t\t\n<style>\n#image_2135699924 {\n  width: 100%;\n}\n<\/style>\n\t<\/div>\n\t\n\t\t<\/div>\n\t\t\t\t\t<\/div>\n\n\t\n<\/div>\n<div class=\"is-divider divider clearfix\" style=\"max-width:0px;height:42px;\"><\/div>\n\t<div id=\"text-82631956\" class=\"text\">\n\t\t\n<blockquote><p>Der Ajax NVR verbindet sich nahtlos mit dem Alarm jedes beliebigen Melders, sei es eine <a href=\"https:\/\/ajax.systems\/fr\/products\/open-detectors\/\">\u00d6ffnung<\/a>, ein <a href=\"https:\/\/ajax.systems\/fr\/products\/leaks\/\">Wasserleck<\/a> oder ein Bewegungsmelder aus der <a href=\"https:\/\/ajax.systems\/fr\/products\/motion-detectors\/\">MotionCam-Serie<\/a>. Die Kameras zeichnen sich automatisch auf und bieten im Alarmfall eine sofortige visuelle \u00dcberpr\u00fcfung. Die Nutzer k\u00f6nnen leicht von einem Strom von Warnungen oder Ereignissen zu verwandten Sequenzen wechseln. Eines der Hauptmerkmale von Kameras, die an Wohnstandorten installiert werden, ist die M\u00f6glichkeit, sie so einzustellen, dass sie sich nur dann einschalten, wenn das System scharfgeschaltet ist. Dies sorgt f\u00fcr Sicherheit und bietet den Bewohnern gleichzeitig ein beruhigendes Gef\u00fchl, da sie wissen, dass ihre Privatsph\u00e4re gewahrt bleibt, wenn das System entsch\u00e4rft ist. Dar\u00fcber hinaus erkennt der NVR automatisch Kameras im selben Netzwerk, ohne dass Sie zus\u00e4tzliche Einstellungen vornehmen m\u00fcssen. Ajax-Apps liefern Echtzeit-Updates \u00fcber den Status des NVR, sodass Sie immer \u00fcber den Zustand Ihres Systems informiert sind. Au\u00dferdem k\u00f6nnen die Benutzer mit wenigen Klicks in der Ajax-Anwendung eine virtuelle Einheit namens Space erstellen, was eine nahtlose Integration von Kameras erm\u00f6glicht, ohne dass ein physischer Hub erforderlich ist<\/p><\/blockquote>\n\t\t\n<style>\n#text-82631956 {\n  font-size: 0.75rem;\n}\n<\/style>\n\t<\/div>\n\t\n<div class=\"is-divider divider clearfix\" style=\"max-width:0px;height:42px;\"><\/div>\n\t<div id=\"text-2294531439\" class=\"text\">\n\t\t\n<h3>Eigenschaften Ajax NVR 8 oder 16 Kameras<\/h3>\n<ul>\n<li>8 oder 16 Kameras anschlie\u00dfbar<\/li>\n<li>Erm\u00f6glicht eine vollst\u00e4ndige Synchronisation der Kameras<\/li>\n<li>Sicheres Videomanagementsystem in der Cloud<\/li>\n<li>Kompatibilit\u00e4t: ONVIF\/RTSP<\/li>\n<li>Sabotageschutz der Festplatte<\/li>\n<li>Modell mit 16 Kan\u00e4len<\/li>\n<li>Stromversorgung: 110-240 V, 50\/60 Hz<\/li>\n<li>Stromverbrauch: bis zu 24 W<\/li>\n<li>Kompatibilit\u00e4t: Alle Ajax-Kraftwerke<\/li>\n<li>Aufl\u00f6sung: bis zu 4K (25\/30 IPS)<\/li>\n<li>Dekodierungsformate: H.265\/H.264<\/li>\n<li>Bandbreite: bis zu 100 Mbps<\/li>\n<li>Kapazit\u00e4t: bis zu 16 TB Speicherplatz (Festplatte nicht enthalten)<\/li>\n<li>Festplattenschnittstelle: SATA-Anschluss, Gr\u00f6\u00dfe 3.5 Disk nicht im Lieferumfang enthalten<\/li>\n<li>IP20<\/li>\n<li>Sabotagealarm<\/li>\n<li>Ausgestattet mit einem eingebauten Bewegungsmelder, der das Bild analysiert<\/li>\n<li>M\u00f6glichkeit, zwischen dem Bewegungsmelder des NVR und der Standardkamera umzuschalten<\/li>\n<li>Verst\u00e4rkter Kontoschutz<\/li>\n<li>Zugriff auf den Videostream: Schutz durch Zugangscode, Biometrie, 2-Faktor-Authentifizierung, Sitzungskontrolle<\/li>\n<li>Zugang zu visuellen Daten unter Kontrolle des Endbenutzers<\/li>\n<li>Autorisierte Konten: Kontrollieren Sie in Echtzeit den Zugriff von Nutzern auf bestimmte Streams und Fotos.<\/li>\n<li>Schutz von Archiven<\/li>\n<li>Installation unter Kontrolle des Endbenutzers<\/li>\n<li>Betriebstemperatur: 0\u00b0\u0421 bis 40\u00b0C<\/li>\n<li>Ma\u00dfe: 20cm x 20cm x 4.5cm<\/li>\n<li>Gewicht: 700g<\/li>\n<\/ul>\n\t\t\n<style>\n#text-2294531439 {\n  font-size: 1rem;\n}\n<\/style>\n\t<\/div>\n\t\n<div class=\"is-divider divider clearfix\" style=\"max-width:0px;height:42px;\"><\/div>\n","protected":false},"excerpt":{"rendered":"<p>Recorder &amp; Integrator f\u00fcr 8 oder 16 digitale Kameras, 4K-Aufl\u00f6sung (25\/30 fps), H.265\/h.264, Festplatte bis zu 16TB (nicht im Lieferumfang enthalten). (Wird ohne Smartphone geliefert).<\/p>\n","protected":false},"featured_media":4970,"comment_status":"closed","ping_status":"closed","template":"","meta":[],"product_brand":[],"product_cat":[161],"product_tag":[],"class_list":{"0":"post-3706","1":"product","2":"type-product","3":"status-publish","4":"has-post-thumbnail","6":"product_cat-videouberwachung","8":"first","9":"instock","10":"sale","11":"shipping-taxable","12":"purchasable","13":"product-type-variable"},"_links":{"self":[{"href":"https:\/\/ajax-alarme.ch\/de\/wp-json\/wp\/v2\/product\/3706","targetHints":{"allow":["GET"]}}],"collection":[{"href":"https:\/\/ajax-alarme.ch\/de\/wp-json\/wp\/v2\/product"}],"about":[{"href":"https:\/\/ajax-alarme.ch\/de\/wp-json\/wp\/v2\/types\/product"}],"replies":[{"embeddable":true,"href":"https:\/\/ajax-alarme.ch\/de\/wp-json\/wp\/v2\/comments?post=3706"}],"wp:featuredmedia":[{"embeddable":true,"href":"https:\/\/ajax-alarme.ch\/de\/wp-json\/wp\/v2\/media\/4970"}],"wp:attachment":[{"href":"https:\/\/ajax-alarme.ch\/de\/wp-json\/wp\/v2\/media?parent=3706"}],"wp:term":[{"taxonomy":"product_brand","embeddable":true,"href":"https:\/\/ajax-alarme.ch\/de\/wp-json\/wp\/v2\/product_brand?post=3706"},{"taxonomy":"product_cat","embeddable":true,"href":"https:\/\/ajax-alarme.ch\/de\/wp-json\/wp\/v2\/product_cat?post=3706"},{"taxonomy":"product_tag","embeddable":true,"href":"https:\/\/ajax-alarme.ch\/de\/wp-json\/wp\/v2\/product_tag?post=3706"}],"curies":[{"name":"wp","href":"https:\/\/api.w.org\/{rel}","templated":true}]}}