{"id":3684,"date":"2023-08-13T08:26:33","date_gmt":"2023-08-13T06:26:33","guid":{"rendered":"https:\/\/ajax-alarme.ch\/product\/ajax-data-sim-karte-abonnement-fuer-12-monate-erneuerbar\/"},"modified":"2024-09-17T12:29:54","modified_gmt":"2024-09-17T10:29:54","slug":"ajax-data-sim-karte-abonnement-fuer-12-monate-erneuerbar","status":"publish","type":"product","link":"https:\/\/ajax-alarme.ch\/de\/product\/ajax-data-sim-karte-abonnement-fuer-12-monate-erneuerbar\/","title":{"rendered":"Ajax Data SIM-Karte. Abonnement f\u00fcr 12 Monate. Erneuerbar."},"content":{"rendered":"<p>Abonnement Prepaid-SIM-Karte f\u00fcr optionalen AJAX HUB. In der SIM-Karte ist ein Datentarif von 20 MB pro Monat integriert. Dies ist f\u00fcr den normalen Gebrauch des AJAX-Alarmsystems mehr als ausreichend. Abonnement beginnt mit der Bestellung der SIM-Karte und endet 12 Monate nach ihrer Aktivierung. Aufladung um weitere 12 Monate m\u00f6glich. Stellt eine Verbindung zu den folgenden Anbietern her: Swisscom, Salt, Sunrise. Nur in der Schweiz g\u00fcltig. Der beste Anbieter wird automatisch ausgew\u00e4hlt. Fordert eine Konfiguration im HUB an.  <em>Haftungsausschluss: Mit dem Kauf dieser SIM-Karte erkl\u00e4rt sich der Kunde damit einverstanden, dass VisioTech SA keine Haftung f\u00fcr Probleme mit der SIM-Karte \u00fcbernimmt, die auf Faktoren zur\u00fcckzuf\u00fchren sind, die au\u00dferhalb unserer Kontrolle liegen. Die Nutzerinnen und Nutzer sind sich der m\u00f6glichen zeitweiligen Unterbrechungen aufgrund von Umst\u00e4nden, die au\u00dferhalb unserer Kontrolle liegen, bewusst.<\/em><\/p>\n\t<div class=\"img has-hover x md-x lg-x y md-y lg-y\" id=\"image_1592821858\">\n\t\t\t\t\t\t\t\t<div class=\"img-inner dark\" >\n\t\t\t<img loading=\"lazy\" decoding=\"async\" width=\"1020\" height=\"340\" src=\"https:\/\/ajax-alarme.ch\/wp-content\/uploads\/2023\/08\/operateurCH.jpg\" class=\"attachment-large size-large\" alt=\"\" srcset=\"https:\/\/ajax-alarme.ch\/wp-content\/uploads\/2023\/08\/operateurCH.jpg 1389w, https:\/\/ajax-alarme.ch\/wp-content\/uploads\/2023\/08\/operateurCH-510x170.jpg 510w, https:\/\/ajax-alarme.ch\/wp-content\/uploads\/2023\/08\/operateurCH-800x267.jpg 800w, https:\/\/ajax-alarme.ch\/wp-content\/uploads\/2023\/08\/operateurCH-768x256.jpg 768w\" sizes=\"auto, (max-width: 1020px) 100vw, 1020px\" \/>\t\t\t\t\t\t\n\t\t\t\t\t<\/div>\n\t\t\t\t\t\t\t\t\n<style>\n#image_1592821858 {\n  width: 100%;\n}\n<\/style>\n\t<\/div>\n\t\n","protected":false},"excerpt":{"rendered":"<p>Daten-SIM-Karte f\u00fcr HUB AJAX. 20 MB pro Monat. G\u00fcltig in der Schweiz. Funktioniert mit Swisscom, Salt, Sunrise.<\/p>\n","protected":false},"featured_media":3045,"comment_status":"closed","ping_status":"closed","template":"","meta":[],"product_brand":[],"product_cat":[162],"product_tag":[],"class_list":{"0":"post-3684","1":"product","2":"type-product","3":"status-publish","4":"has-post-thumbnail","6":"product_cat-zentrale-hub-ajax","8":"first","9":"instock","10":"sale","11":"shipping-taxable","12":"purchasable","13":"product-type-simple"},"_links":{"self":[{"href":"https:\/\/ajax-alarme.ch\/de\/wp-json\/wp\/v2\/product\/3684","targetHints":{"allow":["GET"]}}],"collection":[{"href":"https:\/\/ajax-alarme.ch\/de\/wp-json\/wp\/v2\/product"}],"about":[{"href":"https:\/\/ajax-alarme.ch\/de\/wp-json\/wp\/v2\/types\/product"}],"replies":[{"embeddable":true,"href":"https:\/\/ajax-alarme.ch\/de\/wp-json\/wp\/v2\/comments?post=3684"}],"wp:featuredmedia":[{"embeddable":true,"href":"https:\/\/ajax-alarme.ch\/de\/wp-json\/wp\/v2\/media\/3045"}],"wp:attachment":[{"href":"https:\/\/ajax-alarme.ch\/de\/wp-json\/wp\/v2\/media?parent=3684"}],"wp:term":[{"taxonomy":"product_brand","embeddable":true,"href":"https:\/\/ajax-alarme.ch\/de\/wp-json\/wp\/v2\/product_brand?post=3684"},{"taxonomy":"product_cat","embeddable":true,"href":"https:\/\/ajax-alarme.ch\/de\/wp-json\/wp\/v2\/product_cat?post=3684"},{"taxonomy":"product_tag","embeddable":true,"href":"https:\/\/ajax-alarme.ch\/de\/wp-json\/wp\/v2\/product_tag?post=3684"}],"curies":[{"name":"wp","href":"https:\/\/api.w.org\/{rel}","templated":true}]}}