{"id":3659,"date":"2022-02-25T13:42:05","date_gmt":"2022-02-25T12:42:05","guid":{"rendered":"https:\/\/ajax-alarme.ch\/product\/dualcurtain-outdoor-aussensensor-fuer-fassaden-doppelstrahl\/"},"modified":"2024-09-17T12:29:42","modified_gmt":"2024-09-17T10:29:42","slug":"dualcurtain-outdoor-aussensensor-fuer-fassaden-doppelstrahl","status":"publish","type":"product","link":"https:\/\/ajax-alarme.ch\/de\/product\/dualcurtain-outdoor-aussensensor-fuer-fassaden-doppelstrahl\/","title":{"rendered":"DualCurtain Outdoor &#8211; Au\u00dfensensor f\u00fcr Fassaden, Doppelstrahl."},"content":{"rendered":"<div class=\"row\"  id=\"row-359412015\">\n\n\t<div id=\"col-960897770\" class=\"col small-12 large-12\"  >\n\t\t\t\t<div class=\"col-inner\"  >\n\t\t\t\n\t\t\t\n<div class=\"text-center\"><div class=\"is-divider divider clearfix\" style=\"margin-top:20px;margin-bottom:20px;max-width:300px;height:2px;\"><\/div><\/div>\n\t\t<\/div>\n\t\t\t\t\t<\/div>\n\n\t\n\n\t<div id=\"col-1037631024\" class=\"col medium-8 small-12 large-8\"  >\n\t\t\t\t<div class=\"col-inner\"  >\n\t\t\t\n\t\t\t\n<h3>Effektivit\u00e4t im Nahbereich<\/h3>\n<p>  DualCurtain Outdoor verf\u00fcgt \u00fcber eine Technologie zur Erweiterung des gesch\u00fctzten Bereichs, die f\u00fcr einen Bewegungsmelder mit Vorhang im Au\u00dfenbereich einzigartig ist. Wenn die Nahbereichserkennung aktiviert ist, verf\u00fcgt der obere PIR-Sensor des Melders \u00fcber ein zus\u00e4tzliches schmales Erfassungsfeld, das in einem Winkel von 40 Grad zum Hauptfeld nach unten gerichtet ist. Diese Funktion erm\u00f6glicht es den beiden Sensoren, die Bewegungen einer Person zu erkennen, die den gesch\u00fctzten Bereich in der N\u00e4he des Melders durchquert. Diese Besonderheit l\u00f6st das Problem der toten Winkel, das bei dieser Art von Detektor normalerweise auftritt. Die Nahbereichserkennung wurde entwickelt, um Fenster und andere Eingangsbereiche zu sch\u00fctzen, zu denen Tiere keinen Zugang haben. Die N\u00e4he der Vektoren zu den Nachweisfeldern reduziert die Wirksamkeit der Immunit\u00e4t bei Haustieren erheblich.<\/p>\n\t\t<\/div>\n\t\t\t\t\t<\/div>\n\n\t\n\n\t<div id=\"col-152628110\" class=\"col medium-4 small-12 large-4\"  >\n\t\t\t\t<div class=\"col-inner\"  >\n\t\t\t\n\t\t\t\n\t<div class=\"img has-hover x md-x lg-x y md-y lg-y\" id=\"image_532081056\">\n\t\t\t\t\t\t\t\t<div class=\"img-inner dark\" >\n\t\t\t<img loading=\"lazy\" decoding=\"async\" width=\"800\" height=\"500\" src=\"https:\/\/ajax-alarme.ch\/wp-content\/uploads\/2022\/02\/dualcurtain_outdoor-4.jpg\" class=\"attachment-large size-large\" alt=\"\" srcset=\"https:\/\/ajax-alarme.ch\/wp-content\/uploads\/2022\/02\/dualcurtain_outdoor-4.jpg 800w, https:\/\/ajax-alarme.ch\/wp-content\/uploads\/2022\/02\/dualcurtain_outdoor-4-510x319.jpg 510w, https:\/\/ajax-alarme.ch\/wp-content\/uploads\/2022\/02\/dualcurtain_outdoor-4-640x400.jpg 640w, https:\/\/ajax-alarme.ch\/wp-content\/uploads\/2022\/02\/dualcurtain_outdoor-4-768x480.jpg 768w, https:\/\/ajax-alarme.ch\/wp-content\/uploads\/2022\/02\/dualcurtain_outdoor-4-600x375.jpg 600w\" sizes=\"auto, (max-width: 800px) 100vw, 800px\" \/>\t\t\t\t\t\t\n\t\t\t\t\t<\/div>\n\t\t\t\t\t\t\t\t\n<style>\n#image_532081056 {\n  width: 100%;\n}\n<\/style>\n\t<\/div>\n\t\n\t\t<\/div>\n\t\t\t\t\t<\/div>\n\n\t\n<\/div>\n<div class=\"text-center\"><div class=\"is-divider divider clearfix\" style=\"margin-top:20px;margin-bottom:20px;max-width:300px;height:2px;\"><\/div><\/div>\n<div class=\"row\"  id=\"row-2014083698\">\n\n\t<div id=\"col-710002109\" class=\"col medium-8 small-12 large-8\"  >\n\t\t\t\t<div class=\"col-inner\"  >\n\t\t\t\n\t\t\t\n<h3><b>Perimetrischer Au\u00dfenschutz &#8211; Dual Curtain Outdoor<\/b><\/h3>\n<p>  DualCurtain Outdoor \u00fcberwacht den Umfang des zu sch\u00fctzenden Raumes, ohne die Personen im Inneren zu st\u00f6ren. Zwei unabh\u00e4ngige optische Systeme mit engen Erfassungsfeldern und skalierbaren Parametern erm\u00f6glichen es Ihnen, einen Erfassungsbereich \u00fcber eine Entfernung von 30 m genau zu definieren und gleichzeitig Fehlalarme zu vermeiden.<\/p>\n\t\t<\/div>\n\t\t\t\t\t<\/div>\n\n\t\n\n\t<div id=\"col-1120260807\" class=\"col medium-4 small-12 large-4\"  >\n\t\t\t\t<div class=\"col-inner\"  >\n\t\t\t\n\t\t\t\n\t<div class=\"img has-hover x md-x lg-x y md-y lg-y\" id=\"image_269244371\">\n\t\t\t\t\t\t\t\t<div class=\"img-inner dark\" >\n\t\t\t<img loading=\"lazy\" decoding=\"async\" width=\"800\" height=\"500\" src=\"https:\/\/ajax-alarme.ch\/wp-content\/uploads\/2022\/02\/dualcurtain_outdoor-1-2.jpg\" class=\"attachment-large size-large\" alt=\"\" srcset=\"https:\/\/ajax-alarme.ch\/wp-content\/uploads\/2022\/02\/dualcurtain_outdoor-1-2.jpg 800w, https:\/\/ajax-alarme.ch\/wp-content\/uploads\/2022\/02\/dualcurtain_outdoor-1-2-510x319.jpg 510w, https:\/\/ajax-alarme.ch\/wp-content\/uploads\/2022\/02\/dualcurtain_outdoor-1-2-640x400.jpg 640w, https:\/\/ajax-alarme.ch\/wp-content\/uploads\/2022\/02\/dualcurtain_outdoor-1-2-768x480.jpg 768w, https:\/\/ajax-alarme.ch\/wp-content\/uploads\/2022\/02\/dualcurtain_outdoor-1-2-600x375.jpg 600w\" sizes=\"auto, (max-width: 800px) 100vw, 800px\" \/>\t\t\t\t\t\t\n\t\t\t\t\t<\/div>\n\t\t\t\t\t\t\t\t\n<style>\n#image_269244371 {\n  width: 100%;\n}\n<\/style>\n\t<\/div>\n\t\n\t\t<\/div>\n\t\t\t\t\t<\/div>\n\n\t\n\n\t<div id=\"col-308666754\" class=\"col small-12 large-12\"  >\n\t\t\t\t<div class=\"col-inner\"  >\n\t\t\t\n\t\t\t\n<div class=\"text-center\"><div class=\"is-divider divider clearfix\" style=\"margin-top:20px;margin-bottom:20px;max-width:300px;height:2px;\"><\/div><\/div>\n\t\t<\/div>\n\t\t\t\t\t<\/div>\n\n\t\n\n\t<div id=\"col-1289354844\" class=\"col medium-5 small-12 large-5\"  >\n\t\t\t\t<div class=\"col-inner\"  >\n\t\t\t\n\t\t\t\n\t<div class=\"img has-hover x md-x lg-x y md-y lg-y\" id=\"image_1625001483\">\n\t\t\t\t\t\t\t\t<div class=\"img-inner dark\" >\n\t\t\t<img loading=\"lazy\" decoding=\"async\" width=\"800\" height=\"500\" src=\"https:\/\/ajax-alarme.ch\/wp-content\/uploads\/2022\/02\/dualcurtain_outdoor-2.jpg\" class=\"attachment-large size-large\" alt=\"\" srcset=\"https:\/\/ajax-alarme.ch\/wp-content\/uploads\/2022\/02\/dualcurtain_outdoor-2.jpg 800w, https:\/\/ajax-alarme.ch\/wp-content\/uploads\/2022\/02\/dualcurtain_outdoor-2-510x319.jpg 510w, https:\/\/ajax-alarme.ch\/wp-content\/uploads\/2022\/02\/dualcurtain_outdoor-2-640x400.jpg 640w, https:\/\/ajax-alarme.ch\/wp-content\/uploads\/2022\/02\/dualcurtain_outdoor-2-768x480.jpg 768w, https:\/\/ajax-alarme.ch\/wp-content\/uploads\/2022\/02\/dualcurtain_outdoor-2-600x375.jpg 600w\" sizes=\"auto, (max-width: 800px) 100vw, 800px\" \/>\t\t\t\t\t\t\n\t\t\t\t\t<\/div>\n\t\t\t\t\t\t\t\t\n<style>\n#image_1625001483 {\n  width: 100%;\n}\n<\/style>\n\t<\/div>\n\t\n\t\t<\/div>\n\t\t\t\t\t<\/div>\n\n\t\n\n\t<div id=\"col-540507756\" class=\"col medium-7 small-12 large-7\"  >\n\t\t\t\t<div class=\"col-inner\"  >\n\t\t\t\n\t\t\t\n<h3>Fortschrittliche Technologie<\/h3>\n<p>  Die Seitenfl\u00e4chen des Detektors sind mit zwei optischen Schmalfeldsystemen ausgestattet, die jeweils mit zwei PIR-Sensoren best\u00fcckt sind. Dank der Temperaturkompensation ist die Erkennung immer pr\u00e4zise. Die Signale der Sensoren werden von unserem neuen digitalen Algorithmus ELSA analysiert. Wenn zwei Sensoren desselben optischen Systems gleichzeitig eine menschliche Bewegung erfassen, l\u00f6st der Melder einen Alarm aus.<\/p>\n\t\t<\/div>\n\t\t\t\t\t<\/div>\n\n\t\n<\/div>\n<div class=\"row\"  id=\"row-52134569\">\n\n\t<div id=\"col-386063235\" class=\"col small-12 large-12\"  >\n\t\t\t\t<div class=\"col-inner\"  >\n\t\t\t\n\t\t\t\n<div class=\"text-center\"><div class=\"is-divider divider clearfix\" style=\"margin-top:20px;margin-bottom:20px;max-width:300px;height:2px;\"><\/div><\/div>\n\t\t<\/div>\n\t\t\t\t\t<\/div>\n\n\t\n<\/div>\n<div class=\"row\"  id=\"row-1377817134\">\n\n\t<div id=\"col-889413486\" class=\"col small-12 large-12\"  >\n\t\t\t\t<div class=\"col-inner\"  >\n\t\t\t\n\t\t\t\n<div class=\"row\"  id=\"row-390707881\">\n\n\t<div id=\"col-1665529760\" class=\"col medium-7 small-12 large-7\"  >\n\t\t\t\t<div class=\"col-inner\"  >\n\t\t\t\n\t\t\t\n<h3>Zwei unabh\u00e4ngige Melder in einem Geh\u00e4use<\/h3>\n<p>  Die Erfassungsreichweite der beiden optischen Systeme kann unabh\u00e4ngig voneinander eingestellt werden. So k\u00f6nnen Sie den von DualCurtain Outdoor zu sch\u00fctzenden Bereich genau definieren und Fehlalarme durch einen windbewegten Busch oder Passanten auf dem B\u00fcrgersteig vermeiden. Um zu verhindern, dass das Erfassungsfeld durch eine S\u00e4ule oder eine Regenrinne an der Fassade versperrt wird, k\u00f6nnen die optischen Systeme vertikal neu ausgerichtet werden. Sie k\u00f6nnen die Empfindlichkeit einstellen oder eines der optischen Systeme in der Anwendung deaktivieren.<\/p>\n\t\t<\/div>\n\t\t\t\t\t<\/div>\n\n\t\n\n\t<div id=\"col-924704183\" class=\"col medium-5 small-12 large-5\"  >\n\t\t\t\t<div class=\"col-inner\"  >\n\t\t\t\n\t\t\t\n\t<div class=\"img has-hover x md-x lg-x y md-y lg-y\" id=\"image_1096682344\">\n\t\t\t\t\t\t\t\t<div class=\"img-inner dark\" >\n\t\t\t<img loading=\"lazy\" decoding=\"async\" width=\"800\" height=\"500\" src=\"https:\/\/ajax-alarme.ch\/wp-content\/uploads\/2022\/02\/dualcurtain_outdoor-3.jpg\" class=\"attachment-large size-large\" alt=\"\" srcset=\"https:\/\/ajax-alarme.ch\/wp-content\/uploads\/2022\/02\/dualcurtain_outdoor-3.jpg 800w, https:\/\/ajax-alarme.ch\/wp-content\/uploads\/2022\/02\/dualcurtain_outdoor-3-510x319.jpg 510w, https:\/\/ajax-alarme.ch\/wp-content\/uploads\/2022\/02\/dualcurtain_outdoor-3-640x400.jpg 640w, https:\/\/ajax-alarme.ch\/wp-content\/uploads\/2022\/02\/dualcurtain_outdoor-3-768x480.jpg 768w, https:\/\/ajax-alarme.ch\/wp-content\/uploads\/2022\/02\/dualcurtain_outdoor-3-600x375.jpg 600w\" sizes=\"auto, (max-width: 800px) 100vw, 800px\" \/>\t\t\t\t\t\t\n\t\t\t\t\t<\/div>\n\t\t\t\t\t\t\t\t\n<style>\n#image_1096682344 {\n  width: 100%;\n}\n<\/style>\n\t<\/div>\n\t\n\t\t<\/div>\n\t\t\t\t\t<\/div>\n\n\t\n<\/div>\n\t\t<\/div>\n\t\t\t\t\t<\/div>\n\n\t\n<\/div>\n<div class=\"row\"  id=\"row-1640696341\">\n\n\t<div id=\"col-483235316\" class=\"col small-12 large-12\"  >\n\t\t\t\t<div class=\"col-inner\"  >\n\t\t\t\n\t\t\t\n<div class=\"text-center\"><div class=\"is-divider divider clearfix\" style=\"margin-top:20px;margin-bottom:20px;max-width:300px;height:2px;\"><\/div><\/div>\n\t\t<\/div>\n\t\t\t\t\t<\/div>\n\n\t\n\n\t<div id=\"col-1111627698\" class=\"col small-12 large-12\"  >\n\t\t\t\t<div class=\"col-inner\"  >\n\t\t\t\n\t\t\t\n<p>Technische Spezifikationen  <\/p>\n<ul>\n<li>Kompatibilit\u00e4t Hub Plus, Hub 2, Hub 2 Plus, ReX, ReX<\/li>\n<li>Sensorelement IR-Sensor, 2 auf jeder Seite<\/li>\n<li>Bewegungserkennungsdistanz 4 bis 15 Meter (auf jeder Seite, je nach Einstellungen)<\/li>\n<li>Erfassungswinkel, horizontal 4,5\u00b0<\/li>\n<li>M\u00f6glichkeit, den horizontalen Blickwinkel abzuweichen Ja, um 3\u00b0.<\/li>\n<li>Geschwindigkeit der Bewegungserkennung Von 0,3 bis 2 m\/s<\/li>\n<li>Option zur Immunit\u00e4t gegen Haustiere<\/li>\n<li>Ja Der Detektor ignoriert Tiere bis zu 80 Zentimetern Entfernung<\/li>\n<li>Nahbereichserkennung<\/li>\n<li>Schutz vor Fehlausl\u00f6sungen<\/li>\n<li>Sabotageschutz<\/li>\n<li>Schutz vor Blendung<\/li>\n<li>Installation Drau\u00dfen und drinnen<\/li>\n<li>Frequenzband 868,0 &#8211; 868,6 MHz<\/li>\n<li>Maximale Funksignalst\u00e4rke 6,35 mW (begrenzt auf bis zu \u043c\u0412\u0442)<\/li>\n<li>Modulation des Funksignals GFSK<\/li>\n<li>Reichweite des Funksignals<\/li>\n<li>Bis zu 1700 m (im offenen Feld)<\/li>\n<li>Stromversorgung 2 CR123-Batterien, 3V<\/li>\n<li>Batterielebensdauer Bis zu 4 Jahre<\/li>\n<li>Schutzklasse IP54<\/li>\n<li>Betriebstemperaturbereich Von -25 \u00b0\u0421 bis +60 \u00b0\u0421<\/li>\n<li>Luftfeuchtigkeit beim Betrieb Bis zu 95%<\/li>\n<li>Abmessungen 174 \u00d7 123 \u00d7 88 mm<\/li>\n<li>Gewicht 615 g<\/li>\n<\/ul>\n\t\t<\/div>\n\t\t\t\t\t<\/div>\n\n\t\n<\/div>\n","protected":false},"excerpt":{"rendered":"<p id=\"product_condition\">Dieser doppelte Vorhangmelder erm\u00f6glicht es, einen Au\u00dfenbereich in 180\u00b0 \u00fcber eine Entfernung von 30 m zu sch\u00fctzen, und zwar in der Umgebung des Hauses, auf der Terrasse, im Garten&#8230; Diese Technologie erm\u00f6glicht es, das Haus jederzeit zu sch\u00fctzen, auch wenn es besetzt ist.\/p&gt;<\/p>\n","protected":false},"featured_media":2904,"comment_status":"closed","ping_status":"closed","template":"","meta":[],"product_brand":[],"product_cat":[142],"product_tag":[],"class_list":{"0":"post-3659","1":"product","2":"type-product","3":"status-publish","4":"has-post-thumbnail","6":"product_cat-detektoren-im-ausenbereich","8":"first","9":"instock","10":"sale","11":"shipping-taxable","12":"purchasable","13":"product-type-simple"},"_links":{"self":[{"href":"https:\/\/ajax-alarme.ch\/de\/wp-json\/wp\/v2\/product\/3659","targetHints":{"allow":["GET"]}}],"collection":[{"href":"https:\/\/ajax-alarme.ch\/de\/wp-json\/wp\/v2\/product"}],"about":[{"href":"https:\/\/ajax-alarme.ch\/de\/wp-json\/wp\/v2\/types\/product"}],"replies":[{"embeddable":true,"href":"https:\/\/ajax-alarme.ch\/de\/wp-json\/wp\/v2\/comments?post=3659"}],"wp:featuredmedia":[{"embeddable":true,"href":"https:\/\/ajax-alarme.ch\/de\/wp-json\/wp\/v2\/media\/2904"}],"wp:attachment":[{"href":"https:\/\/ajax-alarme.ch\/de\/wp-json\/wp\/v2\/media?parent=3659"}],"wp:term":[{"taxonomy":"product_brand","embeddable":true,"href":"https:\/\/ajax-alarme.ch\/de\/wp-json\/wp\/v2\/product_brand?post=3659"},{"taxonomy":"product_cat","embeddable":true,"href":"https:\/\/ajax-alarme.ch\/de\/wp-json\/wp\/v2\/product_cat?post=3659"},{"taxonomy":"product_tag","embeddable":true,"href":"https:\/\/ajax-alarme.ch\/de\/wp-json\/wp\/v2\/product_tag?post=3659"}],"curies":[{"name":"wp","href":"https:\/\/api.w.org\/{rel}","templated":true}]}}