{"id":3657,"date":"2023-06-06T11:47:10","date_gmt":"2023-06-06T09:47:10","guid":{"rendered":"https:\/\/ajax-alarme.ch\/product\/lifequality-temperatur-luftfeuchtigkeits-co2-sensor\/"},"modified":"2025-08-05T19:45:54","modified_gmt":"2025-08-05T17:45:54","slug":"lifequality-temperatur-luftfeuchtigkeits-co2-sensor","status":"publish","type":"product","link":"https:\/\/ajax-alarme.ch\/de\/product\/lifequality-temperatur-luftfeuchtigkeits-co2-sensor\/","title":{"rendered":"LifeQuality &#8211; Temperatur- + Luftfeuchtigkeits- + Co2-Sensor"},"content":{"rendered":"<div class=\"row\"  id=\"row-1727569040\">\n\n\t<div id=\"col-1334266227\" class=\"col medium-6 small-12 large-6\"  >\n\t\t\t\t<div class=\"col-inner\"  >\n\t\t\t\n\t\t\t\n<div class=\"is-divider divider clearfix\" style=\"max-width:0px;\"><\/div>\n<h2><strong>Surveillez la qualit\u00e9 de l&#8217;air int\u00e9rieure<\/strong><\/h2>\n<p>Une mauvaise qualit\u00e9 de l&#8217;air nuit \u00e0 la sant\u00e9 et r\u00e9duit la productivit\u00e9. Il a \u00e9t\u00e9 d\u00e9montr\u00e9 que des niveaux de dioxyde de carbone (CO<sub>2<\/sub>) trop importants pouvaient provoquer une apathie, une fatigue et avoir des effets n\u00e9fastes sur la prise de d\u00e9cision.<\/p>\n<p>LifeQuality est un moniteur de qualit\u00e9 de l&#8217;air intelligent dot\u00e9 de capteurs de temp\u00e9rature, d&#8217;humidit\u00e9 et de CO<sub>2<\/sub> qui vous permet d&#8217;\u00e9valuer la dynamique de la qualit\u00e9 de l&#8217;air dans votre maison, votre bureau, votre lieu de travail ou toute autre pi\u00e8ce. Les utilisateurs b\u00e9n\u00e9ficient d&#8217;une pr\u00e9cision de mesure de qualit\u00e9 m\u00e9dicale, d&#8217;informations compl\u00e8tes dans l&#8217;application et de sc\u00e9narios d&#8217;automatisation. Un syst\u00e8me de s\u00e9curit\u00e9 Ajax dot\u00e9 d&#8217;un appareil LifeQuality et de dispositifs d&#8217;automatisation sera capable d&#8217;activer un ventilateur ou humidificateur si les indicateurs de qualit\u00e9 de l&#8217;air ne sont pas confortables.<\/p>\n\t<div class=\"img has-hover x md-x lg-x y md-y lg-y\" id=\"image_2002339624\">\n\t\t\t\t\t\t\t\t<div class=\"img-inner dark\" >\n\t\t\t<img loading=\"lazy\" decoding=\"async\" width=\"702\" height=\"390\" src=\"https:\/\/ajax-alarme.ch\/wp-content\/uploads\/2023\/06\/capteurs.jpg\" class=\"attachment-large size-large\" alt=\"\" srcset=\"https:\/\/ajax-alarme.ch\/wp-content\/uploads\/2023\/06\/capteurs.jpg 702w, https:\/\/ajax-alarme.ch\/wp-content\/uploads\/2023\/06\/capteurs-510x283.jpg 510w\" sizes=\"auto, (max-width: 702px) 100vw, 702px\" \/>\t\t\t\t\t\t\n\t\t\t\t\t<\/div>\n\t\t\t\t\t\t\t\t\n<style>\n#image_2002339624 {\n  width: 100%;\n}\n<\/style>\n\t<\/div>\n\t\n\t\t<\/div>\n\t\t\t\t\t<\/div>\n\n\t\n\n\t<div id=\"col-2054457991\" class=\"col medium-6 small-12 large-6\"  >\n\t\t\t\t<div class=\"col-inner\"  >\n\t\t\t\n\t\t\t\n\t<div class=\"img has-hover x md-x lg-x y md-y lg-y\" id=\"image_92090683\">\n\t\t\t\t\t\t\t\t<div class=\"img-inner dark\" style=\"margin:50px 0px 0px 50px;\">\n\t\t\t<img loading=\"lazy\" decoding=\"async\" width=\"440\" height=\"800\" src=\"https:\/\/ajax-alarme.ch\/wp-content\/uploads\/2023\/06\/LifeQuality-440x800.jpg\" class=\"attachment-large size-large\" alt=\"\" srcset=\"https:\/\/ajax-alarme.ch\/wp-content\/uploads\/2023\/06\/LifeQuality-440x800.jpg 440w, https:\/\/ajax-alarme.ch\/wp-content\/uploads\/2023\/06\/LifeQuality-510x927.jpg 510w, https:\/\/ajax-alarme.ch\/wp-content\/uploads\/2023\/06\/LifeQuality-220x400.jpg 220w, https:\/\/ajax-alarme.ch\/wp-content\/uploads\/2023\/06\/LifeQuality.jpg 716w\" sizes=\"auto, (max-width: 440px) 100vw, 440px\" \/>\t\t\t\t\t\t\n\t\t\t\t\t<\/div>\n\t\t\t\t\t\t\t\t\n<style>\n#image_92090683 {\n  width: 89%;\n}\n<\/style>\n\t<\/div>\n\t\n\t\t<\/div>\n\t\t\t\t\t<\/div>\n\n\t\n<\/div>\n<div class=\"is-divider divider clearfix\" style=\"max-width:0px;\"><\/div>\n<div class=\"row\"  id=\"row-18116321\">\n\n\t<div id=\"col-1517752267\" class=\"col medium-6 small-12 large-6\"  >\n\t\t\t\t<div class=\"col-inner\"  >\n\t\t\t\n\t\t\t\n\t<div class=\"img has-hover x md-x lg-x y md-y lg-y\" id=\"image_1848578024\">\n\t\t\t\t\t\t\t\t<div class=\"img-inner dark\" >\n\t\t\t\t\t\t\t\t\t\n\t\t\t\t\t<\/div>\n\t\t\t\t\t\t\t\t\n<style>\n#image_1848578024 {\n  width: 100%;\n}\n<\/style>\n\t<\/div>\n\t\n\t<div class=\"img has-hover x md-x lg-x y md-y lg-y\" id=\"image_588119688\">\n\t\t\t\t\t\t\t\t<div class=\"img-inner dark\" >\n\t\t\t<img loading=\"lazy\" decoding=\"async\" width=\"1112\" height=\"1112\" src=\"https:\/\/ajax-alarme.ch\/wp-content\/uploads\/2023\/06\/ledquality.jpg\" class=\"attachment-original size-original\" alt=\"\" srcset=\"https:\/\/ajax-alarme.ch\/wp-content\/uploads\/2023\/06\/ledquality.jpg 1112w, https:\/\/ajax-alarme.ch\/wp-content\/uploads\/2023\/06\/ledquality-247x247.jpg 247w, https:\/\/ajax-alarme.ch\/wp-content\/uploads\/2023\/06\/ledquality-100x100.jpg 100w, https:\/\/ajax-alarme.ch\/wp-content\/uploads\/2023\/06\/ledquality-510x510.jpg 510w, https:\/\/ajax-alarme.ch\/wp-content\/uploads\/2023\/06\/ledquality-400x400.jpg 400w, https:\/\/ajax-alarme.ch\/wp-content\/uploads\/2023\/06\/ledquality-800x800.jpg 800w, https:\/\/ajax-alarme.ch\/wp-content\/uploads\/2023\/06\/ledquality-280x280.jpg 280w, https:\/\/ajax-alarme.ch\/wp-content\/uploads\/2023\/06\/ledquality-768x768.jpg 768w, https:\/\/ajax-alarme.ch\/wp-content\/uploads\/2023\/06\/ledquality-50x50.jpg 50w\" sizes=\"auto, (max-width: 1112px) 100vw, 1112px\" \/>\t\t\t\t\t\t\n\t\t\t\t\t<\/div>\n\t\t\t\t\t\t\t\t\n<style>\n#image_588119688 {\n  width: 100%;\n}\n<\/style>\n\t<\/div>\n\t\n\t<div class=\"img has-hover x md-x lg-x y md-y lg-y\" id=\"image_1975954393\">\n\t\t\t\t\t\t\t\t<div class=\"img-inner dark\" style=\"margin:0px 0px 0px 0px;\">\n\t\t\t\t\t\t\t\t\t\n\t\t\t\t\t<\/div>\n\t\t\t\t\t\t\t\t\n<style>\n#image_1975954393 {\n  width: 84%;\n}\n<\/style>\n\t<\/div>\n\t\n\t\t<\/div>\n\t\t\t\t\t<\/div>\n\n\t\n\n\t<div id=\"col-848702175\" class=\"col medium-6 small-12 large-6\"  >\n\t\t\t\t<div class=\"col-inner\"  >\n\t\t\t\n\t\t\t\n<div class=\"is-divider divider clearfix\" style=\"max-width:0px;\"><\/div>\n<h2><strong>Mehrfarbige LED-Anzeige<\/strong><\/h2>\n<p>  Es ist nicht notwendig, Ajax-Anwendungen zu \u00f6ffnen, um den Zustand der Luftqualit\u00e4t in einem Raum zu bestimmen. Die LED leuchtet je nach<sub>CO2-Wert<\/sub> gr\u00fcn, gelb, rot oder violett. Sie m\u00fcssen nur einmal auf das Logo auf dem Detektor tippen. Der Sunrise-Sensor von Senseair ist ein optischer NDIR-Sensor, der von schwedischen Entwicklern entworfen wurde. Diese Technologie misst den Kohlendioxidgehalt in der Luft direkt, ohne mathematische Modelle zu verwenden. Mit einem durchschnittlichen Verbrauch von 45 \u03bcA ist der Sensor energiesparend und garantiert mindestens 15 Jahre lang Messungen mit einer Genauigkeit von \u00b1(30 + 3 %) ppm.<\/p>\n\t\t<\/div>\n\t\t\t\t\t<\/div>\n\n\t\n<\/div>\n<div class=\"is-divider divider clearfix\" style=\"max-width:0px;\"><\/div>\n<div class=\"row\"  id=\"row-1975397600\">\n\n\t<div id=\"col-1315731775\" class=\"col medium-6 small-12 large-6\"  >\n\t\t\t\t<div class=\"col-inner\"  >\n\t\t\t\n\t\t\t\n<h2>Technische Spezifikationen<\/h2>\n<p>  Kompatibilit\u00e4t: HUB2+, HUB2, REX, REX2 Sensoren: Temperatur, Luftfeuchtigkeit, Kohlendioxid CO<br \/>\n<g id=\"gid_0\">2 <\/g>Empfindlichkeit Temperatursensor: \u00b10.2\u00b0C (0\u00b0C to +50\u00b0C) Empfindlichkeit Feuchtigkeitssensor: \u00b11.8% (0-100%) Empfindlichkeit CO<br \/>\n<g id=\"gid_1\">2<\/g>: \u00b130 ppm oder \u00b13% (400-5000ppm) Gr\u00fcne LED-Anzeige: normale Luft Gelbe LED-Anzeige: leicht verschmutzte Luft Rote LED-Anzeige: verschmutzte Luft Violette LED-Anzeige: stark verschmutzte Luft Stromversorgung: 2 x CR123A Abmessungen: 77 \u00d7 77 \u00d7 34,5 mm Gewicht: 127 g  <\/p>\n<div id=\"short_description_block\">\n<div id=\"short_description_content\" class=\"rte align_justify\"><\/div>\n<\/div>\n\t\t<\/div>\n\t\t\t\t\t<\/div>\n\n\t\n\n\t<div id=\"col-207695104\" class=\"col medium-6 small-12 large-6\"  >\n\t\t\t\t<div class=\"col-inner\"  >\n\t\t\t\n\t\t\t\n\t<div class=\"img has-hover x md-x lg-x y md-y lg-y\" id=\"image_2107894442\">\n\t\t\t\t\t\t\t\t<div class=\"img-inner dark\" >\n\t\t\t<img loading=\"lazy\" decoding=\"async\" width=\"750\" height=\"467\" src=\"https:\/\/ajax-alarme.ch\/wp-content\/uploads\/2023\/06\/qualitylevel.jpg\" class=\"attachment-large size-large\" alt=\"\" srcset=\"https:\/\/ajax-alarme.ch\/wp-content\/uploads\/2023\/06\/qualitylevel.jpg 750w, https:\/\/ajax-alarme.ch\/wp-content\/uploads\/2023\/06\/qualitylevel-510x318.jpg 510w, https:\/\/ajax-alarme.ch\/wp-content\/uploads\/2023\/06\/qualitylevel-642x400.jpg 642w\" sizes=\"auto, (max-width: 750px) 100vw, 750px\" \/>\t\t\t\t\t\t\n\t\t\t\t\t<\/div>\n\t\t\t\t\t\t\t\t\n<style>\n#image_2107894442 {\n  width: 100%;\n}\n<\/style>\n\t<\/div>\n\t\n\t\t<\/div>\n\t\t\t\t\t<\/div>\n\n\t\n<\/div>\n<p>Der Ajax LifeQuality ist ein intelligenter, drahtloser Luftqualit\u00e4tsmonitor und CO2-Sensor mit eingebauten Feuchtigkeits- und Temperatursensoren, mit dem Sie die Dynamik der Luftqualit\u00e4t zu Hause, im B\u00fcro, am Arbeitsplatz oder in jedem anderen Raum bewerten k\u00f6nnen. Die Nutzer profitieren von einer Messgenauigkeit in medizinischer Qualit\u00e4t, umfassenden Informationen in der Anwendung und Automatisierungsszenarien. Der Schweizer Sensor SHT40 von Sensirion gew\u00e4hrleistet die Genauigkeit der Temperatur- und Feuchtigkeitsmessungen von LifeQuality. Der schwedische Sunrise-Detektor von Senseair misst die CO2-Konzentration. Diese zuverl\u00e4ssigen Detektoren werden sogar in medizinischen Ger\u00e4ten eingesetzt. Der kombinierte Feuchtigkeits- und Temperatursensor wird in einem isolierten Bereich der Platine installiert, so dass die Messwerte des Sensors nicht durch die Erw\u00e4rmung anderer Teile des Ger\u00e4ts beeinflusst werden. Zur Messung von CO2 wird ein NDIR-Detektor anstelle von VOC-Sensoren verwendet, die die Kohlenstoffkonzentration mathematisch berechnen. LifeQuality gibt keine falschen Messwerte aus, die aufgrund von Substanzd\u00e4mpfen, Aerosolen oder Parf\u00fcms auftreten k\u00f6nnen.  <div class=\"is-divider divider clearfix\" style=\"max-width:0px;\"><\/div>\n","protected":false},"excerpt":{"rendered":"<p id=\"product_manufacturer\">Life Quality Sensor ist ein intelligenter Luftqualit\u00e4tssensor mit Temperatur-, Feuchtigkeits- und<sub>CO2-Sensoren<\/sub>, mit dem Sie die Dynamik der Luftqualit\u00e4t in Ihrer Wohnung, Ihrem B\u00fcro, Ihrem Arbeitsplatz oder jedem anderen Raum bewerten k\u00f6nnen.<\/p>\n","protected":false},"featured_media":5219,"comment_status":"closed","ping_status":"closed","template":"","meta":[],"product_brand":[],"product_cat":[156],"product_tag":[],"class_list":{"0":"post-3657","1":"product","2":"type-product","3":"status-publish","4":"has-post-thumbnail","6":"product_cat-hausliche-risiken","8":"first","9":"instock","10":"sale","11":"shipping-taxable","12":"purchasable","13":"product-type-variable"},"_links":{"self":[{"href":"https:\/\/ajax-alarme.ch\/de\/wp-json\/wp\/v2\/product\/3657","targetHints":{"allow":["GET"]}}],"collection":[{"href":"https:\/\/ajax-alarme.ch\/de\/wp-json\/wp\/v2\/product"}],"about":[{"href":"https:\/\/ajax-alarme.ch\/de\/wp-json\/wp\/v2\/types\/product"}],"replies":[{"embeddable":true,"href":"https:\/\/ajax-alarme.ch\/de\/wp-json\/wp\/v2\/comments?post=3657"}],"wp:featuredmedia":[{"embeddable":true,"href":"https:\/\/ajax-alarme.ch\/de\/wp-json\/wp\/v2\/media\/5219"}],"wp:attachment":[{"href":"https:\/\/ajax-alarme.ch\/de\/wp-json\/wp\/v2\/media?parent=3657"}],"wp:term":[{"taxonomy":"product_brand","embeddable":true,"href":"https:\/\/ajax-alarme.ch\/de\/wp-json\/wp\/v2\/product_brand?post=3657"},{"taxonomy":"product_cat","embeddable":true,"href":"https:\/\/ajax-alarme.ch\/de\/wp-json\/wp\/v2\/product_cat?post=3657"},{"taxonomy":"product_tag","embeddable":true,"href":"https:\/\/ajax-alarme.ch\/de\/wp-json\/wp\/v2\/product_tag?post=3657"}],"curies":[{"name":"wp","href":"https:\/\/api.w.org\/{rel}","templated":true}]}}