{"id":3643,"date":"2023-06-14T14:46:17","date_gmt":"2023-06-14T12:46:17","guid":{"rendered":"https:\/\/ajax-alarme.ch\/product\/ajax-waterstop-motorisiertes-wasserabsperrventil\/"},"modified":"2025-08-05T19:45:54","modified_gmt":"2025-08-05T17:45:54","slug":"ajax-waterstop-motorisiertes-wasserabsperrventil","status":"publish","type":"product","link":"https:\/\/ajax-alarme.ch\/de\/product\/ajax-waterstop-motorisiertes-wasserabsperrventil\/","title":{"rendered":"Ajax WaterStop &#8211; Motorisiertes Wasserabsperrventil."},"content":{"rendered":"<h1><strong>WOZU DAS GUT IST:<\/strong><\/h1>\n<h2><strong><img loading=\"lazy\" decoding=\"async\" class=\"wp-image-1596 alignright\" src=\"https:\/\/ajax-alarme.ch\/wp-content\/uploads\/2023\/06\/waterstop-435x400.jpeg\" alt=\"\" width=\"299\" height=\"275\" srcset=\"https:\/\/ajax-alarme.ch\/wp-content\/uploads\/2023\/06\/waterstop-435x400.jpeg 435w, https:\/\/ajax-alarme.ch\/wp-content\/uploads\/2023\/06\/waterstop-510x469.jpeg 510w, https:\/\/ajax-alarme.ch\/wp-content\/uploads\/2023\/06\/waterstop.jpeg 567w\" sizes=\"auto, (max-width: 299px) 100vw, 299px\" \/><\/strong><\/h2>\n<p>  WaterStop erm\u00f6glicht es Ihnen, die Wasserzufuhr mit Hilfe eines Ajax-Sicherheitssystems zu unterbrechen. Das Ger\u00e4t kombiniert ein hochwertiges Ventil und einen leistungsstarken elektrischen Antrieb mit einer Steuereinheit, die \u00fcber das verschl\u00fcsselte Jeweller-Funkprotokoll mit einem Ajax-Hub verbunden ist. Sie k\u00f6nnen WaterStop von jedem Ort der Welt aus steuern.  <\/p>\n<h2><strong>Vorteile :<\/strong><\/h2>\n<p>  \u00dcberpr\u00fcfen Sie jederzeit den Status des Ger\u00e4ts oder passen Sie die Position des Ventils an: Sie ben\u00f6tigen lediglich eine Internetverbindung und die Ajax-Anwendung. Wenn LeaksProtect oder ein Wasserleckdetektor eines Drittanbieters ausgel\u00f6st wird, schaltet WaterStop die Wasserzufuhr automatisch innerhalb von 5 Sekunden ab.  <\/p>\n<h2><strong>Technische Spezifikationen :  <\/strong><\/h2>\n<p>  Kompatibilit\u00e4t: HUB2+, REX2 Hauptstromversorgung: Batterie 4x CR123A (nicht im Lieferumfang enthalten) Hilfsstromversorgung: 7,5-14 V\u2393 (nicht im Lieferumfang enthalten) Wassertemperatur :<br \/>\n<g id=\"gid_0\">+5\u00b0\u0421 to +120\u00b0\u0421 <\/g><g id=\"gid_1\">Betriebstemperatur: 0\u00b0\u0421 to +60\u00b0\u0421 <\/g>Abm.<br \/>\n<g id=\"gid_3\">104 \u00d7 (140,150,159) \u00d7 70 mm <\/g><g id=\"gid_4\">(je nach Modell)<\/g> Gewicht<g id=\"gid_2\">: <\/g> 869 g    <span style=\"font-size: 14.4px;\">Schutzklasse: IP56<\/span><\/p>\n<div class=\"row\"  id=\"row-150536359\">\n\n\t<div id=\"col-1274942528\" class=\"col small-12 large-12\"  >\n\t\t\t\t<div class=\"col-inner\"  >\n\t\t\t\n\t\t\t\n<div class=\"video video-fit mb\" style=\"padding-top:56.25%;\"><p><iframe loading=\"lazy\" title=\"Ajax WaterStop: remotely controlled water shutoff electric valve\" width=\"1020\" height=\"574\" src=\"https:\/\/www.youtube.com\/embed\/a8jo0k222Qk?feature=oembed\" frameborder=\"0\" allow=\"accelerometer; autoplay; clipboard-write; encrypted-media; gyroscope; picture-in-picture; web-share\" allowfullscreen><\/iframe><\/p>\n<\/div>\n\t\t<\/div>\n\t\t\t\t\t<\/div>\n\n\t\n<\/div>\n","protected":false},"excerpt":{"rendered":"<p id=\"product_manufacturer\">WaterStop erm\u00f6glicht es Ihnen, die Wasserzufuhr mithilfe eines Ajax-Sicherheitssystems zu unterbrechen.<\/p>\n","protected":false},"featured_media":2982,"comment_status":"closed","ping_status":"closed","template":"","meta":[],"product_brand":[],"product_cat":[156],"product_tag":[],"class_list":{"0":"post-3643","1":"product","2":"type-product","3":"status-publish","4":"has-post-thumbnail","6":"product_cat-hausliche-risiken","8":"first","9":"instock","10":"sale","11":"shipping-taxable","12":"purchasable","13":"product-type-variable"},"_links":{"self":[{"href":"https:\/\/ajax-alarme.ch\/de\/wp-json\/wp\/v2\/product\/3643","targetHints":{"allow":["GET"]}}],"collection":[{"href":"https:\/\/ajax-alarme.ch\/de\/wp-json\/wp\/v2\/product"}],"about":[{"href":"https:\/\/ajax-alarme.ch\/de\/wp-json\/wp\/v2\/types\/product"}],"replies":[{"embeddable":true,"href":"https:\/\/ajax-alarme.ch\/de\/wp-json\/wp\/v2\/comments?post=3643"}],"wp:featuredmedia":[{"embeddable":true,"href":"https:\/\/ajax-alarme.ch\/de\/wp-json\/wp\/v2\/media\/2982"}],"wp:attachment":[{"href":"https:\/\/ajax-alarme.ch\/de\/wp-json\/wp\/v2\/media?parent=3643"}],"wp:term":[{"taxonomy":"product_brand","embeddable":true,"href":"https:\/\/ajax-alarme.ch\/de\/wp-json\/wp\/v2\/product_brand?post=3643"},{"taxonomy":"product_cat","embeddable":true,"href":"https:\/\/ajax-alarme.ch\/de\/wp-json\/wp\/v2\/product_cat?post=3643"},{"taxonomy":"product_tag","embeddable":true,"href":"https:\/\/ajax-alarme.ch\/de\/wp-json\/wp\/v2\/product_tag?post=3643"}],"curies":[{"name":"wp","href":"https:\/\/api.w.org\/{rel}","templated":true}]}}