{"id":3642,"date":"2023-10-10T16:30:21","date_gmt":"2023-10-10T14:30:21","guid":{"rendered":"https:\/\/ajax-alarme.ch\/product\/keypad-touchscreen\/"},"modified":"2025-08-05T19:45:42","modified_gmt":"2025-08-05T17:45:42","slug":"keypad-touchscreen","status":"publish","type":"product","link":"https:\/\/ajax-alarme.ch\/de\/product\/keypad-touchscreen\/","title":{"rendered":"KeyPad TouchScreen Codetastatur mit Touchscreen, Badge &amp; Bluetooth"},"content":{"rendered":"<div class=\"row\"  id=\"row-1914416193\">\n\n\t<div id=\"col-1761888930\" class=\"col medium-6 small-12 large-6\"  >\n\t\t\t\t<div class=\"col-inner\"  >\n\t\t\t\n\t\t\t\n<div class=\"is-divider divider clearfix\" style=\"max-width:0px;height:41px;\"><\/div>\n<h2><strong>Drahtlose KeyPad TouchScreen-Tastatur.<\/strong><\/h2>\n<p>  Ein hochaufl\u00f6sender Bildschirm fasst alle notwendigen Bedienelemente zusammen und garantiert so ein qualitativ hochwertiges und visuell beeindruckendes Bild. Mit einer automatischen Helligkeitsregelung und einem eleganten Glasmaterial bietet das Produkt \u00c4sthetik und Bequemlichkeit. KeyPad TouchScreen kombiniert Sicherheit mit intelligenter und zuverl\u00e4ssiger Verwaltung. Eine intuitive Benutzeroberfl\u00e4che, die <strong>der Ajax-Anwendung \u00e4hnelt<\/strong>, und mehrere Sprachoptionen machen sie zu einer benutzerfreundlichen L\u00f6sung. Das gro\u00dfe Display, ein Ausweisleser und Bluetooth-kompatible sowie die Code-Optionen sorgen f\u00fcr ein sicheres und effizientes Erlebnis.<\/p>\n\t\t<\/div>\n\t\t\t\t\t<\/div>\n\n\t\n\n\t<div id=\"col-412728735\" class=\"col medium-6 small-12 large-6\"  >\n\t\t\t\t<div class=\"col-inner\"  >\n\t\t\t\n\t\t\t\n\t<div class=\"img has-hover x md-x lg-x y md-y lg-y\" id=\"image_1918192144\">\n\t\t\t\t\t\t\t\t<div class=\"img-inner dark\" >\n\t\t\t\t\t\t\t\t\t\n\t\t\t\t\t<\/div>\n\t\t\t\t\t\t\t\t\n<style>\n#image_1918192144 {\n  width: 100%;\n}\n<\/style>\n\t<\/div>\n\t\n<div class=\"is-divider divider clearfix\" style=\"max-width:0px;height:41px;\"><\/div>\n\n  <div class=\"banner has-hover has-video\" id=\"banner-1087056695\">\n          <div class=\"banner-inner fill\">\n        <div class=\"banner-bg fill\" >\n                        \t<div class=\"video-overlay no-click fill visible\"><\/div>\n\t<video class=\"video-bg fill visible\" preload playsinline autoplay muted loop>\n\t\t<source src=\"https:\/\/ajax-alarme.ch\/wp-content\/uploads\/2023\/10\/kpt_screen_lg_0469d87f1f-2.mp4\" type=\"video\/mp4\">\t<\/video>\n                        \n                    <\/div>\n\t\t\n        <div class=\"banner-layers container\">\n            <div class=\"fill banner-link\"><\/div>            \n   <div id=\"text-box-1251191756\" class=\"text-box banner-layer x50 md-x50 lg-x50 y50 md-y50 lg-y50 res-text\">\n                                <div class=\"text-box-content text dark\">\n              \n              <div class=\"text-inner text-center\">\n                  \n<h3 class=\"uppercase\"><strong>NEU<\/strong><\/h3>\n<p>  Dies ist die Kopie der AJAX-Anwendung. Alles ist einfach zu benutzen<\/p>\n              <\/div>\n           <\/div>\n                            \n<style>\n#text-box-1251191756 {\n  width: 60%;\n}\n#text-box-1251191756 .text-box-content {\n  font-size: 100%;\n}\n<\/style>\n    <\/div>\n \n        <\/div>\n      <\/div>\n\n            \n<style>\n#banner-1087056695 {\n  padding-top: 500px;\n}\n<\/style>\n  <\/div>\n\n\n\t\t<\/div>\n\t\t\t\t\t<\/div>\n\n\t\n<\/div>\n<div class=\"is-divider divider clearfix\" style=\"max-width:0px;height:41px;\"><\/div>\n<div class=\"row\"  id=\"row-927435706\">\n\n\t<div id=\"col-1181730886\" class=\"col medium-3 small-12 large-3\"  >\n\t\t\t\t<div class=\"col-inner\"  >\n\t\t\t\n\t\t\t\n<div class=\"is-divider divider clearfix\" style=\"max-width:0px;height:0px;\"><\/div>\n\t<div class=\"img has-hover x md-x lg-x y md-y lg-y\" id=\"image_1719441492\">\n\t\t\t\t\t\t\t\t<div class=\"img-inner dark\" >\n\t\t\t\t\t\t\t\t\t\n\t\t\t\t\t<\/div>\n\t\t\t\t\t\t\t\t\n<style>\n#image_1719441492 {\n  width: 100%;\n}\n<\/style>\n\t<\/div>\n\t\n\t<div class=\"img has-hover x md-x lg-x y md-y lg-y\" id=\"image_2068407769\">\n\t\t\t\t\t\t\t\t<div class=\"img-inner dark\" >\n\t\t\t<img loading=\"lazy\" decoding=\"async\" width=\"1020\" height=\"740\" src=\"https:\/\/ajax-alarme.ch\/wp-content\/uploads\/2023\/10\/ts2-1103x800.jpg\" class=\"attachment-large size-large\" alt=\"\" srcset=\"https:\/\/ajax-alarme.ch\/wp-content\/uploads\/2023\/10\/ts2-1103x800.jpg 1103w, https:\/\/ajax-alarme.ch\/wp-content\/uploads\/2023\/10\/ts2-510x370.jpg 510w, https:\/\/ajax-alarme.ch\/wp-content\/uploads\/2023\/10\/ts2-551x400.jpg 551w, https:\/\/ajax-alarme.ch\/wp-content\/uploads\/2023\/10\/ts2-768x557.jpg 768w, https:\/\/ajax-alarme.ch\/wp-content\/uploads\/2023\/10\/ts2-1536x1114.jpg 1536w, https:\/\/ajax-alarme.ch\/wp-content\/uploads\/2023\/10\/ts2.jpg 1609w\" sizes=\"auto, (max-width: 1020px) 100vw, 1020px\" \/>\t\t\t\t\t\t\n\t\t\t\t\t<\/div>\n\t\t\t\t\t\t\t\t\n<style>\n#image_2068407769 {\n  width: 100%;\n}\n<\/style>\n\t<\/div>\n\t\n\t<div class=\"img has-hover x md-x lg-x y md-y lg-y\" id=\"image_2998786\">\n\t\t\t\t\t\t\t\t<div class=\"img-inner dark\" >\n\t\t\t<img loading=\"lazy\" decoding=\"async\" width=\"1020\" height=\"740\" src=\"https:\/\/ajax-alarme.ch\/wp-content\/uploads\/2023\/10\/ts3-1103x800.jpg\" class=\"attachment-large size-large\" alt=\"\" srcset=\"https:\/\/ajax-alarme.ch\/wp-content\/uploads\/2023\/10\/ts3-1103x800.jpg 1103w, https:\/\/ajax-alarme.ch\/wp-content\/uploads\/2023\/10\/ts3-510x370.jpg 510w, https:\/\/ajax-alarme.ch\/wp-content\/uploads\/2023\/10\/ts3-551x400.jpg 551w, https:\/\/ajax-alarme.ch\/wp-content\/uploads\/2023\/10\/ts3-768x557.jpg 768w, https:\/\/ajax-alarme.ch\/wp-content\/uploads\/2023\/10\/ts3-1536x1114.jpg 1536w, https:\/\/ajax-alarme.ch\/wp-content\/uploads\/2023\/10\/ts3.jpg 1609w\" sizes=\"auto, (max-width: 1020px) 100vw, 1020px\" \/>\t\t\t\t\t\t\n\t\t\t\t\t<\/div>\n\t\t\t\t\t\t\t\t\n<style>\n#image_2998786 {\n  width: 100%;\n}\n<\/style>\n\t<\/div>\n\t\n\t<div class=\"img has-hover x md-x lg-x y md-y lg-y\" id=\"image_100786681\">\n\t\t\t\t\t\t\t\t<div class=\"img-inner dark\" >\n\t\t\t<img loading=\"lazy\" decoding=\"async\" width=\"1020\" height=\"740\" src=\"https:\/\/ajax-alarme.ch\/wp-content\/uploads\/2023\/10\/ts1-1103x800.jpg\" class=\"attachment-large size-large\" alt=\"\" srcset=\"https:\/\/ajax-alarme.ch\/wp-content\/uploads\/2023\/10\/ts1-1103x800.jpg 1103w, https:\/\/ajax-alarme.ch\/wp-content\/uploads\/2023\/10\/ts1-510x370.jpg 510w, https:\/\/ajax-alarme.ch\/wp-content\/uploads\/2023\/10\/ts1-551x400.jpg 551w, https:\/\/ajax-alarme.ch\/wp-content\/uploads\/2023\/10\/ts1-768x557.jpg 768w, https:\/\/ajax-alarme.ch\/wp-content\/uploads\/2023\/10\/ts1-1536x1114.jpg 1536w, https:\/\/ajax-alarme.ch\/wp-content\/uploads\/2023\/10\/ts1.jpg 1609w\" sizes=\"auto, (max-width: 1020px) 100vw, 1020px\" \/>\t\t\t\t\t\t\n\t\t\t\t\t<\/div>\n\t\t\t\t\t\t\t\t\n<style>\n#image_100786681 {\n  width: 100%;\n}\n<\/style>\n\t<\/div>\n\t\n\t<div class=\"img has-hover x md-x lg-x y md-y lg-y\" id=\"image_1010852870\">\n\t\t\t\t\t\t\t\t<div class=\"img-inner dark\" >\n\t\t\t\t\t\t\t\t\t\n\t\t\t\t\t<\/div>\n\t\t\t\t\t\t\t\t\n<style>\n#image_1010852870 {\n  width: 81%;\n}\n<\/style>\n\t<\/div>\n\t\n\t\t<\/div>\n\t\t\t\t\t<\/div>\n\n\t\n\n\t<div id=\"col-2006018331\" class=\"col medium-9 small-12 large-9\"  >\n\t\t\t\t<div class=\"col-inner\"  >\n\t\t\t\n\t\t\t\n<div class=\"is-divider divider clearfix\" style=\"max-width:0px;height:33px;\"><\/div>\n<h3><strong>ZUGANG MIT IHREM SMARTPHONE<\/strong><\/h3>\n<p>  Steuern Sie die Tastatur \u00fcber ein Smartphone mit einer Ajax-App. Zugriffsrechte werden nur Personen gew\u00e4hrt, die vom Administrator genehmigt wurden.  <div class=\"is-divider divider clearfix\" style=\"max-width:0px;height:33px;\"><\/div>\n<h3><strong>ZUGANG MIT IHREM AUSWEIS<\/strong><\/h3>\n<p>  Wenn jemand die Passkarte oder den Tag-Schl\u00fcsselanh\u00e4nger benutzt, wird dies in den Ajax-Anwendungen im Ereignisprotokoll festgehalten.  <div class=\"is-divider divider clearfix\" style=\"max-width:0px;height:33px;\"><\/div>\n<h3><strong>ZUGANG MIT IHREM CODE<\/strong><\/h3>\n<p class=\"fs-4 mb-32\">KeyPad TouchScreen unterst\u00fctzt die pers\u00f6nlichen Codetypen, aber es ist auch m\u00f6glich, einen Code pro Tastatur, einen Code pro Benutzer oder einen Code f\u00fcr einen Gastbenutzer zu erstellen.<\/p>\n\t\t<\/div>\n\t\t\t\t\t<\/div>\n\n\t\n<\/div>\n<div class=\"is-divider divider clearfix\" style=\"max-width:0px;height:41px;\"><\/div>\n\t<div class=\"img has-hover x md-x lg-x y md-y lg-y\" id=\"image_1638726168\">\n\t\t\t\t\t\t\t\t<div class=\"img-inner dark\" >\n\t\t\t<img loading=\"lazy\" decoding=\"async\" width=\"1020\" height=\"574\" src=\"https:\/\/ajax-alarme.ch\/wp-content\/uploads\/2023\/10\/TSIntegration-1400x788.jpg\" class=\"attachment-large size-large\" alt=\"\" srcset=\"https:\/\/ajax-alarme.ch\/wp-content\/uploads\/2023\/10\/TSIntegration-1400x788.jpg 1400w, https:\/\/ajax-alarme.ch\/wp-content\/uploads\/2023\/10\/TSIntegration-510x287.jpg 510w, https:\/\/ajax-alarme.ch\/wp-content\/uploads\/2023\/10\/TSIntegration-711x400.jpg 711w, https:\/\/ajax-alarme.ch\/wp-content\/uploads\/2023\/10\/TSIntegration-768x432.jpg 768w, https:\/\/ajax-alarme.ch\/wp-content\/uploads\/2023\/10\/TSIntegration-1536x864.jpg 1536w, https:\/\/ajax-alarme.ch\/wp-content\/uploads\/2023\/10\/TSIntegration.jpg 1600w\" sizes=\"auto, (max-width: 1020px) 100vw, 1020px\" \/>\t\t\t\t\t\t\n\t\t\t\t\t<\/div>\n\t\t\t\t\t\t\t\t\n<style>\n#image_1638726168 {\n  width: 100%;\n}\n<\/style>\n\t<\/div>\n\t\n<div class=\"is-divider divider clearfix\" style=\"max-width:0px;height:41px;\"><\/div>\n<div class=\"row\"  id=\"row-98980207\">\n\n\t<div id=\"col-1155651205\" class=\"col medium-6 small-12 large-6\"  >\n\t\t\t\t<div class=\"col-inner\"  >\n\t\t\t\n\t\t\t\n<h2>Technische Spezifikationen<\/h2>\n<p>  Kompatibilit\u00e4t: Nur HUB2, HUB2+ Typ: Drahtlos, Touchscreen Gro\u00dfer LED-Bildschirm: Ja Zwangscode : Ja Ausweisleser: Ja BlueTooth-Leser: Ja Schutz vor zu vielen Passwortversuchen: Ja Visuelle Statusanzeige des Alarmsystems: Ja Stromversorgung: 4 x AA oder 12VDCC (nicht im Lieferumfang enthalten) Temperaturbereich: -10\u00b0C bis +40\u00b0C Abmessungen: 172 x 82 x 26mm Gewicht: 327 g  <span style=\"font-size: 75%;\">Ein 12VDC-Netzteil ist f\u00fcr die Durchf\u00fchrung von Updates erforderlich und nicht im Lieferumfang der Tastatur enthalten.<\/span><\/p>\n<div id=\"short_description_block\">\n<div id=\"short_description_content\" class=\"rte align_justify\"><\/div>\n<\/div>\n\t\t<\/div>\n\t\t\t\t\t<\/div>\n\n\t\n\n\t<div id=\"col-186878008\" class=\"col medium-6 small-12 large-6\"  >\n\t\t\t\t<div class=\"col-inner\"  >\n\t\t\t\n\t\t\t\n<div class=\"is-divider divider clearfix\" style=\"max-width:0px;height:0px;\"><\/div>\n\n  <div class=\"banner has-hover has-video\" id=\"banner-590822226\">\n          <div class=\"banner-inner fill\">\n        <div class=\"banner-bg fill\" >\n                        \t<div class=\"video-overlay no-click fill visible\"><\/div>\n\t<video class=\"video-bg fill visible\" preload playsinline autoplay muted loop>\n\t\t<source src=\"https:\/\/ajax-alarme.ch\/wp-content\/uploads\/2023\/10\/jeweller_radio_communication_3f0e4788a0.mp4\" type=\"video\/mp4\">\t<\/video>\n                        \n                    <\/div>\n\t\t\n        <div class=\"banner-layers container\">\n            <div class=\"fill banner-link\"><\/div>            \n        <\/div>\n      <\/div>\n\n            \n<style>\n#banner-590822226 {\n  padding-top: 56.25%;\n}\n<\/style>\n  <\/div>\n\n\n\t\t<\/div>\n\t\t\t\t\t<\/div>\n\n\t\n<\/div>\n<div class=\"video video-fit mb\" style=\"padding-top:56.25%;\"><p><iframe loading=\"lazy\" title=\"KeyPad TouchScreen : le panneau de commande ultime pour la s\u00e9curit\u00e9 et l&#039;automatisation\" width=\"1020\" height=\"574\" src=\"https:\/\/www.youtube.com\/embed\/jC-x3XFNmEY?feature=oembed\" frameborder=\"0\" allow=\"accelerometer; autoplay; clipboard-write; encrypted-media; gyroscope; picture-in-picture; web-share\" allowfullscreen><\/iframe><\/p>\n<\/div>\n","protected":false},"excerpt":{"rendered":"<p id=\"product_manufacturer\">Diese Tastatur \u00fcbernimmt das Visuelle und die Art und Weise der mobilen AJAX-Anwendung. Drahtlose Tastatur mit Touchscreen zur Steuerung eines Ajax-Systems.<\/p>\n","protected":false},"featured_media":3081,"comment_status":"closed","ping_status":"closed","template":"","meta":[],"product_brand":[],"product_cat":[135],"product_tag":[],"class_list":{"0":"post-3642","1":"product","2":"type-product","3":"status-publish","4":"has-post-thumbnail","6":"product_cat-tastaturen-und-fernbedienungen","8":"first","9":"instock","10":"sale","11":"shipping-taxable","12":"purchasable","13":"product-type-variable"},"_links":{"self":[{"href":"https:\/\/ajax-alarme.ch\/de\/wp-json\/wp\/v2\/product\/3642","targetHints":{"allow":["GET"]}}],"collection":[{"href":"https:\/\/ajax-alarme.ch\/de\/wp-json\/wp\/v2\/product"}],"about":[{"href":"https:\/\/ajax-alarme.ch\/de\/wp-json\/wp\/v2\/types\/product"}],"replies":[{"embeddable":true,"href":"https:\/\/ajax-alarme.ch\/de\/wp-json\/wp\/v2\/comments?post=3642"}],"wp:featuredmedia":[{"embeddable":true,"href":"https:\/\/ajax-alarme.ch\/de\/wp-json\/wp\/v2\/media\/3081"}],"wp:attachment":[{"href":"https:\/\/ajax-alarme.ch\/de\/wp-json\/wp\/v2\/media?parent=3642"}],"wp:term":[{"taxonomy":"product_brand","embeddable":true,"href":"https:\/\/ajax-alarme.ch\/de\/wp-json\/wp\/v2\/product_brand?post=3642"},{"taxonomy":"product_cat","embeddable":true,"href":"https:\/\/ajax-alarme.ch\/de\/wp-json\/wp\/v2\/product_cat?post=3642"},{"taxonomy":"product_tag","embeddable":true,"href":"https:\/\/ajax-alarme.ch\/de\/wp-json\/wp\/v2\/product_tag?post=3642"}],"curies":[{"name":"wp","href":"https:\/\/api.w.org\/{rel}","templated":true}]}}