{"id":3625,"date":"2023-08-13T08:45:06","date_gmt":"2023-08-13T06:45:06","guid":{"rendered":"https:\/\/ajax-alarme.ch\/product\/service-ueberpruefung-ob-das-ajax-system-ordnungsgemaess-funktioniert\/"},"modified":"2025-08-05T19:45:44","modified_gmt":"2025-08-05T17:45:44","slug":"service-ueberpruefung-ob-das-ajax-system-ordnungsgemaess-funktioniert","status":"publish","type":"product","link":"https:\/\/ajax-alarme.ch\/de\/product\/service-ueberpruefung-ob-das-ajax-system-ordnungsgemaess-funktioniert\/","title":{"rendered":"Service &#8211; \u00dcberpr\u00fcfung, ob das AJAX-System ordnungsgem\u00e4\u00df funktioniert"},"content":{"rendered":"<p>Jedes technische System verdient eine regelm\u00e4\u00dfige \u00dcberpr\u00fcfung. Dies ist notwendig, um einen optimalen Betrieb zu gew\u00e4hrleisten. <b>Arbeit w\u00e4hrend eines Funktionstests<\/b> \u00dcberpr\u00fcfung der Systemintegrit\u00e4t.  <\/p>\n<ul>\n<li>Funktionspr\u00fcfung aller Sensoren und Detektoren.<\/li>\n<li>\u00dcberpr\u00fcfen Sie die Batteriest\u00e4nde der einzelnen Zellen.<\/li>\n<li>Test der Sirene und der Kommunikationsmittel (Push).<\/li>\n<li>Testen von Fernbedienungen und Steuertastaturen.<\/li>\n<li>Auf Firmware-Updates pr\u00fcfen.<\/li>\n<li>Kontrolle der drahtlosen Links f\u00fcr die systeminterne Kommunikation.<\/li>\n<li>\u00dcberpr\u00fcfung der urspr\u00fcnglichen Planung.<\/li>\n<\/ul>\n<p>  Diese Dienstleistung dauert etwa 30 Minuten, wird aus der Ferne durchgef\u00fchrt und erfordert Ihre Anwesenheit am Ort der Installation. Im Bedarfsfall kann es sein, dass wir Ihnen eine Intervention vor Ort anbieten m\u00fcssen, ein Kostenvoranschlag wird Ihnen vor der Intervention mitgeteilt. Wir werden innerhalb von 5 Tagen nach Ihrer Bestellung telefonisch einen Termin vereinbaren. Nicht in der Garantie Ihres Systems enthalten. Erfordert einen Zugang zu Ihrem AJAX PRO-Konto.<\/p>\n","protected":false},"excerpt":{"rendered":"<p>Service zur \u00dcberpr\u00fcfung der ordnungsgem\u00e4\u00dfen Funktion Ihres AJAX-Alarmsystems.<\/p>\n","protected":false},"featured_media":3048,"comment_status":"closed","ping_status":"closed","template":"","meta":[],"product_brand":[],"product_cat":[170],"product_tag":[],"class_list":{"0":"post-3625","1":"product","2":"type-product","3":"status-publish","4":"has-post-thumbnail","6":"product_cat-unsere-dienstleistungen","8":"first","9":"instock","10":"sale","11":"shipping-taxable","12":"purchasable","13":"product-type-simple"},"_links":{"self":[{"href":"https:\/\/ajax-alarme.ch\/de\/wp-json\/wp\/v2\/product\/3625","targetHints":{"allow":["GET"]}}],"collection":[{"href":"https:\/\/ajax-alarme.ch\/de\/wp-json\/wp\/v2\/product"}],"about":[{"href":"https:\/\/ajax-alarme.ch\/de\/wp-json\/wp\/v2\/types\/product"}],"replies":[{"embeddable":true,"href":"https:\/\/ajax-alarme.ch\/de\/wp-json\/wp\/v2\/comments?post=3625"}],"wp:featuredmedia":[{"embeddable":true,"href":"https:\/\/ajax-alarme.ch\/de\/wp-json\/wp\/v2\/media\/3048"}],"wp:attachment":[{"href":"https:\/\/ajax-alarme.ch\/de\/wp-json\/wp\/v2\/media?parent=3625"}],"wp:term":[{"taxonomy":"product_brand","embeddable":true,"href":"https:\/\/ajax-alarme.ch\/de\/wp-json\/wp\/v2\/product_brand?post=3625"},{"taxonomy":"product_cat","embeddable":true,"href":"https:\/\/ajax-alarme.ch\/de\/wp-json\/wp\/v2\/product_cat?post=3625"},{"taxonomy":"product_tag","embeddable":true,"href":"https:\/\/ajax-alarme.ch\/de\/wp-json\/wp\/v2\/product_tag?post=3625"}],"curies":[{"name":"wp","href":"https:\/\/api.w.org\/{rel}","templated":true}]}}