{"id":3618,"date":"2023-08-02T16:40:28","date_gmt":"2023-08-02T14:40:28","guid":{"rendered":"https:\/\/ajax-alarme.ch\/product\/fireprotect-2-rb-plus-rauch-temperaturmelder-mit-co-sensor\/"},"modified":"2025-08-05T19:45:46","modified_gmt":"2025-08-05T17:45:46","slug":"fireprotect-2-rb-plus-rauch-temperaturmelder-mit-co-sensor","status":"publish","type":"product","link":"https:\/\/ajax-alarme.ch\/de\/product\/fireprotect-2-rb-plus-rauch-temperaturmelder-mit-co-sensor\/","title":{"rendered":"FireProtect 2 RB Plus &#8211; Rauch- &amp; Temperaturmelder mit CO-Sensor"},"content":{"rendered":"<div class=\"row\"  id=\"row-1138033132\">\n\n\t<div id=\"col-1187294995\" class=\"col medium-6 small-12 large-6\"  >\n\t\t\t\t<div class=\"col-inner\"  >\n\t\t\t\n\t\t\t\n<div class=\"is-divider divider clearfix\" style=\"max-width:0px;\"><\/div>\n<h2><strong>FireProtect 2 PLUS Funk-Rauch- und W\u00e4rmemelder<\/strong><\/h2>\n<p>  Drahtloser Feuermelder mit Temperatur- und Kohlenmonoxidsensor, der die Sicherheit im Raum 24 Stunden am Tag \u00fcberwacht und gef\u00e4hrliche CO-Werte, Rauch und gro\u00dfe Temperatur\u00e4nderungen sofort meldet. Die Batterien sind in diesem Detektor austauschbar. 1. Das Ger\u00e4t zeichnet Rauch, gro\u00dfe Temperatur\u00e4nderungen und gef\u00e4hrliche CO-Werte auf. 2. Er kann unabh\u00e4ngig vom Ajax-Hub betrieben werden und signalisiert die Gefahr mit einer eingebauten Sirene 3. Das Ger\u00e4t testet unabh\u00e4ngig die R\u00e4ucherkammer und warnt Sie sofort, wenn eine Reinigung erforderlich ist.<\/p>\n\t\t<\/div>\n\t\t\t\t\t<\/div>\n\n\t\n\n\t<div id=\"col-833864175\" class=\"col medium-6 small-12 large-6\"  >\n\t\t\t\t<div class=\"col-inner\"  >\n\t\t\t\n\t\t\t\n\t<div class=\"img has-hover x md-x lg-x y md-y lg-y\" id=\"image_2048099337\">\n\t\t\t\t\t\t\t\t<div class=\"img-inner dark\" >\n\t\t\t<img loading=\"lazy\" decoding=\"async\" width=\"1020\" height=\"574\" src=\"https:\/\/ajax-alarme.ch\/wp-content\/uploads\/2023\/08\/FireProtect2.jpg\" class=\"attachment-large size-large\" alt=\"\" srcset=\"https:\/\/ajax-alarme.ch\/wp-content\/uploads\/2023\/08\/FireProtect2.jpg 1070w, https:\/\/ajax-alarme.ch\/wp-content\/uploads\/2023\/08\/FireProtect2-510x287.jpg 510w, https:\/\/ajax-alarme.ch\/wp-content\/uploads\/2023\/08\/FireProtect2-711x400.jpg 711w, https:\/\/ajax-alarme.ch\/wp-content\/uploads\/2023\/08\/FireProtect2-768x432.jpg 768w\" sizes=\"auto, (max-width: 1020px) 100vw, 1020px\" \/>\t\t\t\t\t\t\n\t\t\t\t\t<\/div>\n\t\t\t\t\t\t\t\t\n<style>\n#image_2048099337 {\n  width: 100%;\n}\n<\/style>\n\t<\/div>\n\t\n\t\t<\/div>\n\t\t\t\t\t<\/div>\n\n\t\n<\/div>\n<div class=\"is-divider divider clearfix\" style=\"max-width:0px;\"><\/div>\n<div class=\"row\"  id=\"row-47586258\">\n\n\t<div id=\"col-176484506\" class=\"col medium-6 small-12 large-6\"  >\n\t\t\t\t<div class=\"col-inner\"  >\n\t\t\t\n\t\t\t\n\t<div class=\"img has-hover x md-x lg-x y md-y lg-y\" id=\"image_983555503\">\n\t\t\t\t\t\t\t\t<div class=\"img-inner dark\" >\n\t\t\t<img loading=\"lazy\" decoding=\"async\" width=\"1020\" height=\"535\" src=\"https:\/\/ajax-alarme.ch\/wp-content\/uploads\/2023\/08\/FireProtect-2-6-EN-768x403-1.jpg\" class=\"attachment-large size-large\" alt=\"\" srcset=\"https:\/\/ajax-alarme.ch\/wp-content\/uploads\/2023\/08\/FireProtect-2-6-EN-768x403-1.jpg 1067w, https:\/\/ajax-alarme.ch\/wp-content\/uploads\/2023\/08\/FireProtect-2-6-EN-768x403-1-510x268.jpg 510w, https:\/\/ajax-alarme.ch\/wp-content\/uploads\/2023\/08\/FireProtect-2-6-EN-768x403-1-762x400.jpg 762w, https:\/\/ajax-alarme.ch\/wp-content\/uploads\/2023\/08\/FireProtect-2-6-EN-768x403-1-768x403.jpg 768w\" sizes=\"auto, (max-width: 1020px) 100vw, 1020px\" \/>\t\t\t\t\t\t\n\t\t\t\t\t<\/div>\n\t\t\t\t\t\t\t\t\n<style>\n#image_983555503 {\n  width: 100%;\n}\n<\/style>\n\t<\/div>\n\t\n\t\t<\/div>\n\t\t\t\t\t<\/div>\n\n\t\n\n\t<div id=\"col-369350357\" class=\"col medium-6 small-12 large-6\"  >\n\t\t\t\t<div class=\"col-inner\"  >\n\t\t\t\n\t\t\t\n<div class=\"is-divider divider clearfix\" style=\"max-width:0px;\"><\/div>\n<h2><strong>Sch\u00fctzen Sie Ihr Leben!<\/strong><\/h2>\n<p>  Dieser Melder ist mit einer eingebauten Sirene mit 85 dB ausgestattet, die mit einer Leuchtanzeige in der Mitte kombiniert ist und alle anwesenden Bewohner sofort warnt. Das Ausschalten der Sirene erfolgt taktil \u00fcber das Logo des Ger\u00e4ts oder \u00fcber die mobile Anwendung, die zuvor mit dem sicheren Ajax-System verbunden wurde.<\/p>\n\t\t<\/div>\n\t\t\t\t\t<\/div>\n\n\t\n<\/div>\n<div class=\"is-divider divider clearfix\" style=\"max-width:0px;\"><\/div>\n<div class=\"row\"  id=\"row-1068323603\">\n\n\t<div id=\"col-37153074\" class=\"col medium-6 small-12 large-6\"  >\n\t\t\t\t<div class=\"col-inner\"  >\n\t\t\t\n\t\t\t\n<h2>Technische Spezifikationen<\/h2>\n<p>  Kompatibilit\u00e4t: Alle Alarmzentralen, Funkrelais, ocBridge, uartBridge Sensorelement: Photoelektrische Sensoren \/ Temperatur \/ Kohlenmonoxid Temperatur-Aktivierungsschwelle: 64\u00b0C Lautst\u00e4rke der eingebauten Sirene: 85 dB Stromversorgung: 2 x CR2 Temperatur : 0\u00b0C bis 65\u00b0C Abmessungen: 132 x 132 x 31 mm Zertifizierung: EN 14604 Gewicht: 220 g Alarmsignal bei \u00dcberschreitung der kumulativen CO-Dosis mehr als 50 ppm (0,005%) &#8211; nicht l\u00e4nger als 90 Minuten mehr als 100 ppm (0,01%) &#8211; nicht l\u00e4nger als 40 Minuten mehr als 300 ppm (0,03%) &#8211; nicht l\u00e4nger als 3 Minuten.  <\/p>\n<div id=\"short_description_block\">\n<div id=\"short_description_content\" class=\"rte align_justify\"><\/div>\n<\/div>\n\t\t<\/div>\n\t\t\t\t\t<\/div>\n\n\t\n\n\t<div id=\"col-978821324\" class=\"col medium-6 small-12 large-6\"  >\n\t\t\t\t<div class=\"col-inner\"  >\n\t\t\t\n\t\t\t\n\t<div class=\"img has-hover x md-x lg-x y md-y lg-y\" id=\"image_1797520672\">\n\t\t\t\t\t\t\t\t<div class=\"img-inner dark\" >\n\t\t\t<img loading=\"lazy\" decoding=\"async\" width=\"367\" height=\"474\" src=\"https:\/\/ajax-alarme.ch\/wp-content\/uploads\/2023\/08\/caracfireprotectplus.jpg\" class=\"attachment-large size-large\" alt=\"\" srcset=\"https:\/\/ajax-alarme.ch\/wp-content\/uploads\/2023\/08\/caracfireprotectplus.jpg 367w, https:\/\/ajax-alarme.ch\/wp-content\/uploads\/2023\/08\/caracfireprotectplus-310x400.jpg 310w\" sizes=\"auto, (max-width: 367px) 100vw, 367px\" \/>\t\t\t\t\t\t\n\t\t\t\t\t<\/div>\n\t\t\t\t\t\t\t\t\n<style>\n#image_1797520672 {\n  width: 87%;\n}\n<\/style>\n\t<\/div>\n\t\n\t\t<\/div>\n\t\t\t\t\t<\/div>\n\n\t\n<\/div>\n<div class=\"is-divider divider clearfix\" style=\"max-width:0px;\"><\/div>\n","protected":false},"excerpt":{"rendered":"<p id=\"product_manufacturer\">Dieser Melder ist gleichzeitig ein Rauchmelder, ein Temperaturmelder und ein Kohlenmonoxidmelder. Das Ger\u00e4t kann unabh\u00e4ngig von der Alarmanlage verwendet werden und kann \u00fcber eine eingebaute Sirene einen Feueralarm ausl\u00f6sen. Die Batterien sind in diesem Detektor austauschbar.<\/p>\n","protected":false},"featured_media":5215,"comment_status":"closed","ping_status":"closed","template":"","meta":[],"product_brand":[],"product_cat":[156],"product_tag":[],"class_list":{"0":"post-3618","1":"product","2":"type-product","3":"status-publish","4":"has-post-thumbnail","6":"product_cat-hausliche-risiken","8":"first","9":"instock","10":"sale","11":"shipping-taxable","12":"purchasable","13":"product-type-variable"},"_links":{"self":[{"href":"https:\/\/ajax-alarme.ch\/de\/wp-json\/wp\/v2\/product\/3618","targetHints":{"allow":["GET"]}}],"collection":[{"href":"https:\/\/ajax-alarme.ch\/de\/wp-json\/wp\/v2\/product"}],"about":[{"href":"https:\/\/ajax-alarme.ch\/de\/wp-json\/wp\/v2\/types\/product"}],"replies":[{"embeddable":true,"href":"https:\/\/ajax-alarme.ch\/de\/wp-json\/wp\/v2\/comments?post=3618"}],"wp:featuredmedia":[{"embeddable":true,"href":"https:\/\/ajax-alarme.ch\/de\/wp-json\/wp\/v2\/media\/5215"}],"wp:attachment":[{"href":"https:\/\/ajax-alarme.ch\/de\/wp-json\/wp\/v2\/media?parent=3618"}],"wp:term":[{"taxonomy":"product_brand","embeddable":true,"href":"https:\/\/ajax-alarme.ch\/de\/wp-json\/wp\/v2\/product_brand?post=3618"},{"taxonomy":"product_cat","embeddable":true,"href":"https:\/\/ajax-alarme.ch\/de\/wp-json\/wp\/v2\/product_cat?post=3618"},{"taxonomy":"product_tag","embeddable":true,"href":"https:\/\/ajax-alarme.ch\/de\/wp-json\/wp\/v2\/product_tag?post=3618"}],"curies":[{"name":"wp","href":"https:\/\/api.w.org\/{rel}","templated":true}]}}