{"id":3594,"date":"2020-10-02T16:15:30","date_gmt":"2020-10-02T14:15:30","guid":{"rendered":"https:\/\/ajax-alarme.ch\/product\/12v-stromversorgungssatz-fuer-hub2-boot-wohnwagen-andere\/"},"modified":"2024-09-13T18:37:57","modified_gmt":"2024-09-13T16:37:57","slug":"12v-stromversorgungssatz-fuer-hub2-boot-wohnwagen-andere","status":"publish","type":"product","link":"https:\/\/ajax-alarme.ch\/de\/product\/12v-stromversorgungssatz-fuer-hub2-boot-wohnwagen-andere\/","title":{"rendered":"12V Stromversorgungssatz f\u00fcr HUB2+ (Boot, Wohnwagen, andere)"},"content":{"rendered":"<div class=\"container\">\n<div class=\"row\">\n<div class=\"col-12\">\n<h2><b>Stromversorgungssatz f\u00fcr 12V-Batterie. Hub2+-kompatibel<\/b><\/h2>\n<p>  Stromversorgungskit f\u00fcr HUB2+ mit stabilisiertem 12V Stromverwaltungsmodul.  <\/p>\n<h1><b>In einem Lagerhaus<\/b><\/h1>\n<p>  Verwenden Sie das Sicherheitssystem mit visueller Alarmverifizierung in Geb\u00e4uden ohne Netzspannung oder mit instabiler Stromversorgung. Mit einem 12-V-Netzteil k\u00f6nnen Sie Niederspannungs-Signalkonzentratoren und Verst\u00e4rker anschlie\u00dfen oder eine tragbare Batterie verwenden.  <\/p>\n<h1><b>In einem Anh\u00e4nger<\/b><\/h1>\n<p>  Ajax sch\u00fctzt zu Hause auch auf R\u00e4dern. Schlie\u00dfen Sie den Hub an ein Auto oder eine tragbare Batterie an und lassen Sie sich von dem Sicherheitssystem begleiten.  <\/p>\n<h1><b>Auf einem Boot \/ einer Yacht<\/b><\/h1>\n<p>  Legen Sie eine SIM-Karte ein, schlie\u00dfen Sie den Hub an das Netzwerk oder die Bordbatterie an und Ajax wird daf\u00fcr sorgen, dass Ihr Boot sicher am Kai liegt.  <\/p>\n<h1><b>Kompatibilit\u00e4t<\/b><\/h1>\n<p>  Das Netzteil ist mit dem Hub2+ kompatibel. Er verf\u00fcgt \u00fcber eine Standardbuchse f\u00fcr den Anschluss des Netzsteckers und eine Buchse f\u00fcr einen zus\u00e4tzlichen Adapter (TA).  <\/p>\n<h1><b>Installation<\/b><\/h1>\n<p>  Das 12-V-Netzteil (PSU) wird im Inneren des Geh\u00e4uses der Einheit installiert und ersetzt das vorinstallierte 110\/230-V-Netzteil.  <\/p><\/div>\n<\/div>\n<\/div>\n<div class=\"row\"  id=\"row-124185774\">\n\n\t<div id=\"col-1617770357\" class=\"col medium-6 small-12 large-6\"  >\n\t\t\t\t<div class=\"col-inner\"  >\n\t\t\t\n\t\t\t\n<h1><b>Technische Spezifikationen<\/b><\/h1>\n<p>  Kompatibilit\u00e4t: HUB2+ Eingangsspannung: 6-28 V DC Ausgangsspannung: 12 V \u00b1 3% Einschaltspannung: 12 V \u00b1 2,5% Eingangsstrom :  &lt;1 \u0410 Ausgangsstrom: 1,5 \u0410 Anschluss : Buchse: 6,5 \u00d7 2 mm Stecker: 5,5 \u00d7 2,1 mm (Netzstecker) Abmessungen: 138 \u00d7 64 \u00d7 13 mm Montage:: Erfordert eine Klemmenmontage, die nicht im Lieferumfang enthalten ist. Gewicht: 30 g<\/p>\n\t\t<\/div>\n\t\t\t\t\t<\/div>\n\n\t\n\n\t<div id=\"col-1856054114\" class=\"col medium-6 small-12 large-6\"  >\n\t\t\t\t<div class=\"col-inner\"  >\n\t\t\t\n\t\t\t\n\t<div class=\"img has-hover x md-x lg-x y md-y lg-y\" id=\"image_1651879086\">\n\t\t\t\t\t\t\t\t<div class=\"img-inner dark\" >\n\t\t\t<img loading=\"lazy\" decoding=\"async\" width=\"1000\" height=\"531\" src=\"https:\/\/ajax-alarme.ch\/wp-content\/uploads\/2020\/10\/12V.jpg\" class=\"attachment-large size-large\" alt=\"\" srcset=\"https:\/\/ajax-alarme.ch\/wp-content\/uploads\/2020\/10\/12V.jpg 1000w, https:\/\/ajax-alarme.ch\/wp-content\/uploads\/2020\/10\/12V-510x271.jpg 510w, https:\/\/ajax-alarme.ch\/wp-content\/uploads\/2020\/10\/12V-753x400.jpg 753w, https:\/\/ajax-alarme.ch\/wp-content\/uploads\/2020\/10\/12V-768x408.jpg 768w, https:\/\/ajax-alarme.ch\/wp-content\/uploads\/2020\/10\/12V-600x319.jpg 600w\" sizes=\"auto, (max-width: 1000px) 100vw, 1000px\" \/>\t\t\t\t\t\t\n\t\t\t\t\t<\/div>\n\t\t\t\t\t\t\t\t\n<style>\n#image_1651879086 {\n  width: 100%;\n}\n<\/style>\n\t<\/div>\n\t\n\t\t<\/div>\n\t\t\t\t\t<\/div>\n\n\t\n<\/div>\n","protected":false},"excerpt":{"rendered":"<p id=\"product_condition\">Das 12V-Netzteil ist mit HUB2+ kompatibel und verwendet ein mitgeliefertes 12V-Stabilisierungsmodul. Das 12-V-Modul muss in das Geh\u00e4use des Ger\u00e4ts eingebaut werden und ersetzt die 230-V-Stromversorgung. Die PSU kann an verschiedenen Orten eingesetzt werden, z. B. in einem Lagerhaus, einem Wohnmobil oder auf einer Yacht.<\/p>\n","protected":false},"featured_media":2862,"comment_status":"closed","ping_status":"closed","template":"","meta":[],"product_brand":[],"product_cat":[146],"product_tag":[],"class_list":{"0":"post-3594","1":"product","2":"type-product","3":"status-publish","4":"has-post-thumbnail","6":"product_cat-die-accessoires","8":"first","9":"instock","10":"sale","11":"shipping-taxable","12":"purchasable","13":"product-type-simple"},"_links":{"self":[{"href":"https:\/\/ajax-alarme.ch\/de\/wp-json\/wp\/v2\/product\/3594","targetHints":{"allow":["GET"]}}],"collection":[{"href":"https:\/\/ajax-alarme.ch\/de\/wp-json\/wp\/v2\/product"}],"about":[{"href":"https:\/\/ajax-alarme.ch\/de\/wp-json\/wp\/v2\/types\/product"}],"replies":[{"embeddable":true,"href":"https:\/\/ajax-alarme.ch\/de\/wp-json\/wp\/v2\/comments?post=3594"}],"wp:featuredmedia":[{"embeddable":true,"href":"https:\/\/ajax-alarme.ch\/de\/wp-json\/wp\/v2\/media\/2862"}],"wp:attachment":[{"href":"https:\/\/ajax-alarme.ch\/de\/wp-json\/wp\/v2\/media?parent=3594"}],"wp:term":[{"taxonomy":"product_brand","embeddable":true,"href":"https:\/\/ajax-alarme.ch\/de\/wp-json\/wp\/v2\/product_brand?post=3594"},{"taxonomy":"product_cat","embeddable":true,"href":"https:\/\/ajax-alarme.ch\/de\/wp-json\/wp\/v2\/product_cat?post=3594"},{"taxonomy":"product_tag","embeddable":true,"href":"https:\/\/ajax-alarme.ch\/de\/wp-json\/wp\/v2\/product_tag?post=3594"}],"curies":[{"name":"wp","href":"https:\/\/api.w.org\/{rel}","templated":true}]}}